{"id":3413,"date":"2025-07-25T09:49:49","date_gmt":"2025-07-25T12:49:49","guid":{"rendered":"https:\/\/sites.uel.br\/ati\/?page_id=3413"},"modified":"2026-03-26T08:43:07","modified_gmt":"2026-03-26T11:43:07","slug":"cadastro-matricula-pos","status":"publish","type":"page","link":"https:\/\/sites.uel.br\/ati\/cadastro-matricula-pos\/","title":{"rendered":"Cadastro de nova matr\u00edcula para alunos de P\u00f3s-Gradua\u00e7\u00e3o"},"content":{"rendered":"\n<hr class=\"wp-block-separator has-alpha-channel-opacity is-style-wide\" \/>\n\n\n\n<div style=\"height:50px\" aria-hidden=\"true\" class=\"wp-block-spacer\"><\/div>\n\n\n\n<p>1- Clique no bot\u00e3o abaixo, ou acesse a p\u00e1gina do portal do estudante no site da UEL <a href=\"https:\/\/sistemas.uel.br\/portaldepos\/index\">https:\/\/sistemas.uel.br\/portaldepos\/index<\/a><\/p>\n\n\n\n<div class=\"wp-block-buttons is-horizontal is-content-justification-center is-layout-flex wp-container-core-buttons-is-layout-499968f5 wp-block-buttons-is-layout-flex\">\n<div class=\"wp-block-button is-style-outline is-style-outline--1\"><a class=\"wp-block-button__link has-verde-escuro-background-color has-text-color has-background wp-element-button\" href=\"https:\/\/portal.uel.br\/portais\/pages\/portais.php\" style=\"color:#f5f9f5\">Portal do Estudante<\/a><\/div>\n<\/div>\n\n\n\n<div style=\"height:40px\" aria-hidden=\"true\" class=\"wp-block-spacer\"><\/div>\n\n\n\n<p>2- Selecione o Portal do Estudante de P\u00f3s-Gradua\u00e7\u00e3o.<\/p>\n\n\n<div class=\"wp-block-image\">\n<figure class=\"aligncenter size-full is-resized\"><img loading=\"lazy\" decoding=\"async\" width=\"485\" height=\"285\" src=\"https:\/\/sites.uel.br\/ati\/wp-content\/uploads\/2025\/07\/Tela-de-portais.jpg\" alt=\"\" class=\"wp-image-3414\" style=\"width:441px;height:auto\" srcset=\"https:\/\/sites.uel.br\/ati\/wp-content\/uploads\/2025\/07\/Tela-de-portais.jpg 485w, https:\/\/sites.uel.br\/ati\/wp-content\/uploads\/2025\/07\/Tela-de-portais-300x176.jpg 300w\" sizes=\"auto, (max-width: 485px) 100vw, 485px\" \/><\/figure>\n<\/div>\n\n\n<div style=\"height:40px\" aria-hidden=\"true\" class=\"wp-block-spacer\"><\/div>\n\n\n\n<p>3- Abaixo do menu &#8220;Servi\u00e7os sem Autentica\u00e7\u00e3o&#8221;, clique em &#8220;Cadastro&#8221;.<\/p>\n\n\n<div class=\"wp-block-image\">\n<figure class=\"aligncenter size-full\"><img loading=\"lazy\" decoding=\"async\" width=\"208\" height=\"389\" src=\"https:\/\/sites.uel.br\/ati\/wp-content\/uploads\/2025\/07\/posgrad1-1.jpg\" alt=\"\" class=\"wp-image-3416\" srcset=\"https:\/\/sites.uel.br\/ati\/wp-content\/uploads\/2025\/07\/posgrad1-1.jpg 208w, https:\/\/sites.uel.br\/ati\/wp-content\/uploads\/2025\/07\/posgrad1-1-160x300.jpg 160w\" sizes=\"auto, (max-width: 208px) 100vw, 208px\" \/><\/figure>\n<\/div>\n\n\n<div style=\"height:40px\" aria-hidden=\"true\" class=\"wp-block-spacer\"><\/div>\n\n\n\n<p>4- Informe seu CPF ou passaporte e clique em &#8220;Verificar&#8221;.<\/p>\n\n\n<div class=\"wp-block-image\">\n<figure class=\"aligncenter size-full\"><img loading=\"lazy\" decoding=\"async\" width=\"600\" height=\"203\" src=\"https:\/\/sites.uel.br\/ati\/wp-content\/uploads\/2025\/07\/posgrad2.jpg\" alt=\"\" class=\"wp-image-3417\" srcset=\"https:\/\/sites.uel.br\/ati\/wp-content\/uploads\/2025\/07\/posgrad2.jpg 600w, https:\/\/sites.uel.br\/ati\/wp-content\/uploads\/2025\/07\/posgrad2-300x102.jpg 300w\" sizes=\"auto, (max-width: 600px) 100vw, 600px\" \/><\/figure>\n<\/div>\n\n\n<div style=\"height:40px\" aria-hidden=\"true\" class=\"wp-block-spacer\"><\/div>\n\n\n\n<p>5- Informe os dados solicitados e depois clique no bot\u00e3o Confirmar respostas.<\/p>\n\n\n<div class=\"wp-block-image\">\n<figure class=\"aligncenter size-full is-resized\"><img loading=\"lazy\" decoding=\"async\" width=\"753\" height=\"313\" src=\"https:\/\/sites.uel.br\/ati\/wp-content\/uploads\/2025\/07\/posgrad3.jpg\" alt=\"\" class=\"wp-image-3418\" style=\"width:618px;height:auto\" srcset=\"https:\/\/sites.uel.br\/ati\/wp-content\/uploads\/2025\/07\/posgrad3.jpg 753w, https:\/\/sites.uel.br\/ati\/wp-content\/uploads\/2025\/07\/posgrad3-300x125.jpg 300w\" sizes=\"auto, (max-width: 753px) 100vw, 753px\" \/><\/figure>\n<\/div>\n\n\n<div style=\"height:40px\" aria-hidden=\"true\" class=\"wp-block-spacer\"><\/div>\n\n\n\n<p>6- Informe um e-mail pessoal e clique no bot\u00e3o &#8220;Enviar&#8221;.<\/p>\n\n\n\n<div class=\"wp-block-cover is-light\" style=\"min-height:100px;aspect-ratio:unset;\"><img loading=\"lazy\" decoding=\"async\" width=\"1502\" height=\"270\" class=\"wp-block-cover__image-background wp-image-1333\" alt=\"\" src=\"https:\/\/sites.uel.br\/ati\/wp-content\/uploads\/2021\/06\/Fundo-Help-GOOGLE-menor.png\" style=\"object-position:0% 4%\" data-object-fit=\"cover\" data-object-position=\"0% 4%\" srcset=\"https:\/\/sites.uel.br\/ati\/wp-content\/uploads\/2021\/06\/Fundo-Help-GOOGLE-menor.png 1502w, https:\/\/sites.uel.br\/ati\/wp-content\/uploads\/2021\/06\/Fundo-Help-GOOGLE-menor-300x54.png 300w, https:\/\/sites.uel.br\/ati\/wp-content\/uploads\/2021\/06\/Fundo-Help-GOOGLE-menor-1024x184.png 1024w, https:\/\/sites.uel.br\/ati\/wp-content\/uploads\/2021\/06\/Fundo-Help-GOOGLE-menor-768x138.png 768w\" sizes=\"auto, (max-width: 1502px) 100vw, 1502px\" \/><span aria-hidden=\"true\" class=\"wp-block-cover__background has-background-dim-0 has-background-dim\"><\/span><div class=\"wp-block-cover__inner-container is-layout-flow wp-block-cover-is-layout-flow\">\n<p class=\"has-text-align-center has-verde-escuro-color has-text-color\" style=\"font-size:19px\"><strong>OBS:  N\u00e3o utilizar e-mails da plataforma Microsoft (outlook.com e hotmail.com) para evitar problemas de        recebimento de e-mails. De prefer\u00eancia utilizar e-mail do Gmail.<\/strong><\/p>\n<\/div><\/div>\n\n\n\n<div style=\"height:40px\" aria-hidden=\"true\" class=\"wp-block-spacer\"><\/div>\n\n\n\n<figure class=\"wp-block-image size-large\"><img loading=\"lazy\" decoding=\"async\" width=\"1024\" height=\"215\" src=\"https:\/\/sites.uel.br\/ati\/wp-content\/uploads\/2025\/07\/posgrad5-1024x215.jpg\" alt=\"\" class=\"wp-image-3423\" srcset=\"https:\/\/sites.uel.br\/ati\/wp-content\/uploads\/2025\/07\/posgrad5-1024x215.jpg 1024w, https:\/\/sites.uel.br\/ati\/wp-content\/uploads\/2025\/07\/posgrad5-300x63.jpg 300w, https:\/\/sites.uel.br\/ati\/wp-content\/uploads\/2025\/07\/posgrad5-768x161.jpg 768w, https:\/\/sites.uel.br\/ati\/wp-content\/uploads\/2025\/07\/posgrad5.jpg 1112w\" sizes=\"auto, (max-width: 1024px) 100vw, 1024px\" \/><\/figure>\n\n\n\n<div style=\"height:40px\" aria-hidden=\"true\" class=\"wp-block-spacer\"><\/div>\n\n\n\n<p>7- Ser\u00e1 encaminhado no e-mail informado os dados de acesso e curso da sua matr\u00edcula e a<strong> senha inicial<\/strong> para acesso ao Portal do Estudante de P\u00f3s-Gradua\u00e7\u00e3o.<\/p>\n\n\n\n<div style=\"height:40px\" aria-hidden=\"true\" class=\"wp-block-spacer\"><\/div>\n","protected":false},"excerpt":{"rendered":"<p>1- Clique no bot\u00e3o abaixo, ou acesse a p\u00e1gina do portal do estudante no site da UEL https:\/\/sistemas.uel.br\/portaldepos\/index 2- Selecione o Portal do Estudante de P\u00f3s-Gradua\u00e7\u00e3o. 3- Abaixo do menu &#8220;Servi\u00e7os sem Autentica\u00e7\u00e3o&#8221;, clique em &#8220;Cadastro&#8221;. 4- Informe seu CPF ou passaporte e clique em &#8220;Verificar&#8221;. 5- Informe os dados solicitados e depois clique no [&hellip;]<\/p>\n","protected":false},"author":10,"featured_media":0,"parent":0,"menu_order":0,"comment_status":"closed","ping_status":"closed","template":"","meta":{"_acf_changed":false,"_themeisle_gutenberg_block_has_review":false,"footnotes":""},"class_list":["post-3413","page","type-page","status-publish","hentry"],"acf":[],"_links":{"self":[{"href":"https:\/\/sites.uel.br\/ati\/wp-json\/wp\/v2\/pages\/3413","targetHints":{"allow":["GET"]}}],"collection":[{"href":"https:\/\/sites.uel.br\/ati\/wp-json\/wp\/v2\/pages"}],"about":[{"href":"https:\/\/sites.uel.br\/ati\/wp-json\/wp\/v2\/types\/page"}],"author":[{"embeddable":true,"href":"https:\/\/sites.uel.br\/ati\/wp-json\/wp\/v2\/users\/10"}],"replies":[{"embeddable":true,"href":"https:\/\/sites.uel.br\/ati\/wp-json\/wp\/v2\/comments?post=3413"}],"version-history":[{"count":15,"href":"https:\/\/sites.uel.br\/ati\/wp-json\/wp\/v2\/pages\/3413\/revisions"}],"predecessor-version":[{"id":3664,"href":"https:\/\/sites.uel.br\/ati\/wp-json\/wp\/v2\/pages\/3413\/revisions\/3664"}],"wp:attachment":[{"href":"https:\/\/sites.uel.br\/ati\/wp-json\/wp\/v2\/media?parent=3413"}],"curies":[{"name":"wp","href":"https:\/\/api.w.org\/{rel}","templated":true}]}}