{"id":33,"date":"2021-04-18T06:37:35","date_gmt":"2021-04-18T09:37:35","guid":{"rendered":"https:\/\/sites.uel.br\/ati\/?page_id=33"},"modified":"2023-10-05T11:20:53","modified_gmt":"2023-10-05T14:20:53","slug":"estrutura-e-equipe","status":"publish","type":"page","link":"https:\/\/sites.uel.br\/ati\/estrutura-e-equipe\/","title":{"rendered":"Estrutura e Equipe"},"content":{"rendered":"\n<hr class=\"wp-block-separator has-css-opacity is-style-wide\" \/>\n\n\n\n<div style=\"height:30px\" aria-hidden=\"true\" class=\"wp-block-spacer\"><\/div>\n\n\n\n<p>A ATI \u00e9 composta por um Assessor, uma Secretaria Executiva e tr\u00eas Diretorias que se integram na realiza\u00e7\u00e3o das tarefas, sendo que cada uma \u00e9, por sua vez, subdividida em divis\u00f5es e se\u00e7\u00f5es. A estrutura administrativa da ATI foi definida pelo <a href=\"https:\/\/sistemas.uel.br\/files\/atonormativo\/ATO-EXECUTIVO\/2009\/110.pdf\">Ato Executivo 110\/2009.<\/a><\/p>\n\n\n\n<div style=\"height:30px\" aria-hidden=\"true\" class=\"wp-block-spacer\"><\/div>\n\n\n\n<ul class=\"wp-block-list\">\n<li><a rel=\"noreferrer noopener\" href=\"https:\/\/sites.uel.br\/ati\/secretaria-executiva\/\" target=\"_blank\"><strong>Secretaria Executiva<\/strong><\/a><\/li>\n<\/ul>\n\n\n\n<ul class=\"wp-block-list\">\n<li><a rel=\"noreferrer noopener\" href=\"https:\/\/sites.uel.br\/ati\/dds\/\" target=\"_blank\"><strong>Diretoria de Desenvolvimento de Sistemas (DDS)<\/strong><\/a><\/li>\n<\/ul>\n\n\n\n<ul class=\"wp-block-list\">\n<li><a rel=\"noreferrer noopener\" href=\"https:\/\/sites.uel.br\/ati\/dsu\/\" target=\"_blank\"><strong>Diretoria de Suporte ao Usu\u00e1rio (DSU)<\/strong><\/a><\/li>\n<\/ul>\n\n\n\n<ul class=\"wp-block-list\">\n<li><a rel=\"noreferrer noopener\" href=\"https:\/\/sites.uel.br\/ati\/dsrs\" target=\"_blank\"><strong>Diretoria de Suporte a Redes e Sistemas (DSRS)<\/strong><\/a><\/li>\n<\/ul>\n\n\n\n<div style=\"height:50px\" aria-hidden=\"true\" class=\"wp-block-spacer\"><\/div>\n\n\n\n<h4 class=\"wp-block-heading has-verde-escuro-color has-text-color\" id=\"assessoria-de-tecnologia-de-informacao-ati\"><strong>Assessoria de Tecnologia de Informa\u00e7\u00e3o (ATI)<\/strong><\/h4>\n\n\n\n<hr class=\"wp-block-separator has-css-opacity is-style-wide\" \/>\n\n\n\n<div style=\"height:30px\" aria-hidden=\"true\" class=\"wp-block-spacer\"><\/div>\n\n\n\n<h4 class=\"wp-block-heading has-cinza-escuro-color has-text-color\" id=\"quadro-administrativo\"><strong>Quadro Administrativo<\/strong><\/h4>\n\n\n\n<div style=\"height:10px\" aria-hidden=\"true\" class=\"wp-block-spacer\"><\/div>\n\n\n\n<ul class=\"wp-block-list\">\n<li>Assessor: Wellington Aparecido Cardador<\/li>\n\n\n\n<li>Secret\u00e1ria: Rosicler Castelhon Gimenez<\/li>\n<\/ul>\n\n\n\n<div style=\"height:30px\" aria-hidden=\"true\" class=\"wp-block-spacer\"><\/div>\n\n\n\n<hr class=\"wp-block-separator has-css-opacity is-style-wide\" \/>\n\n\n\n<h3 class=\"wp-block-heading has-verde-escuro-color has-text-color\" id=\"diretoria-de-desenvolvimento-de-sistemas-dds\"><strong>Diretoria de Desenvolvimento de Sistemas<\/strong> <strong>(DDS)<\/strong><\/h3>\n\n\n\n<div style=\"height:30px\" aria-hidden=\"true\" class=\"wp-block-spacer\"><\/div>\n\n\n\n<ul class=\"wp-block-list\">\n<li>Diretor: Humberto Ferreira da Luz Junior<\/li>\n<\/ul>\n\n\n\n<div style=\"height:30px\" aria-hidden=\"true\" class=\"wp-block-spacer\"><\/div>\n\n\n\n<h4 class=\"wp-block-heading\" id=\"divisao-de-sistemas-academicos\"><strong>Divis\u00e3o de Sistemas Acad\u00eamicos<\/strong><\/h4>\n\n\n\n<div style=\"height:30px\" aria-hidden=\"true\" class=\"wp-block-spacer\"><\/div>\n\n\n\n<ul class=\"wp-block-list\">\n<li>Chefe de Divis\u00e3o: Amarildo Ramos de Almeida<\/li>\n\n\n\n<li>Analista: Vin\u00edcius Loose de Assump\u00e7\u00e3o<\/li>\n\n\n\n<li>Analista: Sandra Regina Quadros<\/li>\n<\/ul>\n\n\n\n<div style=\"height:30px\" aria-hidden=\"true\" class=\"wp-block-spacer\"><\/div>\n\n\n\n<h4 class=\"wp-block-heading\" id=\"divisao-de-sistemas-administrativos\"><strong>Divis\u00e3o de Sistemas Administrativos<\/strong><\/h4>\n\n\n\n<div style=\"height:30px\" aria-hidden=\"true\" class=\"wp-block-spacer\"><\/div>\n\n\n\n<ul class=\"wp-block-list\">\n<li>Chefe de Divis\u00e3o: Maristela Ferreira Tironi<\/li>\n\n\n\n<li>Analista: Sergio Tito Freitas<\/li>\n\n\n\n<li>Analista: Luciana Tomasi Carli Soares<\/li>\n<\/ul>\n\n\n\n<div style=\"height:30px\" aria-hidden=\"true\" class=\"wp-block-spacer\"><\/div>\n\n\n\n<h4 class=\"wp-block-heading\" id=\"divisao-de-sistemas-financeiros\"><strong>Divis\u00e3o de Sistemas Financeiros<\/strong><\/h4>\n\n\n\n<div style=\"height:30px\" aria-hidden=\"true\" class=\"wp-block-spacer\"><\/div>\n\n\n\n<ul class=\"wp-block-list\">\n<li>Chefe de Divis\u00e3o: Juliana Roessing Vertuan<\/li>\n\n\n\n<li>Analista: Milton Kiyoto Suguimoto<\/li>\n\n\n\n<li>Analista: Suzan Meiry Catarino Mussi<\/li>\n\n\n\n<li>Analista: Valdinei Porfirio da Silva<\/li>\n<\/ul>\n\n\n\n<div style=\"height:30px\" aria-hidden=\"true\" class=\"wp-block-spacer\"><\/div>\n\n\n\n<h4 class=\"wp-block-heading\" id=\"divisao-de-sistemas-de-recursos-humanos\"><strong>Divis\u00e3o de Sistemas de Recursos Humanos<\/strong><\/h4>\n\n\n\n<div style=\"height:30px\" aria-hidden=\"true\" class=\"wp-block-spacer\"><\/div>\n\n\n\n<ul class=\"wp-block-list\">\n<li>Chefe de Divis\u00e3o: Marcos Minoru Katayama<\/li>\n\n\n\n<li>Analista: Fernando Fl\u00e1vio Ciappina<\/li>\n<\/ul>\n\n\n\n<div style=\"height:30px\" aria-hidden=\"true\" class=\"wp-block-spacer\"><\/div>\n\n\n\n<h4 class=\"wp-block-heading\" id=\"divisao-de-sistemas-na-web\"><strong>Divis\u00e3o de Sistemas na Web<\/strong><\/h4>\n\n\n\n<div style=\"height:30px\" aria-hidden=\"true\" class=\"wp-block-spacer\"><\/div>\n\n\n\n<ul class=\"wp-block-list\">\n<li>Chefe de Divis\u00e3o: Marcelo Luiz Altafin<\/li>\n\n\n\n<li>Zaqueu Costeski Crosatti<\/li>\n<\/ul>\n\n\n\n<div style=\"height:30px\" aria-hidden=\"true\" class=\"wp-block-spacer\"><\/div>\n\n\n\n<h4 class=\"wp-block-heading\" id=\"divisao-de-novas-tecnologias-fabrica-de-software\"><strong>Divis\u00e3o de Novas Tecnologias &#8211; F\u00e1brica de Software <\/strong><\/h4>\n\n\n\n<div style=\"height:30px\" aria-hidden=\"true\" class=\"wp-block-spacer\"><\/div>\n\n\n\n<ul class=\"wp-block-list\">\n<li>Chefe de Divis\u00e3o: Luciano Pugsley<\/li>\n\n\n\n<li>Assessor Especial: Jana\u00edna Silva de Almeida<\/li>\n\n\n\n<li>Assessor Especial: Edson Luiz Pilati Filho<\/li>\n\n\n\n<li>Estagi\u00e1rio: Israel Faustino Botelho Junior<\/li>\n\n\n\n<li>Estagi\u00e1rio: Fernando Yudi Katayama<\/li>\n\n\n\n<li>Estagi\u00e1rio: Matheus Pires Vila Real<\/li>\n<\/ul>\n\n\n\n<div style=\"height:30px\" aria-hidden=\"true\" class=\"wp-block-spacer\"><\/div>\n\n\n\n<h4 class=\"wp-block-heading\" id=\"divisao-de-seguranca-da-informacao\"><strong>Divis\u00e3o de Seguran\u00e7a da Informa\u00e7\u00e3o<\/strong><\/h4>\n\n\n\n<div style=\"height:30px\" aria-hidden=\"true\" class=\"wp-block-spacer\"><\/div>\n\n\n\n<ul class=\"wp-block-list\">\n<li>Analista: D\u00e9cio Wey Berti Junior<\/li>\n\n\n\n<li>Estagi\u00e1rio: Felipe Shinji Ariji<\/li>\n\n\n\n<li>Estagi\u00e1rio: Victor Hugo Cercasin Poyer<\/li>\n<\/ul>\n\n\n\n<div style=\"height:30px\" aria-hidden=\"true\" class=\"wp-block-spacer\"><\/div>\n\n\n\n<hr class=\"wp-block-separator has-css-opacity is-style-wide\" \/>\n\n\n\n<h3 class=\"wp-block-heading has-verde-escuro-color has-text-color\" id=\"diretoria-de-suporte-ao-usuario-dsu\"><strong>Diretoria de Suporte ao Usu\u00e1rio (DSU)<\/strong><\/h3>\n\n\n\n<div style=\"height:30px\" aria-hidden=\"true\" class=\"wp-block-spacer\"><\/div>\n\n\n\n<ul class=\"wp-block-list\">\n<li>Diretora: Cec\u00edlia Shigueko Koyama<\/li>\n<\/ul>\n\n\n\n<div style=\"height:30px\" aria-hidden=\"true\" class=\"wp-block-spacer\"><\/div>\n\n\n\n<h4 class=\"wp-block-heading\" id=\"divisao-de-atendimento-ao-usuario\"><strong>Divis\u00e3o de Atendimento ao Usu\u00e1rio<\/strong><\/h4>\n\n\n\n<div style=\"height:30px\" aria-hidden=\"true\" class=\"wp-block-spacer\"><\/div>\n\n\n\n<ul class=\"wp-block-list\">\n<li>Chefe de Divis\u00e3o: Ricardo Shindi Yamazaki<\/li>\n<\/ul>\n\n\n\n<div style=\"height:30px\" aria-hidden=\"true\" class=\"wp-block-spacer\"><\/div>\n\n\n\n<h4 class=\"wp-block-heading\" id=\"divisao-de-suporte-tecnico-ao-usuario\"><strong>Divis\u00e3o de Suporte T\u00e9cnico ao Usu\u00e1rio<\/strong><\/h4>\n\n\n\n<div style=\"height:30px\" aria-hidden=\"true\" class=\"wp-block-spacer\"><\/div>\n\n\n\n<ul class=\"wp-block-list\">\n<li>Chefe de Divis\u00e3o: Nancy Moreno de Moraes<\/li>\n\n\n\n<li>T\u00e9cnico: Geverson Siqueira de Oliveira<\/li>\n\n\n\n<li>T\u00e9cnico: Jo\u00e3o Henrique de Souza Ferreira<\/li>\n\n\n\n<li>T\u00e9cnico: Jos\u00e9 Claudete Mendes Pereira<\/li>\n\n\n\n<li>T\u00e9cnico: Ricardo Manoel dos Santos<\/li>\n<\/ul>\n\n\n\n<div style=\"height:30px\" aria-hidden=\"true\" class=\"wp-block-spacer\"><\/div>\n\n\n\n<hr class=\"wp-block-separator has-css-opacity is-style-wide\" \/>\n\n\n\n<h3 class=\"wp-block-heading has-verde-escuro-color has-text-color\" id=\"dsrs\"><strong>Diretoria de Suporte a Redes e Sistemas (DSRS)<\/strong><\/h3>\n\n\n\n<div style=\"height:30px\" aria-hidden=\"true\" class=\"wp-block-spacer\"><\/div>\n\n\n\n<ul class=\"wp-block-list\">\n<li>Diretor: Leonardo Pinheiro<\/li>\n<\/ul>\n\n\n\n<div style=\"height:30px\" aria-hidden=\"true\" class=\"wp-block-spacer\"><\/div>\n\n\n\n<h4 class=\"wp-block-heading\" id=\"divisao-de-redes-e-comunicacao-de-dados\"><strong>Divis\u00e3o de Redes e Comunica\u00e7\u00e3o de Dados<\/strong><\/h4>\n\n\n\n<div style=\"height:30px\" aria-hidden=\"true\" class=\"wp-block-spacer\"><\/div>\n\n\n\n<ul class=\"wp-block-list\">\n<li>Chefe de Divis\u00e3o: Jac\u00f3 Lins<\/li>\n\n\n\n<li>Analista: Mario Lemes Proen\u00e7a Junior<\/li>\n\n\n\n<li>T\u00e9cnico: Ivan Eduardo Angelo<\/li>\n<\/ul>\n\n\n\n<div style=\"height:30px\" aria-hidden=\"true\" class=\"wp-block-spacer\"><\/div>\n\n\n\n<h4 class=\"wp-block-heading\" id=\"divisao-de-software-basico\"><strong>Divis\u00e3o de Software B\u00e1sico<\/strong><\/h4>\n\n\n\n<div style=\"height:30px\" aria-hidden=\"true\" class=\"wp-block-spacer\"><\/div>\n\n\n\n<ul class=\"wp-block-list\">\n<li>Chefe de Divis\u00e3o: Fernando Favero<\/li>\n\n\n\n<li>Analista: Jos\u00e9 de Lima Junior<\/li>\n<\/ul>\n\n\n\n<div style=\"height:50px\" aria-hidden=\"true\" class=\"wp-block-spacer\"><\/div>\n\n\n\n<p><\/p>\n","protected":false},"excerpt":{"rendered":"<p>A ATI \u00e9 composta por um Assessor, uma Secretaria Executiva e tr\u00eas Diretorias que se integram na realiza\u00e7\u00e3o das tarefas, sendo que cada uma \u00e9, por sua vez, subdividida em divis\u00f5es e se\u00e7\u00f5es. A estrutura administrativa da ATI foi definida pelo Ato Executivo 110\/2009. Assessoria de Tecnologia de Informa\u00e7\u00e3o (ATI) Quadro Administrativo Diretoria de Desenvolvimento [&hellip;]<\/p>\n","protected":false},"author":5,"featured_media":0,"parent":0,"menu_order":0,"comment_status":"closed","ping_status":"closed","template":"","meta":{"_acf_changed":false,"_themeisle_gutenberg_block_has_review":false,"footnotes":""},"class_list":["post-33","page","type-page","status-publish","hentry"],"acf":[],"_links":{"self":[{"href":"https:\/\/sites.uel.br\/ati\/wp-json\/wp\/v2\/pages\/33","targetHints":{"allow":["GET"]}}],"collection":[{"href":"https:\/\/sites.uel.br\/ati\/wp-json\/wp\/v2\/pages"}],"about":[{"href":"https:\/\/sites.uel.br\/ati\/wp-json\/wp\/v2\/types\/page"}],"author":[{"embeddable":true,"href":"https:\/\/sites.uel.br\/ati\/wp-json\/wp\/v2\/users\/5"}],"replies":[{"embeddable":true,"href":"https:\/\/sites.uel.br\/ati\/wp-json\/wp\/v2\/comments?post=33"}],"version-history":[{"count":95,"href":"https:\/\/sites.uel.br\/ati\/wp-json\/wp\/v2\/pages\/33\/revisions"}],"predecessor-version":[{"id":3204,"href":"https:\/\/sites.uel.br\/ati\/wp-json\/wp\/v2\/pages\/33\/revisions\/3204"}],"wp:attachment":[{"href":"https:\/\/sites.uel.br\/ati\/wp-json\/wp\/v2\/media?parent=33"}],"curies":[{"name":"wp","href":"https:\/\/api.w.org\/{rel}","templated":true}]}}