{"id":3165,"date":"2023-08-01T11:52:27","date_gmt":"2023-08-01T14:52:27","guid":{"rendered":"https:\/\/sites.uel.br\/ati\/?page_id=3165"},"modified":"2026-03-26T08:43:34","modified_gmt":"2026-03-26T11:43:34","slug":"cadastro-nova-matricula","status":"publish","type":"page","link":"https:\/\/sites.uel.br\/ati\/cadastro-nova-matricula\/","title":{"rendered":"Cadastro de nova matr\u00edcula para alunos de Gradua\u00e7\u00e3o"},"content":{"rendered":"\n<hr class=\"wp-block-separator has-alpha-channel-opacity is-style-wide\" \/>\n\n\n\n<div style=\"height:30px\" aria-hidden=\"true\" class=\"wp-block-spacer\"><\/div>\n\n\n\n<p><strong>Cadastro para alunos que ingressaram na institui\u00e7\u00e3o sem efetuar a pr\u00e9-matr\u00edcula pelo portal do estudante.<\/strong><\/p>\n\n\n\n<div style=\"height:50px\" aria-hidden=\"true\" class=\"wp-block-spacer\"><\/div>\n\n\n\n<p>1- Clique no bot\u00e3o abaixo, ou acesse a p\u00e1gina do portal do estudante no site da UEL <a href=\"https:\/\/sistemas.uel.br\/portaldoestudante\/index\">https:\/\/sistemas.uel.br\/portaldoestudante\/index<\/a><\/p>\n\n\n\n<div class=\"wp-block-buttons is-horizontal is-content-justification-center is-layout-flex wp-container-core-buttons-is-layout-499968f5 wp-block-buttons-is-layout-flex\">\n<div class=\"wp-block-button is-style-outline is-style-outline--1\"><a class=\"wp-block-button__link has-verde-escuro-background-color has-text-color has-background wp-element-button\" href=\"https:\/\/portal.uel.br\/portais\/\" style=\"color:#f5f9f5\">Portal do Estudante<\/a><\/div>\n<\/div>\n\n\n\n<div style=\"height:40px\" aria-hidden=\"true\" class=\"wp-block-spacer\"><\/div>\n\n\n\n<p>2- Selecione o Portal do Estudante de Gradua\u00e7\u00e3o<\/p>\n\n\n<div class=\"wp-block-image\">\n<figure class=\"aligncenter size-full is-resized\"><img loading=\"lazy\" decoding=\"async\" width=\"485\" height=\"285\" src=\"https:\/\/sites.uel.br\/ati\/wp-content\/uploads\/2025\/07\/Tela-de-portais.jpg\" alt=\"\" class=\"wp-image-3414\" style=\"width:352px;height:auto\" srcset=\"https:\/\/sites.uel.br\/ati\/wp-content\/uploads\/2025\/07\/Tela-de-portais.jpg 485w, https:\/\/sites.uel.br\/ati\/wp-content\/uploads\/2025\/07\/Tela-de-portais-300x176.jpg 300w\" sizes=\"auto, (max-width: 485px) 100vw, 485px\" \/><\/figure>\n<\/div>\n\n\n<div style=\"height:40px\" aria-hidden=\"true\" class=\"wp-block-spacer\"><\/div>\n\n\n\n<p>3- Abaixo do menu &#8220;Servi\u00e7os sem Autentica\u00e7\u00e3o&#8221;, clique em &#8220;Cadastro&#8221;<\/p>\n\n\n<div class=\"wp-block-image\">\n<figure class=\"aligncenter size-full\"><img loading=\"lazy\" decoding=\"async\" width=\"215\" height=\"494\" src=\"https:\/\/sites.uel.br\/ati\/wp-content\/uploads\/2023\/08\/1.jpg\" alt=\"\" class=\"wp-image-3166\" srcset=\"https:\/\/sites.uel.br\/ati\/wp-content\/uploads\/2023\/08\/1.jpg 215w, https:\/\/sites.uel.br\/ati\/wp-content\/uploads\/2023\/08\/1-131x300.jpg 131w\" sizes=\"auto, (max-width: 215px) 100vw, 215px\" \/><\/figure>\n<\/div>\n\n\n<div style=\"height:40px\" aria-hidden=\"true\" class=\"wp-block-spacer\"><\/div>\n\n\n\n<p>4-Clique em &#8220;Estudante Ativo&#8221;<\/p>\n\n\n<div class=\"wp-block-image\">\n<figure class=\"aligncenter size-full\"><img loading=\"lazy\" decoding=\"async\" width=\"458\" height=\"182\" src=\"https:\/\/sites.uel.br\/ati\/wp-content\/uploads\/2023\/08\/image-1.png\" alt=\"\" class=\"wp-image-3168\" srcset=\"https:\/\/sites.uel.br\/ati\/wp-content\/uploads\/2023\/08\/image-1.png 458w, https:\/\/sites.uel.br\/ati\/wp-content\/uploads\/2023\/08\/image-1-300x119.png 300w\" sizes=\"auto, (max-width: 458px) 100vw, 458px\" \/><\/figure>\n<\/div>\n\n\n<div style=\"height:40px\" aria-hidden=\"true\" class=\"wp-block-spacer\"><\/div>\n\n\n\n<p>5- Digite o n\u00famero da nova matr\u00edcula e clique em &#8220;Verificar&#8221;<\/p>\n\n\n<div class=\"wp-block-image\">\n<figure class=\"aligncenter size-full is-resized\"><img loading=\"lazy\" decoding=\"async\" width=\"633\" height=\"265\" src=\"https:\/\/sites.uel.br\/ati\/wp-content\/uploads\/2023\/08\/image-2.png\" alt=\"\" class=\"wp-image-3169\" style=\"width:477px;height:200px\" srcset=\"https:\/\/sites.uel.br\/ati\/wp-content\/uploads\/2023\/08\/image-2.png 633w, https:\/\/sites.uel.br\/ati\/wp-content\/uploads\/2023\/08\/image-2-300x126.png 300w\" sizes=\"auto, (max-width: 633px) 100vw, 633px\" \/><\/figure>\n<\/div>\n\n\n<div style=\"height:40px\" aria-hidden=\"true\" class=\"wp-block-spacer\"><\/div>\n\n\n\n<p>6-Informe os dados solicitados e clique em &#8220;Confirmar Respostas&#8221;. <\/p>\n\n\n<div class=\"wp-block-image\">\n<figure class=\"aligncenter size-full is-resized\"><img loading=\"lazy\" decoding=\"async\" width=\"1212\" height=\"365\" src=\"https:\/\/sites.uel.br\/ati\/wp-content\/uploads\/2023\/08\/2.jpg\" alt=\"\" class=\"wp-image-3172\" style=\"width:846px;height:254px\" \/><\/figure>\n<\/div>\n\n\n<div style=\"height:100px\" aria-hidden=\"true\" class=\"wp-block-spacer\"><\/div>\n","protected":false},"excerpt":{"rendered":"<p>Cadastro para alunos que ingressaram na institui\u00e7\u00e3o sem efetuar a pr\u00e9-matr\u00edcula pelo portal do estudante. 1- Clique no bot\u00e3o abaixo, ou acesse a p\u00e1gina do portal do estudante no site da UEL https:\/\/sistemas.uel.br\/portaldoestudante\/index 2- Selecione o Portal do Estudante de Gradua\u00e7\u00e3o 3- Abaixo do menu &#8220;Servi\u00e7os sem Autentica\u00e7\u00e3o&#8221;, clique em &#8220;Cadastro&#8221; 4-Clique em &#8220;Estudante Ativo&#8221; [&hellip;]<\/p>\n","protected":false},"author":10,"featured_media":0,"parent":0,"menu_order":0,"comment_status":"closed","ping_status":"closed","template":"","meta":{"_acf_changed":false,"_themeisle_gutenberg_block_has_review":false,"footnotes":""},"class_list":["post-3165","page","type-page","status-publish","hentry"],"acf":[],"_links":{"self":[{"href":"https:\/\/sites.uel.br\/ati\/wp-json\/wp\/v2\/pages\/3165","targetHints":{"allow":["GET"]}}],"collection":[{"href":"https:\/\/sites.uel.br\/ati\/wp-json\/wp\/v2\/pages"}],"about":[{"href":"https:\/\/sites.uel.br\/ati\/wp-json\/wp\/v2\/types\/page"}],"author":[{"embeddable":true,"href":"https:\/\/sites.uel.br\/ati\/wp-json\/wp\/v2\/users\/10"}],"replies":[{"embeddable":true,"href":"https:\/\/sites.uel.br\/ati\/wp-json\/wp\/v2\/comments?post=3165"}],"version-history":[{"count":9,"href":"https:\/\/sites.uel.br\/ati\/wp-json\/wp\/v2\/pages\/3165\/revisions"}],"predecessor-version":[{"id":3665,"href":"https:\/\/sites.uel.br\/ati\/wp-json\/wp\/v2\/pages\/3165\/revisions\/3665"}],"wp:attachment":[{"href":"https:\/\/sites.uel.br\/ati\/wp-json\/wp\/v2\/media?parent=3165"}],"curies":[{"name":"wp","href":"https:\/\/api.w.org\/{rel}","templated":true}]}}