{"id":3132,"date":"2023-07-24T16:31:02","date_gmt":"2023-07-24T19:31:02","guid":{"rendered":"https:\/\/sites.uel.br\/ati\/?page_id=3132"},"modified":"2025-04-01T16:57:18","modified_gmt":"2025-04-01T19:57:18","slug":"criaremail-alunos","status":"publish","type":"page","link":"https:\/\/sites.uel.br\/ati\/criaremail-alunos\/","title":{"rendered":"Criar e-mail pessoal &#8211; Alunos de Gradua\u00e7\u00e3o e P\u00f3s-gradua\u00e7\u00e3o"},"content":{"rendered":"\n<hr class=\"wp-block-separator has-alpha-channel-opacity is-style-wide\" \/>\n\n\n\n<div style=\"height:50px\" aria-hidden=\"true\" class=\"wp-block-spacer\"><\/div>\n\n\n\n<p>1- Clique no bot\u00e3o abaixo, ou acesse a p\u00e1gina do portal do estudante no site da UEL (https:\/\/portal.uel.br\/portais\/pages\/portais.php).<\/p>\n\n\n\n<div class=\"wp-block-buttons is-horizontal is-content-justification-center is-layout-flex wp-container-core-buttons-is-layout-499968f5 wp-block-buttons-is-layout-flex\">\n<div class=\"wp-block-button is-style-outline is-style-outline--1\"><a class=\"wp-block-button__link has-verde-escuro-background-color has-text-color has-background wp-element-button\" href=\"http:\/\/www.uel.br\/portaldoestudante\/\" style=\"color:#f5f9f5\">Portal do Estudante<\/a><\/div>\n<\/div>\n\n\n\n<div style=\"height:40px\" aria-hidden=\"true\" class=\"wp-block-spacer\"><\/div>\n\n\n\n<p>2- Selecione o portal de Gradua\u00e7\u00e3o ou P\u00f3s-Gradu\u00e7\u00e3o<\/p>\n\n\n<div class=\"wp-block-image is-style-default\">\n<figure class=\"aligncenter size-full\"><img loading=\"lazy\" decoding=\"async\" width=\"300\" height=\"162\" src=\"https:\/\/sites.uel.br\/ati\/wp-content\/uploads\/2021\/07\/2-3.jpg\" alt=\"\" class=\"wp-image-1969\" \/><\/figure>\n<\/div>\n\n\n<div style=\"height:40px\" aria-hidden=\"true\" class=\"wp-block-spacer\"><\/div>\n\n\n\n<p>3- Clique em &#8220;Entrar&#8221; <\/p>\n\n\n<div class=\"wp-block-image is-style-default\">\n<figure class=\"aligncenter size-full is-resized\"><img loading=\"lazy\" decoding=\"async\" width=\"666\" height=\"95\" src=\"https:\/\/sites.uel.br\/ati\/wp-content\/uploads\/2021\/07\/3-2.jpg\" alt=\"\" class=\"wp-image-1970\" style=\"width:556px;height:80px\" srcset=\"https:\/\/sites.uel.br\/ati\/wp-content\/uploads\/2021\/07\/3-2.jpg 666w, https:\/\/sites.uel.br\/ati\/wp-content\/uploads\/2021\/07\/3-2-300x43.jpg 300w\" sizes=\"auto, (max-width: 666px) 100vw, 666px\" \/><\/figure>\n<\/div>\n\n\n<div style=\"height:40px\" aria-hidden=\"true\" class=\"wp-block-spacer\"><\/div>\n\n\n\n<p>4- Digite sua matr\u00edcula e senha, clique em &#8220;Entrar&#8221;<\/p>\n\n\n<div class=\"wp-block-image is-style-default\">\n<figure class=\"aligncenter size-full is-resized\"><img loading=\"lazy\" decoding=\"async\" width=\"795\" height=\"415\" src=\"https:\/\/sites.uel.br\/ati\/wp-content\/uploads\/2023\/07\/1-1.jpg\" alt=\"\" class=\"wp-image-3144\" style=\"width:628px;height:328px\" srcset=\"https:\/\/sites.uel.br\/ati\/wp-content\/uploads\/2023\/07\/1-1.jpg 795w, https:\/\/sites.uel.br\/ati\/wp-content\/uploads\/2023\/07\/1-1-300x157.jpg 300w, https:\/\/sites.uel.br\/ati\/wp-content\/uploads\/2023\/07\/1-1-768x401.jpg 768w\" sizes=\"auto, (max-width: 795px) 100vw, 795px\" \/><\/figure>\n<\/div>\n\n\n<div style=\"height:30px\" aria-hidden=\"true\" class=\"wp-block-spacer\"><\/div>\n\n\n\n<p>5- Clicar Servi\u00e7os Digitais UEL<\/p>\n\n\n<div class=\"wp-block-image\">\n<figure class=\"aligncenter size-full\"><img loading=\"lazy\" decoding=\"async\" width=\"258\" height=\"464\" src=\"https:\/\/sites.uel.br\/ati\/wp-content\/uploads\/2023\/07\/1.jpg\" alt=\"\" class=\"wp-image-3134\" srcset=\"https:\/\/sites.uel.br\/ati\/wp-content\/uploads\/2023\/07\/1.jpg 258w, https:\/\/sites.uel.br\/ati\/wp-content\/uploads\/2023\/07\/1-167x300.jpg 167w\" sizes=\"auto, (max-width: 258px) 100vw, 258px\" \/><\/figure>\n<\/div>\n\n\n<div style=\"height:30px\" aria-hidden=\"true\" class=\"wp-block-spacer\"><\/div>\n\n\n\n<p>6- Crie seu e-mail, nesta tela h\u00e1 um e-mail sugerido, por\u00e9m pode ser criado outro respeitando as regras de utiliza\u00e7\u00e3o do servi\u00e7o descrito nesta tela, clique no bot\u00e3o &#8220;Salvar&#8221; ap\u00f3s preencher os dados. <\/p>\n\n\n\n<p>Aguardar de 30 a 60 minutos para ativa\u00e7\u00e3o do e-mail e acessar pelo link email.uel.br ou pelo pr\u00f3prio gmail.com.<\/p>\n\n\n<div class=\"wp-block-image\">\n<figure class=\"aligncenter size-large is-resized\"><img loading=\"lazy\" decoding=\"async\" width=\"1024\" height=\"350\" src=\"https:\/\/sites.uel.br\/ati\/wp-content\/uploads\/2023\/07\/2-1024x350.jpg\" alt=\"\" class=\"wp-image-3135\" style=\"aspect-ratio:2.9291338582677167;width:852px;height:auto\" srcset=\"https:\/\/sites.uel.br\/ati\/wp-content\/uploads\/2023\/07\/2-1024x350.jpg 1024w, https:\/\/sites.uel.br\/ati\/wp-content\/uploads\/2023\/07\/2-300x103.jpg 300w, https:\/\/sites.uel.br\/ati\/wp-content\/uploads\/2023\/07\/2-768x263.jpg 768w, https:\/\/sites.uel.br\/ati\/wp-content\/uploads\/2023\/07\/2-1536x525.jpg 1536w, https:\/\/sites.uel.br\/ati\/wp-content\/uploads\/2023\/07\/2.jpg 1644w\" sizes=\"auto, (max-width: 1024px) 100vw, 1024px\" \/><\/figure>\n<\/div>\n\n\n<div style=\"height:100px\" aria-hidden=\"true\" class=\"wp-block-spacer\"><\/div>\n\n\n\n<hr class=\"wp-block-separator has-alpha-channel-opacity is-style-wide\" \/>\n\n\n\n<p class=\"has-text-align-center\"><strong>Em caso de d\u00favidas, entre em contato com nossos&nbsp;<a href=\"https:\/\/sites.uel.br\/ati\/atendimento\/\">canais de atendimento<\/a><\/strong><\/p>\n","protected":false},"excerpt":{"rendered":"<p>1- Clique no bot\u00e3o abaixo, ou acesse a p\u00e1gina do portal do estudante no site da UEL (https:\/\/portal.uel.br\/portais\/pages\/portais.php). 2- Selecione o portal de Gradua\u00e7\u00e3o ou P\u00f3s-Gradu\u00e7\u00e3o 3- Clique em &#8220;Entrar&#8221; 4- Digite sua matr\u00edcula e senha, clique em &#8220;Entrar&#8221; 5- Clicar Servi\u00e7os Digitais UEL 6- Crie seu e-mail, nesta tela h\u00e1 um e-mail sugerido, por\u00e9m [&hellip;]<\/p>\n","protected":false},"author":10,"featured_media":0,"parent":0,"menu_order":0,"comment_status":"closed","ping_status":"closed","template":"","meta":{"_acf_changed":false,"_themeisle_gutenberg_block_has_review":false,"footnotes":""},"class_list":["post-3132","page","type-page","status-publish","hentry"],"acf":[],"_links":{"self":[{"href":"https:\/\/sites.uel.br\/ati\/wp-json\/wp\/v2\/pages\/3132","targetHints":{"allow":["GET"]}}],"collection":[{"href":"https:\/\/sites.uel.br\/ati\/wp-json\/wp\/v2\/pages"}],"about":[{"href":"https:\/\/sites.uel.br\/ati\/wp-json\/wp\/v2\/types\/page"}],"author":[{"embeddable":true,"href":"https:\/\/sites.uel.br\/ati\/wp-json\/wp\/v2\/users\/10"}],"replies":[{"embeddable":true,"href":"https:\/\/sites.uel.br\/ati\/wp-json\/wp\/v2\/comments?post=3132"}],"version-history":[{"count":10,"href":"https:\/\/sites.uel.br\/ati\/wp-json\/wp\/v2\/pages\/3132\/revisions"}],"predecessor-version":[{"id":3361,"href":"https:\/\/sites.uel.br\/ati\/wp-json\/wp\/v2\/pages\/3132\/revisions\/3361"}],"wp:attachment":[{"href":"https:\/\/sites.uel.br\/ati\/wp-json\/wp\/v2\/media?parent=3132"}],"curies":[{"name":"wp","href":"https:\/\/api.w.org\/{rel}","templated":true}]}}