{"id":3014,"date":"2023-05-09T11:36:00","date_gmt":"2023-05-09T14:36:00","guid":{"rendered":"https:\/\/sites.uel.br\/ati\/?page_id=3014"},"modified":"2023-05-22T11:22:52","modified_gmt":"2023-05-22T14:22:52","slug":"cti","status":"publish","type":"page","link":"https:\/\/sites.uel.br\/ati\/cti\/","title":{"rendered":"Comit\u00ea de Tecnologia da Informa\u00e7\u00e3o"},"content":{"rendered":"\n<hr class=\"wp-block-separator has-alpha-channel-opacity is-style-wide\" \/>\n\n\n\n<h2 class=\"wp-block-heading\" style=\"font-size:24px\">Compet\u00eancias<\/h2>\n\n\n\n<div style=\"height:30px\" aria-hidden=\"true\" class=\"wp-block-spacer\"><\/div>\n\n\n\n<p>O Comit\u00ea de Tecnologia da Informa\u00e7\u00e3o foi institu\u00eddo pelo <a href=\"https:\/\/sites.uel.br\/ati\/wp-content\/uploads\/2023\/05\/ATO-EXECUTIVO-N.o-027-2023.pdf\" data-type=\"attachment\" data-id=\"3024\">Ato Executivo n\u00ba 27\/2023<\/a>, de car\u00e1ter estrat\u00e9gico e executivo, tem como finalidades planejar, organizar, avaliar, monitorar e dar transpar\u00eancia aos assuntos de TI.<\/p>\n\n\n<p>Compete ao comit\u00ea:<\/p>\n<p>l. Elaborar e acompanhar a execu\u00e7\u00e3o do Plano Diretor de TIC (PDTIC) estabelecendo a prioriza\u00e7\u00e3o dos projetos de TI de acordo com a estrat\u00e9gia institucional;<br>II. Avaliar, priorizar e compatibilizar com o PDTIC os projetos de Tl solicitados a partir da manifesta\u00e7\u00e3o do interessado por meio do Documento de Oficializa\u00e7\u00e3o de Demanda (Anexo l) no sistema de Protocolo Digital;<br>III. Propor pol\u00edticas, princ\u00edpios, objetivos, diretrizes, estrat\u00e9gias e investimentos relacionados \u00e0 TI em alinhamento com a estrat\u00e9gia institucional;<br>IV. Avaliar, monitorar e propor melhorias em rela\u00e7\u00e3o \u00e0s solu\u00e7\u00f5es de TI existentes;<br>V. Acompanhar e apoiar a implementa\u00e7\u00e3o das delibera\u00e7\u00f5es do Comit\u00e9 de Seguran\u00e7a de TI, inclusive aquelas relacionadas ao pleno atendimento da LGPD &#8211; Lei Geral de Prote\u00e7\u00e3o de Dados Pessoais e a Pol\u00edtica de Privacidade e Prote\u00e7\u00e3o de Dados Pessoais da UEL;<br>VI. Avaliar sobre a ado\u00e7\u00e3o de tecnologias, padr\u00f5es t\u00e9cnicos e metodologias de trabalho relacionados a TI;<br>VII. Sugerir ao Conselho de Administra\u00e7\u00e3o mat\u00e9rias inerentes \u00e0 TI quando for necess\u00e1rio;<br>VIII. Promover a publicidade e a transpar\u00eancia das iniciativas, aloca\u00e7\u00e3o de recursos, investimentos e resultados inerentes \u00e0 TI;<br>IX. Propor mecanismos para a gest\u00e3o de riscos e os crit\u00e9rios para a sua aceita\u00e7\u00e3o;<br>X. Impulsionar a proposi\u00e7\u00e3o de normativas afetas \u00e0 TI no \u00e2mbito da Universidade, ouvidas as demais inst\u00e2ncias competentes;<br>XI. Outras atribui\u00e7\u00f5es correlatas.<\/p>\n\n\n<p><\/p>\n\n\n\n<div style=\"height:30px\" aria-hidden=\"true\" class=\"wp-block-spacer\"><\/div>\n\n\n\n<h2 class=\"wp-block-heading\" style=\"font-size:24px\">Composi\u00e7\u00e3o<\/h2>\n\n\n\n<div style=\"height:30px\" aria-hidden=\"true\" class=\"wp-block-spacer\"><\/div>\n\n\n\n<figure class=\"wp-block-table\"><table><tbody><tr><td class=\"has-text-align-center\" data-align=\"center\"><strong>Cargo<\/strong><\/td><td class=\"has-text-align-center\" data-align=\"center\"><strong>Membro atual<\/strong><\/td><\/tr>\n<tr><td class=\"has-text-align-center\" data-align=\"left\">Reitor ou Vice-Reitor ou indicado (Presidente)<\/td>\n<td class=\"has-text-align-center\" data-align=\"center\">Profa. Dra. Marta Regina Gimenez Favaro<\/td><\/tr>\n\n<tr><td class=\"has-text-align-center\" data-align=\"left\">Pr\u00f3-Reitoria de Administra\u00e7\u00e3o de Finan\u00e7as (PROAF)<\/td>\n<td class=\"has-text-align-center\" data-align=\"center\">Prof. Azenil Staviski<\/td><\/tr>\n\n<tr><td class=\"has-text-align-center\" data-align=\"left\">Pr\u00f3-Reitoria de Extens\u00e3o, Cultura e Sociedade (PROEX)<\/td>\n<td class=\"has-text-align-center\" data-align=\"center\">Profa. Dra. Zilda Aparecida Freitas de Andrade<\/td><\/tr>\n\n<tr><td class=\"has-text-align-center\" data-align=\"left\">Pr\u00f3-Reitoria de Gradua\u00e7\u00e3o (PROGRAD)<\/td>\n<td class=\"has-text-align-center\" data-align=\"center\">Profa. Dra. Ana M\u00e1rcia Fernandes Tucci de Carvalho<\/td><\/tr>\n\n<tr><td class=\"has-text-align-center\" data-align=\"left\">Pr\u00f3-Reitoria de Pesquisa e P\u00f3s-Gradua\u00e7\u00e3o (PROPPG)<\/td>\n<td class=\"has-text-align-center\" data-align=\"center\">Profa. Dra. Silvia M\u00e1rcia Ferreira Meletti<\/td><\/tr>\n\n<tr><td class=\"has-text-align-center\" data-align=\"left\">Pr\u00f3-Reitoria de Planejamento (PROPLAN)<\/td>\n<td class=\"has-text-align-center\" data-align=\"center\">Prof. Dr. S\u00e9rgio Carlos de Carvalho<\/td><\/tr>\n\n<tr><td class=\"has-text-align-center\" data-align=\"left\">Pr\u00f3-Reitoria de Recursos Humanos (PRORH)<\/td>\n<td class=\"has-text-align-center\" data-align=\"center\">Prof. Dr. Leandro Ricardo Altimari<\/td><\/tr>\n\n<tr><td class=\"has-text-align-center\" data-align=\"left\">Diretor de Centro indicado pelo CA<\/td>\n<td class=\"has-text-align-center\" data-align=\"center\">N\u00e3o definido<\/td><\/tr>\n\n<tr><td class=\"has-text-align-center\" data-align=\"left\">Assessor de Tecnologia de Informa\u00e7\u00e3o (ATI)<\/td>\n<td class=\"has-text-align-center\" data-align=\"center\">Wellington A. Cardador<\/td><\/tr>\n\n<tr><td class=\"has-text-align-center\" data-align=\"left\">Diretor de Desenvolvimento de Sistemas (DDS\/ATI)<\/td>\n<td class=\"has-text-align-center\" data-align=\"center\">Humberto Ferreira da Luz J\u00fanior<\/td><\/tr>\n\n<tr><td class=\"has-text-align-center\" data-align=\"left\">Diretor de Suporte a Redes e Sistemas (DSRS\/ATI)<\/td>\n<td class=\"has-text-align-center\" data-align=\"center\">Leonardo Mota Pinheiro<\/td><\/tr>\n\n\n<tr><td class=\"has-text-align-center\" data-align=\"left\">Chefe Geral de Informa\u00e7\u00e3o e de Compliance<\/td>\n<td class=\"has-text-align-center\" data-align=\"center\">Profa. Mirelle Neme Buzalaf<\/td><\/tr>\n\n<\/tbody><\/table><\/figure>\n\n\n\n<p><\/p>\n\n\n\n<div style=\"height:30px\" aria-hidden=\"true\" class=\"wp-block-spacer\"><\/div>\n\n\n\n<h2 class=\"wp-block-heading\" style=\"font-size:24px\">Reuni\u00f5es<\/h2>\n\n\n\n<div style=\"height:30px\" aria-hidden=\"true\" class=\"wp-block-spacer\"><\/div>\n\n\n\n<p><\/p>\n\n\n\n<p><\/p>\n\n\n\n<p><\/p>\n\n\n\n<div class=\"wp-block-columns is-layout-flex wp-container-core-columns-is-layout-9d6595d7 wp-block-columns-is-layout-flex\">\n<div class=\"wp-block-column is-layout-flow wp-block-column-is-layout-flow\" style=\"flex-basis:100%\">\n<div class=\"wp-block-group\"><div class=\"wp-block-group__inner-container is-layout-flow wp-block-group-is-layout-flow\">\n<div class=\"wp-block-group\"><div class=\"wp-block-group__inner-container is-layout-constrained wp-block-group-is-layout-constrained\">\n<figure class=\"wp-block-table\"><table><tbody><tr><td class=\"has-text-align-center\" data-align=\"center\"><strong>Data<\/strong><\/td><td class=\"has-text-align-center\" data-align=\"center\"><strong>Local<\/strong><\/td><td class=\"has-text-align-center\" data-align=\"center\"><strong>Pauta<\/strong><\/td><\/tr>\n<tr><td class=\"has-text-align-center\" data-align=\"center\"><\/td><td class=\"has-text-align-center\" data-align=\"center\"><\/td><td><\/td><\/tr>\n<\/tbody><\/table><\/figure>\n<\/div><\/div>\n<\/div><\/div>\n<\/div>\n<\/div>\n\n\n\n<h2 class=\"wp-block-heading\" style=\"font-size:24px\">Contato<\/h2>\n\n\n\n<div style=\"height:30px\" aria-hidden=\"true\" class=\"wp-block-spacer\"><\/div>\n\n\n\n<p><p>E-mails de contato: <a href=\"mailto:reitoria@uel.br\">reitoria@uel.br<\/a> ou  <a href=\"mailto:ati@uel.br\">ati@uel.br<\/a><\/p>\n<p>Para apresentar demandas de TI preencha formul\u00e1rio de oficializa\u00e7\u00e3o de demanda via <a href=\"https:\/\/https:\/\/www.eprotocolo.pr.gov.br\/\"> Protocolo Digital eProtocolo<\/a>. <\/p><\/p>\n\n\n\n<p><\/p>\n","protected":false},"excerpt":{"rendered":"<p>Compet\u00eancias O Comit\u00ea de Tecnologia da Informa\u00e7\u00e3o foi institu\u00eddo pelo Ato Executivo n\u00ba 27\/2023, de car\u00e1ter estrat\u00e9gico e executivo, tem como finalidades planejar, organizar, avaliar, monitorar e dar transpar\u00eancia aos assuntos de TI. Compete ao comit\u00ea: l. Elaborar e acompanhar a execu\u00e7\u00e3o do Plano Diretor de TIC (PDTIC) estabelecendo a prioriza\u00e7\u00e3o dos projetos de TI [&hellip;]<\/p>\n","protected":false},"author":8,"featured_media":0,"parent":0,"menu_order":0,"comment_status":"closed","ping_status":"closed","template":"","meta":{"_acf_changed":false,"_themeisle_gutenberg_block_has_review":false,"footnotes":""},"class_list":["post-3014","page","type-page","status-publish","hentry"],"acf":[],"_links":{"self":[{"href":"https:\/\/sites.uel.br\/ati\/wp-json\/wp\/v2\/pages\/3014","targetHints":{"allow":["GET"]}}],"collection":[{"href":"https:\/\/sites.uel.br\/ati\/wp-json\/wp\/v2\/pages"}],"about":[{"href":"https:\/\/sites.uel.br\/ati\/wp-json\/wp\/v2\/types\/page"}],"author":[{"embeddable":true,"href":"https:\/\/sites.uel.br\/ati\/wp-json\/wp\/v2\/users\/8"}],"replies":[{"embeddable":true,"href":"https:\/\/sites.uel.br\/ati\/wp-json\/wp\/v2\/comments?post=3014"}],"version-history":[{"count":33,"href":"https:\/\/sites.uel.br\/ati\/wp-json\/wp\/v2\/pages\/3014\/revisions"}],"predecessor-version":[{"id":3050,"href":"https:\/\/sites.uel.br\/ati\/wp-json\/wp\/v2\/pages\/3014\/revisions\/3050"}],"wp:attachment":[{"href":"https:\/\/sites.uel.br\/ati\/wp-json\/wp\/v2\/media?parent=3014"}],"curies":[{"name":"wp","href":"https:\/\/api.w.org\/{rel}","templated":true}]}}