{"id":3000,"date":"2023-04-28T16:24:18","date_gmt":"2023-04-28T19:24:18","guid":{"rendered":"https:\/\/sites.uel.br\/ati\/?page_id=3000"},"modified":"2023-05-02T17:00:46","modified_gmt":"2023-05-02T20:00:46","slug":"eri","status":"publish","type":"page","link":"https:\/\/sites.uel.br\/ati\/eri\/","title":{"rendered":"Equipe de Respostas a Incidentes de Seguran\u00e7a Computacional"},"content":{"rendered":"\n<hr class=\"wp-block-separator has-alpha-channel-opacity is-style-wide\" \/>\n\n\n\n<p><\/p>\n\n\n\n<p>A Equipe de Respostas a Incidentes de Seguran\u00e7a Computacional (ERI) \u00e9 o grupo t\u00e9cnico respons\u00e1vel pelo processo de tratamento de incidentes, em conformidade com o <a href=\"https:\/\/sites.uel.br\/ati\/wp-content\/uploads\/2023\/05\/Plano-de-Continuidade-de-Negocios-de-TI-UEL-v-1.0-1.pdf\" target=\"_blank\" rel=\"noreferrer noopener\">Plano de Continuidade de Neg\u00f3cios de TI<\/a> da institui\u00e7\u00e3o.<\/p>\n\n\n\n<h2 class=\"wp-block-heading\" style=\"font-size:24px\">Composi\u00e7\u00e3o<\/h2>\n\n\n\n<div style=\"height:30px\" aria-hidden=\"true\" class=\"wp-block-spacer\"><\/div>\n\n\n\n<figure class=\"wp-block-table\">\n<table><tbody>\n<tr>\n<td class=\"has-text-align-center\" data-align=\"center\"><strong>Sigla<\/strong><\/td>\n<td class=\"has-text-align-center\" data-align=\"center\"><strong>\u00c1rea<\/strong><\/td>\n<\/tr>\n\n<tr>\n<td class=\"has-text-align-center\" data-align=\"left\">ATI<\/td>\n<td class=\"has-text-align-center\" data-align=\"center\">Assessor de TI (Dire\u00e7\u00e3o)<\/td>\n<\/tr>\n\n<tr>\n<td class=\"has-text-align-center\" data-align=\"left\">DSRS<\/td>\n<td class=\"has-text-align-center\" data-align=\"center\">Diretoria de Suporte a Redes e Sistemas<\/td>\n<\/tr>\n\n\n<tr>\n<td class=\"has-text-align-center\" data-align=\"left\">DSIN<\/td>\n<td class=\"has-text-align-center\" data-align=\"center\">Divis\u00e3o de Seguran\u00e7a da Informa\u00e7\u00e3o<\/td>\n<\/tr>\n\n<tr>\n<td class=\"has-text-align-center\" data-align=\"left\">DSU<\/td>\n<td class=\"has-text-align-center\" data-align=\"center\">Diretoria de Suporte ao Usu\u00e1rio<\/td>\n<\/tr>\n\n<\/tbody><\/table><\/figure>\n\n\n\n<p><\/p>\n\n\n\n<p><\/p>\n\n\n\n<h2 class=\"wp-block-heading\" style=\"font-size:24px\">Contato<\/h2>\n\n\n\n<div style=\"height:30px\" aria-hidden=\"true\" class=\"wp-block-spacer\"><\/div>\n\n\n\n<p>Para contatar a equipe, por favor, envie e-mail para <a href=\"mailto:csti@uel.br\">eri@uel.br<\/a>. <\/p>\n\n\n\n<p>Caso queira contribuir de forma an\u00f4nima, utilize o <a href=\"http:\/\/www.uel.br\/ouvidoria\/wb\/\">SIGO da Ouvidoria da UEL<\/a>.<\/p>\n\n\n\n<p><\/p>\n","protected":false},"excerpt":{"rendered":"<p>A Equipe de Respostas a Incidentes de Seguran\u00e7a Computacional (ERI) \u00e9 o grupo t\u00e9cnico respons\u00e1vel pelo processo de tratamento de incidentes, em conformidade com o Plano de Continuidade de Neg\u00f3cios de TI da institui\u00e7\u00e3o. Composi\u00e7\u00e3o Sigla \u00c1rea ATI Assessor de TI (Dire\u00e7\u00e3o) DSRS Diretoria de Suporte a Redes e Sistemas DSIN Divis\u00e3o de Seguran\u00e7a da [&hellip;]<\/p>\n","protected":false},"author":8,"featured_media":0,"parent":0,"menu_order":0,"comment_status":"closed","ping_status":"closed","template":"","meta":{"_acf_changed":false,"_themeisle_gutenberg_block_has_review":false,"footnotes":""},"class_list":["post-3000","page","type-page","status-publish","hentry"],"acf":[],"_links":{"self":[{"href":"https:\/\/sites.uel.br\/ati\/wp-json\/wp\/v2\/pages\/3000","targetHints":{"allow":["GET"]}}],"collection":[{"href":"https:\/\/sites.uel.br\/ati\/wp-json\/wp\/v2\/pages"}],"about":[{"href":"https:\/\/sites.uel.br\/ati\/wp-json\/wp\/v2\/types\/page"}],"author":[{"embeddable":true,"href":"https:\/\/sites.uel.br\/ati\/wp-json\/wp\/v2\/users\/8"}],"replies":[{"embeddable":true,"href":"https:\/\/sites.uel.br\/ati\/wp-json\/wp\/v2\/comments?post=3000"}],"version-history":[{"count":9,"href":"https:\/\/sites.uel.br\/ati\/wp-json\/wp\/v2\/pages\/3000\/revisions"}],"predecessor-version":[{"id":3013,"href":"https:\/\/sites.uel.br\/ati\/wp-json\/wp\/v2\/pages\/3000\/revisions\/3013"}],"wp:attachment":[{"href":"https:\/\/sites.uel.br\/ati\/wp-json\/wp\/v2\/media?parent=3000"}],"curies":[{"name":"wp","href":"https:\/\/api.w.org\/{rel}","templated":true}]}}