{"id":2625,"date":"2022-09-06T11:55:22","date_gmt":"2022-09-06T14:55:22","guid":{"rendered":"https:\/\/sites.uel.br\/ati\/?page_id=2625"},"modified":"2023-04-19T16:14:26","modified_gmt":"2023-04-19T19:14:26","slug":"comite-seguranca-ti","status":"publish","type":"page","link":"https:\/\/sites.uel.br\/ati\/comite-seguranca-ti\/","title":{"rendered":"Comit\u00ea de Seguran\u00e7a de Tecnologia da Informa\u00e7\u00e3o &#8211; CSTI"},"content":{"rendered":"\n<hr class=\"wp-block-separator has-alpha-channel-opacity is-style-wide\" \/>\n\n\n\n<div style=\"height:30px\" aria-hidden=\"true\" class=\"wp-block-spacer\"><\/div>\n\n\n\n<h2 class=\"wp-block-heading\" style=\"font-size:24px\">Compet\u00eancias do<em> <\/em>Comit\u00ea<\/h2>\n\n\n\n<div style=\"height:30px\" aria-hidden=\"true\" class=\"wp-block-spacer\"><\/div>\n\n\n\n<p><\/p>\n\n\n\n<p>O Comit\u00ea de Seguran\u00e7a de Tecnologia da Informa\u00e7\u00e3o foi institu\u00eddo pelo <a href=\"https:\/\/sistemas.uel.br\/files\/atonormativo\/ATO-EXECUTIVO\/2022\/96.pdf\">Ato Executivo n\u00ba 96\/2022<\/a> e \u00e9 respons\u00e1vel por promover a cultura de Seguran\u00e7a da Informa\u00e7\u00e3o, no \u00e2mbito da UEL, que ser\u00e1 conduzida por meio de uma Pol\u00edtica de Seguran\u00e7a de TI, assim como por normas, leis e padr\u00f5es relacionados.<\/p>\n\n\n\n<p><\/p>\n\n\n\n<div style=\"height:30px\" aria-hidden=\"true\" class=\"wp-block-spacer\"><\/div>\n\n\n\n<h2 class=\"wp-block-heading\" style=\"font-size:24px\">Composi\u00e7\u00e3o<\/h2>\n\n\n\n<div style=\"height:30px\" aria-hidden=\"true\" class=\"wp-block-spacer\"><\/div>\n\n\n\n<figure class=\"wp-block-table\"><table><tbody><tr><td class=\"has-text-align-center\" data-align=\"center\"><strong>Cargo<\/strong><\/td><td class=\"has-text-align-center\" data-align=\"center\"><strong>Membro atual<\/strong><\/td><\/tr><tr><td class=\"has-text-align-center\" data-align=\"left\">Assessor(a) de Tecnologia de Informa\u00e7\u00e3o (ATI) (Presidente)<\/td><td class=\"has-text-align-center\" data-align=\"center\">Wellington A. Cardador<\/td><\/tr><tr><td class=\"has-text-align-center\" data-align=\"center\">Diretor(a) de Desenvolvimento de Sistemas (DDS\/ATI)<\/td><td class=\"has-text-align-center\" data-align=\"center\">Humberto F. da Luz J\u00fanior<\/td><\/tr><tr><td class=\"has-text-align-center\" data-align=\"center\">Diretor(a) de Suporte ao Usu\u00e1rio (DSU\/ATI)<\/td><td class=\"has-text-align-center\" data-align=\"center\">Cec\u00edlia S.Koyama<\/td><\/tr><tr><td class=\"has-text-align-center\" data-align=\"center\">Diretor(a) de Suporte a Redes e Sistemas (DSRS\/ATI)<\/td><td class=\"has-text-align-center\" data-align=\"center\">Leonardo M. Pinheiro<\/td><\/tr><tr><td class=\"has-text-align-center\" data-align=\"center\">Analista da Divis\u00e3o de Seguran\u00e7a da Informa\u00e7\u00e3o (ATI)<\/td><td class=\"has-text-align-center\" data-align=\"center\">Decio W. Berti Junior<\/td><\/tr><tr><td class=\"has-text-align-center\" data-align=\"center\">Chefe da Divis\u00e3o de Sistemas na WEB (ATI)<\/td><td class=\"has-text-align-center\" data-align=\"center\">Marcelo Luiz Altafin<\/td><\/tr><tr><td class=\"has-text-align-center\" data-align=\"center\">Chefe da Divis\u00e3o de Sistemas Administrativos (ATI)<\/td><td class=\"has-text-align-center\" data-align=\"center\">Maristela F. Tirroni<\/td><\/tr><tr><td class=\"has-text-align-center\" data-align=\"center\">Chefe da Divis\u00e3o de Sistemas Acad\u00eamicos (PROGRAD\/ATI)<\/td><td class=\"has-text-align-center\" data-align=\"center\">Amarildo R. de Almeida<\/td><\/tr><tr><td class=\"has-text-align-center\" data-align=\"center\">Chefe da Divis\u00e3o de Sistemas Financeiros (PROAF\/ATI)<\/td><td class=\"has-text-align-center\" data-align=\"center\">Juliana R. Vertuan<\/td><\/tr><tr><td class=\"has-text-align-center\" data-align=\"center\">Chefe da Divis\u00e3o de Sistemas de Recursos Humanos (PRORH\/ATI)<\/td><td class=\"has-text-align-center\" data-align=\"center\">Marcos M. Katayama<\/td><\/tr><tr><td class=\"has-text-align-center\" data-align=\"center\">Diretor(a) de Desenvolvimento de Inform\u00e1tica (COPS)<\/td><td class=\"has-text-align-center\" data-align=\"center\">Ricardo Vertuan<\/td><\/tr><tr><td class=\"has-text-align-center\" data-align=\"center\">Analista de Inform\u00e1tica do Hospital Universit\u00e1rio (HU-DS-AI)<\/td><td class=\"has-text-align-center\" data-align=\"center\">Alexandre A. Ferreira<\/td><\/tr><tr><td class=\"has-text-align-center\" data-align=\"center\">Encarregado(a) de Dados da UEL<\/td><td class=\"has-text-align-center\" data-align=\"center\">Lisiane F. de Freitas<\/td><\/tr><\/tbody><\/table><\/figure>\n\n\n\n<p><\/p>\n\n\n\n<div style=\"height:30px\" aria-hidden=\"true\" class=\"wp-block-spacer\"><\/div>\n\n\n\n<h2 class=\"wp-block-heading\" style=\"font-size:24px\">Reuni\u00f5es<\/h2>\n\n\n\n<div style=\"height:30px\" aria-hidden=\"true\" class=\"wp-block-spacer\"><\/div>\n\n\n\n<p><\/p>\n\n\n\n<p><\/p>\n\n\n\n<p><\/p>\n\n\n\n<div class=\"wp-block-columns is-layout-flex wp-container-core-columns-is-layout-9d6595d7 wp-block-columns-is-layout-flex\">\n<div class=\"wp-block-column is-layout-flow wp-block-column-is-layout-flow\" style=\"flex-basis:100%\">\n<div class=\"wp-block-group\"><div class=\"wp-block-group__inner-container is-layout-flow wp-block-group-is-layout-flow\">\n<div class=\"wp-block-group\"><div class=\"wp-block-group__inner-container is-layout-constrained wp-block-group-is-layout-constrained\">\n<figure class=\"wp-block-table\"><table><tbody><tr><td class=\"has-text-align-center\" data-align=\"center\"><strong>Data<\/strong><\/td><td class=\"has-text-align-center\" data-align=\"center\"><strong>Local<\/strong><\/td><td class=\"has-text-align-center\" data-align=\"center\"><strong>Pauta<\/strong><\/td><\/tr>\n<tr><td class=\"has-text-align-center\" data-align=\"center\">30\/08\/2022 8h30<\/td><td class=\"has-text-align-center\" data-align=\"center\">ATI &#8211; Sala III Datacenter<\/td><td>1) Atribui\u00e7\u00f5es do comit\u00ea CSTI <br>2) Defini\u00e7\u00e3o do formato e frequ\u00eancia das reuni\u00f5es<br>3) Pol\u00edtica de seguran\u00e7a da informa\u00e7\u00e3o <br>4) Demandas legais: Invent\u00e1rio de dados pessoais, Plano de continuidade de neg\u00f3cios, Procedimentos para resposta aos incidentes<br>5) Informes.<\/td><\/tr>\n<tr><td class=\"has-text-align-center\" data-align=\"center\">16\/11\/2022 8h30<\/td><td class=\"has-text-align-center\" data-align=\"center\">ATI &#8211; Sala III Datacenter<\/td><td>\n1) Apresenta\u00e7\u00e3o da minuta da Pol\u00edtica de Seguran\u00e7a de Informa\u00e7\u00e3o.<br>\n2) Informes:<br>\n&nbsp; &nbsp; a) Andamento das demandas da Auditoria de Governan\u00e7a de TI do TCE.<br>\n&nbsp; &nbsp;  b) Incidentes no per\u00edodo 09 e 10\/2022.<br>\n&nbsp; &nbsp;  c) A\u00e7\u00f5es para melhoria da seguran\u00e7a.<br>\n&nbsp; &nbsp;  d) Informes gerais<br>\n<\/td><\/tr>\n<tr><td class=\"has-text-align-center\" data-align=\"center\">28\/04\/2023<\/td><td class=\"has-text-align-center\" data-align=\"center\">Remota<\/td><td>\n1) Delibera\u00e7\u00e3o sobre proposta de Plano de Continuidade de Neg\u00f3cios de TI e Procedimentos de Resposta a Incidentes<br>\n<\/td><\/tr>\n<\/tbody><\/table><\/figure>\n<\/div><\/div>\n<\/div><\/div>\n<\/div>\n<\/div>\n\n\n\n<div style=\"height:30px\" aria-hidden=\"true\" class=\"wp-block-spacer\"><\/div>\n\n\n\n<h2 class=\"wp-block-heading\" style=\"font-size:24px\">Contato<\/h2>\n\n\n\n<div style=\"height:30px\" aria-hidden=\"true\" class=\"wp-block-spacer\"><\/div>\n\n\n\n<p>Utilize o e-mail <a href=\"mailto:csti@uel.br\">csti@uel.br<\/a> para contato para d\u00favidas, sugest\u00f5es e\/ou quaisquer contribui\u00e7\u00f5es que possam aprimorar a seguran\u00e7a da informa\u00e7\u00e3o na UEL. <\/p>\n\n\n\n<p>Caso queira contribuir de forma an\u00f4nima, utilize o <a href=\"http:\/\/www.uel.br\/ouvidoria\/wb\/\">SIGO da Ouvidoria da UEL<\/a>.<\/p>\n\n\n\n<p><\/p>\n","protected":false},"excerpt":{"rendered":"<p>Compet\u00eancias do Comit\u00ea O Comit\u00ea de Seguran\u00e7a de Tecnologia da Informa\u00e7\u00e3o foi institu\u00eddo pelo Ato Executivo n\u00ba 96\/2022 e \u00e9 respons\u00e1vel por promover a cultura de Seguran\u00e7a da Informa\u00e7\u00e3o, no \u00e2mbito da UEL, que ser\u00e1 conduzida por meio de uma Pol\u00edtica de Seguran\u00e7a de TI, assim como por normas, leis e padr\u00f5es relacionados. Composi\u00e7\u00e3o Cargo [&hellip;]<\/p>\n","protected":false},"author":10,"featured_media":0,"parent":0,"menu_order":0,"comment_status":"closed","ping_status":"closed","template":"","meta":{"_acf_changed":false,"_themeisle_gutenberg_block_has_review":false,"footnotes":""},"class_list":["post-2625","page","type-page","status-publish","hentry"],"acf":[],"_links":{"self":[{"href":"https:\/\/sites.uel.br\/ati\/wp-json\/wp\/v2\/pages\/2625","targetHints":{"allow":["GET"]}}],"collection":[{"href":"https:\/\/sites.uel.br\/ati\/wp-json\/wp\/v2\/pages"}],"about":[{"href":"https:\/\/sites.uel.br\/ati\/wp-json\/wp\/v2\/types\/page"}],"author":[{"embeddable":true,"href":"https:\/\/sites.uel.br\/ati\/wp-json\/wp\/v2\/users\/10"}],"replies":[{"embeddable":true,"href":"https:\/\/sites.uel.br\/ati\/wp-json\/wp\/v2\/comments?post=2625"}],"version-history":[{"count":63,"href":"https:\/\/sites.uel.br\/ati\/wp-json\/wp\/v2\/pages\/2625\/revisions"}],"predecessor-version":[{"id":2994,"href":"https:\/\/sites.uel.br\/ati\/wp-json\/wp\/v2\/pages\/2625\/revisions\/2994"}],"wp:attachment":[{"href":"https:\/\/sites.uel.br\/ati\/wp-json\/wp\/v2\/media?parent=2625"}],"curies":[{"name":"wp","href":"https:\/\/api.w.org\/{rel}","templated":true}]}}