{"id":2527,"date":"2022-04-04T15:39:14","date_gmt":"2022-04-04T18:39:14","guid":{"rendered":"https:\/\/sites.uel.br\/ati\/?page_id=2527"},"modified":"2022-04-05T09:54:57","modified_gmt":"2022-04-05T12:54:57","slug":"votacao-uel-saele","status":"publish","type":"page","link":"https:\/\/sites.uel.br\/ati\/votacao-uel-saele\/","title":{"rendered":"Vota\u00e7\u00e3o utilizando Sistema SAELE"},"content":{"rendered":"\n<hr class=\"wp-block-separator is-style-wide\"\/>\n\n\n\n<div style=\"height:50px\" aria-hidden=\"true\" class=\"wp-block-spacer\"><\/div>\n\n\n\n<p>1-Ao acessar a p\u00e1gina de vota\u00e7\u00e3o com o <a href=\"https:\/\/saele.uel.br\/saele\/\" target=\"_blank\" rel=\"noreferrer noopener\">Sistema SAELE<\/a>, a tela abaixo ser\u00e1 apresentada. Selecionar a categoria a qual pertence (Estudante, Docente ou T\u00e9cnico-Administrativo) clicando em <strong>&#8220;Votar&#8221;<\/strong>.<\/p>\n\n\n\n<div class=\"wp-block-image is-style-default\"><figure class=\"aligncenter size-large is-resized\"><img loading=\"lazy\" decoding=\"async\" src=\"https:\/\/sites.uel.br\/ati\/wp-content\/uploads\/2022\/04\/tela11-1024x270.jpg\" alt=\"\" class=\"wp-image-2528\" width=\"819\" height=\"217\" srcset=\"https:\/\/sites.uel.br\/ati\/wp-content\/uploads\/2022\/04\/tela11-1024x270.jpg 1024w, https:\/\/sites.uel.br\/ati\/wp-content\/uploads\/2022\/04\/tela11-300x79.jpg 300w, https:\/\/sites.uel.br\/ati\/wp-content\/uploads\/2022\/04\/tela11-768x203.jpg 768w, https:\/\/sites.uel.br\/ati\/wp-content\/uploads\/2022\/04\/tela11.jpg 1327w\" sizes=\"auto, (max-width: 819px) 100vw, 819px\" \/><\/figure><\/div>\n\n\n\n<div style=\"height:50px\" aria-hidden=\"true\" class=\"wp-block-spacer\"><\/div>\n\n\n\n<p>2- Fa\u00e7a o login com sua <strong>matr\u00edcula<\/strong> caso seja Estudante ou com sua <strong>chapa funcional<\/strong> caso seja Docente ou T\u00e9cnico-Administrativo. Neste caso ser\u00e1 utilizado como exemplo, a categoria T\u00e9cnico-Administrativo.<\/p>\n\n\n\n<div class=\"wp-block-image is-style-default\"><figure class=\"aligncenter size-full\"><img loading=\"lazy\" decoding=\"async\" width=\"804\" height=\"449\" src=\"https:\/\/sites.uel.br\/ati\/wp-content\/uploads\/2022\/04\/tela1.jpg\" alt=\"\" class=\"wp-image-2530\" srcset=\"https:\/\/sites.uel.br\/ati\/wp-content\/uploads\/2022\/04\/tela1.jpg 804w, https:\/\/sites.uel.br\/ati\/wp-content\/uploads\/2022\/04\/tela1-300x168.jpg 300w, https:\/\/sites.uel.br\/ati\/wp-content\/uploads\/2022\/04\/tela1-768x429.jpg 768w\" sizes=\"auto, (max-width: 804px) 100vw, 804px\" \/><\/figure><\/div>\n\n\n\n<div style=\"height:50px\" aria-hidden=\"true\" class=\"wp-block-spacer\"><\/div>\n\n\n\n<p>3-A tela de vota\u00e7\u00e3o abaixo ser\u00e1 apresentada. Para verificar quais as chapas concorrentes, clique em &#8220;Clique aqui para visualizar a lista de Chapas&#8221;. <\/p>\n\n\n\n<div class=\"wp-block-image is-style-default\"><figure class=\"aligncenter size-large is-resized\"><img loading=\"lazy\" decoding=\"async\" src=\"https:\/\/sites.uel.br\/ati\/wp-content\/uploads\/2022\/04\/tela2-1-1024x425.jpg\" alt=\"\" class=\"wp-image-2532\" width=\"818\" height=\"339\" srcset=\"https:\/\/sites.uel.br\/ati\/wp-content\/uploads\/2022\/04\/tela2-1-1024x425.jpg 1024w, https:\/\/sites.uel.br\/ati\/wp-content\/uploads\/2022\/04\/tela2-1-300x125.jpg 300w, https:\/\/sites.uel.br\/ati\/wp-content\/uploads\/2022\/04\/tela2-1-768x319.jpg 768w, https:\/\/sites.uel.br\/ati\/wp-content\/uploads\/2022\/04\/tela2-1.jpg 1103w\" sizes=\"auto, (max-width: 818px) 100vw, 818px\" \/><\/figure><\/div>\n\n\n\n<div style=\"height:50px\" aria-hidden=\"true\" class=\"wp-block-spacer\"><\/div>\n\n\n\n<p>4-A listagem com as chapas e os candidatos ser\u00e3o apresentados, a chapa ser\u00e1 o numeral informado entre os par\u00eanteses (_), neste exemplo os n\u00fameros das chapas ser\u00e3o 6,7,8 e 9. Para detalhar os candidatos de cada chapa, clique em &#8220;Ver toda a chapa&#8221;.<\/p>\n\n\n\n<div class=\"wp-block-image is-style-default\"><figure class=\"aligncenter size-large is-resized\"><img loading=\"lazy\" decoding=\"async\" src=\"https:\/\/sites.uel.br\/ati\/wp-content\/uploads\/2022\/04\/tela3-4-1024x330.jpg\" alt=\"\" class=\"wp-image-2564\" width=\"899\" height=\"289\" srcset=\"https:\/\/sites.uel.br\/ati\/wp-content\/uploads\/2022\/04\/tela3-4-1024x330.jpg 1024w, https:\/\/sites.uel.br\/ati\/wp-content\/uploads\/2022\/04\/tela3-4-300x97.jpg 300w, https:\/\/sites.uel.br\/ati\/wp-content\/uploads\/2022\/04\/tela3-4-768x247.jpg 768w, https:\/\/sites.uel.br\/ati\/wp-content\/uploads\/2022\/04\/tela3-4.jpg 1220w\" sizes=\"auto, (max-width: 899px) 100vw, 899px\" \/><\/figure><\/div>\n\n\n\n<div style=\"height:50px\" aria-hidden=\"true\" class=\"wp-block-spacer\"><\/div>\n\n\n\n<p>5-A listagem com as chapas e candidatos a Reitor(a) e Vice Reitor(a) ser\u00e3o apresentados. Clique em &#8220;Fechar&#8221; para voltar \u00e0 tela de vota\u00e7\u00e3o.<\/p>\n\n\n\n<div class=\"wp-block-image is-style-default\"><figure class=\"aligncenter size-full is-resized\"><img loading=\"lazy\" decoding=\"async\" src=\"https:\/\/sites.uel.br\/ati\/wp-content\/uploads\/2022\/04\/tela5-3.jpg\" alt=\"\" class=\"wp-image-2538\" width=\"674\" height=\"474\" srcset=\"https:\/\/sites.uel.br\/ati\/wp-content\/uploads\/2022\/04\/tela5-3.jpg 748w, https:\/\/sites.uel.br\/ati\/wp-content\/uploads\/2022\/04\/tela5-3-300x211.jpg 300w\" sizes=\"auto, (max-width: 674px) 100vw, 674px\" \/><\/figure><\/div>\n\n\n\n<div style=\"height:50px\" aria-hidden=\"true\" class=\"wp-block-spacer\"><\/div>\n\n\n\n<p>6-Ao clicar no n\u00famero da chapa do candidato (Neste exemplo, chapa 6), ser\u00e1 apresentado o n\u00famero da chapa e tamb\u00e9m o nome do Reitor(a) e do Vice Reitor(a). Para confirmar o voto, clique no bot\u00e3o verde <strong>&#8220;Confirma&#8221;<\/strong>.<\/p>\n\n\n\n<div class=\"wp-block-image is-style-default\"><figure class=\"aligncenter size-large is-resized\"><img loading=\"lazy\" decoding=\"async\" src=\"https:\/\/sites.uel.br\/ati\/wp-content\/uploads\/2022\/04\/tela6-1-1024x405.jpg\" alt=\"\" class=\"wp-image-2540\" width=\"801\" height=\"317\" srcset=\"https:\/\/sites.uel.br\/ati\/wp-content\/uploads\/2022\/04\/tela6-1-1024x405.jpg 1024w, https:\/\/sites.uel.br\/ati\/wp-content\/uploads\/2022\/04\/tela6-1-300x119.jpg 300w, https:\/\/sites.uel.br\/ati\/wp-content\/uploads\/2022\/04\/tela6-1-768x304.jpg 768w, https:\/\/sites.uel.br\/ati\/wp-content\/uploads\/2022\/04\/tela6-1.jpg 1088w\" sizes=\"auto, (max-width: 801px) 100vw, 801px\" \/><\/figure><\/div>\n\n\n\n<div style=\"height:50px\" aria-hidden=\"true\" class=\"wp-block-spacer\"><\/div>\n\n\n\n<p>7-H\u00e1 a possibilidade de realizar o voto Branco, basta clicar no bot\u00e3o &#8220;Branco&#8221; e clicar em &#8220;Confirma&#8221;. Ser\u00e1 demonstrado a sele\u00e7\u00e3o do voto, indicando a letra <strong>&#8220;B&#8221;<\/strong> e escrito na tela <strong>&#8220;VOTO EM BRANCO&#8221;<\/strong><\/p>\n\n\n\n<div class=\"wp-block-image is-style-default\"><figure class=\"aligncenter size-large is-resized\"><img loading=\"lazy\" decoding=\"async\" src=\"https:\/\/sites.uel.br\/ati\/wp-content\/uploads\/2022\/04\/tela7-1024x408.jpg\" alt=\"\" class=\"wp-image-2541\" width=\"798\" height=\"318\" srcset=\"https:\/\/sites.uel.br\/ati\/wp-content\/uploads\/2022\/04\/tela7-1024x408.jpg 1024w, https:\/\/sites.uel.br\/ati\/wp-content\/uploads\/2022\/04\/tela7-300x119.jpg 300w, https:\/\/sites.uel.br\/ati\/wp-content\/uploads\/2022\/04\/tela7-768x306.jpg 768w, https:\/\/sites.uel.br\/ati\/wp-content\/uploads\/2022\/04\/tela7.jpg 1108w\" sizes=\"auto, (max-width: 798px) 100vw, 798px\" \/><\/figure><\/div>\n\n\n\n<div style=\"height:50px\" aria-hidden=\"true\" class=\"wp-block-spacer\"><\/div>\n\n\n\n<p>8-H\u00e1 tamb\u00e9m a possibilidade de realizar o voto Nulo, basta clicar no bot\u00e3o &#8220;NULO&#8221; e clicar em &#8220;Confirma&#8221;. Ser\u00e1 demonstrado a sele\u00e7\u00e3o do voto, indicando a letra <strong>&#8220;N&#8221;<\/strong> e escrito na tela <strong>&#8220;VOTO NULO&#8221;<\/strong>.<\/p>\n\n\n\n<p class=\"has-verde-escuro-background-color has-text-color has-background\" style=\"color:#ffffff\"> <img loading=\"lazy\" decoding=\"async\" width=\"30\" height=\"30\" class=\"wp-image-1437\" style=\"width: 30px\" src=\"https:\/\/sites.uel.br\/ati\/wp-content\/uploads\/2021\/06\/info-icon-transparent-9-inverse.png\" alt=\"\"> IMPORTANTE: Caso seja digitado um n\u00famero de chapa inexistente na elei\u00e7\u00e3o, o voto tamb\u00e9m ser\u00e1 considerado NULO, ser\u00e1 demonstrado inform\u00e7\u00e3o na tela igual ao voto NULO.<\/p>\n\n\n\n<div class=\"wp-block-image is-style-default\"><figure class=\"aligncenter size-large is-resized\"><img loading=\"lazy\" decoding=\"async\" src=\"https:\/\/sites.uel.br\/ati\/wp-content\/uploads\/2022\/04\/tela-8-1024x415.jpg\" alt=\"\" class=\"wp-image-2542\" width=\"839\" height=\"340\" srcset=\"https:\/\/sites.uel.br\/ati\/wp-content\/uploads\/2022\/04\/tela-8-1024x415.jpg 1024w, https:\/\/sites.uel.br\/ati\/wp-content\/uploads\/2022\/04\/tela-8-300x122.jpg 300w, https:\/\/sites.uel.br\/ati\/wp-content\/uploads\/2022\/04\/tela-8-768x312.jpg 768w, https:\/\/sites.uel.br\/ati\/wp-content\/uploads\/2022\/04\/tela-8.jpg 1092w\" sizes=\"auto, (max-width: 839px) 100vw, 839px\" \/><\/figure><\/div>\n\n\n\n<div style=\"height:50px\" aria-hidden=\"true\" class=\"wp-block-spacer\"><\/div>\n\n\n\n<p>9-Ao clicar no bot\u00e3o &#8220;Confirma&#8221;, ser\u00e1 apresentado a mensagem se deseja confirmar o voto. Clique em &#8220;OK&#8221; para confirmar ou &#8220;Cancelar&#8221; para voltar \u00e0 tela de vota\u00e7\u00e3o.<\/p>\n\n\n\n<div class=\"wp-block-image is-style-default\"><figure class=\"aligncenter size-large is-resized\"><img loading=\"lazy\" decoding=\"async\" src=\"https:\/\/sites.uel.br\/ati\/wp-content\/uploads\/2022\/04\/tela9-1-1024x397.jpg\" alt=\"\" class=\"wp-image-2559\" width=\"1010\" height=\"391\" srcset=\"https:\/\/sites.uel.br\/ati\/wp-content\/uploads\/2022\/04\/tela9-1-1024x397.jpg 1024w, https:\/\/sites.uel.br\/ati\/wp-content\/uploads\/2022\/04\/tela9-1-300x116.jpg 300w, https:\/\/sites.uel.br\/ati\/wp-content\/uploads\/2022\/04\/tela9-1-768x298.jpg 768w, https:\/\/sites.uel.br\/ati\/wp-content\/uploads\/2022\/04\/tela9-1.jpg 1233w\" sizes=\"auto, (max-width: 1010px) 100vw, 1010px\" \/><\/figure><\/div>\n\n\n\n<div style=\"height:50px\" aria-hidden=\"true\" class=\"wp-block-spacer\"><\/div>\n\n\n\n<p>10-Ao clicar em &#8220;OK&#8221; seu voto foi finalizado.<\/p>\n\n\n\n<div class=\"wp-block-image is-style-default\"><figure class=\"aligncenter size-large is-resized\"><img loading=\"lazy\" decoding=\"async\" src=\"https:\/\/sites.uel.br\/ati\/wp-content\/uploads\/2022\/04\/tela10-1024x110.jpg\" alt=\"\" class=\"wp-image-2544\" width=\"836\" height=\"90\" srcset=\"https:\/\/sites.uel.br\/ati\/wp-content\/uploads\/2022\/04\/tela10-1024x110.jpg 1024w, https:\/\/sites.uel.br\/ati\/wp-content\/uploads\/2022\/04\/tela10-300x32.jpg 300w, https:\/\/sites.uel.br\/ati\/wp-content\/uploads\/2022\/04\/tela10-768x82.jpg 768w, https:\/\/sites.uel.br\/ati\/wp-content\/uploads\/2022\/04\/tela10.jpg 1345w\" sizes=\"auto, (max-width: 836px) 100vw, 836px\" \/><\/figure><\/div>\n\n\n\n<div style=\"height:100px\" aria-hidden=\"true\" class=\"wp-block-spacer\"><\/div>\n\n\n\n<p><\/p>\n","protected":false},"excerpt":{"rendered":"<p>1-Ao acessar a p\u00e1gina de vota\u00e7\u00e3o com o Sistema SAELE, a tela abaixo ser\u00e1 apresentada. Selecionar a categoria a qual pertence (Estudante, Docente ou T\u00e9cnico-Administrativo) clicando em &#8220;Votar&#8221;. 2- Fa\u00e7a o login com sua matr\u00edcula caso seja Estudante ou com sua chapa funcional caso seja Docente ou T\u00e9cnico-Administrativo. Neste caso ser\u00e1 utilizado como exemplo, a [&hellip;]<\/p>\n","protected":false},"author":10,"featured_media":0,"parent":0,"menu_order":0,"comment_status":"closed","ping_status":"closed","template":"","meta":{"_acf_changed":false,"_themeisle_gutenberg_block_has_review":false,"footnotes":""},"class_list":["post-2527","page","type-page","status-publish","hentry"],"acf":[],"_links":{"self":[{"href":"https:\/\/sites.uel.br\/ati\/wp-json\/wp\/v2\/pages\/2527","targetHints":{"allow":["GET"]}}],"collection":[{"href":"https:\/\/sites.uel.br\/ati\/wp-json\/wp\/v2\/pages"}],"about":[{"href":"https:\/\/sites.uel.br\/ati\/wp-json\/wp\/v2\/types\/page"}],"author":[{"embeddable":true,"href":"https:\/\/sites.uel.br\/ati\/wp-json\/wp\/v2\/users\/10"}],"replies":[{"embeddable":true,"href":"https:\/\/sites.uel.br\/ati\/wp-json\/wp\/v2\/comments?post=2527"}],"version-history":[{"count":16,"href":"https:\/\/sites.uel.br\/ati\/wp-json\/wp\/v2\/pages\/2527\/revisions"}],"predecessor-version":[{"id":2566,"href":"https:\/\/sites.uel.br\/ati\/wp-json\/wp\/v2\/pages\/2527\/revisions\/2566"}],"wp:attachment":[{"href":"https:\/\/sites.uel.br\/ati\/wp-json\/wp\/v2\/media?parent=2527"}],"curies":[{"name":"wp","href":"https:\/\/api.w.org\/{rel}","templated":true}]}}