{"id":2386,"date":"2021-12-21T17:06:32","date_gmt":"2021-12-21T20:06:32","guid":{"rendered":"https:\/\/sites.uel.br\/ati\/?page_id=2386"},"modified":"2022-01-13T10:34:54","modified_gmt":"2022-01-13T13:34:54","slug":"novos-recursos-google-workspace","status":"publish","type":"page","link":"https:\/\/sites.uel.br\/ati\/novos-recursos-google-workspace\/","title":{"rendered":"Novos recursos Google Workspace"},"content":{"rendered":"\n<hr class=\"wp-block-separator is-style-wide\" \/>\n\n\n\n<div style=\"height:30px\" aria-hidden=\"true\" class=\"wp-block-spacer\"><\/div>\n\n\n\n<p><em>Informe divulgado nas listas digitais em 13\/01\/2022<\/em><\/p>\n\n\n\n<div style=\"height:30px\" aria-hidden=\"true\" class=\"wp-block-spacer\"><\/div>\n\n\n\n<p style=\"font-size:25px\">Informamos que est\u00e3o dispon\u00edveis novos recursos do <em>Google Workspace for Education Plus<\/em>.&nbsp;<\/p>\n\n\n\n<div style=\"height:30px\" aria-hidden=\"true\" class=\"wp-block-spacer\"><\/div>\n\n\n\n<p style=\"font-size:25px\"><strong>Relat\u00f3rio de Originalidade no <em>Classroom<\/em> para preven\u00e7\u00e3o de pl\u00e1gio<\/strong><\/p>\n\n\n\n<p>Professores e alunos podem usar os relat\u00f3rios de originalidade para verificar a autenticidade dos trabalhos pelo <em>Classroom<\/em>. O sistema verifica todo o conte\u00fado do trabalho, comparando-o com conte\u00fados dispon\u00edveis na web e com os trabalhos dos colegas e emite-se um relat\u00f3rio com o percentual do conte\u00fado suspeito indicando a origem do texto original. Tamb\u00e9m \u00e9 poss\u00edvel que o pr\u00f3prio estudante fa\u00e7a uma verifica\u00e7\u00e3o antes de enviar seu trabalho. Este recurso j\u00e1 estava dispon\u00edvel desde Janeiro\/2020, por\u00e9m n\u00e3o \u00e9 muito utilizado.<\/p>\n\n\n\n<div style=\"height:15px\" aria-hidden=\"true\" class=\"wp-block-spacer\"><\/div>\n\n\n\n<p><strong>Para mais orienta\u00e7\u00f5es sobre como utilizar o recurso de relat\u00f3rio de originalidade, acesse o tutorial clicando neste <a href=\"https:\/\/sites.uel.br\/ati\/tutorial\/2021\/12\/15\/relatorio-originalidade-google-classroom\/\"><em>Link<\/em><\/a><\/strong>.<\/p>\n\n\n\n<div style=\"height:30px\" aria-hidden=\"true\" class=\"wp-block-spacer\"><\/div>\n\n\n\n<p style=\"font-size:25px\"><strong><em>Google Meet<\/em> com at\u00e9 500 participantes<\/strong><\/p>\n\n\n\n<p>Usu\u00e1rios podem criar reuni\u00f5es no <em>Google Meet<\/em> com at\u00e9 500 participantes.&nbsp; O recurso j\u00e1 est\u00e1 dispon\u00edvel e nenhuma a\u00e7\u00e3o \u00e9 necess\u00e1ria para habilit\u00e1-lo. <a href=\"https:\/\/workspaceupdates-pt.googleblog.com\/2021\/11\/criacao-de-reunioes-no-google-meet-com.html\">Mais informa\u00e7\u00f5es aqui.<\/a><\/p>\n\n\n\n<p style=\"font-size:25px\"><strong>Solicitar Aprova\u00e7\u00f5es nos Documentos Google<\/strong><\/p>\n\n\n\n<p>Voc\u00ea pode solicitar e obter aprova\u00e7\u00f5es para seu conte\u00fado no <em>Google Drive<\/em>. Quando o seu material estiver pronto para revis\u00e3o, voc\u00ea pode pedir ao destinat\u00e1rio que aprove o conte\u00fado. <\/p>\n\n\n\n<p><strong>Para mais orienta\u00e7\u00f5es sobre como utilizar o recurso de aprova\u00e7\u00e3o de arquivo, acesse o tutorial clicando neste <a href=\"https:\/\/sites.uel.br\/ati\/tutorial\/2021\/12\/21\/receber-aprovacoes-google-drive\/\"><em>Link<\/em><\/a><\/strong>. <\/p>\n\n\n\n<div style=\"height:50px\" aria-hidden=\"true\" class=\"wp-block-spacer\"><\/div>\n\n\n\n<p>Para acompanhar as atualiza\u00e7\u00f5es acesse o<em> <\/em><strong><em>blog<\/em> <em>Google Workspace Updates<\/em><\/strong><em> <\/em><\/p>\n\n\n\n<p class=\"has-text-align-left\"><a href=\"https:\/\/workspaceupdates-pt.googleblog.com\/\">https:\/\/workspaceupdates-pt.googleblog.com\/<\/a><\/p>\n\n\n\n<div style=\"height:50px\" aria-hidden=\"true\" class=\"wp-block-spacer\"><\/div>\n","protected":false},"excerpt":{"rendered":"<p>Informe divulgado nas listas digitais em 13\/01\/2022 Informamos que est\u00e3o dispon\u00edveis novos recursos do Google Workspace for Education Plus.&nbsp; Relat\u00f3rio de Originalidade no Classroom para preven\u00e7\u00e3o de pl\u00e1gio Professores e alunos podem usar os relat\u00f3rios de originalidade para verificar a autenticidade dos trabalhos pelo Classroom. O sistema verifica todo o conte\u00fado do trabalho, comparando-o com [&hellip;]<\/p>\n","protected":false},"author":10,"featured_media":0,"parent":0,"menu_order":0,"comment_status":"closed","ping_status":"closed","template":"","meta":{"_acf_changed":false,"_themeisle_gutenberg_block_has_review":false,"footnotes":""},"class_list":["post-2386","page","type-page","status-publish","hentry"],"acf":[],"_links":{"self":[{"href":"https:\/\/sites.uel.br\/ati\/wp-json\/wp\/v2\/pages\/2386","targetHints":{"allow":["GET"]}}],"collection":[{"href":"https:\/\/sites.uel.br\/ati\/wp-json\/wp\/v2\/pages"}],"about":[{"href":"https:\/\/sites.uel.br\/ati\/wp-json\/wp\/v2\/types\/page"}],"author":[{"embeddable":true,"href":"https:\/\/sites.uel.br\/ati\/wp-json\/wp\/v2\/users\/10"}],"replies":[{"embeddable":true,"href":"https:\/\/sites.uel.br\/ati\/wp-json\/wp\/v2\/comments?post=2386"}],"version-history":[{"count":4,"href":"https:\/\/sites.uel.br\/ati\/wp-json\/wp\/v2\/pages\/2386\/revisions"}],"predecessor-version":[{"id":2403,"href":"https:\/\/sites.uel.br\/ati\/wp-json\/wp\/v2\/pages\/2386\/revisions\/2403"}],"wp:attachment":[{"href":"https:\/\/sites.uel.br\/ati\/wp-json\/wp\/v2\/media?parent=2386"}],"curies":[{"name":"wp","href":"https:\/\/api.w.org\/{rel}","templated":true}]}}