{"id":2175,"date":"2021-10-22T16:03:10","date_gmt":"2021-10-22T19:03:10","guid":{"rendered":"https:\/\/sites.uel.br\/ati\/?page_id=2175"},"modified":"2023-01-31T14:21:24","modified_gmt":"2023-01-31T17:21:24","slug":"configuracaomanual-wifiuel-windows7","status":"publish","type":"page","link":"https:\/\/sites.uel.br\/ati\/configuracaomanual-wifiuel-windows7\/","title":{"rendered":"Configura\u00e7\u00e3o manual da rede WifiUEL &#8211; Windows 7"},"content":{"rendered":"\n<hr class=\"wp-block-separator is-style-wide\" \/>\n\n\n\n<div style=\"height:50px\" aria-hidden=\"true\" class=\"wp-block-spacer\"><\/div>\n\n\n\n<p>1- Clique no \u00edcone da rede sem fio e depois em &#8220;Abrir a Central de Rede e Compartilhamento.<\/p>\n\n\n\n<div class=\"wp-block-image\"><figure class=\"aligncenter size-full\"><img loading=\"lazy\" decoding=\"async\" width=\"259\" height=\"420\" src=\"https:\/\/sites.uel.br\/ati\/wp-content\/uploads\/2021\/10\/1.png\" alt=\"\" class=\"wp-image-2177\" srcset=\"https:\/\/sites.uel.br\/ati\/wp-content\/uploads\/2021\/10\/1.png 259w, https:\/\/sites.uel.br\/ati\/wp-content\/uploads\/2021\/10\/1-185x300.png 185w\" sizes=\"auto, (max-width: 259px) 100vw, 259px\" \/><\/figure><\/div>\n\n\n\n<div style=\"height:30px\" aria-hidden=\"true\" class=\"wp-block-spacer\"><\/div>\n\n\n\n<p>2- Na tela seguinte clicar em &#8220;Configurar uma nova conex\u00e3o ou rede&#8221;<\/p>\n\n\n\n<div class=\"wp-block-image\"><figure class=\"aligncenter size-large is-resized\"><img loading=\"lazy\" decoding=\"async\" src=\"https:\/\/sites.uel.br\/ati\/wp-content\/uploads\/2021\/10\/2-1-1024x659.png\" alt=\"\" class=\"wp-image-2184\" width=\"807\" height=\"519\" srcset=\"https:\/\/sites.uel.br\/ati\/wp-content\/uploads\/2021\/10\/2-1-1024x659.png 1024w, https:\/\/sites.uel.br\/ati\/wp-content\/uploads\/2021\/10\/2-1-300x193.png 300w, https:\/\/sites.uel.br\/ati\/wp-content\/uploads\/2021\/10\/2-1-768x494.png 768w, https:\/\/sites.uel.br\/ati\/wp-content\/uploads\/2021\/10\/2-1.png 1076w\" sizes=\"auto, (max-width: 807px) 100vw, 807px\" \/><\/figure><\/div>\n\n\n\n<div style=\"height:30px\" aria-hidden=\"true\" class=\"wp-block-spacer\"><\/div>\n\n\n\n<p>3-Clicar em &#8220;Conectar-se manualmente a uma rede sem fio&#8221; e clique em &#8220;Avan\u00e7ar&#8221;.<\/p>\n\n\n\n<div class=\"wp-block-image\"><figure class=\"aligncenter size-full\"><img loading=\"lazy\" decoding=\"async\" width=\"628\" height=\"458\" src=\"https:\/\/sites.uel.br\/ati\/wp-content\/uploads\/2021\/10\/3.png\" alt=\"\" class=\"wp-image-2179\" srcset=\"https:\/\/sites.uel.br\/ati\/wp-content\/uploads\/2021\/10\/3.png 628w, https:\/\/sites.uel.br\/ati\/wp-content\/uploads\/2021\/10\/3-300x219.png 300w\" sizes=\"auto, (max-width: 628px) 100vw, 628px\" \/><\/figure><\/div>\n\n\n\n<div style=\"height:30px\" aria-hidden=\"true\" class=\"wp-block-spacer\"><\/div>\n\n\n\n<p>4- Informe os dados igual a tela apresentada abaixo.<\/p>\n\n\n\n<div class=\"wp-block-image\"><figure class=\"aligncenter size-full\"><img loading=\"lazy\" decoding=\"async\" width=\"628\" height=\"458\" src=\"https:\/\/sites.uel.br\/ati\/wp-content\/uploads\/2021\/10\/4.png\" alt=\"\" class=\"wp-image-2180\" srcset=\"https:\/\/sites.uel.br\/ati\/wp-content\/uploads\/2021\/10\/4.png 628w, https:\/\/sites.uel.br\/ati\/wp-content\/uploads\/2021\/10\/4-300x219.png 300w\" sizes=\"auto, (max-width: 628px) 100vw, 628px\" \/><\/figure><\/div>\n\n\n\n<div style=\"height:30px\" aria-hidden=\"true\" class=\"wp-block-spacer\"><\/div>\n\n\n\n<p>5- Ao final do preenchimento das informa\u00e7\u00f5es, clicar em &#8220;Alterar configura\u00e7\u00f5es de conex\u00e3o&#8221;.<\/p>\n\n\n\n<div class=\"wp-block-image\"><figure class=\"aligncenter size-full\"><img loading=\"lazy\" decoding=\"async\" width=\"628\" height=\"458\" src=\"https:\/\/sites.uel.br\/ati\/wp-content\/uploads\/2021\/10\/5.png\" alt=\"\" class=\"wp-image-2181\" srcset=\"https:\/\/sites.uel.br\/ati\/wp-content\/uploads\/2021\/10\/5.png 628w, https:\/\/sites.uel.br\/ati\/wp-content\/uploads\/2021\/10\/5-300x219.png 300w\" sizes=\"auto, (max-width: 628px) 100vw, 628px\" \/><\/figure><\/div>\n\n\n\n<div style=\"height:30px\" aria-hidden=\"true\" class=\"wp-block-spacer\"><\/div>\n\n\n\n<p>6- Clicar na aba &#8220;Seguran\u00e7a&#8221;, verificar se os dados est\u00e3o iguais a tela abaixo e depois clicar em &#8220;Configura\u00e7\u00f5es&#8221; assinalado pela seta.<\/p>\n\n\n\n<div class=\"wp-block-image\"><figure class=\"aligncenter size-full\"><img loading=\"lazy\" decoding=\"async\" width=\"389\" height=\"505\" src=\"https:\/\/sites.uel.br\/ati\/wp-content\/uploads\/2021\/10\/6.1.png\" alt=\"\" class=\"wp-image-2182\" srcset=\"https:\/\/sites.uel.br\/ati\/wp-content\/uploads\/2021\/10\/6.1.png 389w, https:\/\/sites.uel.br\/ati\/wp-content\/uploads\/2021\/10\/6.1-231x300.png 231w\" sizes=\"auto, (max-width: 389px) 100vw, 389px\" \/><\/figure><\/div>\n\n\n\n<div style=\"height:30px\" aria-hidden=\"true\" class=\"wp-block-spacer\"><\/div>\n\n\n\n<p>7- Configurar os campos conforme a tela abaixo, depois clique em &#8220;Configurar&#8221;.<\/p>\n\n\n\n<div class=\"wp-block-image\"><figure class=\"aligncenter size-full\"><img loading=\"lazy\" decoding=\"async\" width=\"393\" height=\"563\" src=\"https:\/\/sites.uel.br\/ati\/wp-content\/uploads\/2021\/10\/7-1.png\" alt=\"\" class=\"wp-image-2185\" srcset=\"https:\/\/sites.uel.br\/ati\/wp-content\/uploads\/2021\/10\/7-1.png 393w, https:\/\/sites.uel.br\/ati\/wp-content\/uploads\/2021\/10\/7-1-209x300.png 209w\" sizes=\"auto, (max-width: 393px) 100vw, 393px\" \/><\/figure><\/div>\n\n\n\n<div style=\"height:30px\" aria-hidden=\"true\" class=\"wp-block-spacer\"><\/div>\n\n\n\n<p>8- Desmarque a op\u00e7\u00e3o que aparece nesta tela e clique OK.<\/p>\n\n\n\n<div class=\"wp-block-image\"><figure class=\"aligncenter size-full\"><img loading=\"lazy\" decoding=\"async\" width=\"301\" height=\"178\" src=\"https:\/\/sites.uel.br\/ati\/wp-content\/uploads\/2021\/10\/8.png\" alt=\"\" class=\"wp-image-2186\" \/><\/figure><\/div>\n\n\n\n<p>Clique em Ok novamente na tela que aparecer e v\u00e1 para o passo seguinte.<\/p>\n\n\n\n<div style=\"height:30px\" aria-hidden=\"true\" class=\"wp-block-spacer\"><\/div>\n\n\n\n<p>9- Nesta tela clicar em &#8220;Configura\u00e7\u00f5es Avan\u00e7adas&#8221;.<\/p>\n\n\n\n<div class=\"wp-block-image\"><figure class=\"aligncenter size-full\"><img loading=\"lazy\" decoding=\"async\" width=\"389\" height=\"505\" src=\"https:\/\/sites.uel.br\/ati\/wp-content\/uploads\/2021\/10\/6.2.png\" alt=\"\" class=\"wp-image-2187\" srcset=\"https:\/\/sites.uel.br\/ati\/wp-content\/uploads\/2021\/10\/6.2.png 389w, https:\/\/sites.uel.br\/ati\/wp-content\/uploads\/2021\/10\/6.2-231x300.png 231w\" sizes=\"auto, (max-width: 389px) 100vw, 389px\" \/><\/figure><\/div>\n\n\n\n<div style=\"height:30px\" aria-hidden=\"true\" class=\"wp-block-spacer\"><\/div>\n\n\n\n<p>10-  Habilitar a op\u00e7\u00e3o &#8220;Especificar o modo de autentica\u00e7\u00e3o:&#8221; e selecionar  &#8220;Autentica\u00e7\u00e3o de usu\u00e1rio&#8221;. Clique em OK.<\/p>\n\n\n\n<div class=\"wp-block-image\"><figure class=\"aligncenter size-full\"><img loading=\"lazy\" decoding=\"async\" width=\"389\" height=\"505\" src=\"https:\/\/sites.uel.br\/ati\/wp-content\/uploads\/2021\/10\/9.1.png\" alt=\"\" class=\"wp-image-2188\" srcset=\"https:\/\/sites.uel.br\/ati\/wp-content\/uploads\/2021\/10\/9.1.png 389w, https:\/\/sites.uel.br\/ati\/wp-content\/uploads\/2021\/10\/9.1-231x300.png 231w\" sizes=\"auto, (max-width: 389px) 100vw, 389px\" \/><\/figure><\/div>\n\n\n\n<div style=\"height:30px\" aria-hidden=\"true\" class=\"wp-block-spacer\"><\/div>\n\n\n\n<p>11- Localize e clique no \u00edcone da rede sem fio ao lado do rel\u00f3gio do Windows, depois localize a rede &#8220;wifiuel&#8221; e clique em &#8220;Conectar&#8221;.<\/p>\n\n\n\n<div class=\"wp-block-image\"><figure class=\"aligncenter size-full\"><img loading=\"lazy\" decoding=\"async\" width=\"263\" height=\"416\" src=\"https:\/\/sites.uel.br\/ati\/wp-content\/uploads\/2021\/10\/10.1.png\" alt=\"\" class=\"wp-image-2189\" srcset=\"https:\/\/sites.uel.br\/ati\/wp-content\/uploads\/2021\/10\/10.1.png 263w, https:\/\/sites.uel.br\/ati\/wp-content\/uploads\/2021\/10\/10.1-190x300.png 190w\" sizes=\"auto, (max-width: 263px) 100vw, 263px\" \/><\/figure><\/div>\n\n\n\n<div style=\"height:30px\" aria-hidden=\"true\" class=\"wp-block-spacer\"><\/div>\n\n\n\n<p>12- Digite seu login e senha da rede UEL (o mesmo login do e-mail, por\u00e9m sem o @uel.br) e a senha. Clique em OK para realizar a conex\u00e3o \u00e0 rede wifiuel.<\/p>\n\n\n\n<div class=\"wp-block-image\"><figure class=\"aligncenter size-full\"><img loading=\"lazy\" decoding=\"async\" width=\"439\" height=\"241\" src=\"https:\/\/sites.uel.br\/ati\/wp-content\/uploads\/2021\/10\/11.png\" alt=\"\" class=\"wp-image-2190\" srcset=\"https:\/\/sites.uel.br\/ati\/wp-content\/uploads\/2021\/10\/11.png 439w, https:\/\/sites.uel.br\/ati\/wp-content\/uploads\/2021\/10\/11-300x165.png 300w\" sizes=\"auto, (max-width: 439px) 100vw, 439px\" \/><\/figure><\/div>\n\n\n\n<p><\/p>\n","protected":false},"excerpt":{"rendered":"<p>1- Clique no \u00edcone da rede sem fio e depois em &#8220;Abrir a Central de Rede e Compartilhamento. 2- Na tela seguinte clicar em &#8220;Configurar uma nova conex\u00e3o ou rede&#8221; 3-Clicar em &#8220;Conectar-se manualmente a uma rede sem fio&#8221; e clique em &#8220;Avan\u00e7ar&#8221;. 4- Informe os dados igual a tela apresentada abaixo. 5- Ao final [&hellip;]<\/p>\n","protected":false},"author":10,"featured_media":0,"parent":0,"menu_order":0,"comment_status":"closed","ping_status":"closed","template":"","meta":{"_acf_changed":false,"_themeisle_gutenberg_block_has_review":false,"footnotes":""},"class_list":["post-2175","page","type-page","status-publish","hentry"],"acf":[],"_links":{"self":[{"href":"https:\/\/sites.uel.br\/ati\/wp-json\/wp\/v2\/pages\/2175","targetHints":{"allow":["GET"]}}],"collection":[{"href":"https:\/\/sites.uel.br\/ati\/wp-json\/wp\/v2\/pages"}],"about":[{"href":"https:\/\/sites.uel.br\/ati\/wp-json\/wp\/v2\/types\/page"}],"author":[{"embeddable":true,"href":"https:\/\/sites.uel.br\/ati\/wp-json\/wp\/v2\/users\/10"}],"replies":[{"embeddable":true,"href":"https:\/\/sites.uel.br\/ati\/wp-json\/wp\/v2\/comments?post=2175"}],"version-history":[{"count":7,"href":"https:\/\/sites.uel.br\/ati\/wp-json\/wp\/v2\/pages\/2175\/revisions"}],"predecessor-version":[{"id":2206,"href":"https:\/\/sites.uel.br\/ati\/wp-json\/wp\/v2\/pages\/2175\/revisions\/2206"}],"wp:attachment":[{"href":"https:\/\/sites.uel.br\/ati\/wp-json\/wp\/v2\/media?parent=2175"}],"curies":[{"name":"wp","href":"https:\/\/api.w.org\/{rel}","templated":true}]}}