{"id":2091,"date":"2021-08-05T11:37:10","date_gmt":"2021-08-05T14:37:10","guid":{"rendered":"https:\/\/sites.uel.br\/ati\/?page_id=2091"},"modified":"2026-03-25T08:17:05","modified_gmt":"2026-03-25T11:17:05","slug":"recuperar-senha-do-portal-do-estudante","status":"publish","type":"page","link":"https:\/\/sites.uel.br\/ati\/recuperar-senha-do-portal-do-estudante\/","title":{"rendered":"Recuperar senha do Portal do Estudante"},"content":{"rendered":"\n<hr class=\"wp-block-separator has-css-opacity is-style-wide\" \/>\n\n\n\n<div style=\"height:30px\" aria-hidden=\"true\" class=\"wp-block-spacer\"><\/div>\n\n\n\n<h4 class=\"wp-block-heading\">COMO ALTERAR A SENHA DO PORTAL DO ESTUDANTE<\/h4>\n\n\n\n<div style=\"height:30px\" aria-hidden=\"true\" class=\"wp-block-spacer\"><\/div>\n\n\n\n<p>1- Acesse o link: <a href=\"https:\/\/portal.uel.br\/portais\/\">https:\/\/portal.uel.br\/portais\/<\/a><\/p>\n\n\n\n<p>Clique no <strong>Portal do Estudante<\/strong> relacionado ao seu portal (Gradua\u00e7\u00e3o ou P\u00f3s-Gradua\u00e7\u00e3o)<\/p>\n\n\n\n<figure class=\"wp-block-image size-large is-resized\"><img loading=\"lazy\" decoding=\"async\" width=\"1024\" height=\"677\" src=\"https:\/\/sites.uel.br\/ati\/wp-content\/uploads\/2026\/03\/image-1024x677.png\" alt=\"\" class=\"wp-image-3661\" style=\"aspect-ratio:1.5126021326686054;width:1024px;height:auto\" srcset=\"https:\/\/sites.uel.br\/ati\/wp-content\/uploads\/2026\/03\/image-1024x677.png 1024w, https:\/\/sites.uel.br\/ati\/wp-content\/uploads\/2026\/03\/image-300x198.png 300w, https:\/\/sites.uel.br\/ati\/wp-content\/uploads\/2026\/03\/image-768x508.png 768w, https:\/\/sites.uel.br\/ati\/wp-content\/uploads\/2026\/03\/image.png 1321w\" sizes=\"auto, (max-width: 1024px) 100vw, 1024px\" \/><\/figure>\n\n\n\n<div style=\"height:50px\" aria-hidden=\"true\" class=\"wp-block-spacer\"><\/div>\n\n\n\n<p>Clique em &#8220;<strong>Entrar<\/strong>&#8221; (canto superior direito) indicado na seta laranja.<\/p>\n\n\n<div class=\"wp-block-image\">\n<figure class=\"aligncenter size-large is-resized\"><img loading=\"lazy\" decoding=\"async\" width=\"1024\" height=\"214\" src=\"https:\/\/sites.uel.br\/ati\/wp-content\/uploads\/2021\/08\/tela-portal-estudante-1024x214.png\" alt=\"\" class=\"wp-image-2092\" style=\"width:808px;height:169px\" srcset=\"https:\/\/sites.uel.br\/ati\/wp-content\/uploads\/2021\/08\/tela-portal-estudante-1024x214.png 1024w, https:\/\/sites.uel.br\/ati\/wp-content\/uploads\/2021\/08\/tela-portal-estudante-300x63.png 300w, https:\/\/sites.uel.br\/ati\/wp-content\/uploads\/2021\/08\/tela-portal-estudante-768x160.png 768w, https:\/\/sites.uel.br\/ati\/wp-content\/uploads\/2021\/08\/tela-portal-estudante-1536x321.png 1536w, https:\/\/sites.uel.br\/ati\/wp-content\/uploads\/2021\/08\/tela-portal-estudante.png 1902w\" sizes=\"auto, (max-width: 1024px) 100vw, 1024px\" \/><\/figure>\n<\/div>\n\n\n<div style=\"height:30px\" aria-hidden=\"true\" class=\"wp-block-spacer\"><\/div>\n\n\n\n<p>2- Depois clique em &#8220;<strong><u>Esqueceu sua senha<\/u><\/strong>?&#8221;&nbsp;<\/p>\n\n\n<div class=\"wp-block-image\">\n<figure class=\"aligncenter size-full is-resized\"><img loading=\"lazy\" decoding=\"async\" width=\"817\" height=\"426\" src=\"https:\/\/sites.uel.br\/ati\/wp-content\/uploads\/2023\/07\/1-2.jpg\" alt=\"\" class=\"wp-image-3152\" style=\"width:644px;height:335px\" srcset=\"https:\/\/sites.uel.br\/ati\/wp-content\/uploads\/2023\/07\/1-2.jpg 817w, https:\/\/sites.uel.br\/ati\/wp-content\/uploads\/2023\/07\/1-2-300x156.jpg 300w, https:\/\/sites.uel.br\/ati\/wp-content\/uploads\/2023\/07\/1-2-768x400.jpg 768w\" sizes=\"auto, (max-width: 817px) 100vw, 817px\" \/><\/figure>\n<\/div>\n\n\n<div style=\"height:30px\" aria-hidden=\"true\" class=\"wp-block-spacer\"><\/div>\n\n\n\n<p>3- Informe a sua Matr\u00edcula e clique no bot\u00e3o <strong>OK<\/strong>.<\/p>\n\n\n<div class=\"wp-block-image\">\n<figure class=\"aligncenter size-full is-resized\"><img loading=\"lazy\" decoding=\"async\" width=\"504\" height=\"491\" src=\"https:\/\/sites.uel.br\/ati\/wp-content\/uploads\/2021\/08\/tela2.jpg\" alt=\"\" class=\"wp-image-2093\" style=\"width:346px;height:337px\" srcset=\"https:\/\/sites.uel.br\/ati\/wp-content\/uploads\/2021\/08\/tela2.jpg 504w, https:\/\/sites.uel.br\/ati\/wp-content\/uploads\/2021\/08\/tela2-300x292.jpg 300w\" sizes=\"auto, (max-width: 504px) 100vw, 504px\" \/><\/figure>\n<\/div>\n\n\n<div style=\"height:30px\" aria-hidden=\"true\" class=\"wp-block-spacer\"><\/div>\n\n\n\n<p>4- O sistema enviar\u00e1 para seu e-mail de recupera\u00e7\u00e3o de senha cadastrado, um <strong>link<\/strong> para cadastro de uma nova senha para acesso ao portal do estudante. Acesse seu e-mail para prosseguir.<\/p>\n\n\n<div class=\"wp-block-image\">\n<figure class=\"aligncenter size-large is-resized\"><img loading=\"lazy\" decoding=\"async\" width=\"800\" height=\"426\" src=\"https:\/\/sites.uel.br\/ati\/wp-content\/uploads\/2021\/06\/6.jpg\" alt=\"\" class=\"wp-image-303\" style=\"width:670px;height:357px\" srcset=\"https:\/\/sites.uel.br\/ati\/wp-content\/uploads\/2021\/06\/6.jpg 800w, https:\/\/sites.uel.br\/ati\/wp-content\/uploads\/2021\/06\/6-300x160.jpg 300w, https:\/\/sites.uel.br\/ati\/wp-content\/uploads\/2021\/06\/6-768x409.jpg 768w\" sizes=\"auto, (max-width: 800px) 100vw, 800px\" \/><\/figure>\n<\/div>\n\n\n<div style=\"height:30px\" aria-hidden=\"true\" class=\"wp-block-spacer\"><\/div>\n\n\n\n<p>5- Ao abrir o <strong>\u201clink\u201d<\/strong> que foi enviado para seu e-mail, abrir\u00e1 uma janela para cadastro da nova senha do Portal do Estudante conforme imagem, digite a senha e  clique em OK.<\/p>\n\n\n\n<p class=\"has-verde-escuro-background-color has-text-color has-background\" style=\"color:#f4f6f7\"><img loading=\"lazy\" decoding=\"async\" width=\"30\" height=\"30\" class=\"wp-image-1437\" style=\"width: 30px\" src=\"https:\/\/sites.uel.br\/ati\/wp-content\/uploads\/2021\/06\/info-icon-transparent-9-inverse.png\" alt=\"\"><strong>    IMPORTANTE: A senha ser\u00e1 atualizada para o acesso ao Portal do Estudante e tamb\u00e9m para a conta de e-mail pessoal @uel.br.<\/strong><\/p>\n\n\n\n<p><\/p>\n\n\n<div class=\"wp-block-image\">\n<figure class=\"aligncenter size-full\"><img loading=\"lazy\" decoding=\"async\" width=\"487\" height=\"392\" src=\"https:\/\/sites.uel.br\/ati\/wp-content\/uploads\/2025\/07\/image.png\" alt=\"\" class=\"wp-image-3438\" srcset=\"https:\/\/sites.uel.br\/ati\/wp-content\/uploads\/2025\/07\/image.png 487w, https:\/\/sites.uel.br\/ati\/wp-content\/uploads\/2025\/07\/image-300x241.png 300w\" sizes=\"auto, (max-width: 487px) 100vw, 487px\" \/><\/figure>\n<\/div>\n\n\n<div style=\"height:30px\" aria-hidden=\"true\" class=\"wp-block-spacer\"><\/div>\n\n\n\n<div class=\"wp-block-cover is-light\" style=\"min-height:100px;aspect-ratio:unset;\"><img loading=\"lazy\" decoding=\"async\" width=\"1502\" height=\"270\" class=\"wp-block-cover__image-background wp-image-1333\" alt=\"\" src=\"https:\/\/sites.uel.br\/ati\/wp-content\/uploads\/2021\/06\/Fundo-Help-GOOGLE-menor.png\" style=\"object-position:0% 4%\" data-object-fit=\"cover\" data-object-position=\"0% 4%\" srcset=\"https:\/\/sites.uel.br\/ati\/wp-content\/uploads\/2021\/06\/Fundo-Help-GOOGLE-menor.png 1502w, https:\/\/sites.uel.br\/ati\/wp-content\/uploads\/2021\/06\/Fundo-Help-GOOGLE-menor-300x54.png 300w, https:\/\/sites.uel.br\/ati\/wp-content\/uploads\/2021\/06\/Fundo-Help-GOOGLE-menor-1024x184.png 1024w, https:\/\/sites.uel.br\/ati\/wp-content\/uploads\/2021\/06\/Fundo-Help-GOOGLE-menor-768x138.png 768w\" sizes=\"auto, (max-width: 1502px) 100vw, 1502px\" \/><span aria-hidden=\"true\" class=\"wp-block-cover__background has-background-dim-0 has-background-dim\"><\/span><div class=\"wp-block-cover__inner-container is-layout-flow wp-block-cover-is-layout-flow\">\n<p class=\"has-text-align-center has-text-color\" style=\"color:#000609;font-size:19px\"> A nova senha deve <strong>obrigatoriamente<\/strong> possuir no m\u00ednimo oito (8) caracteres compostos por letras mai\u00fasculas, min\u00fasculas e n\u00fameros.<\/p>\n<\/div><\/div>\n\n\n\n<div style=\"height:50px\" aria-hidden=\"true\" class=\"wp-block-spacer\"><\/div>\n\n\n\n<hr class=\"wp-block-separator has-css-opacity is-style-wide\" \/>\n\n\n\n<div style=\"height:50px\" aria-hidden=\"true\" class=\"wp-block-spacer\"><\/div>\n\n\n\n<p class=\"has-text-align-center\"><strong>Em caso de d\u00favidas, entre em contato com nossos <a href=\"https:\/\/sites.uel.br\/ati\/atendimento\/\">canais de atendimento<\/a><\/strong><\/p>\n","protected":false},"excerpt":{"rendered":"<p>COMO ALTERAR A SENHA DO PORTAL DO ESTUDANTE 1- Acesse o link: https:\/\/portal.uel.br\/portais\/ Clique no Portal do Estudante relacionado ao seu portal (Gradua\u00e7\u00e3o ou P\u00f3s-Gradua\u00e7\u00e3o) Clique em &#8220;Entrar&#8221; (canto superior direito) indicado na seta laranja. 2- Depois clique em &#8220;Esqueceu sua senha?&#8221;&nbsp; 3- Informe a sua Matr\u00edcula e clique no bot\u00e3o OK. 4- O sistema [&hellip;]<\/p>\n","protected":false},"author":10,"featured_media":0,"parent":0,"menu_order":0,"comment_status":"closed","ping_status":"closed","template":"","meta":{"_acf_changed":false,"_themeisle_gutenberg_block_has_review":false,"footnotes":""},"class_list":["post-2091","page","type-page","status-publish","hentry"],"acf":[],"_links":{"self":[{"href":"https:\/\/sites.uel.br\/ati\/wp-json\/wp\/v2\/pages\/2091","targetHints":{"allow":["GET"]}}],"collection":[{"href":"https:\/\/sites.uel.br\/ati\/wp-json\/wp\/v2\/pages"}],"about":[{"href":"https:\/\/sites.uel.br\/ati\/wp-json\/wp\/v2\/types\/page"}],"author":[{"embeddable":true,"href":"https:\/\/sites.uel.br\/ati\/wp-json\/wp\/v2\/users\/10"}],"replies":[{"embeddable":true,"href":"https:\/\/sites.uel.br\/ati\/wp-json\/wp\/v2\/comments?post=2091"}],"version-history":[{"count":21,"href":"https:\/\/sites.uel.br\/ati\/wp-json\/wp\/v2\/pages\/2091\/revisions"}],"predecessor-version":[{"id":3663,"href":"https:\/\/sites.uel.br\/ati\/wp-json\/wp\/v2\/pages\/2091\/revisions\/3663"}],"wp:attachment":[{"href":"https:\/\/sites.uel.br\/ati\/wp-json\/wp\/v2\/media?parent=2091"}],"curies":[{"name":"wp","href":"https:\/\/api.w.org\/{rel}","templated":true}]}}