{"id":2052,"date":"2021-08-02T11:09:35","date_gmt":"2021-08-02T14:09:35","guid":{"rendered":"https:\/\/sites.uel.br\/ati\/?page_id=2052"},"modified":"2023-01-31T14:21:24","modified_gmt":"2023-01-31T17:21:24","slug":"criar-e-mail-institucional","status":"publish","type":"page","link":"https:\/\/sites.uel.br\/ati\/criar-e-mail-institucional\/","title":{"rendered":"Criar e-mail Institucional ou e-mail de Usu\u00e1rio Especial"},"content":{"rendered":"\n<hr class=\"wp-block-separator has-css-opacity is-style-wide\" \/>\n\n\n\n<div style=\"height:30px\" aria-hidden=\"true\" class=\"wp-block-spacer\"><\/div>\n\n\n\n<p class=\"has-verde-escuro-background-color has-text-color has-background\" style=\"color:#fafafa\"><img loading=\"lazy\" decoding=\"async\" width=\"30\" height=\"30\" class=\"wp-image-1437\" style=\"width: 30px\" src=\"https:\/\/sites.uel.br\/ati\/wp-content\/uploads\/2021\/06\/info-icon-transparent-9-inverse.png\" alt=\"\">   Para a cria\u00e7\u00e3o de e-mail de alunos de gradua\u00e7\u00e3o e p\u00f3s-gradua\u00e7\u00e3o n\u00e3o utilizar o procedimento descrito aqui, este procedimento \u00e9 somente para contas de usu\u00e1rios especiais e institucionais.  <strong>Alunos de gradua\u00e7\u00e3o e p\u00f3s-gradua\u00e7\u00e3o, criar sua conta de e-mail acessando diretamente o Portal do Estudante na guia &#8220;Servi\u00e7os Digitais UEL&#8221;<\/strong>.<\/p>\n\n\n\n<div style=\"height:30px\" aria-hidden=\"true\" class=\"wp-block-spacer\"><\/div>\n\n\n\n<p class=\"has-text-color\" style=\"color:#ffffff\"> <\/p>\n\n\n\n<p>Para cria\u00e7\u00e3o de contas: <\/p>\n\n\n\n<ul class=\"wp-block-list\">\n<li><strong>Contas institucionais <\/strong>&#8211; A identifica\u00e7\u00e3o destas contas deve utilizar nomenclatura e sigla pertinente \u00e0 respectiva unidade de \u00f3rg\u00e3o, departamento, laborat\u00f3rio e similares dentro da UEL. (Ex: ati.sec@uel.br);<\/li>\n<\/ul>\n\n\n\n<ul class=\"wp-block-list\">\n<li><strong>Contas de usu\u00e1rios especiais <\/strong>(Ex: Alunos de P\u00f3s-Doutorando, Assessor Especial, Estagi\u00e1rio e menor aprendiz, Professor Tempor\u00e1rio, Professor de outra IEES &#8211; Funcion\u00e1rio Processo Remo\u00e7\u00e3o, Conv\u00eanio, Residentes e Bolsistas). <strong>OBS: Necess\u00e1rio o recebimento de n\u00famero de v\u00ednculo cadastrado atrav\u00e9s do departamento respons\u00e1vel para o preenchimento da solicita\u00e7\u00e3o de servi\u00e7o<\/strong><\/li>\n<\/ul>\n\n\n\n<div style=\"height:30px\" aria-hidden=\"true\" class=\"wp-block-spacer\"><\/div>\n\n\n\n<p>Para a cria\u00e7\u00e3o das contas institucionais e de usu\u00e1rio especial deve-se obrigatoriamente atender  ao <a href=\"https:\/\/sites.uel.br\/ati\/wp-content\/uploads\/2021\/07\/Ato-Executivo-082-2009.pdf.pdf\">Ato Executivo 082\/2009<\/a>. Devem ser&nbsp; requeridas atrav\u00e9s de solicita\u00e7\u00e3o de servi\u00e7o para a ATI <strong>com informa\u00e7\u00f5es devidamente preenchidas<\/strong>, c\u00f3digo do servi\u00e7o 158 (cria\u00e7\u00e3o de e-mail institucional) ou c\u00f3digo de servi\u00e7o 916 (cria\u00e7\u00e3o de e-mail de usu\u00e1rio especial) e centro de custo 50000. Para instru\u00e7\u00f5es de como abrir a solicita\u00e7\u00e3o de servi\u00e7o, acesse o link abaixo:<\/p>\n\n\n\n<div style=\"height:30px\" aria-hidden=\"true\" class=\"wp-block-spacer\"><\/div>\n\n\n\n<div class=\"wp-block-buttons is-horizontal is-content-justification-center is-layout-flex wp-container-core-buttons-is-layout-499968f5 wp-block-buttons-is-layout-flex\">\n<div class=\"wp-block-button is-style-outline is-style-outline--1\"><a class=\"wp-block-button__link has-verde-escuro-background-color has-text-color has-background wp-element-button\" href=\"https:\/\/sites.uel.br\/ati\/sistema-de-solicitacao-de-servico\/\" style=\"color:#f2f8fa\" target=\"_blank\" rel=\"noreferrer noopener\"><strong>Tutorial Solicita\u00e7\u00e3o de Servi\u00e7os ATI<\/strong><\/a><\/div>\n<\/div>\n\n\n\n<div style=\"height:100px\" aria-hidden=\"true\" class=\"wp-block-spacer\"><\/div>\n","protected":false},"excerpt":{"rendered":"<p>Para a cria\u00e7\u00e3o de e-mail de alunos de gradua\u00e7\u00e3o e p\u00f3s-gradua\u00e7\u00e3o n\u00e3o utilizar o procedimento descrito aqui, este procedimento \u00e9 somente para contas de usu\u00e1rios especiais e institucionais. Alunos de gradua\u00e7\u00e3o e p\u00f3s-gradua\u00e7\u00e3o, criar sua conta de e-mail acessando diretamente o Portal do Estudante na guia &#8220;Servi\u00e7os Digitais UEL&#8221;. Para cria\u00e7\u00e3o de contas: Para a [&hellip;]<\/p>\n","protected":false},"author":10,"featured_media":0,"parent":0,"menu_order":0,"comment_status":"closed","ping_status":"closed","template":"","meta":{"_acf_changed":false,"_themeisle_gutenberg_block_has_review":false,"footnotes":""},"class_list":["post-2052","page","type-page","status-publish","hentry"],"acf":[],"_links":{"self":[{"href":"https:\/\/sites.uel.br\/ati\/wp-json\/wp\/v2\/pages\/2052","targetHints":{"allow":["GET"]}}],"collection":[{"href":"https:\/\/sites.uel.br\/ati\/wp-json\/wp\/v2\/pages"}],"about":[{"href":"https:\/\/sites.uel.br\/ati\/wp-json\/wp\/v2\/types\/page"}],"author":[{"embeddable":true,"href":"https:\/\/sites.uel.br\/ati\/wp-json\/wp\/v2\/users\/10"}],"replies":[{"embeddable":true,"href":"https:\/\/sites.uel.br\/ati\/wp-json\/wp\/v2\/comments?post=2052"}],"version-history":[{"count":23,"href":"https:\/\/sites.uel.br\/ati\/wp-json\/wp\/v2\/pages\/2052\/revisions"}],"predecessor-version":[{"id":2799,"href":"https:\/\/sites.uel.br\/ati\/wp-json\/wp\/v2\/pages\/2052\/revisions\/2799"}],"wp:attachment":[{"href":"https:\/\/sites.uel.br\/ati\/wp-json\/wp\/v2\/media?parent=2052"}],"curies":[{"name":"wp","href":"https:\/\/api.w.org\/{rel}","templated":true}]}}