{"id":1884,"date":"2021-07-16T17:16:34","date_gmt":"2021-07-16T20:16:34","guid":{"rendered":"https:\/\/sites.uel.br\/ati\/?page_id=1884"},"modified":"2021-07-19T08:44:02","modified_gmt":"2021-07-19T11:44:02","slug":"sistema-de-eleicoes-saele","status":"publish","type":"page","link":"https:\/\/sites.uel.br\/ati\/sistema-de-eleicoes-saele\/","title":{"rendered":"Sistema de elei\u00e7\u00f5es SAELE"},"content":{"rendered":"\n<hr class=\"wp-block-separator is-style-wide\" \/>\n\n\n\n<div style=\"height:30px\" aria-hidden=\"true\" class=\"wp-block-spacer\"><\/div>\n\n\n\n<p>Segundo o Regimento Geral da UEL, Art. 239 onde estabelece que \u201cpara todas as elei\u00e7\u00f5es regulares da Universidade, o Reitor, respons\u00e1vel pela convoca\u00e7\u00e3o expedir\u00e1 o respectivo Regimento Eleitoral, sempre em tempo h\u00e1bil, no prazo compreendido entre 60 (sessenta) e 120 (cento e vinte dias) antes do final dos respectivos mandatos\u201d.<\/p>\n\n\n\n<p>Desta forma poder\u00e1 ser utilizado para realiza\u00e7\u00e3o de elei\u00e7\u00e3o em formato on-line o Sistema SAELE, onde os interessados dever\u00e3o encaminhar para a Assessoria de Tecnologia da Informa\u00e7\u00e3o \u2013 ATI uma solicita\u00e7\u00e3o de servi\u00e7o com <strong>c\u00f3digo de servi\u00e7o 1010<\/strong> informando os dados solicitados na solicita\u00e7\u00e3o e tamb\u00e9m anexar os seguintes arquivos:<\/p>\n\n\n\n<div style=\"height:30px\" aria-hidden=\"true\" class=\"wp-block-spacer\"><\/div>\n\n\n\n<ul class=\"wp-block-list\"><li><strong>Ato Executivo<\/strong> expedido pelo Reitor estabelecendo o Regimento Eleitoral para a elei\u00e7\u00e3o pretendida;<\/li><\/ul>\n\n\n\n<ul class=\"wp-block-list\"><li><strong>Portaria<\/strong> expedida pelo Reitor designando a <strong>Comiss\u00e3o Eleitoral<\/strong> a qual competir\u00e1 a responsabilidade de realizar a elei\u00e7\u00e3o e tomar as provid\u00eancias para o seu regular processamento.<\/li><\/ul>\n\n\n\n<p>Ap\u00f3s emitir a solicita\u00e7\u00e3o de servi\u00e7o, aguardar o contato da ATI onde ser\u00e1 agendado o treinamento do sistema SAELE.<\/p>\n\n\n\n<p class=\"has-verde-escuro-background-color has-text-color has-background\" style=\"color:#fcfeff\"><img loading=\"lazy\" decoding=\"async\" width=\"30\" height=\"30\" class=\"wp-image-1437\" style=\"width: 30px\" src=\"https:\/\/sites.uel.br\/ati\/wp-content\/uploads\/2021\/06\/info-icon-transparent-9-inverse.png\" alt=\"\">  <strong>ATEN\u00c7\u00c3O:<\/strong> <strong>A ATI ser\u00e1 respons\u00e1vel somente pelo treinamento do sistema, n\u00e3o se responsabilizando pela realiza\u00e7\u00e3o ou gerenciamento da elei\u00e7\u00e3o.<\/strong><\/p>\n\n\n\n<div style=\"height:30px\" aria-hidden=\"true\" class=\"wp-block-spacer\"><\/div>\n\n\n\n<p>Segue abaixo o link para o tutorial de treinamento do sistema SAELE.<\/p>\n\n\n\n<div style=\"height:30px\" aria-hidden=\"true\" class=\"wp-block-spacer\"><\/div>\n\n\n\n<div class=\"wp-block-image is-style-default\"><figure class=\"aligncenter size-large is-resized\"><a href=\"https:\/\/sites.uel.br\/ati\/tutorial\/2021\/06\/15\/cadastro-de-eleicoes-com-o-sistema-saele\/\"><img loading=\"lazy\" decoding=\"async\" src=\"https:\/\/sites.uel.br\/ati\/wp-content\/uploads\/2021\/07\/saele.jpg\" alt=\"\" class=\"wp-image-1885\" width=\"304\" height=\"80\" \/><\/a><\/figure><\/div>\n\n\n\n<div style=\"height:50px\" aria-hidden=\"true\" class=\"wp-block-spacer\"><\/div>\n","protected":false},"excerpt":{"rendered":"<p>Segundo o Regimento Geral da UEL, Art. 239 onde estabelece que \u201cpara todas as elei\u00e7\u00f5es regulares da Universidade, o Reitor, respons\u00e1vel pela convoca\u00e7\u00e3o expedir\u00e1 o respectivo Regimento Eleitoral, sempre em tempo h\u00e1bil, no prazo compreendido entre 60 (sessenta) e 120 (cento e vinte dias) antes do final dos respectivos mandatos\u201d. Desta forma poder\u00e1 ser utilizado [&hellip;]<\/p>\n","protected":false},"author":10,"featured_media":0,"parent":0,"menu_order":0,"comment_status":"closed","ping_status":"closed","template":"","meta":{"_acf_changed":false,"_themeisle_gutenberg_block_has_review":false,"footnotes":""},"class_list":["post-1884","page","type-page","status-publish","hentry"],"acf":[],"_links":{"self":[{"href":"https:\/\/sites.uel.br\/ati\/wp-json\/wp\/v2\/pages\/1884","targetHints":{"allow":["GET"]}}],"collection":[{"href":"https:\/\/sites.uel.br\/ati\/wp-json\/wp\/v2\/pages"}],"about":[{"href":"https:\/\/sites.uel.br\/ati\/wp-json\/wp\/v2\/types\/page"}],"author":[{"embeddable":true,"href":"https:\/\/sites.uel.br\/ati\/wp-json\/wp\/v2\/users\/10"}],"replies":[{"embeddable":true,"href":"https:\/\/sites.uel.br\/ati\/wp-json\/wp\/v2\/comments?post=1884"}],"version-history":[{"count":6,"href":"https:\/\/sites.uel.br\/ati\/wp-json\/wp\/v2\/pages\/1884\/revisions"}],"predecessor-version":[{"id":1891,"href":"https:\/\/sites.uel.br\/ati\/wp-json\/wp\/v2\/pages\/1884\/revisions\/1891"}],"wp:attachment":[{"href":"https:\/\/sites.uel.br\/ati\/wp-json\/wp\/v2\/media?parent=1884"}],"curies":[{"name":"wp","href":"https:\/\/api.w.org\/{rel}","templated":true}]}}