{"id":1622,"date":"2021-07-07T14:31:05","date_gmt":"2021-07-07T17:31:05","guid":{"rendered":"https:\/\/sites.uel.br\/ati\/?page_id=1622"},"modified":"2023-10-24T17:06:13","modified_gmt":"2023-10-24T20:06:13","slug":"informativo-licenciamento-google-workspace","status":"publish","type":"page","link":"https:\/\/sites.uel.br\/ati\/informativo-licenciamento-google-workspace\/","title":{"rendered":"Licenciamento Google Workspace"},"content":{"rendered":"\n<hr class=\"wp-block-separator has-css-opacity is-style-wide\" \/>\n\n\n\n<div style=\"height:30px\" aria-hidden=\"true\" class=\"wp-block-spacer\"><\/div>\n\n\n\n<p><em>Informe divulgado nas listas digitais em 07\/07\/2021<\/em><\/p>\n\n\n\n<div style=\"height:30px\" aria-hidden=\"true\" class=\"wp-block-spacer\"><\/div>\n\n\n<div class=\"wp-block-image is-style-default\">\n<figure class=\"aligncenter size-large\"><img loading=\"lazy\" decoding=\"async\" width=\"796\" height=\"128\" src=\"https:\/\/sites.uel.br\/ati\/wp-content\/uploads\/2021\/07\/logo.jpg\" alt=\"\" class=\"wp-image-1623\" srcset=\"https:\/\/sites.uel.br\/ati\/wp-content\/uploads\/2021\/07\/logo.jpg 796w, https:\/\/sites.uel.br\/ati\/wp-content\/uploads\/2021\/07\/logo-300x48.jpg 300w, https:\/\/sites.uel.br\/ati\/wp-content\/uploads\/2021\/07\/logo-768x123.jpg 768w\" sizes=\"auto, (max-width: 796px) 100vw, 796px\" \/><\/figure>\n<\/div>\n\n\n<div style=\"height:30px\" aria-hidden=\"true\" class=\"wp-block-spacer\"><\/div>\n\n\n\n<p>A partir de 05\/07\/2021 a UEL passa a contar com o licenciamento do <a href=\"https:\/\/edu.google.com\/intl\/pt-BR\/products\/workspace-for-education\/education-plus\/\"><em>Google Workspace for Education Plus<\/em><\/a><em>.<\/em> Com isso, os recursos avan\u00e7ados estar\u00e3o dispon\u00edveis para ensino remoto emergencial pelo per\u00edodo de 1 ano.<\/p>\n\n\n\n<p>Este recurso est\u00e1 dispon\u00edvel a docentes da universidade.<\/p>\n\n\n\n<div style=\"height:30px\" aria-hidden=\"true\" class=\"wp-block-spacer\"><\/div>\n\n\n\n<h4 class=\"wp-block-heading has-verde-escuro-color has-text-color\">O que \u00e9 o <em>Google Workspace<\/em>?<\/h4>\n\n\n\n<p>O <em>Google Workspace for Education<\/em> disponibiliza um pacote de ferramentas baseadas na nuvem para institui\u00e7\u00f5es de ensino. As ferramentas e os servi\u00e7os incluem aplicativos de mensagens e colabora\u00e7\u00e3o, como o <em>Gmail<\/em>, o <em>Google Drive<\/em>, o <em>Google<\/em> Agenda, o Sala de Aula, <em>Meet <\/em>e outros.<\/p>\n\n\n\n<div style=\"height:30px\" aria-hidden=\"true\" class=\"wp-block-spacer\"><\/div>\n\n\n\n<h4 class=\"wp-block-heading has-verde-escuro-color has-text-color\">Como obter a licen\u00e7a?<\/h4>\n\n\n\n<p>As licen\u00e7as j\u00e1 foram atribu\u00eddas a todos docentes efetivos e tempor\u00e1rios por meio da conta @uel.br e, portanto, os servi\u00e7os j\u00e1 est\u00e3o dispon\u00edveis.<\/p>\n\n\n\n<div style=\"height:30px\" aria-hidden=\"true\" class=\"wp-block-spacer\"><\/div>\n\n\n\n<h4 class=\"wp-block-heading has-verde-escuro-color has-text-color\">Como acessar os novos recursos?<\/h4>\n\n\n\n<ol class=\"wp-block-list\">\n<li>Acesse o <em>Google Meet<\/em>  <a href=\"https:\/\/meet.google.com\/\">https:\/\/meet.google.com\/<\/a><\/li>\n\n\n\n<li>Fa\u00e7a login usando e-mail pessoal @uel.br<\/li>\n\n\n\n<li>Crie uma reuni\u00e3o instant\u00e2nea&nbsp;<\/li>\n\n\n\n<li>Acesse o \u00edcone de Atividades <img loading=\"lazy\" decoding=\"async\" width=\"23\" height=\"21\" src=\"https:\/\/lh5.googleusercontent.com\/raiCd8fcbq9HjNUSzLH0U55Dmp-rJxuShrBVUuooKvZWOIuJA0eva4w0617XPTdcqW7_6NpMSeuNBKGFQtki6DB-QxG2a_BIzsjsqqqfYwkitx8ea6pIyRVcSiYMH2HZQH9_EsVN\"><\/li>\n\n\n\n<li>Os recursos avan\u00e7ados de Enquetes, Grava\u00e7\u00e3o e Salas tem\u00e1ticas ser\u00e3o exibidos conforme imagem abaixo.<\/li>\n\n\n\n<li>Caso n\u00e3o esteja dispon\u00edvel, entre em contato com a ATI pelos canais de atendimento abaixo.<\/li>\n<\/ol>\n\n\n\n<div style=\"height:30px\" aria-hidden=\"true\" class=\"wp-block-spacer\"><\/div>\n\n\n<div class=\"wp-block-image is-style-default\">\n<figure class=\"aligncenter size-large\"><img loading=\"lazy\" decoding=\"async\" width=\"397\" height=\"360\" src=\"https:\/\/sites.uel.br\/ati\/wp-content\/uploads\/2021\/07\/im1.jpg\" alt=\"\" class=\"wp-image-1626\" srcset=\"https:\/\/sites.uel.br\/ati\/wp-content\/uploads\/2021\/07\/im1.jpg 397w, https:\/\/sites.uel.br\/ati\/wp-content\/uploads\/2021\/07\/im1-300x272.jpg 300w\" sizes=\"auto, (max-width: 397px) 100vw, 397px\" \/><figcaption class=\"wp-element-caption\">Como acessar os novos recurso do Google Meet<\/figcaption><\/figure>\n<\/div>\n\n\n<div style=\"height:30px\" aria-hidden=\"true\" class=\"wp-block-spacer\"><\/div>\n\n\n\n<h4 class=\"wp-block-heading has-verde-escuro-color has-text-color\">Quais os novos recursos dispon\u00edveis?<\/h4>\n\n\n\n<figure class=\"wp-block-table is-style-regular\"><table><tbody><tr><td class=\"has-text-align-center\" data-align=\"center\"><img loading=\"lazy\" decoding=\"async\" width=\"63\" height=\"55\" class=\"wp-image-1635\" style=\"width: 63px\" src=\"https:\/\/sites.uel.br\/ati\/wp-content\/uploads\/2021\/07\/drive.jpg\" alt=\"\"><br>Google Drive<\/td><td>\u25cf Espa\u00e7o de armazenamento de 100GB<strong> para docentes<\/strong> (450 horas de grava\u00e7\u00e3o)<br>\u25cf Aprova\u00e7\u00e3o de documentos<br><strong>Importante: o espa\u00e7o de armazenamento ser\u00e1 ilimitado at\u00e9 31\/12\/2021. A cota de 100GB ser\u00e1 aplicada ap\u00f3s este per\u00edodo.<\/strong><\/td><\/tr><tr><td class=\"has-text-align-center\" data-align=\"center\"><img loading=\"lazy\" decoding=\"async\" width=\"63\" height=\"53\" class=\"wp-image-1636\" style=\"width: 63px\" src=\"https:\/\/sites.uel.br\/ati\/wp-content\/uploads\/2021\/07\/meet.jpg\" alt=\"\"><br>Google Meet<\/td><td>\u25cf Grava\u00e7\u00e3o das aulas<br>\u25cf Salas com at\u00e9 500 participantes<br>\u25cf Transmiss\u00e3o para at\u00e9 100.000 participantes (exclusivo para @uel.br)<br>\u25cf Salas tem\u00e1ticas<br>\u25cf Enquetes e sess\u00f5es de perguntas e respostas<br>\u25cf Cancelamento de ru\u00eddo<\/td><\/tr><tr><td class=\"has-text-align-center\" data-align=\"center\"><img decoding=\"async\" src=\"https:\/\/sites.uel.br\/ati\/wp-content\/uploads\/2021\/07\/image-1.png\" alt=\"\"><br>Google Classroom<\/td><td>\u25cf Relat\u00f3rios de originalidade ilimitados. Ajudam os professores a verificar poss\u00edvel pl\u00e1gio.<br>Mais informa\u00e7\u00f5es em <a href=\"https:\/\/edu.google.com\/intl\/pt-BR\/products\/originality\/\">https:\/\/edu.google.com\/intl\/pt-BR\/products\/originality\/<\/a><br><\/td><\/tr><tr><td class=\"has-text-align-center\" data-align=\"center\"><img loading=\"lazy\" decoding=\"async\" width=\"63\" height=\"63\" class=\"wp-image-1637\" style=\"width: 63px\" src=\"https:\/\/sites.uel.br\/ati\/wp-content\/uploads\/2021\/07\/google-agenda.jpg\" alt=\"\"><br>Google Agenda<\/td><td>\u25cf Agendamento de web confer\u00eancia no Google Meet com op\u00e7\u00e3o de transmiss\u00e3o<\/td><\/tr><\/tbody><\/table><\/figure>\n\n\n\n<div style=\"height:30px\" aria-hidden=\"true\" class=\"wp-block-spacer\"><\/div>\n\n\n\n<p>Mais detalhes em:<\/p>\n\n\n\n<p><a href=\"https:\/\/edu.google.com\/intl\/pt-BR_ALL\/products\/workspace-for-education\/editions\/\">https:\/\/edu.google.com\/intl\/pt-BR_ALL\/products\/workspace-for-education\/editions\/<\/a><\/p>\n\n\n\n<hr class=\"wp-block-separator has-css-opacity is-style-wide\" \/>\n\n\n\n<div style=\"height:30px\" aria-hidden=\"true\" class=\"wp-block-spacer\"><\/div>\n\n\n\n<p class=\"has-text-align-center\"><strong>Em caso de d\u00favidas, entre em contato com nossos&nbsp;<a href=\"https:\/\/sites.uel.br\/ati\/atendimento\/\">canais de atendimento<\/a><\/strong><\/p>\n\n\n\n<div style=\"height:50px\" aria-hidden=\"true\" class=\"wp-block-spacer\"><\/div>\n","protected":false},"excerpt":{"rendered":"<p>Informe divulgado nas listas digitais em 07\/07\/2021 A partir de 05\/07\/2021 a UEL passa a contar com o licenciamento do Google Workspace for Education Plus. Com isso, os recursos avan\u00e7ados estar\u00e3o dispon\u00edveis para ensino remoto emergencial pelo per\u00edodo de 1 ano. Este recurso est\u00e1 dispon\u00edvel a docentes da universidade. O que \u00e9 o Google Workspace? [&hellip;]<\/p>\n","protected":false},"author":10,"featured_media":0,"parent":0,"menu_order":0,"comment_status":"closed","ping_status":"closed","template":"","meta":{"_acf_changed":false,"_themeisle_gutenberg_block_has_review":false,"footnotes":""},"class_list":["post-1622","page","type-page","status-publish","hentry"],"acf":[],"_links":{"self":[{"href":"https:\/\/sites.uel.br\/ati\/wp-json\/wp\/v2\/pages\/1622","targetHints":{"allow":["GET"]}}],"collection":[{"href":"https:\/\/sites.uel.br\/ati\/wp-json\/wp\/v2\/pages"}],"about":[{"href":"https:\/\/sites.uel.br\/ati\/wp-json\/wp\/v2\/types\/page"}],"author":[{"embeddable":true,"href":"https:\/\/sites.uel.br\/ati\/wp-json\/wp\/v2\/users\/10"}],"replies":[{"embeddable":true,"href":"https:\/\/sites.uel.br\/ati\/wp-json\/wp\/v2\/comments?post=1622"}],"version-history":[{"count":21,"href":"https:\/\/sites.uel.br\/ati\/wp-json\/wp\/v2\/pages\/1622\/revisions"}],"predecessor-version":[{"id":3205,"href":"https:\/\/sites.uel.br\/ati\/wp-json\/wp\/v2\/pages\/1622\/revisions\/3205"}],"wp:attachment":[{"href":"https:\/\/sites.uel.br\/ati\/wp-json\/wp\/v2\/media?parent=1622"}],"curies":[{"name":"wp","href":"https:\/\/api.w.org\/{rel}","templated":true}]}}