{"id":1532,"date":"2021-07-02T15:25:42","date_gmt":"2021-07-02T18:25:42","guid":{"rendered":"https:\/\/sites.uel.br\/ati\/?page_id=1532"},"modified":"2021-07-06T10:38:45","modified_gmt":"2021-07-06T13:38:45","slug":"regulamentacao-de-servicos","status":"publish","type":"page","link":"https:\/\/sites.uel.br\/ati\/regulamentacao-de-servicos\/","title":{"rendered":"Regulamenta\u00e7\u00e3o"},"content":{"rendered":"\n<hr class=\"wp-block-separator is-style-wide\" \/>\n\n\n\n<div style=\"height:30px\" aria-hidden=\"true\" class=\"wp-block-spacer\"><\/div>\n\n\n\n<h4 class=\"wp-block-heading\">Regulamenta\u00e7\u00e3o de utiliza\u00e7\u00e3o de Servi\u00e7os Digitais<\/h4>\n\n\n\n<div style=\"height:30px\" aria-hidden=\"true\" class=\"wp-block-spacer\"><\/div>\n\n\n\n<p>Os servi\u00e7os de TI prestados pela Assessoria de Tecnologia de Informa\u00e7\u00e3o da Universidade Estadual de Londrina, s\u00e3o destinados \u00e0 Comunidade Universit\u00e1ria com o objetivo de fornecer acesso \u00e0 internet para apoiar as atividades acad\u00eamicas e administrativas relacionadas ao Ensino, Pesquisa e Extens\u00e3o desenvolvidos na UEL.<\/p>\n\n\n\n<p>A utiliza\u00e7\u00e3o da rede UEL, cabeada ou sem fio, \u00e9 permitida somente para servidores, estudantes ou pessoas que tenham v\u00ednculo formal com as atividades desenvolvidas na Universidade Estadual de Londrina.<\/p>\n\n\n\n<p>Para utilizar a rede UEL (navegar na Internet, realizar login no dom\u00ednio de rede, enviar e receber e-mail), cada usu\u00e1rio dever\u00e1 ser autenticado, por meio de uma identifica\u00e7\u00e3o (login) e senha, que s\u00e3o pessoais e intransfer\u00edveis, sendo vedado, o compartilhamento com terceiros.<\/p>\n\n\n\n<p>Os servidores da UEL (docentes e funcion\u00e1rios) utilizar\u00e3o para autentica\u00e7\u00e3o o login e senha do e-mail e os estudantes dever\u00e3o utilizar n\u00famero de matr\u00edcula ou login de e-mail e senha do portal do estudante.<\/p>\n\n\n\n<p>Para utilizar a rede UEL e seus servi\u00e7os, todos os usu\u00e1rios devem expressar a sua concord\u00e2ncia e respeitar as normas descritas nas Instru\u00e7\u00f5es e Atos Executivos listados abaixo.<\/p>\n\n\n\n<div style=\"height:30px\" aria-hidden=\"true\" class=\"wp-block-spacer\"><\/div>\n\n\n\n<ul class=\"wp-block-list\"><li><strong><a rel=\"noreferrer noopener\" href=\"https:\/\/sites.uel.br\/ati\/normas-de-utilizacao-dos-servicos-de-ti-uel\/\" target=\"_blank\">&nbsp;Normas de Utiliza\u00e7\u00e3o em Servi\u00e7os Digitais UEL&nbsp;<\/a><\/strong><\/li><\/ul>\n\n\n\n<ul class=\"wp-block-list\"><li><strong><a rel=\"noreferrer noopener\" href=\"https:\/\/sites.uel.br\/ati\/quem-pode-utilizar-os-servicos-digitais-uel\/\" target=\"_blank\">&nbsp;Quem pode utilizar os Servi\u00e7os Digitais UEL<\/a><\/strong><\/li><\/ul>\n\n\n\n<div style=\"height:50px\" aria-hidden=\"true\" class=\"wp-block-spacer\"><\/div>\n\n\n\n<p><\/p>\n","protected":false},"excerpt":{"rendered":"<p>Regulamenta\u00e7\u00e3o de utiliza\u00e7\u00e3o de Servi\u00e7os Digitais Os servi\u00e7os de TI prestados pela Assessoria de Tecnologia de Informa\u00e7\u00e3o da Universidade Estadual de Londrina, s\u00e3o destinados \u00e0 Comunidade Universit\u00e1ria com o objetivo de fornecer acesso \u00e0 internet para apoiar as atividades acad\u00eamicas e administrativas relacionadas ao Ensino, Pesquisa e Extens\u00e3o desenvolvidos na UEL. A utiliza\u00e7\u00e3o da rede [&hellip;]<\/p>\n","protected":false},"author":10,"featured_media":0,"parent":0,"menu_order":0,"comment_status":"closed","ping_status":"closed","template":"","meta":{"_acf_changed":false,"_themeisle_gutenberg_block_has_review":false,"footnotes":""},"class_list":["post-1532","page","type-page","status-publish","hentry"],"acf":[],"_links":{"self":[{"href":"https:\/\/sites.uel.br\/ati\/wp-json\/wp\/v2\/pages\/1532","targetHints":{"allow":["GET"]}}],"collection":[{"href":"https:\/\/sites.uel.br\/ati\/wp-json\/wp\/v2\/pages"}],"about":[{"href":"https:\/\/sites.uel.br\/ati\/wp-json\/wp\/v2\/types\/page"}],"author":[{"embeddable":true,"href":"https:\/\/sites.uel.br\/ati\/wp-json\/wp\/v2\/users\/10"}],"replies":[{"embeddable":true,"href":"https:\/\/sites.uel.br\/ati\/wp-json\/wp\/v2\/comments?post=1532"}],"version-history":[{"count":6,"href":"https:\/\/sites.uel.br\/ati\/wp-json\/wp\/v2\/pages\/1532\/revisions"}],"predecessor-version":[{"id":1593,"href":"https:\/\/sites.uel.br\/ati\/wp-json\/wp\/v2\/pages\/1532\/revisions\/1593"}],"wp:attachment":[{"href":"https:\/\/sites.uel.br\/ati\/wp-json\/wp\/v2\/media?parent=1532"}],"curies":[{"name":"wp","href":"https:\/\/api.w.org\/{rel}","templated":true}]}}