{"id":1526,"date":"2021-07-02T15:20:19","date_gmt":"2021-07-02T18:20:19","guid":{"rendered":"https:\/\/sites.uel.br\/ati\/?page_id=1526"},"modified":"2022-11-16T08:22:03","modified_gmt":"2022-11-16T11:22:03","slug":"informativos","status":"publish","type":"page","link":"https:\/\/sites.uel.br\/ati\/informativos\/","title":{"rendered":"Informativos"},"content":{"rendered":"\n<hr class=\"wp-block-separator has-css-opacity is-style-wide\" \/>\n\n\n\n<div style=\"height:30px\" aria-hidden=\"true\" class=\"wp-block-spacer\"><\/div>\n\n\n\n<ul class=\"wp-block-list\">\n<li><a href=\"https:\/\/sites.uel.br\/ati\/boas-praticas-do-uso-plataforma-google-meet\/\">Boas pr\u00e1ticas do uso da Plataforma <em>Google Meet<\/em><\/a><\/li>\n<\/ul>\n\n\n\n<ul class=\"wp-block-list\">\n<li><a href=\"https:\/\/sites.uel.br\/ati\/esclarecimento-sobre-software-nao-genuino\/\">Esclarecimento sobre <em>software<\/em> n\u00e3o genu\u00edno<\/a><\/li>\n<\/ul>\n\n\n\n<ul class=\"wp-block-list\">\n<li><a href=\"https:\/\/sites.uel.br\/ati\/orientacoes-sobre-uso-de-software-legalizado\/\">Orienta\u00e7\u00f5es sobre o uso de<em> software<\/em> legalizado<\/a><\/li>\n<\/ul>\n\n\n\n<ul class=\"wp-block-list\">\n<li><a href=\"https:\/\/sites.uel.br\/ati\/procedimento-ao-receber-e-mails-suspeitos\/\">Procedimentos ao receber e-mails suspeitos<\/a><\/li>\n<\/ul>\n\n\n\n<ul class=\"wp-block-list\">\n<li><a href=\"https:\/\/sites.uel.br\/ati\/informativo-licenciamento-google-workspace\/\">Licenciamento <em>Google Workspace<\/em><\/a><\/li>\n<\/ul>\n\n\n\n<ul class=\"wp-block-list\">\n<li><a href=\"https:\/\/sites.uel.br\/ati\/ati-no-virtuel-2021\/\">ATI no Virtuel 2021<\/a><\/li>\n<\/ul>\n\n\n\n<ul class=\"wp-block-list\">\n<li><a href=\"https:\/\/sites.uel.br\/ati\/criacao-de-curso-no-moodle-pauta-eletronica-graduacao\/\">Cria\u00e7\u00e3o de curso no <em>Moodle<\/em> e no <em>Google Classroom<\/em> pela Pauta Eletr\u00f4nica de Gradua\u00e7\u00e3o<\/a><\/li>\n<\/ul>\n\n\n\n<ul class=\"wp-block-list\">\n<li><a href=\"https:\/\/sites.uel.br\/ati\/instrucoes-de-pagamento-pix\/\">Instru\u00e7\u00f5es de pagamento PIX\/Guia de Arrecada\u00e7\u00e3o<\/a><\/li>\n<\/ul>\n\n\n\n<ul class=\"wp-block-list\">\n<li><a href=\"https:\/\/sites.uel.br\/ati\/novos-recursos-google-workspace\/\">Novos recursos <em>Google Workspace<\/em><\/a><\/li>\n<\/ul>\n\n\n\n<ul class=\"wp-block-list\">\n<li><a href=\"https:\/\/sites.uel.br\/ati\/informativos\/2022\/11\/16\/alteracao-sistema-uel-portais-sistemasweb\/\">Altera\u00e7\u00e3o no acesso ao Sistema UEL, Portais e Sistemas na Web<\/a><\/li>\n<\/ul>\n\n\n\n<div style=\"height:50px\" aria-hidden=\"true\" class=\"wp-block-spacer\"><\/div>\n\n\n\n<p><\/p>\n","protected":false},"excerpt":{"rendered":"","protected":false},"author":10,"featured_media":0,"parent":0,"menu_order":0,"comment_status":"closed","ping_status":"closed","template":"","meta":{"_acf_changed":false,"_themeisle_gutenberg_block_has_review":false,"footnotes":""},"class_list":["post-1526","page","type-page","status-publish","hentry"],"acf":[],"_links":{"self":[{"href":"https:\/\/sites.uel.br\/ati\/wp-json\/wp\/v2\/pages\/1526","targetHints":{"allow":["GET"]}}],"collection":[{"href":"https:\/\/sites.uel.br\/ati\/wp-json\/wp\/v2\/pages"}],"about":[{"href":"https:\/\/sites.uel.br\/ati\/wp-json\/wp\/v2\/types\/page"}],"author":[{"embeddable":true,"href":"https:\/\/sites.uel.br\/ati\/wp-json\/wp\/v2\/users\/10"}],"replies":[{"embeddable":true,"href":"https:\/\/sites.uel.br\/ati\/wp-json\/wp\/v2\/comments?post=1526"}],"version-history":[{"count":19,"href":"https:\/\/sites.uel.br\/ati\/wp-json\/wp\/v2\/pages\/1526\/revisions"}],"predecessor-version":[{"id":2764,"href":"https:\/\/sites.uel.br\/ati\/wp-json\/wp\/v2\/pages\/1526\/revisions\/2764"}],"wp:attachment":[{"href":"https:\/\/sites.uel.br\/ati\/wp-json\/wp\/v2\/media?parent=1526"}],"curies":[{"name":"wp","href":"https:\/\/api.w.org\/{rel}","templated":true}]}}