{"id":1219,"date":"2021-06-21T13:02:46","date_gmt":"2021-06-21T16:02:46","guid":{"rendered":"https:\/\/sites.uel.br\/ati\/?page_id=1219"},"modified":"2021-06-25T16:15:37","modified_gmt":"2021-06-25T19:15:37","slug":"sistema-de-inventario-patrimonial-uel-mobile","status":"publish","type":"page","link":"https:\/\/sites.uel.br\/ati\/sistema-de-inventario-patrimonial-uel-mobile\/","title":{"rendered":"Sistema de Invent\u00e1rio Patrimonial &#8211; UEL Mobile"},"content":{"rendered":"\n<hr class=\"wp-block-separator is-style-wide\" \/>\n\n\n\n<div style=\"height:30px\" aria-hidden=\"true\" class=\"wp-block-spacer\"><\/div>\n\n\n\n<p>O Sistema de Invent\u00e1rio Patrimonial \u00e9 o sistema dispon\u00edvel para a administra\u00e7\u00e3o realizar o invent\u00e1rio dos itens com patrim\u00f4nio da UEL, sendo poss\u00edvel realizar o escaneamento dos c\u00f3digos de barras dos equipamentos utilizando um dispositivo m\u00f3vel.<\/p>\n\n\n\n<p>Baixe o aplicativo do sistema de Invent\u00e1rio Patrimonial no Google Play Store clicando no bot\u00e3o abaixo ou realizando a leitura do QR code<\/p>\n\n\n\n<div style=\"height:30px\" aria-hidden=\"true\" class=\"wp-block-spacer\"><\/div>\n\n\n\n<div class=\"wp-block-buttons is-content-justification-center is-layout-flex wp-block-buttons-is-layout-flex\">\n<div class=\"wp-block-button is-style-outline is-style-outline--1\"><a class=\"wp-block-button__link has-verde-escuro-background-color has-text-color has-background\" href=\"http:\/\/bit.ly\/patrimonio01\" style=\"color:#f6f9fa\" target=\"_blank\" rel=\"noreferrer noopener\">Sistema de Invent\u00e1rio Patrimonial<\/a><\/div>\n<\/div>\n\n\n\n<div style=\"height:30px\" aria-hidden=\"true\" class=\"wp-block-spacer\"><\/div>\n\n\n\n<div class=\"wp-block-image is-style-default\"><figure class=\"aligncenter size-large is-resized\"><img loading=\"lazy\" decoding=\"async\" src=\"https:\/\/sites.uel.br\/ati\/wp-content\/uploads\/2021\/06\/QRCodePatrimonio01e-1.png\" alt=\"\" class=\"wp-image-1220\" width=\"255\" height=\"256\" srcset=\"https:\/\/sites.uel.br\/ati\/wp-content\/uploads\/2021\/06\/QRCodePatrimonio01e-1.png 300w, https:\/\/sites.uel.br\/ati\/wp-content\/uploads\/2021\/06\/QRCodePatrimonio01e-1-150x150.png 150w\" sizes=\"auto, (max-width: 255px) 100vw, 255px\" \/><\/figure><\/div>\n\n\n\n<div style=\"height:30px\" aria-hidden=\"true\" class=\"wp-block-spacer\"><\/div>\n\n\n\n<figure class=\"wp-block-table is-style-stripes\"><table><tbody><tr><td class=\"has-text-align-center\" data-align=\"center\"><strong>Tutorial em v\u00eddeo <\/strong><\/td><td class=\"has-text-align-center\" data-align=\"center\"><strong>Tutorial impresso<\/strong><\/td><\/tr><\/tbody><\/table><\/figure>\n\n\n\n<div class=\"wp-block-themeisle-blocks-advanced-columns has-2-columns has-desktop-equal-layout has-tablet-equal-layout has-mobile-collapsedRows-layout has-default-gap has-vertical-unset\" id=\"wp-block-themeisle-blocks-advanced-columns-3c69c6fe\"><div class=\"wp-block-themeisle-blocks-advanced-columns-overlay\"><\/div><div class=\"innerblocks-wrap\">\n<div class=\"wp-block-themeisle-blocks-advanced-column\" id=\"wp-block-themeisle-blocks-advanced-column-78364921\">\n<figure class=\"wp-block-image size-large is-style-default\"><a href=\"https:\/\/www.youtube.com\/playlist?list=PLUb9Ga6aPsKsIZQz44oretlkAqHkkASp-\"><img loading=\"lazy\" decoding=\"async\" width=\"550\" height=\"250\" src=\"https:\/\/sites.uel.br\/ati\/wp-content\/uploads\/2021\/06\/TutorialUel-1.png\" alt=\"\" class=\"wp-image-1215\" srcset=\"https:\/\/sites.uel.br\/ati\/wp-content\/uploads\/2021\/06\/TutorialUel-1.png 550w, https:\/\/sites.uel.br\/ati\/wp-content\/uploads\/2021\/06\/TutorialUel-1-300x136.png 300w\" sizes=\"auto, (max-width: 550px) 100vw, 550px\" \/><\/a><\/figure>\n<\/div>\n\n\n\n<div class=\"wp-block-themeisle-blocks-advanced-column\" id=\"wp-block-themeisle-blocks-advanced-column-635d14d5\">\n<div class=\"wp-block-image is-style-default\"><figure class=\"aligncenter size-large is-resized\"><a href=\"http:\/\/bit.ly\/tutorialInventario\"><img loading=\"lazy\" decoding=\"async\" src=\"https:\/\/sites.uel.br\/ati\/wp-content\/uploads\/2021\/06\/CapaTutorial-1-744x1024.png\" alt=\"\" class=\"wp-image-1221\" width=\"190\" height=\"260\" srcset=\"https:\/\/sites.uel.br\/ati\/wp-content\/uploads\/2021\/06\/CapaTutorial-1-218x300.png 218w, https:\/\/sites.uel.br\/ati\/wp-content\/uploads\/2021\/06\/CapaTutorial-1-768x1057.png 768w\" sizes=\"auto, (max-width: 190px) 100vw, 190px\" \/><\/a><\/figure><\/div>\n<\/div>\n<\/div><\/div>\n\n\n\n<hr class=\"wp-block-separator is-style-wide\" \/>\n\n\n\n<div style=\"height:30px\" aria-hidden=\"true\" class=\"wp-block-spacer\"><\/div>\n\n\n\n<figure class=\"wp-block-table is-style-stripes\"><table><tbody><tr><td class=\"has-text-align-center\" data-align=\"center\"><strong>Apresenta\u00e7\u00e3o do Sistema<\/strong><\/td><\/tr><\/tbody><\/table><\/figure>\n\n\n\n<div class=\"wp-block-columns is-layout-flex wp-container-core-columns-is-layout-9d6595d7 wp-block-columns-is-layout-flex\">\n<div class=\"wp-block-column is-layout-flow wp-block-column-is-layout-flow\">\n<figure class=\"wp-block-embed is-type-video is-provider-youtube wp-block-embed-youtube wp-embed-aspect-4-3 wp-has-aspect-ratio\"><div class=\"wp-block-embed__wrapper\">\n<iframe loading=\"lazy\" title=\"Tutorial UEL Mobile - Invent\u00e1rio Patrimonial\" width=\"500\" height=\"375\" src=\"https:\/\/www.youtube.com\/embed\/psee3EXu4hI?feature=oembed\" frameborder=\"0\" allow=\"accelerometer; autoplay; clipboard-write; encrypted-media; gyroscope; picture-in-picture; web-share\" referrerpolicy=\"strict-origin-when-cross-origin\" allowfullscreen><\/iframe>\n<\/div><\/figure>\n<\/div>\n\n\n\n<div class=\"wp-block-column is-layout-flow wp-block-column-is-layout-flow\">\n<figure class=\"wp-block-image size-large is-resized is-style-default\"><a href=\"https:\/\/drive.google.com\/open?id=1CuwZrBEMoBYaiB9qbZdNHexPyJL_ELtU\"><img decoding=\"async\" src=\"https:\/\/sites.uel.br\/ati\/wp-content\/uploads\/2021\/06\/Slide1-1024x576.png\" alt=\"\" class=\"wp-image-1224\" height=\"200\" srcset=\"https:\/\/sites.uel.br\/ati\/wp-content\/uploads\/2021\/06\/Slide1-1024x576.png 1024w, https:\/\/sites.uel.br\/ati\/wp-content\/uploads\/2021\/06\/Slide1-300x169.png 300w, https:\/\/sites.uel.br\/ati\/wp-content\/uploads\/2021\/06\/Slide1-768x432.png 768w, https:\/\/sites.uel.br\/ati\/wp-content\/uploads\/2021\/06\/Slide1.png 1280w\" sizes=\"(max-width: 1024px) 100vw, 1024px\" \/><\/a><\/figure>\n<\/div>\n<\/div>\n\n\n\n<hr class=\"wp-block-separator is-style-dots\" \/>\n\n\n\n<div style=\"height:50px\" aria-hidden=\"true\" class=\"wp-block-spacer\"><\/div>\n\n\n\n<div style=\"height:30px\" aria-hidden=\"true\" class=\"wp-block-spacer\"><\/div>\n\n\n\n<figure class=\"wp-block-table is-style-stripes\"><table><tbody><tr><td class=\"has-text-align-center\" data-align=\"center\"><strong>Avaliar estado do bem patrimonial<\/strong><\/td><\/tr><\/tbody><\/table><\/figure>\n\n\n\n<div class=\"wp-block-columns is-layout-flex wp-container-core-columns-is-layout-9d6595d7 wp-block-columns-is-layout-flex\">\n<div class=\"wp-block-column is-layout-flow wp-block-column-is-layout-flow\">\n<figure class=\"wp-block-embed is-type-video is-provider-youtube wp-block-embed-youtube wp-embed-aspect-4-3 wp-has-aspect-ratio\"><div class=\"wp-block-embed__wrapper\">\n<iframe loading=\"lazy\" title=\"Avaliar Estado do Bem - UEL Mobile - Invent\u00e1rio Patrimonial\" width=\"500\" height=\"375\" src=\"https:\/\/www.youtube.com\/embed\/uZK1KSuM55U?feature=oembed\" frameborder=\"0\" allow=\"accelerometer; autoplay; clipboard-write; encrypted-media; gyroscope; picture-in-picture; web-share\" referrerpolicy=\"strict-origin-when-cross-origin\" allowfullscreen><\/iframe>\n<\/div><\/figure>\n<\/div>\n\n\n\n<div class=\"wp-block-column is-layout-flow wp-block-column-is-layout-flow\">\n<figure class=\"wp-block-image size-large is-resized is-style-default\"><img decoding=\"async\" src=\"https:\/\/sites.uel.br\/ati\/wp-content\/uploads\/2021\/06\/Slide1-1024x576.png\" alt=\"\" class=\"wp-image-1224\" height=\"200\" srcset=\"https:\/\/sites.uel.br\/ati\/wp-content\/uploads\/2021\/06\/Slide1-1024x576.png 1024w, https:\/\/sites.uel.br\/ati\/wp-content\/uploads\/2021\/06\/Slide1-300x169.png 300w, https:\/\/sites.uel.br\/ati\/wp-content\/uploads\/2021\/06\/Slide1-768x432.png 768w, https:\/\/sites.uel.br\/ati\/wp-content\/uploads\/2021\/06\/Slide1.png 1280w\" sizes=\"(max-width: 1024px) 100vw, 1024px\" \/><\/figure>\n<\/div>\n<\/div>\n\n\n\n<hr class=\"wp-block-separator is-style-dots\" \/>\n\n\n\n<div style=\"height:50px\" aria-hidden=\"true\" class=\"wp-block-spacer\"><\/div>\n\n\n\n<figure class=\"wp-block-table is-style-stripes\"><table><tbody><tr><td class=\"has-text-align-center\" data-align=\"center\"><strong>Destino do bem patrimonial<\/strong><\/td><\/tr><\/tbody><\/table><\/figure>\n\n\n\n<div class=\"wp-block-columns is-layout-flex wp-container-core-columns-is-layout-9d6595d7 wp-block-columns-is-layout-flex\">\n<div class=\"wp-block-column is-layout-flow wp-block-column-is-layout-flow\">\n<figure class=\"wp-block-embed is-type-video is-provider-youtube wp-block-embed-youtube wp-embed-aspect-4-3 wp-has-aspect-ratio\"><div class=\"wp-block-embed__wrapper\">\n<iframe loading=\"lazy\" title=\"Destino do Bem - UEL Mobile - Invent\u00e1rio Patrimonial\" width=\"500\" height=\"375\" src=\"https:\/\/www.youtube.com\/embed\/8NtJKPBkfz0?feature=oembed\" frameborder=\"0\" allow=\"accelerometer; autoplay; clipboard-write; encrypted-media; gyroscope; picture-in-picture; web-share\" referrerpolicy=\"strict-origin-when-cross-origin\" allowfullscreen><\/iframe>\n<\/div><\/figure>\n<\/div>\n\n\n\n<div class=\"wp-block-column is-layout-flow wp-block-column-is-layout-flow\">\n<figure class=\"wp-block-image size-large is-resized is-style-default\"><a href=\"https:\/\/drive.google.com\/open?id=1cVfF7a1JqyNHbo3du9fmiU339BY4CMUG\"><img decoding=\"async\" src=\"https:\/\/sites.uel.br\/ati\/wp-content\/uploads\/2021\/06\/Slide1-1024x576.png\" alt=\"\" class=\"wp-image-1224\" height=\"200\" srcset=\"https:\/\/sites.uel.br\/ati\/wp-content\/uploads\/2021\/06\/Slide1-1024x576.png 1024w, https:\/\/sites.uel.br\/ati\/wp-content\/uploads\/2021\/06\/Slide1-300x169.png 300w, https:\/\/sites.uel.br\/ati\/wp-content\/uploads\/2021\/06\/Slide1-768x432.png 768w, https:\/\/sites.uel.br\/ati\/wp-content\/uploads\/2021\/06\/Slide1.png 1280w\" sizes=\"(max-width: 1024px) 100vw, 1024px\" \/><\/a><\/figure>\n<\/div>\n<\/div>\n\n\n\n<hr class=\"wp-block-separator is-style-dots\" \/>\n\n\n\n<div style=\"height:50px\" aria-hidden=\"true\" class=\"wp-block-spacer\"><\/div>\n\n\n\n<figure class=\"wp-block-table is-style-stripes\"><table><tbody><tr><td class=\"has-text-align-center\" data-align=\"center\"><strong>Perguntas e Respostas<\/strong><\/td><\/tr><\/tbody><\/table><\/figure>\n\n\n\n<div class=\"wp-block-columns is-layout-flex wp-container-core-columns-is-layout-9d6595d7 wp-block-columns-is-layout-flex\">\n<div class=\"wp-block-column is-layout-flow wp-block-column-is-layout-flow\">\n<figure class=\"wp-block-embed is-type-video is-provider-youtube wp-block-embed-youtube wp-embed-aspect-4-3 wp-has-aspect-ratio\"><div class=\"wp-block-embed__wrapper\">\n<iframe loading=\"lazy\" title=\"Perguntas &amp; Respostas - Invent\u00e1rio Patrimonial\" width=\"500\" height=\"375\" src=\"https:\/\/www.youtube.com\/embed\/RKnMUZ-OrjQ?feature=oembed\" frameborder=\"0\" allow=\"accelerometer; autoplay; clipboard-write; encrypted-media; gyroscope; picture-in-picture; web-share\" referrerpolicy=\"strict-origin-when-cross-origin\" allowfullscreen><\/iframe>\n<\/div><\/figure>\n<\/div>\n\n\n\n<div class=\"wp-block-column is-layout-flow wp-block-column-is-layout-flow\">\n<figure class=\"wp-block-image size-large is-style-default\"><a href=\"https:\/\/drive.google.com\/open?id=1gIUkzO0H62Bp0XtfaptScoS0u3pJfOJO\"><img loading=\"lazy\" decoding=\"async\" width=\"1024\" height=\"576\" src=\"https:\/\/sites.uel.br\/ati\/wp-content\/uploads\/2021\/06\/Slide1p-1024x576.png\" alt=\"\" class=\"wp-image-1229\" srcset=\"https:\/\/sites.uel.br\/ati\/wp-content\/uploads\/2021\/06\/Slide1p-1024x576.png 1024w, https:\/\/sites.uel.br\/ati\/wp-content\/uploads\/2021\/06\/Slide1p-300x169.png 300w, https:\/\/sites.uel.br\/ati\/wp-content\/uploads\/2021\/06\/Slide1p-768x432.png 768w, https:\/\/sites.uel.br\/ati\/wp-content\/uploads\/2021\/06\/Slide1p.png 1280w\" sizes=\"auto, (max-width: 1024px) 100vw, 1024px\" \/><\/a><\/figure>\n<\/div>\n<\/div>\n\n\n\n<div style=\"height:100px\" aria-hidden=\"true\" class=\"wp-block-spacer\"><\/div>\n\n\n\n<p><\/p>\n","protected":false},"excerpt":{"rendered":"<p>O Sistema de Invent\u00e1rio Patrimonial \u00e9 o sistema dispon\u00edvel para a administra\u00e7\u00e3o realizar o invent\u00e1rio dos itens com patrim\u00f4nio da UEL, sendo poss\u00edvel realizar o escaneamento dos c\u00f3digos de barras dos equipamentos utilizando um dispositivo m\u00f3vel. Baixe o aplicativo do sistema de Invent\u00e1rio Patrimonial no Google Play Store clicando no bot\u00e3o abaixo ou realizando a [&hellip;]<\/p>\n","protected":false},"author":10,"featured_media":0,"parent":0,"menu_order":0,"comment_status":"closed","ping_status":"closed","template":"","meta":{"_acf_changed":false,"_themeisle_gutenberg_block_has_review":false,"footnotes":""},"class_list":["post-1219","page","type-page","status-publish","hentry"],"acf":[],"_links":{"self":[{"href":"https:\/\/sites.uel.br\/ati\/wp-json\/wp\/v2\/pages\/1219","targetHints":{"allow":["GET"]}}],"collection":[{"href":"https:\/\/sites.uel.br\/ati\/wp-json\/wp\/v2\/pages"}],"about":[{"href":"https:\/\/sites.uel.br\/ati\/wp-json\/wp\/v2\/types\/page"}],"author":[{"embeddable":true,"href":"https:\/\/sites.uel.br\/ati\/wp-json\/wp\/v2\/users\/10"}],"replies":[{"embeddable":true,"href":"https:\/\/sites.uel.br\/ati\/wp-json\/wp\/v2\/comments?post=1219"}],"version-history":[{"count":13,"href":"https:\/\/sites.uel.br\/ati\/wp-json\/wp\/v2\/pages\/1219\/revisions"}],"predecessor-version":[{"id":1498,"href":"https:\/\/sites.uel.br\/ati\/wp-json\/wp\/v2\/pages\/1219\/revisions\/1498"}],"wp:attachment":[{"href":"https:\/\/sites.uel.br\/ati\/wp-json\/wp\/v2\/media?parent=1219"}],"curies":[{"name":"wp","href":"https:\/\/api.w.org\/{rel}","templated":true}]}}