{"id":12,"date":"2021-04-16T14:10:49","date_gmt":"2021-04-16T17:10:49","guid":{"rendered":"https:\/\/sites.uel.br\/ati\/?page_id=12"},"modified":"2023-01-31T14:21:23","modified_gmt":"2023-01-31T17:21:23","slug":"apresentacao","status":"publish","type":"page","link":"https:\/\/sites.uel.br\/ati\/apresentacao\/","title":{"rendered":"Apresenta\u00e7\u00e3o"},"content":{"rendered":"\n<hr class=\"wp-block-separator is-style-wide\" \/>\n\n\n\n<div style=\"height:30px\" aria-hidden=\"true\" class=\"wp-block-spacer\"><\/div>\n\n\n\n<p>Aprovado em 18 de maio de 1972 o Setor de Computa\u00e7\u00e3o da Universidade Estadual de Londrina (UEL) pelo Ato Executivo n\u00ba 171. Este setor veio atender as necessidades acad\u00eamicas e administrativas desta Institui\u00e7\u00e3o relacionadas \u00e0 Inform\u00e1tica.\u00a0<br><br>O Conselho Universit\u00e1rio em 12 de agosto de 1972 aprovou a resolu\u00e7\u00e3o de n\u00ba 112, na qual inclui a Emenda do Estatuto Geral da UEL, designando este setor como \u00d3rg\u00e3o Suplementar\u00a0 vinculado ao Centro de Ci\u00eancias Exatas (CCE).\u00a0<br><br>No final do ano de 1985, o Conselho Administrativo aprova a nova Estrutura Administrativa do Setor de Computa\u00e7\u00e3o, passando-se a atender pelo nome de\u00a0 N\u00facleo de Processamento de Dados (NPD)\u00a0 sob a resolu\u00e7\u00e3o n\u00ba 984.\u00a0<br><br>No dia 22 de Janeiro de 2004 foi homologado o novo Estatuto e Regimento Geral da UEL, onde o N\u00facleo de Processamento de Dados passou a ser um \u00d3rg\u00e3o de Apoio, atendendo pelo nome de Assessoria de Tecnologia de Informa\u00e7\u00e3o (ATI).\u00a0<\/p>\n\n\n\n<p>A Assessoria de Tecnologia de Informa\u00e7\u00e3o da Universidade Estadual de Londrina \u00e9 \u00f3rg\u00e3o vinculado \u00e0 Reitoria e respons\u00e1vel pelo planejamento, desenvolvimento, suporte e opera\u00e7\u00e3o dos sistemas de tecnologia de comunica\u00e7\u00e3o e informa\u00e7\u00e3o.<\/p>\n\n\n\n<p> Atua de forma sist\u00eamica e integrada no gerenciamento de informa\u00e7\u00f5es sobre os processos de cada \u00f3rg\u00e3o e pr\u00f3-reitorias, auxiliando a administra\u00e7\u00e3o na tomada de decis\u00f5es, questionando, propondo solu\u00e7\u00f5es em comunica\u00e7\u00e3o e tecnologia da informa\u00e7\u00e3o e as implementam com o objetivo de buscar a efici\u00eancia, a economicidade e a melhoria cont\u00ednua dos processos institucionais.<\/p>\n\n\n\n<div style=\"height:50px\" aria-hidden=\"true\" class=\"wp-block-spacer\"><\/div>\n\n\n\n<p><a href=\"https:\/\/sites.uel.br\/ati\/estrutura-e-equipe\/\">Estrutura e equipe<\/a><\/p>\n\n\n\n<p><a href=\"https:\/\/sites.uel.br\/ati\/galeria-de-diretores\/\">Galeria de diretores<\/a><\/p>\n\n\n\n<p><a href=\"https:\/\/sites.uel.br\/ati\/nossos-servicos\/\">Nossos servi\u00e7os<\/a><\/p>\n\n\n\n<p><a href=\"https:\/\/sites.uel.br\/ati\/regulamentacao-de-servicos\/\">Regulamenta\u00e7\u00e3o<\/a><\/p>\n\n\n\n<div style=\"height:50px\" aria-hidden=\"true\" class=\"wp-block-spacer\"><\/div>\n\n\n<div style=\"height:400px\" class=\"wp-block-themeisle-blocks-google-map\" id=\"wp-block-themeisle-blocks-google-map-14428b43\"><\/div>\n<script type=\"text\/javascript\">\n\t\/* <![CDATA[ *\/\n\t\tif ( ! window.themeisleGoogleMaps ) window.themeisleGoogleMaps =[];\n\t\twindow.themeisleGoogleMaps.push( { container: \"wp-block-themeisle-blocks-google-map-14428b43\", attributes: {\"id\":\"wp-block-themeisle-blocks-google-map-14428b43\",\"latitude\":\"-23.327128712090435\",\"longitude\":\"-51.194999583358474\",\"type\":\"hybrid\",\"zoom\":18,\"markers\":[{\"id\":\"8cb90b49-3b49-48d8-8c8c-85827a2879da\",\"location\":\"\",\"title\":\"Assessoria de Tecnologia de Informa\\u00e7\\u00e3o (ATI)\",\"icon\":\"https:\\\/\\\/maps.google.com\\\/mapfiles\\\/ms\\\/icons\\\/red-dot.png\",\"description\":\"\",\"latitude\":\"-23.327137250342794\",\"longitude\":\"-51.19508407294244\"}],\"style\":\"standard\",\"location\":\"La Sagrada Familia, Barcelona, Spain\",\"height\":\"400px\",\"draggable\":true,\"mapTypeControl\":true,\"zoomControl\":true,\"fullscreenControl\":true,\"streetViewControl\":true,\"hasCustomCSS\":false,\"customCSS\":\"\",\"otterConditions\":[]} } );\n\t\/* ]]> *\/\n<\/script>\n","protected":false},"excerpt":{"rendered":"<p>Aprovado em 18 de maio de 1972 o Setor de Computa\u00e7\u00e3o da Universidade Estadual de Londrina (UEL) pelo Ato Executivo n\u00ba 171. Este setor veio atender as necessidades acad\u00eamicas e administrativas desta Institui\u00e7\u00e3o relacionadas \u00e0 Inform\u00e1tica.\u00a0 O Conselho Universit\u00e1rio em 12 de agosto de 1972 aprovou a resolu\u00e7\u00e3o de n\u00ba 112, na qual inclui a [&hellip;]<\/p>\n","protected":false},"author":5,"featured_media":0,"parent":0,"menu_order":0,"comment_status":"closed","ping_status":"closed","template":"","meta":{"_acf_changed":false,"_themeisle_gutenberg_block_has_review":false,"footnotes":""},"class_list":["post-12","page","type-page","status-publish","hentry"],"acf":[],"_links":{"self":[{"href":"https:\/\/sites.uel.br\/ati\/wp-json\/wp\/v2\/pages\/12","targetHints":{"allow":["GET"]}}],"collection":[{"href":"https:\/\/sites.uel.br\/ati\/wp-json\/wp\/v2\/pages"}],"about":[{"href":"https:\/\/sites.uel.br\/ati\/wp-json\/wp\/v2\/types\/page"}],"author":[{"embeddable":true,"href":"https:\/\/sites.uel.br\/ati\/wp-json\/wp\/v2\/users\/5"}],"replies":[{"embeddable":true,"href":"https:\/\/sites.uel.br\/ati\/wp-json\/wp\/v2\/comments?post=12"}],"version-history":[{"count":19,"href":"https:\/\/sites.uel.br\/ati\/wp-json\/wp\/v2\/pages\/12\/revisions"}],"predecessor-version":[{"id":2486,"href":"https:\/\/sites.uel.br\/ati\/wp-json\/wp\/v2\/pages\/12\/revisions\/2486"}],"wp:attachment":[{"href":"https:\/\/sites.uel.br\/ati\/wp-json\/wp\/v2\/media?parent=12"}],"curies":[{"name":"wp","href":"https:\/\/api.w.org\/{rel}","templated":true}]}}