{"id":1173,"date":"2021-06-21T10:58:30","date_gmt":"2021-06-21T13:58:30","guid":{"rendered":"https:\/\/sites.uel.br\/ati\/?page_id=1173"},"modified":"2025-07-21T10:43:31","modified_gmt":"2025-07-21T13:43:31","slug":"microsoft-365-para-educacao","status":"publish","type":"page","link":"https:\/\/sites.uel.br\/ati\/microsoft-365-para-educacao\/","title":{"rendered":"Microsoft 365 para Educa\u00e7\u00e3o"},"content":{"rendered":"\n<hr class=\"wp-block-separator has-css-opacity is-style-wide\" \/>\n\n\n\n<div style=\"height:30px\" aria-hidden=\"true\" class=\"wp-block-spacer\"><\/div>\n\n\n\n<p>A UEL oferece o Microsoft 365 para Educa\u00e7\u00e3o (antigo Office 365), uma ferramenta complementar que permite que docentes, estudantes e funcion\u00e1rios da institui\u00e7\u00e3o instalem o pacote <em>Office 365<\/em> em at\u00e9 cinco diferentes computadores.<\/p>\n\n\n\n<p>Estudantes de gradua\u00e7\u00e3o e de p\u00f3s-gradua\u00e7\u00e3o precisam ter uma conta de <em>e-mail<\/em> (@uel), acessar o <a rel=\"noreferrer noopener\" href=\"https:\/\/portal.uel.br\/portais\/pages\/portais.php?lang=PT\" target=\"_blank\">Portal do Estudante<\/a> e identificar no menu a op\u00e7\u00e3o Servi\u00e7os Digitais UEL. Para obter as Credenciais do Microsoft Office 365 Education, ap\u00f3s habilita\u00e7\u00e3o do e-mail @uel.br, acesse no portal do estudante, o link Microsoft Office365 Education e depois clique no bot\u00e3o <strong>&#8220;Clique aqui para obter a senha de acesso ao Microsoft Office 365 Education&#8221;<\/strong>. Instru\u00e7\u00e3o para instala\u00e7\u00e3o e credenciais do Office365 &nbsp;ser\u00e1 enviando no seu e-mail @uel.br,&nbsp;dentro de tr\u00eas (03)&nbsp; dias.<\/p>\n\n\n\n<p>Docentes e Funcion\u00e1rios devem encaminhar uma solicita\u00e7\u00e3o de servi\u00e7os para a ATI com o <strong>tipo de servi\u00e7o 900 <\/strong>(clique abaixo),&nbsp; informar chapa funcional, e-mail da UEL e pedir as credenciais para o acesso ao <em>Office 365.<\/em><\/p>\n\n\n\n<div style=\"height:30px\" aria-hidden=\"true\" class=\"wp-block-spacer\"><\/div>\n\n\n\n<div class=\"wp-block-buttons is-horizontal is-content-justification-center is-layout-flex wp-container-core-buttons-is-layout-499968f5 wp-block-buttons-is-layout-flex\">\n<div class=\"wp-block-button is-style-outline is-style-outline--1\"><a class=\"wp-block-button__link has-verde-escuro-background-color has-text-color has-background wp-element-button\" href=\"http:\/\/sistemas.uel.br\/atendimento\" style=\"color:#f3f5f6\" target=\"_blank\" rel=\"noreferrer noopener\">Solicita\u00e7\u00e3o de Servi\u00e7os ATI <\/a><\/div>\n<\/div>\n\n\n\n<div style=\"height:30px\" aria-hidden=\"true\" class=\"wp-block-spacer\"><\/div>\n\n\n\n<p class=\"has-verde-escuro-background-color has-text-color has-background\" style=\"color:#fafafa\"><img loading=\"lazy\" decoding=\"async\" width=\"30\" height=\"30\" class=\"wp-image-1437\" style=\"width: 30px\" src=\"https:\/\/sites.uel.br\/ati\/wp-content\/uploads\/2021\/06\/info-icon-transparent-9-inverse.png\" alt=\"\">   <strong>IMPORTANTE:<\/strong> <strong>A conta Office 365 criada ter\u00e1 validade enquanto o servidor ou estudante tiver v\u00ednculo ativo com a UEL, ap\u00f3s o encerramento do v\u00ednculo a conta @live.uel.br ser\u00e1 desativada.<\/strong><\/p>\n\n\n\n<div style=\"height:30px\" aria-hidden=\"true\" class=\"wp-block-spacer\"><\/div>\n\n\n\n<hr class=\"wp-block-separator has-css-opacity is-style-wide\" \/>\n\n\n\n<div style=\"height:30px\" aria-hidden=\"true\" class=\"wp-block-spacer\"><\/div>\n\n\n\n<p>Para facilitar a instala\u00e7\u00e3o do Microsoft 365 disponibilizamos os tutoriais abaixo para diversos tipos de equipamentos, clique no dispositivo correspondente.<\/p>\n\n\n\n<div style=\"height:30px\" aria-hidden=\"true\" class=\"wp-block-spacer\"><\/div>\n\n\n\n<div class=\"wp-block-buttons is-horizontal is-content-justification-center is-layout-flex wp-container-core-buttons-is-layout-499968f5 wp-block-buttons-is-layout-flex\">\n<div class=\"wp-block-button is-style-outline is-style-outline--2\"><a class=\"wp-block-button__link has-verde-escuro-background-color has-text-color has-background wp-element-button\" href=\"https:\/\/sites.uel.br\/ati\/tutorial\/2021\/06\/09\/instalacao-do-office-365\/\" style=\"color:#ffffff\">Windows<\/a><\/div>\n\n\n\n<div class=\"wp-block-button is-style-outline is-style-outline--3\"><a class=\"wp-block-button__link has-verde-escuro-background-color has-text-color has-background wp-element-button\" href=\"https:\/\/sites.uel.br\/ati\/tutorial\/2021\/06\/14\/instalacao-do-office-365-para-macos\/\" style=\"color:#f3f5f6\">macOS<\/a><\/div>\n\n\n\n<div class=\"wp-block-button is-style-outline is-style-outline--4\"><a class=\"wp-block-button__link has-verde-escuro-background-color has-text-color has-background wp-element-button\" href=\"https:\/\/sites.uel.br\/ati\/tutorial\/2021\/06\/14\/instalacao-do-office-365-para-dispositivos-moveis-android-e-ios\/\" style=\"color:#fbfbfb\">Dispositivos m\u00f3veis (Android e iOS)<\/a><\/div>\n<\/div>\n\n\n\n<div style=\"height:100px\" aria-hidden=\"true\" class=\"wp-block-spacer\"><\/div>\n","protected":false},"excerpt":{"rendered":"<p>A UEL oferece o Microsoft 365 para Educa\u00e7\u00e3o (antigo Office 365), uma ferramenta complementar que permite que docentes, estudantes e funcion\u00e1rios da institui\u00e7\u00e3o instalem o pacote Office 365 em at\u00e9 cinco diferentes computadores. Estudantes de gradua\u00e7\u00e3o e de p\u00f3s-gradua\u00e7\u00e3o precisam ter uma conta de e-mail (@uel), acessar o Portal do Estudante e identificar no menu [&hellip;]<\/p>\n","protected":false},"author":10,"featured_media":0,"parent":0,"menu_order":0,"comment_status":"closed","ping_status":"closed","template":"","meta":{"_acf_changed":false,"_themeisle_gutenberg_block_has_review":false,"footnotes":""},"class_list":["post-1173","page","type-page","status-publish","hentry"],"acf":[],"_links":{"self":[{"href":"https:\/\/sites.uel.br\/ati\/wp-json\/wp\/v2\/pages\/1173","targetHints":{"allow":["GET"]}}],"collection":[{"href":"https:\/\/sites.uel.br\/ati\/wp-json\/wp\/v2\/pages"}],"about":[{"href":"https:\/\/sites.uel.br\/ati\/wp-json\/wp\/v2\/types\/page"}],"author":[{"embeddable":true,"href":"https:\/\/sites.uel.br\/ati\/wp-json\/wp\/v2\/users\/10"}],"replies":[{"embeddable":true,"href":"https:\/\/sites.uel.br\/ati\/wp-json\/wp\/v2\/comments?post=1173"}],"version-history":[{"count":22,"href":"https:\/\/sites.uel.br\/ati\/wp-json\/wp\/v2\/pages\/1173\/revisions"}],"predecessor-version":[{"id":3409,"href":"https:\/\/sites.uel.br\/ati\/wp-json\/wp\/v2\/pages\/1173\/revisions\/3409"}],"wp:attachment":[{"href":"https:\/\/sites.uel.br\/ati\/wp-json\/wp\/v2\/media?parent=1173"}],"curies":[{"name":"wp","href":"https:\/\/api.w.org\/{rel}","templated":true}]}}