{"id":1143,"date":"2021-06-20T21:56:07","date_gmt":"2021-06-21T00:56:07","guid":{"rendered":"https:\/\/sites.uel.br\/ati\/?page_id=1143"},"modified":"2023-01-31T14:21:24","modified_gmt":"2023-01-31T17:21:24","slug":"configuracao-de-e-mail","status":"publish","type":"page","link":"https:\/\/sites.uel.br\/ati\/configuracao-de-e-mail\/","title":{"rendered":"Configura\u00e7\u00e3o de E-mail"},"content":{"rendered":"\n<hr class=\"wp-block-separator is-style-wide\" \/>\n\n\n\n<div style=\"height:30px\" aria-hidden=\"true\" class=\"wp-block-spacer\"><\/div>\n\n\n\n<p>O e-mail da Universidade Estadual de Londrina est\u00e1 dispon\u00edvel para todos os docentes, alunos e funcion\u00e1rios que tenham criado sua conta de e-mail pessoal.<\/p>\n\n\n\n<p>Para um melhor aproveitamento das funcionalidades do novo sistema de e-mail da UEL, sugerimos o acesso pelo endere\u00e7o:&nbsp;<\/p>\n\n\n\n<div class=\"wp-block-buttons is-content-justification-center is-layout-flex wp-block-buttons-is-layout-flex\">\n<div class=\"wp-block-button is-style-outline is-style-outline--1\"><a class=\"wp-block-button__link has-verde-escuro-background-color has-text-color has-background\" href=\"http:\/\/email.uel.br\" style=\"color:#ffffff\" target=\"_blank\" rel=\"noreferrer noopener\">email.uel.br<\/a><\/div>\n<\/div>\n\n\n\n<div style=\"height:30px\" aria-hidden=\"true\" class=\"wp-block-spacer\"><\/div>\n\n\n\n<p class=\"has-text-align-center\"><img loading=\"lazy\" decoding=\"async\" width=\"30\" height=\"30\" class=\"wp-image-1159\" style=\"width: 30px\" src=\"https:\/\/sites.uel.br\/ati\/wp-content\/uploads\/2021\/06\/info-icon-transparent-9.png\" alt=\"\">  Uma introdu\u00e7\u00e3o \u00e0s novas funcionalidades e dicas de uso do novo servi\u00e7o de e-mail podem ser vistas no Centro de Aprendizagem do Google Workspace no endere\u00e7o:\u00a0<\/p>\n\n\n\n<p class=\"has-text-align-center\"><a rel=\"noreferrer noopener\" href=\"https:\/\/gsuite.google.com\/intl\/pt-br\/learning-center\/products\/gmail\/get-started\/#!\/\" target=\"_blank\"><strong>https:\/\/gsuite.google.com\/intl\/pt-br\/learning-center\/products\/gmail\/get-started\/#!\/<\/strong><\/a><\/p>\n\n\n\n<div style=\"height:30px\" aria-hidden=\"true\" class=\"wp-block-spacer\"><\/div>\n\n\n\n<hr class=\"wp-block-separator is-style-wide\" \/>\n\n\n\n<div style=\"height:30px\" aria-hidden=\"true\" class=\"wp-block-spacer\"><\/div>\n\n\n\n<p>Abaixo est\u00e3o manuais de configura\u00e7\u00e3o do e-mail de sua conta @uel.br para dispositivos m\u00f3veis e <\/p>\n\n\n\n<p>microcomputadores.<\/p>\n\n\n\n<div style=\"height:30px\" aria-hidden=\"true\" class=\"wp-block-spacer\"><\/div>\n\n\n\n<div class=\"wp-block-buttons is-content-justification-center is-layout-flex wp-block-buttons-is-layout-flex\">\n<div class=\"wp-block-button is-style-outline is-style-outline--2\"><a class=\"wp-block-button__link has-verde-escuro-background-color has-text-color has-background\" href=\"https:\/\/sites.uel.br\/ati\/tutorial\/2021\/06\/15\/configurar-conta-uel-br-do-google-workspace\/\" style=\"color:#f3f3f3\" target=\"_blank\" rel=\"noreferrer noopener\">Microcomputadores<\/a><\/div>\n\n\n\n<div class=\"wp-block-button is-style-outline is-style-outline--3\"><a class=\"wp-block-button__link has-verde-escuro-background-color has-text-color has-background\" href=\"https:\/\/sites.uel.br\/ati\/tutorial\/2021\/06\/10\/configuracao-da-conta-uel-br-em-dispositivos-android\/\" style=\"color:#f6fafb\" target=\"_blank\" rel=\"noreferrer noopener\">Android<\/a><\/div>\n\n\n\n<div class=\"wp-block-button is-style-outline is-style-outline--4\"><a class=\"wp-block-button__link has-verde-escuro-background-color has-text-color has-background\" href=\"https:\/\/sites.uel.br\/ati\/tutorial\/2021\/06\/10\/configuracao-da-conta-uel-br-para-ios-iphone\/\" style=\"color:#f8f8f8\" target=\"_blank\" rel=\"noreferrer noopener\">iOS<\/a><\/div>\n<\/div>\n\n\n\n<div style=\"height:30px\" aria-hidden=\"true\" class=\"wp-block-spacer\"><\/div>\n\n\n\n<p class=\"has-text-align-center\"><img loading=\"lazy\" decoding=\"async\" width=\"30\" height=\"30\" class=\"wp-image-1159\" style=\"width: 30px\" src=\"https:\/\/sites.uel.br\/ati\/wp-content\/uploads\/2021\/06\/info-icon-transparent-9.png\" alt=\"\">     <a rel=\"noreferrer noopener\" href=\"https:\/\/support.google.com\/mail\/answer\/10957?hl=pt-BR\" target=\"_blank\"><strong>Veja aqui como Encaminhar as mensagens do email UEL automaticamente para outra conta<\/strong><\/a><\/p>\n\n\n\n<div style=\"height:100px\" aria-hidden=\"true\" class=\"wp-block-spacer\"><\/div>\n","protected":false},"excerpt":{"rendered":"<p>O e-mail da Universidade Estadual de Londrina est\u00e1 dispon\u00edvel para todos os docentes, alunos e funcion\u00e1rios que tenham criado sua conta de e-mail pessoal. Para um melhor aproveitamento das funcionalidades do novo sistema de e-mail da UEL, sugerimos o acesso pelo endere\u00e7o:&nbsp; Uma introdu\u00e7\u00e3o \u00e0s novas funcionalidades e dicas de uso do novo servi\u00e7o de [&hellip;]<\/p>\n","protected":false},"author":10,"featured_media":0,"parent":0,"menu_order":0,"comment_status":"closed","ping_status":"closed","template":"","meta":{"_acf_changed":false,"_themeisle_gutenberg_block_has_review":false,"footnotes":""},"class_list":["post-1143","page","type-page","status-publish","hentry"],"acf":[],"_links":{"self":[{"href":"https:\/\/sites.uel.br\/ati\/wp-json\/wp\/v2\/pages\/1143","targetHints":{"allow":["GET"]}}],"collection":[{"href":"https:\/\/sites.uel.br\/ati\/wp-json\/wp\/v2\/pages"}],"about":[{"href":"https:\/\/sites.uel.br\/ati\/wp-json\/wp\/v2\/types\/page"}],"author":[{"embeddable":true,"href":"https:\/\/sites.uel.br\/ati\/wp-json\/wp\/v2\/users\/10"}],"replies":[{"embeddable":true,"href":"https:\/\/sites.uel.br\/ati\/wp-json\/wp\/v2\/comments?post=1143"}],"version-history":[{"count":19,"href":"https:\/\/sites.uel.br\/ati\/wp-json\/wp\/v2\/pages\/1143\/revisions"}],"predecessor-version":[{"id":1429,"href":"https:\/\/sites.uel.br\/ati\/wp-json\/wp\/v2\/pages\/1143\/revisions\/1429"}],"wp:attachment":[{"href":"https:\/\/sites.uel.br\/ati\/wp-json\/wp\/v2\/media?parent=1143"}],"curies":[{"name":"wp","href":"https:\/\/api.w.org\/{rel}","templated":true}]}}