{"id":1106,"date":"2021-06-18T14:55:40","date_gmt":"2021-06-18T17:55:40","guid":{"rendered":"https:\/\/sites.uel.br\/ati\/?page_id=1106"},"modified":"2021-07-13T14:38:22","modified_gmt":"2021-07-13T17:38:22","slug":"normas-de-utilizacao-dos-servicos-de-ti-uel","status":"publish","type":"page","link":"https:\/\/sites.uel.br\/ati\/normas-de-utilizacao-dos-servicos-de-ti-uel\/","title":{"rendered":"Normas de Utiliza\u00e7\u00e3o dos servi\u00e7os de TI UEL"},"content":{"rendered":"\n<hr class=\"wp-block-separator is-style-wide\" \/>\n\n\n\n<div style=\"height:30px\" aria-hidden=\"true\" class=\"wp-block-spacer\"><\/div>\n\n\n\n<figure class=\"wp-block-table is-style-stripes\"><table><thead><tr><th class=\"has-text-align-left\" data-align=\"left\">Instru\u00e7\u00f5es de Servi\u00e7o<\/th><th>Atos Executivos<\/th><\/tr><\/thead><tbody><tr><td class=\"has-text-align-left\" data-align=\"left\"><strong><a href=\"https:\/\/sites.uel.br\/ati\/wp-content\/uploads\/2021\/07\/instrucao-servico-01-2009-uso-servco-wifi-internet-ati1.pdf\" target=\"_blank\" rel=\"noreferrer noopener\">Instru\u00e7\u00e3o de Servi\u00e7o ATI N.\u00ba 001\/2009<\/a><\/strong><br><strong>ASSUNTO:<\/strong><br>Institui normas para utiliza\u00e7\u00e3o dos recursos de rede que se referem ao acesso a Internet e a WEB na rede cabeada e sem fio da Universidade Estadual de Londrina e mantidos pela Assessoria de Tecnologia de Informa\u00e7\u00e3o.<\/td><td><a href=\"https:\/\/sites.uel.br\/ati\/wp-content\/uploads\/2021\/07\/ato-034-2010-ticket-wifi-uel.pdf\" target=\"_blank\" rel=\"noreferrer noopener\"><strong>Ato Executivo: 034\/2010<\/strong><\/a><br><strong>S\u00daMULA:<\/strong><br>\u00a0Institui normas para utiliza\u00e7\u00e3o dos servi\u00e7os de\u00a0\u00a0&#8220;Ticket&#8221; para acesso \u00e0 rede sem fio e Internet de visitantes na\u00a0 Universidade Estadual de Londrina &#8211; UEL, mantidos pela Assessoria de Tecnologia de Informa\u00e7\u00e3o &#8211; ATI.<br><\/td><\/tr><tr><td class=\"has-text-align-left\" data-align=\"left\"><strong><a href=\"https:\/\/sites.uel.br\/ati\/wp-content\/uploads\/2021\/07\/instrucao-servico-02-2006-uso-servco-email-internet-ati.pdf\" target=\"_blank\" rel=\"noreferrer noopener\">Instru\u00e7\u00e3o de Servi\u00e7o ATI N.\u00ba 002\/2006<\/a><br>ASSUNTO:<br><\/strong>Institui normas para utiliza\u00e7\u00e3o dos recursos de rede que se referem ao acesso a Internet, WEB e a utiliza\u00e7\u00e3o de servi\u00e7os de e-mail na rede da Universidade Estadual de Londrina e mantidos pela Assessoria de Tecnologia de Informa\u00e7\u00e3o.<\/td><td><a href=\"https:\/\/sites.uel.br\/ati\/wp-content\/uploads\/2021\/07\/Ato-Executivo-082-2009.pdf.pdf\" target=\"_blank\" rel=\"noreferrer noopener\"><strong>Ato Executivo: 082\/2009<\/strong><\/a><br><strong>S\u00daMULA:<\/strong><br>\u00a0Institui normas para utiliza\u00e7\u00e3o dos servi\u00e7os de\u00a0 \u201ce-mail\u201d e &#8220;diret\u00f3rios de rede&#8221; disponibilizados pela Universidade Estadual de Londrina &#8211; UEL, mantidos pela Assessoria de Tecnologia de Informa\u00e7\u00e3o &#8211; ATI.<\/td><\/tr><tr><td class=\"has-text-align-left\" data-align=\"left\"><strong><a href=\"https:\/\/sites.uel.br\/ati\/wp-content\/uploads\/2021\/07\/instrucao-servico-01-2006-uso-servidor-rede-ati.pdf\" target=\"_blank\" rel=\"noreferrer noopener\">Instru\u00e7\u00e3o de Servi\u00e7o ATI N.\u00ba 001\/2006<\/a><br>ASSUNTO:<br><\/strong>Institui normas para utiliza\u00e7\u00e3o de diret\u00f3rios nos servidores de rede da Universidade Estadual de Londrina mantidos pela Assessoria de Tecnologia de Informa\u00e7\u00e3o.<br><\/td><td>\u00a0<a href=\"https:\/\/sites.uel.br\/ati\/wp-content\/uploads\/2021\/07\/Ato-Executivo-042-2009.pdf\" target=\"_blank\" rel=\"noreferrer noopener\"><strong>Ato Executivo: 042\/2009<\/strong><\/a><br><strong>S\u00daMULA:<\/strong><br>\u00a0Institui normas para utiliza\u00e7\u00e3o da rede UEL, cabeada e sem fio disponibilizadas pela Universidade Estadual de Londrina &#8211; UEL e mantidas pela Acessoria de Tecnologia de Informa\u00e7\u00e3o &#8211; ATI.<\/td><\/tr><\/tbody><\/table><\/figure>\n\n\n\n<div style=\"height:30px\" aria-hidden=\"true\" class=\"wp-block-spacer\"><\/div>\n\n\n\n<p><\/p>\n","protected":false},"excerpt":{"rendered":"<p>Instru\u00e7\u00f5es de Servi\u00e7o Atos Executivos Instru\u00e7\u00e3o de Servi\u00e7o ATI N.\u00ba 001\/2009ASSUNTO:Institui normas para utiliza\u00e7\u00e3o dos recursos de rede que se referem ao acesso a Internet e a WEB na rede cabeada e sem fio da Universidade Estadual de Londrina e mantidos pela Assessoria de Tecnologia de Informa\u00e7\u00e3o. Ato Executivo: 034\/2010S\u00daMULA:\u00a0Institui normas para utiliza\u00e7\u00e3o dos servi\u00e7os [&hellip;]<\/p>\n","protected":false},"author":10,"featured_media":0,"parent":0,"menu_order":0,"comment_status":"closed","ping_status":"closed","template":"","meta":{"_acf_changed":false,"_themeisle_gutenberg_block_has_review":false,"footnotes":""},"class_list":["post-1106","page","type-page","status-publish","hentry"],"acf":[],"_links":{"self":[{"href":"https:\/\/sites.uel.br\/ati\/wp-json\/wp\/v2\/pages\/1106","targetHints":{"allow":["GET"]}}],"collection":[{"href":"https:\/\/sites.uel.br\/ati\/wp-json\/wp\/v2\/pages"}],"about":[{"href":"https:\/\/sites.uel.br\/ati\/wp-json\/wp\/v2\/types\/page"}],"author":[{"embeddable":true,"href":"https:\/\/sites.uel.br\/ati\/wp-json\/wp\/v2\/users\/10"}],"replies":[{"embeddable":true,"href":"https:\/\/sites.uel.br\/ati\/wp-json\/wp\/v2\/comments?post=1106"}],"version-history":[{"count":5,"href":"https:\/\/sites.uel.br\/ati\/wp-json\/wp\/v2\/pages\/1106\/revisions"}],"predecessor-version":[{"id":1829,"href":"https:\/\/sites.uel.br\/ati\/wp-json\/wp\/v2\/pages\/1106\/revisions\/1829"}],"wp:attachment":[{"href":"https:\/\/sites.uel.br\/ati\/wp-json\/wp\/v2\/media?parent=1106"}],"curies":[{"name":"wp","href":"https:\/\/api.w.org\/{rel}","templated":true}]}}