{"id":1084,"date":"2021-06-18T11:07:31","date_gmt":"2021-06-18T14:07:31","guid":{"rendered":"https:\/\/sites.uel.br\/ati\/?page_id=1084"},"modified":"2023-01-31T14:21:24","modified_gmt":"2023-01-31T17:21:24","slug":"esclarecimento-sobre-software-nao-genuino","status":"publish","type":"page","link":"https:\/\/sites.uel.br\/ati\/esclarecimento-sobre-software-nao-genuino\/","title":{"rendered":"Esclarecimento sobre software n\u00e3o genu\u00edno"},"content":{"rendered":"\n<hr class=\"wp-block-separator is-style-wide\" \/>\n\n\n\n<div style=\"height:30px\" aria-hidden=\"true\" class=\"wp-block-spacer\"><\/div>\n\n\n\n<p><em>Informe divulgado nas listas digitais em 13\/05\/2021<\/em><\/p>\n\n\n\n<div style=\"height:30px\" aria-hidden=\"true\" class=\"wp-block-spacer\"><\/div>\n\n\n\n<p>Recentemente esta Assessoria foi notificada sobre o uso indevido do software <strong>Malwarebytes<\/strong> (solu\u00e7\u00e3o de antiv\u00edrus\/seguran\u00e7a) detectado nas redes do Campus e do Hospital Universit\u00e1rio.&nbsp;Segundo a empresa, o <em>software <\/em>\u00e9 gratuito somente para uso dom\u00e9stico e em m\u00e1quina \u00fanica. Considerando que foi detectado o uso em v\u00e1rios computadores, a empresa concluiu que o formato de licenciamento seria o <em>Enterprise<\/em> e, neste caso, as licen\u00e7as t\u00eam custo.<\/p>\n\n\n\n<div style=\"height:29px\" aria-hidden=\"true\" class=\"wp-block-spacer\"><\/div>\n\n\n\n<p><strong>Regulariza\u00e7\u00e3o<\/strong><\/p>\n\n\n\n<div style=\"height:29px\" aria-hidden=\"true\" class=\"wp-block-spacer\"><\/div>\n\n\n\n<p>Considerando os impactos e o compromisso social e \u00e9tico da Universidade, sugerimos a regulariza\u00e7\u00e3o a partir das seguintes possibilidades:<\/p>\n\n\n\n<div style=\"height:29px\" aria-hidden=\"true\" class=\"wp-block-spacer\"><\/div>\n\n\n\n<ul class=\"wp-block-list\"><li>Solu\u00e7\u00f5es alternativas sem custo (<em>software livre<\/em>);<\/li><li>Aquisi\u00e7\u00e3o;<\/li><li>Remo\u00e7\u00e3o.<\/li><\/ul>\n\n\n\n<div style=\"height:29px\" aria-hidden=\"true\" class=\"wp-block-spacer\"><\/div>\n\n\n\n<p>Mais informa\u00e7\u00f5es sobre o uso de software legalizado em:<\/p>\n\n\n\n<p><br><a rel=\"noreferrer noopener\" href=\"https:\/\/sites.uel.br\/ati\/orientacoes-sobre-uso-de-software-legalizado\/\" target=\"_blank\"><strong>https:\/\/sites.uel.br\/ati\/orientacoes-sobre-uso-de-software-legalizado\/<\/strong><\/a><\/p>\n\n\n\n<div style=\"height:50px\" aria-hidden=\"true\" class=\"wp-block-spacer\"><\/div>\n\n\n\n<hr class=\"wp-block-separator is-style-wide\" \/>\n\n\n\n<div style=\"height:50px\" aria-hidden=\"true\" class=\"wp-block-spacer\"><\/div>\n\n\n\n<p class=\"has-text-align-center\"><strong>Em caso de d\u00favidas, entre em contato com nossos <a href=\"https:\/\/sites.uel.br\/ati\/atendimento\/\">canais de atendimento<\/a><\/strong><\/p>\n\n\n\n<div style=\"height:50px\" aria-hidden=\"true\" class=\"wp-block-spacer\"><\/div>\n","protected":false},"excerpt":{"rendered":"<p>Informe divulgado nas listas digitais em 13\/05\/2021 Recentemente esta Assessoria foi notificada sobre o uso indevido do software Malwarebytes (solu\u00e7\u00e3o de antiv\u00edrus\/seguran\u00e7a) detectado nas redes do Campus e do Hospital Universit\u00e1rio.&nbsp;Segundo a empresa, o software \u00e9 gratuito somente para uso dom\u00e9stico e em m\u00e1quina \u00fanica. Considerando que foi detectado o uso em v\u00e1rios computadores, a [&hellip;]<\/p>\n","protected":false},"author":10,"featured_media":0,"parent":0,"menu_order":0,"comment_status":"closed","ping_status":"closed","template":"","meta":{"_acf_changed":false,"_themeisle_gutenberg_block_has_review":false,"footnotes":""},"class_list":["post-1084","page","type-page","status-publish","hentry"],"acf":[],"_links":{"self":[{"href":"https:\/\/sites.uel.br\/ati\/wp-json\/wp\/v2\/pages\/1084","targetHints":{"allow":["GET"]}}],"collection":[{"href":"https:\/\/sites.uel.br\/ati\/wp-json\/wp\/v2\/pages"}],"about":[{"href":"https:\/\/sites.uel.br\/ati\/wp-json\/wp\/v2\/types\/page"}],"author":[{"embeddable":true,"href":"https:\/\/sites.uel.br\/ati\/wp-json\/wp\/v2\/users\/10"}],"replies":[{"embeddable":true,"href":"https:\/\/sites.uel.br\/ati\/wp-json\/wp\/v2\/comments?post=1084"}],"version-history":[{"count":9,"href":"https:\/\/sites.uel.br\/ati\/wp-json\/wp\/v2\/pages\/1084\/revisions"}],"predecessor-version":[{"id":1549,"href":"https:\/\/sites.uel.br\/ati\/wp-json\/wp\/v2\/pages\/1084\/revisions\/1549"}],"wp:attachment":[{"href":"https:\/\/sites.uel.br\/ati\/wp-json\/wp\/v2\/media?parent=1084"}],"curies":[{"name":"wp","href":"https:\/\/api.w.org\/{rel}","templated":true}]}}