{"id":1047,"date":"2021-06-17T16:09:01","date_gmt":"2021-06-17T19:09:01","guid":{"rendered":"https:\/\/sites.uel.br\/ati\/?page_id=1047"},"modified":"2023-07-12T09:37:13","modified_gmt":"2023-07-12T12:37:13","slug":"google-workspace","status":"publish","type":"page","link":"https:\/\/sites.uel.br\/ati\/google-workspace\/","title":{"rendered":"Google Workspace for Education"},"content":{"rendered":"\n<hr class=\"wp-block-separator has-css-opacity is-style-wide\" \/>\n\n\n\n<div style=\"height:30px\" aria-hidden=\"true\" class=\"wp-block-spacer\"><\/div>\n\n\n\n<p>O Google Workspace for Education (antigo G Suite) est\u00e1 dispon\u00edvel para todos os funcion\u00e1rios, docentes e alunos que fazem parte da Universidade Estadual de Londrina. S\u00e3o diversas ferramentas de produtividade dispon\u00edveis que facilitar\u00e3o o desenvolvimento de suas atividades, clique nos itens abaixo e ser\u00e1 encaminhado ao centro de suporte do Google da referida ferramenta.<\/p>\n\n\n\n<ul class=\"wp-block-list\">\n<li><a href=\"https:\/\/support.google.com\/a\/users\/answer\/9282959\">Planilhas <\/a><img loading=\"lazy\" decoding=\"async\" width=\"20\" height=\"17\" class=\"wp-image-1420\" style=\"width: 20px\" src=\"https:\/\/sites.uel.br\/ati\/wp-content\/uploads\/2021\/06\/png-transparent-arrow.png\" alt=\"\"><\/li>\n\n\n\n<li><a href=\"https:\/\/support.google.com\/a\/users\/answer\/9282664\">Documentos<\/a> <img decoding=\"async\" src=\"https:\/\/sites.uel.br\/ati\/wp-content\/uploads\/2021\/06\/png-transparent-arrow.png\" alt=\"\"><\/li>\n\n\n\n<li><a href=\"https:\/\/support.google.com\/a\/users\/answer\/9282958\">Drive<\/a> <img decoding=\"async\" src=\"https:\/\/sites.uel.br\/ati\/wp-content\/uploads\/2021\/06\/png-transparent-arrow.png\" alt=\"\"><\/li>\n\n\n\n<li><a href=\"https:\/\/support.google.com\/a\/users\/answer\/9247501\">Agenda<\/a> <img decoding=\"async\" src=\"https:\/\/sites.uel.br\/ati\/wp-content\/uploads\/2021\/06\/png-transparent-arrow.png\" alt=\"\"><\/li>\n\n\n\n<li><a href=\"https:\/\/support.google.com\/a\/users\/answer\/9282720\">Meet<\/a> <img decoding=\"async\" src=\"https:\/\/sites.uel.br\/ati\/wp-content\/uploads\/2021\/06\/png-transparent-arrow.png\" alt=\"\"><\/li>\n\n\n\n<li><a href=\"https:\/\/support.google.com\/a\/users\/answer\/9247502\">Chat<\/a> <img decoding=\"async\" src=\"https:\/\/sites.uel.br\/ati\/wp-content\/uploads\/2021\/06\/png-transparent-arrow.png\" alt=\"\"><\/li>\n\n\n\n<li><a href=\"https:\/\/support.google.com\/a\/users\/answer\/9282667\">Grupos <\/a><img decoding=\"async\" src=\"https:\/\/sites.uel.br\/ati\/wp-content\/uploads\/2021\/06\/png-transparent-arrow.png\" alt=\"\"><\/li>\n\n\n\n<li><a href=\"https:\/\/support.google.com\/edu\/classroom\/?hl=pt#topic=10298088\">Classroom <\/a><img decoding=\"async\" src=\"https:\/\/sites.uel.br\/ati\/wp-content\/uploads\/2021\/06\/png-transparent-arrow.png\" alt=\"\"><\/li>\n<\/ul>\n\n\n\n<div style=\"height:30px\" aria-hidden=\"true\" class=\"wp-block-spacer\"><\/div>\n\n\n\n<p>Para saber mais sobre todas as ferramentas dispon\u00edveis, clique <strong><a href=\"https:\/\/workspace.google.com\/intl\/pt-BR\/features\/\">aqui <\/a><\/strong>e ser\u00e1 direcionado para p\u00e1gina do Google Workspace.<\/p>\n\n\n\n<p class=\"has-verde-escuro-background-color has-text-color has-background\" style=\"color:#fafafa\"><img loading=\"lazy\" decoding=\"async\" width=\"30\" height=\"30\" class=\"wp-image-1437\" style=\"width: 30px\" src=\"https:\/\/sites.uel.br\/ati\/wp-content\/uploads\/2021\/06\/info-icon-transparent-9-inverse.png\" alt=\"\">  Para usufruir os recursos do Google Workspace for Education, \u00e9 necess\u00e1rio que tenha cadastrado o e-mail pessoal com o dom\u00ednio @uel.br. Para realizar este cadastro, clique <a href=\"https:\/\/sites.uel.br\/ati\/tutorial\/2021\/06\/09\/criar-e-mail-pessoal-pela-primeira-vez\/\">AQUI<strong> <\/strong><\/a>que ser\u00e1 encaminhado para a p\u00e1gina de orienta\u00e7\u00e3o<\/p>\n\n\n\n<p>Alguns manuais foram desenvolvidos para lhe auxiliar a adicionar sua conta @uel.br do Google Workspace em seu dispositivo<\/p>\n\n\n\n<div style=\"height:20px\" aria-hidden=\"true\" class=\"wp-block-spacer\"><\/div>\n\n\n\n<ul class=\"wp-block-list\">\n<li><a rel=\"noreferrer noopener\" href=\"https:\/\/sites.uel.br\/ati\/tutorial\/2021\/06\/15\/configurar-conta-uel-br-do-google-workspace\/\" target=\"_blank\">Configurar conta @uel.br do Google Workspace<\/a><\/li>\n\n\n\n<li><a rel=\"noreferrer noopener\" href=\"https:\/\/sites.uel.br\/ati\/tutorial\/2021\/06\/10\/configuracao-da-conta-uel-br-para-ios-iphone\/\" target=\"_blank\">Configura\u00e7\u00e3o da conta @uel.br para iOS (Iphone)<\/a><\/li>\n\n\n\n<li><a rel=\"noreferrer noopener\" href=\"https:\/\/sites.uel.br\/ati\/tutorial\/2021\/06\/10\/configuracao-da-conta-uel-br-em-dispositivos-android\/\" target=\"_blank\">Configura\u00e7\u00e3o da conta @uel.br em dispositivos Android<\/a><\/li>\n<\/ul>\n\n\n\n<div style=\"height:30px\" aria-hidden=\"true\" class=\"wp-block-spacer\"><\/div>\n\n\n\n<p><img loading=\"lazy\" decoding=\"async\" width=\"30\" height=\"30\" class=\"wp-image-1159\" style=\"width: 30px\" src=\"https:\/\/sites.uel.br\/ati\/wp-content\/uploads\/2021\/06\/info-icon-transparent-9.png\" alt=\"\">   Para mais informa\u00e7\u00f5es acesse o centro de aprendizagem do Google Workspace, clicando na imagem abaixo:<\/p>\n\n\n\n<div style=\"height:30px\" aria-hidden=\"true\" class=\"wp-block-spacer\"><\/div>\n\n\n<div class=\"wp-block-image is-style-default\">\n<figure class=\"aligncenter size-large is-resized\"><a href=\"https:\/\/support.google.com\/a\/users#topic=9917952\"><img loading=\"lazy\" decoding=\"async\" src=\"https:\/\/sites.uel.br\/ati\/wp-content\/uploads\/2021\/06\/google-workspace-1024x135.png\" alt=\"\" class=\"wp-image-1049\" width=\"376\" height=\"49\" srcset=\"https:\/\/sites.uel.br\/ati\/wp-content\/uploads\/2021\/06\/google-workspace-1024x135.png 1024w, https:\/\/sites.uel.br\/ati\/wp-content\/uploads\/2021\/06\/google-workspace-300x39.png 300w, https:\/\/sites.uel.br\/ati\/wp-content\/uploads\/2021\/06\/google-workspace-768x101.png 768w, https:\/\/sites.uel.br\/ati\/wp-content\/uploads\/2021\/06\/google-workspace-1536x202.png 1536w, https:\/\/sites.uel.br\/ati\/wp-content\/uploads\/2021\/06\/google-workspace-2048x269.png 2048w\" sizes=\"auto, (max-width: 376px) 100vw, 376px\" \/><\/a><\/figure>\n<\/div>\n\n\n<div style=\"height:100px\" aria-hidden=\"true\" class=\"wp-block-spacer\"><\/div>\n","protected":false},"excerpt":{"rendered":"<p>O Google Workspace for Education (antigo G Suite) est\u00e1 dispon\u00edvel para todos os funcion\u00e1rios, docentes e alunos que fazem parte da Universidade Estadual de Londrina. S\u00e3o diversas ferramentas de produtividade dispon\u00edveis que facilitar\u00e3o o desenvolvimento de suas atividades, clique nos itens abaixo e ser\u00e1 encaminhado ao centro de suporte do Google da referida ferramenta. Para [&hellip;]<\/p>\n","protected":false},"author":10,"featured_media":0,"parent":0,"menu_order":0,"comment_status":"closed","ping_status":"closed","template":"","meta":{"_acf_changed":false,"_themeisle_gutenberg_block_has_review":false,"footnotes":""},"class_list":["post-1047","page","type-page","status-publish","hentry"],"acf":[],"_links":{"self":[{"href":"https:\/\/sites.uel.br\/ati\/wp-json\/wp\/v2\/pages\/1047","targetHints":{"allow":["GET"]}}],"collection":[{"href":"https:\/\/sites.uel.br\/ati\/wp-json\/wp\/v2\/pages"}],"about":[{"href":"https:\/\/sites.uel.br\/ati\/wp-json\/wp\/v2\/types\/page"}],"author":[{"embeddable":true,"href":"https:\/\/sites.uel.br\/ati\/wp-json\/wp\/v2\/users\/10"}],"replies":[{"embeddable":true,"href":"https:\/\/sites.uel.br\/ati\/wp-json\/wp\/v2\/comments?post=1047"}],"version-history":[{"count":28,"href":"https:\/\/sites.uel.br\/ati\/wp-json\/wp\/v2\/pages\/1047\/revisions"}],"predecessor-version":[{"id":3121,"href":"https:\/\/sites.uel.br\/ati\/wp-json\/wp\/v2\/pages\/1047\/revisions\/3121"}],"wp:attachment":[{"href":"https:\/\/sites.uel.br\/ati\/wp-json\/wp\/v2\/media?parent=1047"}],"curies":[{"name":"wp","href":"https:\/\/api.w.org\/{rel}","templated":true}]}}