{"id":1039,"date":"2021-06-17T15:24:02","date_gmt":"2021-06-17T18:24:02","guid":{"rendered":"https:\/\/sites.uel.br\/ati\/?page_id=1039"},"modified":"2023-01-31T14:21:24","modified_gmt":"2023-01-31T17:21:24","slug":"boas-praticas-do-uso-plataforma-google-meet","status":"publish","type":"page","link":"https:\/\/sites.uel.br\/ati\/boas-praticas-do-uso-plataforma-google-meet\/","title":{"rendered":"Boas Pr\u00e1ticas do uso da Plataforma Google Meet"},"content":{"rendered":"\n<hr class=\"wp-block-separator is-style-wide\" \/>\n\n\n\n<div style=\"height:30px\" aria-hidden=\"true\" class=\"wp-block-spacer\"><\/div>\n\n\n\n<h3 class=\"wp-block-heading\"><strong>ATI divulga Guia de Boas Pr\u00e1ticas para uso seguro da plataforma Google Meet<\/strong><\/h3>\n\n\n\n<div style=\"height:30px\" aria-hidden=\"true\" class=\"wp-block-spacer\"><\/div>\n\n\n\n<p>Para orientar a comunidade universit\u00e1ria sobre a utiliza\u00e7\u00e3o segura da plataforma Google Meet, a&nbsp;<strong><a href=\"http:\/\/sites.uel.br\/ati\" target=\"_blank\" rel=\"noreferrer noopener\">Assessoria de Tecnologia de Informa\u00e7\u00e3o (ATI)<\/a><\/strong>&nbsp;elaborou material informativo de boas pr\u00e1ticas sites.uel.br\/atipara eventos e reuni\u00f5es online. A principal preocupa\u00e7\u00e3o \u00e9 com a entrada de participantes indesejados na sala virtual, devido \u00e0 divulga\u00e7\u00e3o ampla e antecipada do link p\u00fablico.<\/p>\n\n\n\n<p>O respons\u00e1vel pela cria\u00e7\u00e3o do infogr\u00e1fico em conjunto com a ATI, foi o professor do Departamento de Ci\u00eancias da Computa\u00e7\u00e3o e assessor da reitoria, Sylvio Barbon Junior. Ele conta que a motiva\u00e7\u00e3o para criar o material foi um pedido dos respons\u00e1veis pela&nbsp;<strong><a rel=\"noreferrer noopener\" href=\"http:\/\/www.uel.br\/proppg\/portalnovo\/\" target=\"_blank\">Pr\u00f3-reitoria de Pesquisa e P\u00f3s-Gradua\u00e7\u00e3o (PROPPG)<\/a><\/strong>. \u201cEles me perguntaram sobre como melhorar a seguran\u00e7a durante os eventos, uma vez que o link sendo p\u00fablico qualquer pessoa poderia acessar o ambiente virtual\u201d, conta.<\/p>\n\n\n\n<div class=\"wp-block-image is-style-default\"><figure class=\"aligncenter is-resized\"><img loading=\"lazy\" decoding=\"async\" src=\"https:\/\/operobal.uel.br\/wp-content\/webp-express\/webp-images\/doc-root\/wp-content\/uploads\/2021\/03\/meet.jpg.webp\" alt=\"\" width=\"569\" height=\"726\" \/><\/figure><\/div>\n\n\n\n<p>Segundo o Sylvio, o Meet \u00e9 uma ferramenta segura em que n\u00e3o existe a possibilidade de invas\u00e3o, pois somente t\u00eam acesso \u00e0 sala pessoas convidadas ou autorizadas pelo organizador. \u201cA invas\u00e3o geralmente \u00e9 confundida com comportamento inadequado de participantes autorizados\u201d, afirma.<\/p>\n\n\n\n<p><br>Boas pr\u00e1ticas \u2013 O material orienta o organizador do evento, ou seja, a pessoa que criou o link, sobre quatro pontos principais para ter um ambiente virtual mais seguro. O primeiro deles \u00e9 sobre o compartilhamento do link da reuni\u00e3o. Para eventos e reuni\u00f5es, a ATI indica o envio apenas para grupos espec\u00edficos de pessoas, por meio do Google Agenda. Com isso, o evento \u00e9 acrescentado automaticamente na agenda do usu\u00e1rio, com dia e hora marcados, juntamente com o link de acesso.<\/p>\n\n\n\n<p><br>Outra recomenda\u00e7\u00e3o \u00e9 autorizar apenas usu\u00e1rios conhecidos na sala virtual \u00e9 o segundo ponto destacado. Os membros da comunidade universit\u00e1ria que utilizam o e-mail institucional (@uel.br) podem acessar a sala diretamente. J\u00e1 os e-mails externos precisam requisitar acesso. Caso o organizador do evento n\u00e3o reconhe\u00e7a o e-mail, pode negar a entrada do usu\u00e1rio.<\/p>\n\n\n\n<p><br>A terceira orienta\u00e7\u00e3o \u00e9 restringir recursos da sala. Somente o organizador possui recursos para controlar as atividades e, em uma reuni\u00e3o, por exemplo, ele pode desativar o \u00e1udio de todos os participantes, impedir o uso do chat e ainda limitar o compartilhamento de tela. Da mesma forma, ele tamb\u00e9m pode liberar as fun\u00e7\u00f5es para os participantes.<\/p>\n\n\n\n<p><br>O \u00faltimo ponto presente do material \u00e9 remover o usu\u00e1rio indesejado da sala e denunciar o abuso ao Google. Uma vez que um participante seja exclu\u00eddo da reuni\u00e3o, ele n\u00e3o poder\u00e1 mais ingressar na pr\u00f3pria at\u00e9 que, se for o caso, seja convidado pelo organizador.<\/p>\n\n\n\n<p><br>Cuidados \u2013 Sylvio Barbon Junior alerta que quanto maior o n\u00famero de pessoas, mais aten\u00e7\u00e3o ser\u00e1 exigida do organizador para manter o controle do evento. Por este motivo, quando h\u00e1 um grande n\u00famero de participantes, \u00e9 recomendado o uso de transmiss\u00e3o, pelo Youtube ou outras plataformas, ficando a sala do Google Meet restrita aos apresentadores que utilizar\u00e3o microfone e c\u00e2mera. Os demais poder\u00e3o se manifestar por ferramentas definidas pela organiza\u00e7\u00e3o, como chat, entre outras.<\/p>\n\n\n\n<hr class=\"wp-block-separator is-style-default\" \/>\n\n\n\n<div style=\"height:50px\" aria-hidden=\"true\" class=\"wp-block-spacer\"><\/div>\n\n\n\n<div class=\"wp-block-media-text alignwide is-stacked-on-mobile\"><figure class=\"wp-block-media-text__media\"><a href=\"https:\/\/operobal.uel.br\/wp-content\/uploads\/2021\/03\/2021_03-Proteja-suas-reunio%CC%83es-pelo-Meet.pdf\"><img loading=\"lazy\" decoding=\"async\" width=\"601\" height=\"111\" src=\"https:\/\/sites.uel.br\/ati\/wp-content\/uploads\/2021\/06\/Google-meet-seguro.jpg\" alt=\"\" class=\"wp-image-1092 size-full\" srcset=\"https:\/\/sites.uel.br\/ati\/wp-content\/uploads\/2021\/06\/Google-meet-seguro.jpg 601w, https:\/\/sites.uel.br\/ati\/wp-content\/uploads\/2021\/06\/Google-meet-seguro-300x55.jpg 300w\" sizes=\"auto, (max-width: 601px) 100vw, 601px\" \/><\/a><\/figure><div class=\"wp-block-media-text__content\">\n<p class=\"has-medium-font-size\"><strong>Confira o Guia Google Meet &#8211; Tenha uma reuni\u00e3o segura clicando na imagem ao lado<\/strong><\/p>\n<\/div><\/div>\n\n\n\n<div style=\"height:100px\" aria-hidden=\"true\" class=\"wp-block-spacer\"><\/div>\n","protected":false},"excerpt":{"rendered":"<p>ATI divulga Guia de Boas Pr\u00e1ticas para uso seguro da plataforma Google Meet Para orientar a comunidade universit\u00e1ria sobre a utiliza\u00e7\u00e3o segura da plataforma Google Meet, a&nbsp;Assessoria de Tecnologia de Informa\u00e7\u00e3o (ATI)&nbsp;elaborou material informativo de boas pr\u00e1ticas sites.uel.br\/atipara eventos e reuni\u00f5es online. A principal preocupa\u00e7\u00e3o \u00e9 com a entrada de participantes indesejados na sala virtual, [&hellip;]<\/p>\n","protected":false},"author":10,"featured_media":0,"parent":0,"menu_order":0,"comment_status":"closed","ping_status":"closed","template":"","meta":{"_acf_changed":false,"_themeisle_gutenberg_block_has_review":false,"footnotes":""},"class_list":["post-1039","page","type-page","status-publish","hentry"],"acf":[],"_links":{"self":[{"href":"https:\/\/sites.uel.br\/ati\/wp-json\/wp\/v2\/pages\/1039","targetHints":{"allow":["GET"]}}],"collection":[{"href":"https:\/\/sites.uel.br\/ati\/wp-json\/wp\/v2\/pages"}],"about":[{"href":"https:\/\/sites.uel.br\/ati\/wp-json\/wp\/v2\/types\/page"}],"author":[{"embeddable":true,"href":"https:\/\/sites.uel.br\/ati\/wp-json\/wp\/v2\/users\/10"}],"replies":[{"embeddable":true,"href":"https:\/\/sites.uel.br\/ati\/wp-json\/wp\/v2\/comments?post=1039"}],"version-history":[{"count":10,"href":"https:\/\/sites.uel.br\/ati\/wp-json\/wp\/v2\/pages\/1039\/revisions"}],"predecessor-version":[{"id":1584,"href":"https:\/\/sites.uel.br\/ati\/wp-json\/wp\/v2\/pages\/1039\/revisions\/1584"}],"wp:attachment":[{"href":"https:\/\/sites.uel.br\/ati\/wp-json\/wp\/v2\/media?parent=1039"}],"curies":[{"name":"wp","href":"https:\/\/api.w.org\/{rel}","templated":true}]}}