{"id":1026,"date":"2021-06-17T10:49:20","date_gmt":"2021-06-17T13:49:20","guid":{"rendered":"https:\/\/sites.uel.br\/ati\/?page_id=1026"},"modified":"2023-01-31T14:21:24","modified_gmt":"2023-01-31T17:21:24","slug":"dsrs","status":"publish","type":"page","link":"https:\/\/sites.uel.br\/ati\/dsrs\/","title":{"rendered":"Diretoria de Suporte a Redes e Sistemas (DSRS)"},"content":{"rendered":"\n<hr class=\"wp-block-separator is-style-wide\" \/>\n\n\n\n<div style=\"height:30px\" aria-hidden=\"true\" class=\"wp-block-spacer\"><\/div>\n\n\n\n<p>Cabe \u00e0 Diretoria de Suporte a Redes e Sistemas (DSRS) executar as atividades de suporte t\u00e9cnico, configura\u00e7\u00e3o, manuten\u00e7\u00e3o e implanta\u00e7\u00e3o de infra-estrutura de redes, bancos de dados, sistemas operacionais e softwares de apoio \u00e0 execu\u00e7\u00e3o dos sistemas de aplica\u00e7\u00e3o da UEL.<\/p>\n\n\n\n<div style=\"height:30px\" aria-hidden=\"true\" class=\"wp-block-spacer\"><\/div>\n\n\n\n<p><\/p>\n","protected":false},"excerpt":{"rendered":"<p>Cabe \u00e0 Diretoria de Suporte a Redes e Sistemas (DSRS) executar as atividades de suporte t\u00e9cnico, configura\u00e7\u00e3o, manuten\u00e7\u00e3o e implanta\u00e7\u00e3o de infra-estrutura de redes, bancos de dados, sistemas operacionais e softwares de apoio \u00e0 execu\u00e7\u00e3o dos sistemas de aplica\u00e7\u00e3o da UEL.<\/p>\n","protected":false},"author":10,"featured_media":0,"parent":0,"menu_order":0,"comment_status":"closed","ping_status":"closed","template":"","meta":{"_acf_changed":false,"_themeisle_gutenberg_block_has_review":false,"footnotes":""},"class_list":["post-1026","page","type-page","status-publish","hentry"],"acf":[],"_links":{"self":[{"href":"https:\/\/sites.uel.br\/ati\/wp-json\/wp\/v2\/pages\/1026","targetHints":{"allow":["GET"]}}],"collection":[{"href":"https:\/\/sites.uel.br\/ati\/wp-json\/wp\/v2\/pages"}],"about":[{"href":"https:\/\/sites.uel.br\/ati\/wp-json\/wp\/v2\/types\/page"}],"author":[{"embeddable":true,"href":"https:\/\/sites.uel.br\/ati\/wp-json\/wp\/v2\/users\/10"}],"replies":[{"embeddable":true,"href":"https:\/\/sites.uel.br\/ati\/wp-json\/wp\/v2\/comments?post=1026"}],"version-history":[{"count":2,"href":"https:\/\/sites.uel.br\/ati\/wp-json\/wp\/v2\/pages\/1026\/revisions"}],"predecessor-version":[{"id":2128,"href":"https:\/\/sites.uel.br\/ati\/wp-json\/wp\/v2\/pages\/1026\/revisions\/2128"}],"wp:attachment":[{"href":"https:\/\/sites.uel.br\/ati\/wp-json\/wp\/v2\/media?parent=1026"}],"curies":[{"name":"wp","href":"https:\/\/api.w.org\/{rel}","templated":true}]}}