{"id":1008,"date":"2021-06-17T10:28:18","date_gmt":"2021-06-17T13:28:18","guid":{"rendered":"https:\/\/sites.uel.br\/ati\/?page_id=1008"},"modified":"2021-10-28T17:25:04","modified_gmt":"2021-10-28T20:25:04","slug":"secretaria-executiva","status":"publish","type":"page","link":"https:\/\/sites.uel.br\/ati\/secretaria-executiva\/","title":{"rendered":"Secretaria Executiva"},"content":{"rendered":"\n<hr class=\"wp-block-separator is-style-wide\" \/>\n\n\n\n<div style=\"height:30px\" aria-hidden=\"true\" class=\"wp-block-spacer\"><\/div>\n\n\n\n<p>\u00c0 Secretaria Executiva compete: <\/p>\n\n\n\n<div style=\"height:30px\" aria-hidden=\"true\" class=\"wp-block-spacer\"><\/div>\n\n\n\n<ul class=\"wp-block-list\"><li>Assessorar e assistir a Assessor no \u00e2mbito de sua compet\u00eancia; <\/li><li>Atender o interesse p\u00fablico visando as necessidades do cidad\u00e3o; <\/li><li>Acompanhar e controlar o fluxo documental; <\/li><li>Gerenciar as informa\u00e7\u00f5es auxiliando o Assessor em suas tomadas de decis\u00f5es; <\/li><li>Otimizar processos administrativos servindo de canal entre o Assessor e os demais colaboradores na gest\u00e3o dos recursos humanos e financeiros; <\/li><li>Planejar e promover a\u00e7\u00f5es de gest\u00e3o e de moderniza\u00e7\u00e3o institucional.<\/li><\/ul>\n\n\n\n<div style=\"height:100px\" aria-hidden=\"true\" class=\"wp-block-spacer\"><\/div>\n","protected":false},"excerpt":{"rendered":"<p>\u00c0 Secretaria Executiva compete: Assessorar e assistir a Assessor no \u00e2mbito de sua compet\u00eancia; Atender o interesse p\u00fablico visando as necessidades do cidad\u00e3o; Acompanhar e controlar o fluxo documental; Gerenciar as informa\u00e7\u00f5es auxiliando o Assessor em suas tomadas de decis\u00f5es; Otimizar processos administrativos servindo de canal entre o Assessor e os demais colaboradores na gest\u00e3o [&hellip;]<\/p>\n","protected":false},"author":10,"featured_media":0,"parent":0,"menu_order":0,"comment_status":"closed","ping_status":"closed","template":"","meta":{"_acf_changed":false,"_themeisle_gutenberg_block_has_review":false,"footnotes":""},"class_list":["post-1008","page","type-page","status-publish","hentry"],"acf":[],"_links":{"self":[{"href":"https:\/\/sites.uel.br\/ati\/wp-json\/wp\/v2\/pages\/1008","targetHints":{"allow":["GET"]}}],"collection":[{"href":"https:\/\/sites.uel.br\/ati\/wp-json\/wp\/v2\/pages"}],"about":[{"href":"https:\/\/sites.uel.br\/ati\/wp-json\/wp\/v2\/types\/page"}],"author":[{"embeddable":true,"href":"https:\/\/sites.uel.br\/ati\/wp-json\/wp\/v2\/users\/10"}],"replies":[{"embeddable":true,"href":"https:\/\/sites.uel.br\/ati\/wp-json\/wp\/v2\/comments?post=1008"}],"version-history":[{"count":6,"href":"https:\/\/sites.uel.br\/ati\/wp-json\/wp\/v2\/pages\/1008\/revisions"}],"predecessor-version":[{"id":2222,"href":"https:\/\/sites.uel.br\/ati\/wp-json\/wp\/v2\/pages\/1008\/revisions\/2222"}],"wp:attachment":[{"href":"https:\/\/sites.uel.br\/ati\/wp-json\/wp\/v2\/media?parent=1008"}],"curies":[{"name":"wp","href":"https:\/\/api.w.org\/{rel}","templated":true}]}}