{"id":10,"date":"2021-04-16T14:10:30","date_gmt":"2021-04-16T17:10:30","guid":{"rendered":"https:\/\/sites.uel.br\/ati\/?page_id=10"},"modified":"2025-08-18T17:28:08","modified_gmt":"2025-08-18T20:28:08","slug":"atendimento","status":"publish","type":"page","link":"https:\/\/sites.uel.br\/ati\/atendimento\/","title":{"rendered":"Canais de Atendimento"},"content":{"rendered":"\n<hr class=\"wp-block-separator has-css-opacity is-style-wide\" \/>\n\n\n\n<div style=\"height:30px\" aria-hidden=\"true\" class=\"wp-block-spacer\"><\/div>\n\n\n\n<p>Com o objetivo de aprimorar a gest\u00e3o e a qualidade do atendimento, informamos que a partir do dia <strong>20\/03\/2020<\/strong> todos os servi\u00e7os solicitados \u00e0 Assessoria de Tecnologia da Informa\u00e7\u00e3o (ATI) dever\u00e3o ser realizados por meio do\u00a0<strong><a href=\"https:\/\/sistemas.uel.br\/atendimento\/\" target=\"_blank\" rel=\"noreferrer noopener\"> Atendimento UEL<\/a>.<\/strong><br><br>Atendimentos presenciais pelas equipes especializadas (sistemas e infraestrutura) ser\u00e3o realizados somente com <strong>agendamento pr\u00e9vio<\/strong> (indique esta necessidade na descri\u00e7\u00e3o da solicita\u00e7\u00e3o).<\/p>\n\n\n\n<div style=\"height:30px\" aria-hidden=\"true\" class=\"wp-block-spacer\"><\/div>\n\n\n\n<hr class=\"wp-block-separator has-css-opacity is-style-wide\" \/>\n\n\n\n<div style=\"height:30px\" aria-hidden=\"true\" class=\"wp-block-spacer\"><\/div>\n\n\n\n<p class=\"has-text-align-center\"><strong>Nossos Canais de Atendimento<\/strong><\/p>\n\n\n\n<div style=\"height:30px\" aria-hidden=\"true\" class=\"wp-block-spacer\"><\/div>\n\n\n\n<figure class=\"wp-block-table is-style-stripes\"><table><tbody><tr><td class=\"has-text-align-center\" data-align=\"center\"><img loading=\"lazy\" decoding=\"async\" width=\"225\" height=\"171\" class=\"wp-image-2747\" style=\"width: 60px\" src=\"https:\/\/sites.uel.br\/ati\/wp-content\/uploads\/2022\/11\/logo-email.jpg\" alt=\"\"><\/td><td class=\"has-text-align-center\" data-align=\"center\">E-mail: <a href=\"http:\/\/email.uel.br\" data-type=\"URL\" data-id=\"email.uel.br\" target=\"_blank\" rel=\"noreferrer noopener\"><strong>ati.atendimento@uel.br<\/strong><\/a><\/td><\/tr><tr><td class=\"has-text-align-center\" data-align=\"center\"><img decoding=\"async\" src=\"https:\/\/lh5.googleusercontent.com\/9cMUTob0WR9UO1bs7U-YOYK5Uo_l9igd3TGHNGXXB2rrpmxBR5TVLB5vn7cwpHJjeGWEn0XALtJCKfXAoP4wsFYJ-XOxoDghCPADhwcijAdTlOLxT8s9BMtxJbH6iGqg4k7QxfpY\"><\/td><td class=\"has-text-align-center\" data-align=\"center\"><a rel=\"noreferrer noopener\" href=\"https:\/\/sistemas.uel.br\/atendimento\/\" target=\"_blank\"><strong>https:\/\/sistemas.uel.br\/atendimento\/<\/strong><\/a><br>Exclusivo para servidores da UEL<\/td><\/tr><\/tbody><\/table><\/figure>\n\n\n\n<p><\/p>\n","protected":false},"excerpt":{"rendered":"<p>Com o objetivo de aprimorar a gest\u00e3o e a qualidade do atendimento, informamos que a partir do dia 20\/03\/2020 todos os servi\u00e7os solicitados \u00e0 Assessoria de Tecnologia da Informa\u00e7\u00e3o (ATI) dever\u00e3o ser realizados por meio do\u00a0 Atendimento UEL. Atendimentos presenciais pelas equipes especializadas (sistemas e infraestrutura) ser\u00e3o realizados somente com agendamento pr\u00e9vio (indique esta necessidade [&hellip;]<\/p>\n","protected":false},"author":5,"featured_media":0,"parent":0,"menu_order":0,"comment_status":"closed","ping_status":"closed","template":"","meta":{"_acf_changed":false,"_themeisle_gutenberg_block_has_review":false,"footnotes":""},"class_list":["post-10","page","type-page","status-publish","hentry"],"acf":[],"_links":{"self":[{"href":"https:\/\/sites.uel.br\/ati\/wp-json\/wp\/v2\/pages\/10","targetHints":{"allow":["GET"]}}],"collection":[{"href":"https:\/\/sites.uel.br\/ati\/wp-json\/wp\/v2\/pages"}],"about":[{"href":"https:\/\/sites.uel.br\/ati\/wp-json\/wp\/v2\/types\/page"}],"author":[{"embeddable":true,"href":"https:\/\/sites.uel.br\/ati\/wp-json\/wp\/v2\/users\/5"}],"replies":[{"embeddable":true,"href":"https:\/\/sites.uel.br\/ati\/wp-json\/wp\/v2\/comments?post=10"}],"version-history":[{"count":35,"href":"https:\/\/sites.uel.br\/ati\/wp-json\/wp\/v2\/pages\/10\/revisions"}],"predecessor-version":[{"id":3475,"href":"https:\/\/sites.uel.br\/ati\/wp-json\/wp\/v2\/pages\/10\/revisions\/3475"}],"wp:attachment":[{"href":"https:\/\/sites.uel.br\/ati\/wp-json\/wp\/v2\/media?parent=10"}],"curies":[{"name":"wp","href":"https:\/\/api.w.org\/{rel}","templated":true}]}}