{"id":850,"date":"2024-11-18T17:34:18","date_gmt":"2024-11-18T20:34:18","guid":{"rendered":"https:\/\/sites.uel.br\/ari\/?page_id=850"},"modified":"2025-11-28T11:30:47","modified_gmt":"2025-11-28T14:30:47","slug":"erasmus","status":"publish","type":"page","link":"https:\/\/sites.uel.br\/ari\/erasmus\/","title":{"rendered":"Erasmus+"},"content":{"rendered":"\n<figure class=\"wp-block-image is-resized\"><img decoding=\"async\" src=\"https:\/\/lh7-rt.googleusercontent.com\/docsz\/AD_4nXdQ0qKL-Y19Xax6a61poMujzCa03JF6pzh1fOgXO3BJ7Fn2nrWYmudSKz7CbMA-NWv-jPzzDO5_mSrgfZSg2fvP8Jvit9_nBt2iaqcf9fbE3JOLqQTMKojV0yA7uIyreXMlkmB7?key=6eqR_VUfBw2wuVtEcjvA2o8Y\" alt=\"\" style=\"width:1062px;height:auto\"\/><\/figure>\n\n\n\n<p><\/p>\n\n\n\n<p class=\"has-medium-font-size\">H\u00e1 mais de 30 anos, a Europa financia o programa Erasmus. Isso permitiu que mais de 3 milh\u00f5es de estudantes europeus passassem parte de seus estudos em uma institui\u00e7\u00e3o de ensino superior (IES) diferente da sua, em outros pa\u00edses da Europa.<\/p>\n\n\n\n<p class=\"has-text-align-left has-medium-font-size\">Desde 2015, o Erasmus abriu suas portas para o resto do mundo, oferecendo \u00e0s pessoas e organiza\u00e7\u00f5es de pa\u00edses n\u00e3o europeus a oportunidade de participar do programa. Por meio da A\u00e7\u00e3o-chave 1 do programa (KA 107 e KA 171) Mobilidade Internacional de Cr\u00e9ditos \u2013 International Credit Mobility (ICM), estudantes e membros do corpo docente e administrativo podem realizar um per\u00edodo de mobilidade em qualquer pa\u00eds parceiro em outros continentes.<\/p>\n\n\n\n<p><\/p>\n\n\n\n<p><strong>A\u00e7\u00e3o-chave 171 (2024 &#8211; 2027)<\/strong><\/p>\n\n\n\n<p>Este projeto, financiado pelo Programa Erasmus+ sob a A\u00e7\u00e3o-chave 1 (KA 171) Mobilidade Internacional de Cr\u00e9ditos (ICM), tem como objetivo promover a mobilidade de estudantes, professores e pessoal t\u00e9cnico-administrativo de IES europeias para destinos fora da Uni\u00e3o Europeia, bem como permitir que IES europeias recebam estudantes de IES de fora da Uni\u00e3o Europeia.<\/p>\n\n\n\n<h3 class=\"wp-block-heading\">Objetivos<\/h3>\n\n\n\n<ul class=\"wp-block-list\">\n<li>Criar um ambiente multicultural e multil\u00edngue, a fim de quebrar barreiras lingu\u00edsticas e incentivar o desenvolvimento cient\u00edfico;<\/li>\n<\/ul>\n\n\n\n<ul class=\"wp-block-list\">\n<li>Apoiar a internacionaliza\u00e7\u00e3o do perfil individual de alunos, professores e funcion\u00e1rios t\u00e9cnico-administrativos;<\/li>\n<\/ul>\n\n\n\n<ul class=\"wp-block-list\">\n<li>Promover valores de inclus\u00e3o, transpar\u00eancia e n\u00e3o discrimina\u00e7\u00e3o, em conformidade com os princ\u00edpios da Carta Erasmus para o Ensino Superior (CEES);<\/li>\n<\/ul>\n\n\n\n<ul class=\"wp-block-list\">\n<li>Estabelecer bases s\u00f3lidas para a implementa\u00e7\u00e3o de atividades acad\u00eamicas conjuntas, como projetos de pesquisa e cursos de forma\u00e7\u00e3o para a concess\u00e3o de duplos diplomas;<\/li>\n<\/ul>\n\n\n\n<ul class=\"wp-block-list\">\n<li>Incentivar a internacionaliza\u00e7\u00e3o em casa.<\/li>\n<\/ul>\n\n\n\n<p><\/p>\n\n\n\n<p><strong>Destinat\u00e1rios<\/strong><\/p>\n\n\n\n<ul class=\"wp-block-list\">\n<li>Alunos matriculados em cursos de gradua\u00e7\u00e3o e p\u00f3s-gradua\u00e7\u00e3o;<\/li>\n\n\n\n<li>Docentes;<\/li>\n\n\n\n<li>Agentes Universit\u00e1rios<\/li>\n<\/ul>\n\n\n\n<p>O projeto inclui vinte universidades de catorze pa\u00edses: Alb\u00e2nia, Angola, Arm\u00eania, Brasil, Equador, Ge\u00f3rgia, It\u00e1lia, Marrocos, Montenegro, Mo\u00e7ambique, Peru, Taiwan, Tun\u00edsia, Vietn\u00e3.<\/p>\n\n\n\n<figure class=\"wp-block-image\"><img decoding=\"async\" src=\"https:\/\/lh7-rt.googleusercontent.com\/docsz\/AD_4nXfpqVq0Jpixnpw-8DhnXYR7s4rNS8ob9Jk4LjvkaHXIzgM3Q-fAjgxw6rYFlyq963KdDQPMYOfPdPTTAkS0LtfXc_nsJ8V_2pyzSM-8GxSrhUwv14kOX0TeO7meh5B3N_xMtcJEWw?key=6eqR_VUfBw2wuVtEcjvA2o8Y\" alt=\"\"\/><\/figure>\n\n\n\n<p><strong>KA171 \u2013 CHAMADA 2024 (UEL e UNINT)<\/strong><\/p>\n\n\n\n<p class=\"has-text-align-left\"><strong>UEL <\/strong>entrou como parceira da <strong>UNINT<\/strong> &#8211;<strong> <em>Universit\u00e0 degli Studi Internazionali de Roma <\/em>(It\u00e1lia) na Chamada 2024 sob o Acordo Bilateral vigente (2021 a 2026)<\/strong><\/p>\n\n\n\n<p class=\"has-text-align-left\"><strong>Protocolo de Inten\u00e7\u00f5es | Memorandum of Understanding<\/strong><\/p>\n\n\n\n<p class=\"has-text-align-left\">Amplo espectro | University-wide<\/p>\n\n\n\n<p class=\"has-text-align-left\"><strong>Acordo de Mobilidade | Mobility Agreement<\/strong><\/p>\n\n\n\n<p class=\"has-text-align-left\">Letras e Ci\u00eancias Humanas | Letters and Humanities<\/p>\n\n\n\n<p><\/p>\n\n\n\n<p class=\"has-text-align-left\"><strong>Informa\u00e7\u00f5es adicionais:<\/strong><\/p>\n\n\n\n<ul class=\"wp-block-list\">\n<li><strong>Folheto KA 171 (2024-2027): <\/strong> <a href=\"https:\/\/encurtador.com.br\/kD22a\">https:\/\/encurtador.com.br\/kD22a<\/a><\/li>\n<\/ul>\n\n\n\n<ul class=\"wp-block-list\">\n<li><strong>Informa\u00e7\u00f5es sobre o KA 171 &#8211; Chamada de 2024: <\/strong><a href=\"https:\/\/encurtador.com.br\/UrPwD\">https:\/\/encurtador.com.br\/UrPwD<\/a><\/li>\n<\/ul>\n\n\n\n<p class=\"has-text-align-left\">A UNINT \u00e9 bastante flex\u00edvel, permitindo que os alunos ingressantes escolham cursos tanto dos programas de bacharelado quanto de mestrado, assim como de todos os cursos oferecidos pela UNINT.<\/p>\n\n\n\n<ul class=\"wp-block-list\">\n<li><strong>Cat\u00e1logo de cursos:<\/strong> <a href=\"https:\/\/encurtador.com.br\/khj5W\">https:\/\/encurtador.com.br\/khj5W<\/a><\/li>\n<\/ul>\n\n\n\n<ul class=\"wp-block-list\">\n<li><strong>Site de mobilidade inbound da UNINT<\/strong>: <a href=\"https:\/\/encurtador.com.br\/DacVK\">https:\/\/encurtador.com.br\/DacVK<\/a><\/li>\n<\/ul>\n\n\n\n<ul class=\"wp-block-list\">\n<li><strong>UNINT Fact Sheet<\/strong>: <a href=\"https:\/\/encurtador.com.br\/2sjqS\">https:\/\/encurtador.com.br\/2sjqS<\/a><\/li>\n<\/ul>\n\n\n\n<p><\/p>\n\n\n\n<p><\/p>\n\n\n\n<p><\/p>\n\n\n\n<p class=\"has-text-align-left\">Os editais de mobilidade foram redigidos em ingl\u00eas e compartilhados com a UNINT.<\/p>\n\n\n\n<p class=\"has-text-align-left\">Todo candidato ao Erasmus+ foi ser selecionado por meio de um edital p\u00fablico.<\/p>\n\n\n\n<p><\/p>\n\n\n\n<p><\/p>\n\n\n\n<p>_______________________________________________________________________________________<\/p>\n\n\n\n<p><strong>Mobilidade docente &#8211; <em>Teaching staff mobility<\/em><\/strong><\/p>\n\n\n\n<p>Mobilidade acad\u00eamica docente de 5 a 7 dias de trabalho presencial na <em>Universit\u00e0 degli Studi Internazionali di Roma<\/em> (UNINT) entre o intervalo de 01 de fevereiro a 31 de maio de 2026.<\/p>\n\n\n\n<p>\u00c1reas: Economia, Linguagens, Ci\u00eancia Pol\u00edtica e\/ou Psicologia.<\/p>\n\n\n\n<p>Benef\u00edcios: \u20ac190,00 por dia + subs\u00eddio de viagem<\/p>\n\n\n\n<p>Per\u00edodo de inscri\u00e7\u00f5es: 22\/09\/2025 a 11\/11\/2025<\/p>\n\n\n\n<p>Resultado final: 11\/11\/2025<\/p>\n\n\n\n<ul class=\"wp-block-list\">\n<li><strong>Edital de sele\u00e7\u00e3o: <\/strong><a href=\"https:\/\/drive.google.com\/file\/d\/1sRL8XgK9WxiK2tMpoy_mAtBQmjyR0qiL\/view\" target=\"_blank\" rel=\"noreferrer noopener\">Edital ARI\/ERASMUS+ No 001\/2025<\/a> <em>(publicado em 22\/09\/2025)<\/em><\/li>\n\n\n\n<li><strong>Edital de resultado preliminar:<\/strong> <a href=\"https:\/\/drive.google.com\/file\/d\/1aCh_zYsXDpt6oRwrdtqkyn9RDTMpMW0H\/view?usp=sharing\" target=\"_blank\" rel=\"noreferrer noopener\">Edital ARI\/ERASMUS+ No 002\/2025<\/a> <em>(publicado em 07\/11\/2025)<\/em><\/li>\n\n\n\n<li><strong>Edital de resultado final:<\/strong> <a href=\"https:\/\/drive.google.com\/file\/d\/16GQHh7gEFTw-om7TF6T-kcu4mgDljkTC\/view?usp=sharing\" target=\"_blank\" rel=\"noreferrer noopener\">Edital ARI\/ERASMUS+ No 003\/2025<\/a> <em>(publicado em 11\/11\/2025)<\/em><\/li>\n<\/ul>\n\n\n\n<p>_______________________________________________________________________________________<\/p>\n\n\n\n<p><strong>Mobilidade discente (gradua\u00e7\u00e3o)<\/strong><\/p>\n\n\n\n<p>Mobilidade acad\u00eamica estudantil em n\u00edvel de gradua\u00e7\u00e3o de at\u00e9 5 meses na <em>Universit\u00e0 degli Studi Internazionali di Roma<\/em> (UNINT) no primeiro semestre letivo europeu de 2025.<\/p>\n\n\n\n<p>Cursos: Economia Internacional e Gest\u00e3o Digital <em>(International Economics and Digital Management)<\/em>; L\u00ednguas para Interpreta\u00e7\u00e3o e Tradu\u00e7\u00e3o <em>(Languages for Interpreting and Translation)<\/em>; Ci\u00eancia Pol\u00edtica, Seguran\u00e7a Internacional e Crime <em>(Political Science, International Security and Crime)<\/em>.<\/p>\n\n\n\n<p>Benef\u00edcios: \u20ac900,00 por m\u00eas + subs\u00eddio de viagem (mais \u20ac250,00 por m\u00eas em caso de estudantes com menos oportunidades)<\/p>\n\n\n\n<p>Per\u00edodo de inscri\u00e7\u00f5es: 13\/05 a 08\/06\/2025<\/p>\n\n\n\n<p>Resultado final: 18\/06\/2025<\/p>\n\n\n\n<ul class=\"wp-block-list\">\n<li><strong>Edital de sele\u00e7\u00e3o:<\/strong> <a href=\"https:\/\/drive.google.com\/file\/d\/1xXSCEd5xQj9NQTkNppqTnqkNszOkofD0\/view?usp=sharing\" data-type=\"link\" data-id=\"https:\/\/drive.google.com\/file\/d\/1xXSCEd5xQj9NQTkNppqTnqkNszOkofD0\/view?usp=sharing\" target=\"_blank\" rel=\"noreferrer noopener\">Edital ARI\/PROGRAD\/ERASMUS+ No 001\/2025<\/a> <em>(publicado em 13\/05\/2025)<\/em><\/li>\n\n\n\n<li><strong>Edital de resultado preliminar:<\/strong> <a href=\"https:\/\/drive.google.com\/file\/d\/1_s3-xt-CaC8WqK9uKp6jnjJp_Th68IOP\/view?usp=sharing\" data-type=\"link\" data-id=\"https:\/\/drive.google.com\/file\/d\/1xXSCEd5xQj9NQTkNppqTnqkNszOkofD0\/view?usp=sharing\" target=\"_blank\" rel=\"noreferrer noopener\">Edital ARI\/PROGRAD\/ERASMUS+ No 002\/2025<\/a> <em>(publicado em 13\/06\/2025)<\/em><\/li>\n\n\n\n<li><strong>Edital de resultado final:<\/strong> <a href=\"https:\/\/drive.google.com\/file\/d\/1o4cmqjeTGwh7bW0KwIxX0pjPoTxlc5nl\/view?usp=sharing\" data-type=\"link\" data-id=\"https:\/\/drive.google.com\/file\/d\/1xXSCEd5xQj9NQTkNppqTnqkNszOkofD0\/view?usp=sharing\" target=\"_blank\" rel=\"noreferrer noopener\">Edital ARI\/PROGRAD\/ERASMUS+ No 003\/2025<\/a> <em>(publicado em 18\/06\/2025)<\/em><\/li>\n<\/ul>\n\n\n\n<p><\/p>\n\n\n\n<figure class=\"wp-block-image\"><img decoding=\"async\" src=\"https:\/\/lh7-rt.googleusercontent.com\/docsz\/AD_4nXcNnFZNmW3i72zfBRGRuHMV7Ib6f2AfrPvW8ot35Czpeq1VgDragR8a6nenK3IPQvAGhUb8Q5OA-fGYmou0DintmDvhS1bFyhvLLq1PakhIfQXgOiLHlBg4AaYJC_Hzb2WA9rec?key=6eqR_VUfBw2wuVtEcjvA2o8Y\" alt=\"\"\/><\/figure>\n","protected":false},"excerpt":{"rendered":"<p>H\u00e1 mais de 30 anos, a Europa financia o programa Erasmus. Isso permitiu que mais de 3 milh\u00f5es de estudantes europeus passassem parte de seus estudos em uma institui\u00e7\u00e3o de ensino superior (IES) diferente da sua, em outros pa\u00edses da Europa. Desde 2015, o Erasmus abriu suas portas para o resto do mundo, oferecendo \u00e0s [&hellip;]<\/p>\n","protected":false},"author":15,"featured_media":0,"parent":0,"menu_order":0,"comment_status":"closed","ping_status":"closed","template":"","meta":{"_acf_changed":false,"_themeisle_gutenberg_block_has_review":false,"footnotes":""},"class_list":["post-850","page","type-page","status-publish","hentry"],"acf":[],"_links":{"self":[{"href":"https:\/\/sites.uel.br\/ari\/wp-json\/wp\/v2\/pages\/850","targetHints":{"allow":["GET"]}}],"collection":[{"href":"https:\/\/sites.uel.br\/ari\/wp-json\/wp\/v2\/pages"}],"about":[{"href":"https:\/\/sites.uel.br\/ari\/wp-json\/wp\/v2\/types\/page"}],"author":[{"embeddable":true,"href":"https:\/\/sites.uel.br\/ari\/wp-json\/wp\/v2\/users\/15"}],"replies":[{"embeddable":true,"href":"https:\/\/sites.uel.br\/ari\/wp-json\/wp\/v2\/comments?post=850"}],"version-history":[{"count":33,"href":"https:\/\/sites.uel.br\/ari\/wp-json\/wp\/v2\/pages\/850\/revisions"}],"predecessor-version":[{"id":2088,"href":"https:\/\/sites.uel.br\/ari\/wp-json\/wp\/v2\/pages\/850\/revisions\/2088"}],"wp:attachment":[{"href":"https:\/\/sites.uel.br\/ari\/wp-json\/wp\/v2\/media?parent=850"}],"curies":[{"name":"wp","href":"https:\/\/api.w.org\/{rel}","templated":true}]}}