{"id":739,"date":"2024-08-05T08:40:11","date_gmt":"2024-08-05T11:40:11","guid":{"rendered":"https:\/\/sites.uel.br\/ari\/?page_id=739"},"modified":"2026-04-08T17:47:45","modified_gmt":"2026-04-08T20:47:45","slug":"pagina-inicial","status":"publish","type":"page","link":"https:\/\/sites.uel.br\/ari\/","title":{"rendered":"P\u00e1gina Inicial"},"content":{"rendered":"\n<div class=\"wp-block-columns is-layout-flex wp-container-core-columns-is-layout-9d6595d7 wp-block-columns-is-layout-flex\">\n<div class=\"wp-block-column is-layout-flow wp-block-column-is-layout-flow\" style=\"flex-basis:66.66%\">\n<div class=\"wp-block-uel-card\">\n<h3 class=\"wp-block-heading is-style-highlighted-heading\">EDITAIS<\/h3>\n\n\n\n<hr class=\"wp-block-separator has-alpha-channel-opacity is-style-wide\"\/>\n\n\n<div class=\"editais-block\"><div class=\"col-md-4\"><a class=\"editais-block__item-block\" href=\"https:\/\/drive.google.com\/file\/d\/1-y_b2-M-CknEkx2c4Da9-bkCT99YIb7E\/view?usp=sharing\"><div class=\"editais-block__titulo\"><span>EDITAL ARI \/ NECJ N\u00b0 004\/2026<\/span><\/div><div class=\"editais-block__resumo\"><span>SELE\u00c7\u00c3O PARA MOBILIDADE ACAD\u00caMICA INTERNACIONAL MEIO UNIVERSITY &#8211; JAP\u00c3O<\/span><\/div><div class=\"editais-block__publicado\"><span>5 dias atr\u00e1s<\/span><\/div><\/a><\/div><div class=\"col-md-4\"><a class=\"editais-block__item-block\" href=\"https:\/\/drive.google.com\/file\/d\/17YctyCcQca46SlQ-8Cfe7dEO9jtiCn-3\/view?usp=sharing\"><div class=\"editais-block__titulo\"><span>EDITAL ARI\/SETI\/UEF N\u00b0 013\/2026<\/span><\/div><div class=\"editais-block__resumo\"><span>RESULTADO FINAL DA SELE\u00c7\u00c3O DE TEXTOS ACAD\u00caMICO-CIENT\u00cdFICOS PARA SERVI\u00c7OS DE TRADU\u00c7\u00c3O E REVIS\u00c3O EM L\u00cdNGUA INGLESA, PELO PROJETO: POL\u00cdTICA DE INTERNACIONALIZA\u00c7\u00c3O EM CASA &#8211; UEL (SETI \/ UEF).<\/span><\/div><div class=\"editais-block__publicado\"><span>2 semanas atr\u00e1s<\/span><\/div><\/a><\/div><div class=\"col-md-4\"><a class=\"editais-block__item-block\" href=\"https:\/\/drive.google.com\/file\/d\/1Sjlkw6cxTwFW98jo_P1ZitNrqQ2t8yih\/view?usp=sharing\"><div class=\"editais-block__titulo\"><span>EDITAL PROGRAD\/ARI N\u00ba 004\/2026<\/span><\/div><div class=\"editais-block__resumo\"><span>Concess\u00e3o de bolsas para mobilidade acad\u00eamica internacional de estudantes estrangeiros de Gradua\u00e7\u00e3o, no \u00e2mbito do Programa de Mobilidade Zicosur Universit\u00e1rio &#8211; Desenvolvimento Territorial Sustent\u00e1vel\/ Miss\u00f5es de Estudos: Incoming \u2013 Alunos e Pesquisadores Estrangeiros.\r\n<\/span><\/div><div class=\"editais-block__publicado\"><span>2 semanas atr\u00e1s<\/span><\/div><\/a><\/div><div class=\"col-md-4\"><a class=\"editais-block__item-block\" href=\"https:\/\/drive.google.com\/file\/d\/1QWMB4NM-jogv_z618EuPLzoTaXyZYS54\/view?usp=sharing\"><div class=\"editais-block__titulo\"><span>EDITAL ARI\/SETI\/UEF 012\/2026  &#8211; PROJETO POL\u00cdTICA DE INTERNACIONALIZA\u00c7\u00c3O EM CASA &#8211; UEL<\/span><\/div><div class=\"editais-block__resumo\"><span>RESULTADO PRELIMINAR DA SELE\u00c7\u00c3O DE TEXTOS ACAD\u00caMICO-CIENT\u00cdFICOS PARA SERVI\u00c7OS DE TRADU\u00c7\u00c3O E REVIS\u00c3O EM L\u00cdNGUA INGLESA, PELO PROJETO: POL\u00cdTICA DE INTERNACIONALIZA\u00c7\u00c3O EM CASA &#8211; UEL (SETI \/ UEF).<\/span><\/div><div class=\"editais-block__publicado\"><span>2 semanas atr\u00e1s<\/span><\/div><\/a><\/div><div class=\"clearfix\" style=\"width: 100%;\"><\/div><a href=\"https:\/\/sites.uel.br\/ari\/editais\/\" class=\"mt-4 editais__todas\">Ver mais<\/a><\/div><\/div>\n\n\n\n<div class=\"wp-block-uel-card\">\n<h3 class=\"wp-block-heading is-style-highlighted-heading\">NOT\u00cdCIAS<\/h3>\n\n\n\n<hr class=\"wp-block-separator has-alpha-channel-opacity is-style-wide\"\/>\n\n\n<div class=\"noticias-recentes\"><a class=\"noticia-padrao d-flex flex-column flex-md-row align-items-start\" href=\"https:\/\/sites.uel.br\/ari\/sem-categoria-pt\/2025\/12\/05\/formalizacao-de-parcerias-internacionais-cronograma-de-fluxo\/\"><article class=\"ml-0 ml-md-2 corpo-noticia-padrao\"><p class=\"antetitulo mb-0\"><\/p><p class=\"titulo mb-2\">Formaliza\u00e7\u00e3o de parcerias internacionais: Cronograma de fluxo<\/p><p class=\"descricao\">\u00c9 com muito orgulho e alegria que a ARI registra um crescimento exponencial na demanda por servi\u00e7os, programas e articula\u00e7\u00f5es institucionais relacionados ao contexto de internacionaliza\u00e7\u00e3o da UEL! Isto \u00e9 um demonstrativo do comprometimento da universidade com a internacionaliza\u00e7\u00e3o e resultado da amplia\u00e7\u00e3o de suas a\u00e7\u00f5es. No entanto, junto a esta amplia\u00e7\u00e3o, faz-se necess\u00e1ria a [&hellip;]<\/p><\/article><\/a><hr class=\"mt-2 mb-2 d-none d-md-block\"><a class=\"noticia-padrao d-flex flex-column flex-md-row align-items-start\" href=\"https:\/\/sites.uel.br\/ari\/sem-categoria-pt\/2025\/11\/19\/formacao-para-servidores-publicos-rede-global-lanca-curso-online-gratuito-sobre-inteligencia-artificial\/\"><article class=\"ml-0 ml-md-2 corpo-noticia-padrao\"><p class=\"antetitulo mb-0\"><\/p><p class=\"titulo mb-2\">Forma\u00e7\u00e3o para \u00a0Servidores P\u00fablicos: rede global lan\u00e7a Curso Online Gratuito sobre Intelig\u00eancia Artificial<\/p><p class=\"descricao\">Segundo o Banco Mundial, o setor p\u00fablico emprega um ter\u00e7o da for\u00e7a de trabalho global. No entanto, menos da metade dos pa\u00edses do mundo integrou a intelig\u00eancia artificial (IA) em suas estrat\u00e9gias nacionais de governo eletr\u00f4nico, e apenas 21% abordam seu uso \u00e9tico na administra\u00e7\u00e3o p\u00fablica (UN DESA, 2024). Como resultado, milh\u00f5es de servidores p\u00fablicos [&hellip;]<\/p><\/article><\/a><hr class=\"mt-2 mb-2 d-none d-md-block\"><a class=\"noticia-padrao d-flex flex-column flex-md-row align-items-start\" href=\"https:\/\/sites.uel.br\/ari\/sem-categoria-pt\/2025\/11\/06\/inscricoes-abertas-para-o-xx-congresso-internacional-do-fomerco-participe-online-ou-presencialmente\/\"><article class=\"ml-0 ml-md-2 corpo-noticia-padrao\"><p class=\"antetitulo mb-0\"><\/p><p class=\"titulo mb-2\">Inscri\u00e7\u00f5es Abertas para o XX Congresso Internacional do FoMerco \u2013 Participe Online ou Presencialmente!<\/p><p class=\"descricao\">A Assessoria de Rela\u00e7\u00f5es Internacionais (ARI) da UEL informa sobre a abertura das inscri\u00e7\u00f5es para o 20\u00b0 Congresso Acad\u00eamico do FoMerco (F\u00f3rum Universit\u00e1rio Mercosul). O evento, que ser\u00e1 realizado em parceria com a 30\u00b0 C\u00fapula de Mercocidades, ocorrer\u00e1 na primeira semana de dezembro de 2025, em Niter\u00f3i, Rio de Janeiro. Neste ano, o congresso prioriza [&hellip;]<\/p><\/article><\/a><hr class=\"mt-2 mb-2 d-none d-md-block\"><a class=\"noticia-padrao d-flex flex-column flex-md-row align-items-start\" href=\"https:\/\/sites.uel.br\/ari\/sem-categoria-pt\/2025\/09\/22\/uel-busca-fortalecer-lacos-com-nova-zelandia-em-missao-internacional\/\"><article class=\"ml-0 ml-md-2 corpo-noticia-padrao\"><p class=\"antetitulo mb-0\"><\/p><p class=\"titulo mb-2\">UEL busca fortalecer la\u00e7os com Nova Zel\u00e2ndia em miss\u00e3o internacional<\/p><p class=\"descricao\">A Universidade Estadual de Londrina (UEL) recebeu, na quarta-feira (17\/09), uma delega\u00e7\u00e3o composta por representantes de universidades da Nova Zel\u00e2ndia. A visita, coordenada no Brasil pela Secretaria da Ci\u00eancia, Tecnologia e Ensino Superior (SETI) fez parte da &#8220;International Mission Paran\u00e1\/New Zealand: cooperation for a sustainable future&#8221;, cujo prop\u00f3sito \u00e9 consolidar parcerias acad\u00eamicas entre o pa\u00eds [&hellip;]<\/p><\/article><\/a><div class=\"clearfix\" style=\"width: 100%;\"><\/div><a href=\"https:\/\/sites.uel.br\/ari\/posts\" class=\"mt-4 noticias-recentes_todas\">Ver mais<\/a><\/div><\/div>\n\n\n\n<div class=\"wp-block-uel-card\">\n<h3 class=\"wp-block-heading is-style-highlighted-heading\">DESTAQUES<\/h3>\n\n\n\n<hr class=\"wp-block-separator has-alpha-channel-opacity is-style-wide\"\/>\n\n\n\n<div class=\"wp-block-columns is-layout-flex wp-container-core-columns-is-layout-9d6595d7 wp-block-columns-is-layout-flex\">\n<div class=\"wp-block-column is-layout-flow wp-block-column-is-layout-flow\"><div class=\"wp-block-image is-style-default\">\n<figure class=\"aligncenter size-full\"><a href=\"https:\/\/sites.uel.br\/ari\/wp-content\/uploads\/2025\/01\/CARROSSEIS-_-ARI-44-e1738087776435.jpg\"><img loading=\"lazy\" decoding=\"async\" width=\"1003\" height=\"660\" src=\"https:\/\/sites.uel.br\/ari\/wp-content\/uploads\/2025\/01\/CARROSSEIS-_-ARI-44-e1738087776435.jpg\" alt=\"\" class=\"wp-image-1594\" srcset=\"https:\/\/sites.uel.br\/ari\/wp-content\/uploads\/2025\/01\/CARROSSEIS-_-ARI-44-e1738087776435.jpg 1003w, https:\/\/sites.uel.br\/ari\/wp-content\/uploads\/2025\/01\/CARROSSEIS-_-ARI-44-e1738087776435-300x197.jpg 300w, https:\/\/sites.uel.br\/ari\/wp-content\/uploads\/2025\/01\/CARROSSEIS-_-ARI-44-e1738087776435-768x505.jpg 768w\" sizes=\"auto, (max-width: 1003px) 100vw, 1003px\" \/><\/a><\/figure>\n<\/div>\n\n\n<p class=\"has-text-align-center\"><a href=\"https:\/\/tinyurl.com\/4hj89zh5\" data-type=\"link\" data-id=\"https:\/\/drive.google.com\/file\/d\/19rattDDRRcfubzWVT6KcsCOzhwZVawZ_\/view?usp=sharing\" target=\"_blank\" rel=\"noreferrer noopener\">Bolsas &#8211; Cursos &#8211; Pr\u00eamios<\/a><\/p>\n\n\n\n<p class=\"has-text-align-center\"><a href=\"https:\/\/tinyurl.com\/464zmf7t\" data-type=\"link\" data-id=\"https:\/\/tinyurl.com\/4nzv8cwt\" target=\"_blank\" rel=\"noreferrer noopener\">Congressos &#8211; Confer\u00eancias &#8211; Est\u00e1gios &#8211; Empregos<\/a><\/p>\n<\/div>\n\n\n\n<div class=\"wp-block-column is-vertically-aligned-top is-layout-flow wp-block-column-is-layout-flow\">\n<figure class=\"wp-block-embed aligncenter is-type-video is-provider-youtube wp-block-embed-youtube wp-embed-aspect-16-9 wp-has-aspect-ratio\"><div class=\"wp-block-embed__wrapper\">\n<iframe loading=\"lazy\" title=\"Join Us! #BeUEL\" width=\"500\" height=\"281\" src=\"https:\/\/www.youtube.com\/embed\/ByGWhCRpt3s?feature=oembed\" frameborder=\"0\" allow=\"accelerometer; autoplay; clipboard-write; encrypted-media; gyroscope; picture-in-picture; web-share\" referrerpolicy=\"strict-origin-when-cross-origin\" allowfullscreen><\/iframe>\n<\/div><\/figure>\n\n\n\n<p class=\"has-text-align-center\">A UEL na voz de estudantes e pesquisadores internacionais.<\/p>\n\n\n\n<p><\/p>\n<\/div>\n<\/div>\n<\/div>\n\n\n\n<p class=\"has-verde-escuro-color has-text-color has-link-color wp-elements-62a94e616adbd4e9445618397c2ea4c5\"><\/p>\n\n\n\n<p class=\"has-verde-escuro-color has-text-color has-link-color wp-elements-62a94e616adbd4e9445618397c2ea4c5\"><\/p>\n<\/div>\n\n\n\n<div class=\"wp-block-column is-layout-flow wp-block-column-is-layout-flow\" style=\"flex-basis:25%\">\n<h3 class=\"wp-block-heading has-text-align-center\"><a href=\"https:\/\/sites.uel.br\/ari\/boletim-arinews\/\" data-type=\"link\" data-id=\"https:\/\/sites.uel.br\/ari\/boletim-arinews\/\">ARI<strong>NEWS<\/strong><\/a><\/h3>\n\n\n\n<div class=\"wp-block-group\"><div class=\"wp-block-group__inner-container is-layout-constrained wp-block-group-is-layout-constrained\">\n<div class=\"wp-block-group\"><div class=\"wp-block-group__inner-container is-layout-constrained wp-block-group-is-layout-constrained\">\n<div class=\"wp-block-group\"><div class=\"wp-block-group__inner-container is-layout-constrained wp-block-group-is-layout-constrained\">\n<figure class=\"wp-block-gallery has-nested-images columns-default is-cropped wp-block-gallery-1 is-layout-flex wp-block-gallery-is-layout-flex\">\n<figure class=\"wp-block-image size-full\"><a href=\"https:\/\/sites.uel.br\/ari\/boletim-arinews\/\"><img loading=\"lazy\" decoding=\"async\" width=\"1414\" height=\"2000\" data-id=\"2154\" src=\"https:\/\/sites.uel.br\/ari\/wp-content\/uploads\/2026\/04\/ARINEWS-Abril-2026.png\" alt=\"\" class=\"wp-image-2154\" srcset=\"https:\/\/sites.uel.br\/ari\/wp-content\/uploads\/2026\/04\/ARINEWS-Abril-2026.png 1414w, https:\/\/sites.uel.br\/ari\/wp-content\/uploads\/2026\/04\/ARINEWS-Abril-2026-212x300.png 212w, https:\/\/sites.uel.br\/ari\/wp-content\/uploads\/2026\/04\/ARINEWS-Abril-2026-724x1024.png 724w, https:\/\/sites.uel.br\/ari\/wp-content\/uploads\/2026\/04\/ARINEWS-Abril-2026-768x1086.png 768w, https:\/\/sites.uel.br\/ari\/wp-content\/uploads\/2026\/04\/ARINEWS-Abril-2026-1086x1536.png 1086w\" sizes=\"auto, (max-width: 1414px) 100vw, 1414px\" \/><\/a><\/figure>\n<\/figure>\n<\/div><\/div>\n<\/div><\/div>\n<\/div><\/div>\n\n\n\n<hr class=\"wp-block-separator has-alpha-channel-opacity is-style-wide\"\/>\n\n\n\n<h3 class=\"wp-block-heading has-text-align-center is-style-default\"><a href=\"https:\/\/sites.uel.br\/ari\/forinter\/\" data-type=\"link\" data-id=\"https:\/\/sites.uel.br\/ari\/forinter\/\">FORINTER<\/a><\/h3>\n\n\n\n<figure class=\"wp-block-image size-large\"><a href=\"https:\/\/sites.uel.br\/ari\/forinter\/\"><img loading=\"lazy\" decoding=\"async\" width=\"1024\" height=\"1024\" src=\"https:\/\/sites.uel.br\/ari\/wp-content\/uploads\/2025\/11\/WhatsApp-Image-2025-11-03-at-15.12.13-1024x1024.jpeg\" alt=\"\" class=\"wp-image-2053\" srcset=\"https:\/\/sites.uel.br\/ari\/wp-content\/uploads\/2025\/11\/WhatsApp-Image-2025-11-03-at-15.12.13-1024x1024.jpeg 1024w, https:\/\/sites.uel.br\/ari\/wp-content\/uploads\/2025\/11\/WhatsApp-Image-2025-11-03-at-15.12.13-300x300.jpeg 300w, https:\/\/sites.uel.br\/ari\/wp-content\/uploads\/2025\/11\/WhatsApp-Image-2025-11-03-at-15.12.13-150x150.jpeg 150w, https:\/\/sites.uel.br\/ari\/wp-content\/uploads\/2025\/11\/WhatsApp-Image-2025-11-03-at-15.12.13-768x768.jpeg 768w, https:\/\/sites.uel.br\/ari\/wp-content\/uploads\/2025\/11\/WhatsApp-Image-2025-11-03-at-15.12.13.jpeg 1237w\" sizes=\"auto, (max-width: 1024px) 100vw, 1024px\" \/><\/a><\/figure>\n\n\n\n<hr class=\"wp-block-separator has-alpha-channel-opacity is-style-wide\"\/>\n\n\n\n<h3 class=\"wp-block-heading has-text-align-center\"><a href=\"https:\/\/sites.uel.br\/ari\/cafe-intercultural-2\/\" data-type=\"link\" data-id=\"https:\/\/sites.uel.br\/ari\/cafe-intercultural-2\/\">CAF\u00c9 INTERCULTURAL<\/a><\/h3>\n\n\n\n<figure class=\"wp-block-gallery has-nested-images columns-default is-cropped wp-block-gallery-2 is-layout-flex wp-block-gallery-is-layout-flex\">\n<figure class=\"wp-block-image size-full\"><a href=\"https:\/\/sites.uel.br\/ari\/cafe-intercultural-2\/\"><img loading=\"lazy\" decoding=\"async\" width=\"1080\" height=\"1350\" data-id=\"2131\" src=\"https:\/\/sites.uel.br\/ari\/wp-content\/uploads\/2026\/03\/09.03-Convite-Cafe-Intercultural-13.06.jpeg\" alt=\"\" class=\"wp-image-2131\" srcset=\"https:\/\/sites.uel.br\/ari\/wp-content\/uploads\/2026\/03\/09.03-Convite-Cafe-Intercultural-13.06.jpeg 1080w, https:\/\/sites.uel.br\/ari\/wp-content\/uploads\/2026\/03\/09.03-Convite-Cafe-Intercultural-13.06-240x300.jpeg 240w, https:\/\/sites.uel.br\/ari\/wp-content\/uploads\/2026\/03\/09.03-Convite-Cafe-Intercultural-13.06-819x1024.jpeg 819w, https:\/\/sites.uel.br\/ari\/wp-content\/uploads\/2026\/03\/09.03-Convite-Cafe-Intercultural-13.06-768x960.jpeg 768w\" sizes=\"auto, (max-width: 1080px) 100vw, 1080px\" \/><\/a><\/figure>\n<\/figure>\n\n\n\n<hr class=\"wp-block-separator has-alpha-channel-opacity is-style-wide\"\/>\n<\/div>\n<\/div>\n\n\n\n<p><\/p>\n","protected":false},"excerpt":{"rendered":"<p>ARINEWS FORINTER CAF\u00c9 INTERCULTURAL<\/p>\n","protected":false},"author":2,"featured_media":0,"parent":0,"menu_order":0,"comment_status":"closed","ping_status":"closed","template":"","meta":{"_acf_changed":false,"_themeisle_gutenberg_block_has_review":false,"footnotes":""},"class_list":["post-739","page","type-page","status-publish","hentry"],"acf":[],"_links":{"self":[{"href":"https:\/\/sites.uel.br\/ari\/wp-json\/wp\/v2\/pages\/739","targetHints":{"allow":["GET"]}}],"collection":[{"href":"https:\/\/sites.uel.br\/ari\/wp-json\/wp\/v2\/pages"}],"about":[{"href":"https:\/\/sites.uel.br\/ari\/wp-json\/wp\/v2\/types\/page"}],"author":[{"embeddable":true,"href":"https:\/\/sites.uel.br\/ari\/wp-json\/wp\/v2\/users\/2"}],"replies":[{"embeddable":true,"href":"https:\/\/sites.uel.br\/ari\/wp-json\/wp\/v2\/comments?post=739"}],"version-history":[{"count":146,"href":"https:\/\/sites.uel.br\/ari\/wp-json\/wp\/v2\/pages\/739\/revisions"}],"predecessor-version":[{"id":2156,"href":"https:\/\/sites.uel.br\/ari\/wp-json\/wp\/v2\/pages\/739\/revisions\/2156"}],"wp:attachment":[{"href":"https:\/\/sites.uel.br\/ari\/wp-json\/wp\/v2\/media?parent=739"}],"curies":[{"name":"wp","href":"https:\/\/api.w.org\/{rel}","templated":true}]}}