{"id":626,"date":"2022-12-06T10:51:57","date_gmt":"2022-12-06T13:51:57","guid":{"rendered":"https:\/\/sites.uel.br\/ari\/?page_id=626"},"modified":"2025-10-23T17:16:04","modified_gmt":"2025-10-23T20:16:04","slug":"cafe-intercultural-2","status":"publish","type":"page","link":"https:\/\/sites.uel.br\/ari\/cafe-intercultural-2\/","title":{"rendered":"Caf\u00e9 Intercultural"},"content":{"rendered":"\n<p><\/p>\n\n\n\n<p>Partindo da ideia de integra\u00e7\u00e3o entre pessoas de diferentes culturas, o \u201cCAF\u00c9 INTERCULTURAL\u201d tem conquistado mais e mais adeptos\/as ao longo dos anos. Desde 2013, a atividade consiste em encontros mensais e tem como objetivo reunir pessoas interessadas em compartilhar alguns momentos de integra\u00e7\u00e3o e de comunica\u00e7\u00e3o em l\u00edngua portuguesa e l\u00ednguas estrangeiras. O espa\u00e7o de troca entre a l\u00edngua-cultura de origem e a l\u00edngua-cultura de aprendizagem dos participantes, sejam eles estrangeiros aprendendo portugu\u00eas ou brasileiros aprendendo l\u00ednguas estrangeiras, tem se aproximado de uma perspectiva de aprendizagem em tandem, considerando a autonomia, a colabora\u00e7\u00e3o e a reciprocidade como pilares b\u00e1sicos para a intera\u00e7\u00e3o entre os participantes. Neste espa\u00e7o, os brasileiros ajudam os estrangeiros a desenvolverem profici\u00eancia em portugu\u00eas e os estrangeiros ajudam os brasileiros a desenvolverem profici\u00eancia na l\u00edngua estrangeira que o brasileiro esteja aprendendo no Brasil ou que queiram praticar.<\/p>\n\n\n\n<p>O evento tem sido realizado em parceria com v\u00e1rios setores da UEL e foi, em 2023, incorporado como a\u00e7\u00e3o do Programa REDE IDIOMAS SEM FRONTEIRAS (ISF): PLURILINGUISMO, INTERNACIONALIZA\u00c7\u00c3O E INTEGRA\u00c7\u00c3O SOCIAL. A ARI continua dando suporte e sendo um canal de recep\u00e7\u00e3o de novos parceiros para a realiza\u00e7\u00e3o do Caf\u00e9, como tem sido carinhosamente apelidado.<br><br><strong>Confira as edi\u00e7\u00f5es de 2025<\/strong><\/p>\n\n\n\n<p><strong>Setembro:<\/strong> Universidad Aut\u00f3noma de Occidente (M\u00e9xico) e aspectos da cultura mexicana<\/p>\n\n\n\n<figure class=\"wp-block-image size-large is-resized\"><img loading=\"lazy\" decoding=\"async\" width=\"1024\" height=\"872\" src=\"https:\/\/sites.uel.br\/ari\/wp-content\/uploads\/2025\/10\/image-1024x872.png\" alt=\"\" class=\"wp-image-2036\" style=\"width:268px;height:auto\" srcset=\"https:\/\/sites.uel.br\/ari\/wp-content\/uploads\/2025\/10\/image-1024x872.png 1024w, https:\/\/sites.uel.br\/ari\/wp-content\/uploads\/2025\/10\/image-300x255.png 300w, https:\/\/sites.uel.br\/ari\/wp-content\/uploads\/2025\/10\/image-768x654.png 768w, https:\/\/sites.uel.br\/ari\/wp-content\/uploads\/2025\/10\/image-1536x1308.png 1536w, https:\/\/sites.uel.br\/ari\/wp-content\/uploads\/2025\/10\/image.png 1926w\" sizes=\"auto, (max-width: 1024px) 100vw, 1024px\" \/><\/figure>\n\n\n\n<p><strong>Agosto:<\/strong> Experi\u00eancias e oportunidades de estudos na UEL e na It\u00e1lia<\/p>\n\n\n\n<figure class=\"wp-block-image size-full is-resized\"><img loading=\"lazy\" decoding=\"async\" width=\"368\" height=\"210\" src=\"https:\/\/sites.uel.br\/ari\/wp-content\/uploads\/2025\/10\/image-2.png\" alt=\"\" class=\"wp-image-2038\" style=\"width:267px;height:auto\" srcset=\"https:\/\/sites.uel.br\/ari\/wp-content\/uploads\/2025\/10\/image-2.png 368w, https:\/\/sites.uel.br\/ari\/wp-content\/uploads\/2025\/10\/image-2-300x171.png 300w\" sizes=\"auto, (max-width: 368px) 100vw, 368px\" \/><\/figure>\n\n\n\n<p><strong>Julho:<\/strong> Dia da Mulher Negra, Latino-Americana e Caribenha e Dia Nacional de Tereza de Benguela<\/p>\n\n\n\n<figure class=\"wp-block-image size-full is-resized\"><img loading=\"lazy\" decoding=\"async\" width=\"711\" height=\"450\" src=\"https:\/\/sites.uel.br\/ari\/wp-content\/uploads\/2025\/10\/image-3.png\" alt=\"\" class=\"wp-image-2039\" style=\"width:275px;height:auto\" srcset=\"https:\/\/sites.uel.br\/ari\/wp-content\/uploads\/2025\/10\/image-3.png 711w, https:\/\/sites.uel.br\/ari\/wp-content\/uploads\/2025\/10\/image-3-300x190.png 300w\" sizes=\"auto, (max-width: 711px) 100vw, 711px\" \/><\/figure>\n\n\n\n<p><strong>Julho: <\/strong>Primeiro Caf\u00e9 Intercultural no CCS \/ HU<\/p>\n\n\n\n<figure class=\"wp-block-image size-large is-resized\"><img loading=\"lazy\" decoding=\"async\" width=\"1024\" height=\"481\" src=\"https:\/\/sites.uel.br\/ari\/wp-content\/uploads\/2025\/10\/image-4-1024x481.png\" alt=\"\" class=\"wp-image-2040\" style=\"width:278px;height:auto\" srcset=\"https:\/\/sites.uel.br\/ari\/wp-content\/uploads\/2025\/10\/image-4-1024x481.png 1024w, https:\/\/sites.uel.br\/ari\/wp-content\/uploads\/2025\/10\/image-4-300x141.png 300w, https:\/\/sites.uel.br\/ari\/wp-content\/uploads\/2025\/10\/image-4-768x361.png 768w, https:\/\/sites.uel.br\/ari\/wp-content\/uploads\/2025\/10\/image-4.png 1055w\" sizes=\"auto, (max-width: 1024px) 100vw, 1024px\" \/><\/figure>\n\n\n\n<p><strong>Junho:<\/strong> 117 anos da imigra\u00e7\u00e3o japonesa para o Brasil<\/p>\n\n\n\n<figure class=\"wp-block-image size-large is-resized\"><img loading=\"lazy\" decoding=\"async\" width=\"1024\" height=\"715\" src=\"https:\/\/sites.uel.br\/ari\/wp-content\/uploads\/2025\/10\/image-5-1024x715.png\" alt=\"\" class=\"wp-image-2041\" style=\"width:281px;height:auto\" srcset=\"https:\/\/sites.uel.br\/ari\/wp-content\/uploads\/2025\/10\/image-5-1024x715.png 1024w, https:\/\/sites.uel.br\/ari\/wp-content\/uploads\/2025\/10\/image-5-300x209.png 300w, https:\/\/sites.uel.br\/ari\/wp-content\/uploads\/2025\/10\/image-5-768x536.png 768w, https:\/\/sites.uel.br\/ari\/wp-content\/uploads\/2025\/10\/image-5.png 1059w\" sizes=\"auto, (max-width: 1024px) 100vw, 1024px\" \/><\/figure>\n\n\n\n<p><strong>Maio:<\/strong> Dia de \u00c1frica<\/p>\n\n\n\n<figure class=\"wp-block-image size-large is-resized\"><img loading=\"lazy\" decoding=\"async\" width=\"1024\" height=\"493\" src=\"https:\/\/sites.uel.br\/ari\/wp-content\/uploads\/2025\/10\/image-6-1024x493.png\" alt=\"\" class=\"wp-image-2042\" style=\"width:277px;height:auto\" srcset=\"https:\/\/sites.uel.br\/ari\/wp-content\/uploads\/2025\/10\/image-6-1024x493.png 1024w, https:\/\/sites.uel.br\/ari\/wp-content\/uploads\/2025\/10\/image-6-300x144.png 300w, https:\/\/sites.uel.br\/ari\/wp-content\/uploads\/2025\/10\/image-6-768x370.png 768w, https:\/\/sites.uel.br\/ari\/wp-content\/uploads\/2025\/10\/image-6-1536x739.png 1536w, https:\/\/sites.uel.br\/ari\/wp-content\/uploads\/2025\/10\/image-6.png 1824w\" sizes=\"auto, (max-width: 1024px) 100vw, 1024px\" \/><\/figure>\n\n\n\n<p><strong>Abril:<\/strong> Culturas Origin\u00e1rias Latino-Americanas<\/p>\n\n\n\n<figure class=\"wp-block-image size-full is-resized\"><img loading=\"lazy\" decoding=\"async\" width=\"948\" height=\"582\" src=\"https:\/\/sites.uel.br\/ari\/wp-content\/uploads\/2025\/10\/image-7.png\" alt=\"\" class=\"wp-image-2043\" style=\"width:285px;height:auto\" srcset=\"https:\/\/sites.uel.br\/ari\/wp-content\/uploads\/2025\/10\/image-7.png 948w, https:\/\/sites.uel.br\/ari\/wp-content\/uploads\/2025\/10\/image-7-300x184.png 300w, https:\/\/sites.uel.br\/ari\/wp-content\/uploads\/2025\/10\/image-7-768x471.png 768w\" sizes=\"auto, (max-width: 948px) 100vw, 948px\" \/><\/figure>\n\n\n\n<p><strong>Mar\u00e7o: <\/strong>Recep\u00e7\u00e3o dos ingressantes internacionais e despedida dos concluintes<\/p>\n\n\n\n<figure class=\"wp-block-image size-full is-resized\"><img loading=\"lazy\" decoding=\"async\" width=\"769\" height=\"473\" src=\"https:\/\/sites.uel.br\/ari\/wp-content\/uploads\/2025\/10\/image-8.png\" alt=\"\" class=\"wp-image-2044\" style=\"width:293px;height:auto\" srcset=\"https:\/\/sites.uel.br\/ari\/wp-content\/uploads\/2025\/10\/image-8.png 769w, https:\/\/sites.uel.br\/ari\/wp-content\/uploads\/2025\/10\/image-8-300x185.png 300w\" sizes=\"auto, (max-width: 769px) 100vw, 769px\" \/><\/figure>\n\n\n\n<p><\/p>\n","protected":false},"excerpt":{"rendered":"<p>Partindo da ideia de integra\u00e7\u00e3o entre pessoas de diferentes culturas, o \u201cCAF\u00c9 INTERCULTURAL\u201d tem conquistado mais e mais adeptos\/as ao longo dos anos. Desde 2013, a atividade consiste em encontros mensais e tem como objetivo reunir pessoas interessadas em compartilhar alguns momentos de integra\u00e7\u00e3o e de comunica\u00e7\u00e3o em l\u00edngua portuguesa e l\u00ednguas estrangeiras. O espa\u00e7o [&hellip;]<\/p>\n","protected":false},"author":7,"featured_media":0,"parent":0,"menu_order":0,"comment_status":"closed","ping_status":"closed","template":"","meta":{"_acf_changed":false,"_themeisle_gutenberg_block_has_review":false,"footnotes":""},"class_list":["post-626","page","type-page","status-publish","hentry"],"acf":[],"_links":{"self":[{"href":"https:\/\/sites.uel.br\/ari\/wp-json\/wp\/v2\/pages\/626","targetHints":{"allow":["GET"]}}],"collection":[{"href":"https:\/\/sites.uel.br\/ari\/wp-json\/wp\/v2\/pages"}],"about":[{"href":"https:\/\/sites.uel.br\/ari\/wp-json\/wp\/v2\/types\/page"}],"author":[{"embeddable":true,"href":"https:\/\/sites.uel.br\/ari\/wp-json\/wp\/v2\/users\/7"}],"replies":[{"embeddable":true,"href":"https:\/\/sites.uel.br\/ari\/wp-json\/wp\/v2\/comments?post=626"}],"version-history":[{"count":4,"href":"https:\/\/sites.uel.br\/ari\/wp-json\/wp\/v2\/pages\/626\/revisions"}],"predecessor-version":[{"id":2045,"href":"https:\/\/sites.uel.br\/ari\/wp-json\/wp\/v2\/pages\/626\/revisions\/2045"}],"wp:attachment":[{"href":"https:\/\/sites.uel.br\/ari\/wp-json\/wp\/v2\/media?parent=626"}],"curies":[{"name":"wp","href":"https:\/\/api.w.org\/{rel}","templated":true}]}}