{"id":625,"date":"2022-12-06T10:51:57","date_gmt":"2022-12-06T13:51:57","guid":{"rendered":"https:\/\/sites.uel.br\/ari\/?page_id=625"},"modified":"2026-03-20T08:18:12","modified_gmt":"2026-03-20T11:18:12","slug":"forinter","status":"publish","type":"page","link":"https:\/\/sites.uel.br\/ari\/forinter\/","title":{"rendered":"FORINTER"},"content":{"rendered":"\n<p>O F\u00f3rum de Internacionaliza\u00e7\u00e3o da UEL (FORINTER) \u00e9 um evento organizado pela Assessoria de Rela\u00e7\u00f5es Internacionais (ARI). Ele se estabelece como o principal espa\u00e7o institucional para discutir, planejar e prospectar a internacionaliza\u00e7\u00e3o da Universidade Estadual de Londrina (UEL). A realiza\u00e7\u00e3o do FORINTER \u00e9 motivada pela sua capacidade de disseminar conhecimento acerca de oportunidades de engajamento internacional para os discentes e docentes da Universidade Estadual de Londrina, bem como da comunidade externa. Suas atividades incluem mesas de discuss\u00e3o, palestras, relatos de experi\u00eancias em mobilidade internacional, workshops e muito mais!<\/p>\n\n\n\n<p><strong>2025<\/strong><\/p>\n\n\n\n<p>O evento foi realizado no per\u00edodo de 10 a 14 de novembro tendo como tema central &#8220;A Internacionaliza\u00e7\u00e3o como Eixo<br>Transversal no Ensino, Pesquisa, Extens\u00e3o e Inova\u00e7\u00e3o&#8221;. Pela primeira vez, o FORINTER ocorreu de forma totalmente integrada a outros tr\u00eas eventos: EAIC, Pr\u00f3-Ensino e Por Extenso e contou com recursos da SETI \/ Fundo Parn\u00e1 por meio da Encomenta Governamental &#8220;EG N.o 10\/2025 POL\u00cdTICA DE INTERNACIONALIZA\u00c7\u00c3O EM CASA NAS INSTITUI\u00c7\u00d5ES ESTADUAIS DE ENSINO SUPERIOR DO PARAN\u00c1&#8221;. <\/p>\n\n\n\n<figure class=\"wp-block-image size-large is-resized\"><img loading=\"lazy\" decoding=\"async\" width=\"682\" height=\"1024\" src=\"https:\/\/sites.uel.br\/ari\/wp-content\/uploads\/2025\/11\/WhatsApp-Image-2025-11-05-at-14.25.25-1-682x1024.jpeg\" alt=\"\" class=\"wp-image-2063\" style=\"width:284px;height:auto\" srcset=\"https:\/\/sites.uel.br\/ari\/wp-content\/uploads\/2025\/11\/WhatsApp-Image-2025-11-05-at-14.25.25-1-682x1024.jpeg 682w, https:\/\/sites.uel.br\/ari\/wp-content\/uploads\/2025\/11\/WhatsApp-Image-2025-11-05-at-14.25.25-1-200x300.jpeg 200w, https:\/\/sites.uel.br\/ari\/wp-content\/uploads\/2025\/11\/WhatsApp-Image-2025-11-05-at-14.25.25-1-768x1152.jpeg 768w, https:\/\/sites.uel.br\/ari\/wp-content\/uploads\/2025\/11\/WhatsApp-Image-2025-11-05-at-14.25.25-1.jpeg 853w\" sizes=\"auto, (max-width: 682px) 100vw, 682px\" \/><\/figure>\n\n\n\n<p>Os destaques da programa\u00e7\u00e3o na semana de eventos acad\u00eamicos integrados da UEL foram a Mostra de Internacionaliza\u00e7\u00e3o nos Centros de Estudo, a Apresenta\u00e7\u00e3o de Trabalhos no Pr\u00f3-Ensino e no Por Extenso, Workshops do NEAB e do NECJ, bem como I Vila Global no Restaurante Univerist\u00e1rio no dia 14 de novembro de 2025. <\/p>\n\n\n\n<p>Nos acompanhe nas redes sociais para n\u00e3o ficar de fora: <a href=\"https:\/\/www.instagram.com\/ari.uel\/\">@ari.uel<\/a><\/p>\n\n\n\n<p><br><strong>2024<\/strong><\/p>\n\n\n\n<p>A Assessoria de Rela\u00e7\u00f5es Internacionais da UEL teve a honra de realizar o IV F\u00f3rum de Internacionaliza\u00e7\u00e3o da UEL!<\/p>\n\n\n\n<p>O FORINTER \u00e9 um espa\u00e7o de discuss\u00e3o e prospec\u00e7\u00e3o para a internacionaliza\u00e7\u00e3o da UEL. Para isso, organizamos o evento de 2024 em mesas que trataram de quest\u00f5es relacionadas ao ensino, \u00e0 pesquisa, \u00e0 extens\u00e3o e \u00e0 inova\u00e7\u00e3o em coopera\u00e7\u00e3o internacional. As discuss\u00f5es promovidas nas mesas foram potencializadas pelos relatos de experi\u00eancia de docentes e estudantes brasileiros envolvidos com a mobilidade internacional, bem como de relatos de pesquisadores e estudantes internacionais que fazem parte da comunidade UEL. Como forma de informar e dar visibilidade a oportunidades de internacionaliza\u00e7\u00e3o para docentes e estudantes da UEL, organizamos momentos de apresenta\u00e7\u00e3o por institui\u00e7\u00f5es estrangeiras parceiras da UEL. Esta \u00faltima atividade foi remota de modo a permitir a participa\u00e7\u00e3o de institui\u00e7\u00f5es do mundo todo.<\/p>\n\n\n\n<p>O evento ocorreu entre os dias 2 e 6 de setembro e contou com apresenta\u00e7\u00f5es e Mostra de Internacionaliza\u00e7\u00e3o nos centros de estudo da UEL: CCA, CCB, CCE, CCS, CECA, CEFE, CESA, CLCH e CTU.<\/p>\n\n\n\n<p>Confira tamb\u00e9m:<\/p>\n\n\n\n<figure class=\"wp-block-embed is-type-wp-embed is-provider-o-perobal-uel wp-block-embed-o-perobal-uel\"><div class=\"wp-block-embed__wrapper\">\n<blockquote class=\"wp-embedded-content\" data-secret=\"BDw5PNvtit\"><a href=\"https:\/\/operobal.uel.br\/ultimas\/2024\/09\/05\/uel-lanca-portal-da-internacionalizacao-durante-o-iv-forinter\/\">UEL lan\u00e7a portal da internacionaliza\u00e7\u00e3o durante o IV Forinter\u00a0<\/a><\/blockquote><iframe loading=\"lazy\" class=\"wp-embedded-content\" sandbox=\"allow-scripts\" security=\"restricted\" style=\"position: absolute; visibility: hidden;\" title=\"&#8220;UEL lan\u00e7a portal da internacionaliza\u00e7\u00e3o durante o IV Forinter\u00a0&#8221; &#8212; O Perobal - UEL\" src=\"https:\/\/operobal.uel.br\/ultimas\/2024\/09\/05\/uel-lanca-portal-da-internacionalizacao-durante-o-iv-forinter\/embed\/#?secret=FHjnQgydb3#?secret=BDw5PNvtit\" data-secret=\"BDw5PNvtit\" width=\"500\" height=\"282\" frameborder=\"0\" marginwidth=\"0\" marginheight=\"0\" scrolling=\"no\"><\/iframe>\n<\/div><\/figure>\n","protected":false},"excerpt":{"rendered":"<p>O F\u00f3rum de Internacionaliza\u00e7\u00e3o da UEL (FORINTER) \u00e9 um evento organizado pela Assessoria de Rela\u00e7\u00f5es Internacionais (ARI). Ele se estabelece como o principal espa\u00e7o institucional para discutir, planejar e prospectar a internacionaliza\u00e7\u00e3o da Universidade Estadual de Londrina (UEL). A realiza\u00e7\u00e3o do FORINTER \u00e9 motivada pela sua capacidade de disseminar conhecimento acerca de oportunidades de engajamento [&hellip;]<\/p>\n","protected":false},"author":7,"featured_media":0,"parent":0,"menu_order":0,"comment_status":"closed","ping_status":"closed","template":"","meta":{"_acf_changed":false,"_themeisle_gutenberg_block_has_review":false,"footnotes":""},"class_list":["post-625","page","type-page","status-publish","hentry"],"acf":[],"_links":{"self":[{"href":"https:\/\/sites.uel.br\/ari\/wp-json\/wp\/v2\/pages\/625","targetHints":{"allow":["GET"]}}],"collection":[{"href":"https:\/\/sites.uel.br\/ari\/wp-json\/wp\/v2\/pages"}],"about":[{"href":"https:\/\/sites.uel.br\/ari\/wp-json\/wp\/v2\/types\/page"}],"author":[{"embeddable":true,"href":"https:\/\/sites.uel.br\/ari\/wp-json\/wp\/v2\/users\/7"}],"replies":[{"embeddable":true,"href":"https:\/\/sites.uel.br\/ari\/wp-json\/wp\/v2\/comments?post=625"}],"version-history":[{"count":20,"href":"https:\/\/sites.uel.br\/ari\/wp-json\/wp\/v2\/pages\/625\/revisions"}],"predecessor-version":[{"id":2147,"href":"https:\/\/sites.uel.br\/ari\/wp-json\/wp\/v2\/pages\/625\/revisions\/2147"}],"wp:attachment":[{"href":"https:\/\/sites.uel.br\/ari\/wp-json\/wp\/v2\/media?parent=625"}],"curies":[{"name":"wp","href":"https:\/\/api.w.org\/{rel}","templated":true}]}}