{"id":528,"date":"2022-12-01T10:50:19","date_gmt":"2022-12-01T13:50:19","guid":{"rendered":"https:\/\/sites.uel.br\/ari\/?page_id=528"},"modified":"2024-12-05T14:34:18","modified_gmt":"2024-12-05T17:34:18","slug":"marca","status":"publish","type":"page","link":"https:\/\/sites.uel.br\/ari\/marca\/","title":{"rendered":"MARCA"},"content":{"rendered":"\n<p><\/p>\n\n\n\n<p>Programa de Movilidad Acad\u00e9mica Regional<\/p>\n\n\n\n<p class=\"has-medium-font-size\">Programa de mobilidade de estudantes de gradua\u00e7\u00e3o promovido pelos governos atrav\u00e9s do Setor Educacional do MERCOSUL. Participam do programa os pa\u00edses membros e associados do bloco, incentivando a integra\u00e7\u00e3o regional.&nbsp;O programa \u00e9 administrado por um conv\u00eanio de v\u00e1rios \u00f3rg\u00e3os dos pa\u00edses membros. No Brasil,&nbsp;a Capes (Coordena\u00e7\u00e3o de Aperfei\u00e7oamento de Pessoal de N\u00edvel Superior) e a Secretaria de Educa\u00e7\u00e3o Superior do MEC s\u00e3o os respons\u00e1veis pela administra\u00e7\u00e3o. Na Argentina, a atribui\u00e7\u00e3o est\u00e1 a cargo da Secretaria de Pol\u00edticas Universit\u00e1rias; no Uruguai, da Universidad de la Rep\u00fablica, e no Paraguai, da Dire\u00e7\u00e3o-Geral de Educa\u00e7\u00e3o Superior. A mobilidade se realiza entre os pa\u00edses do MERCOSUL e se desenvolve atrav\u00e9s de per\u00edodos letivos regulares de um semestre acad\u00eamico.&nbsp;<\/p>\n\n\n\n<p class=\"has-medium-font-size\"><strong>Para mais informa\u00e7\u00f5es, acesse: <\/strong><a href=\"https:\/\/programamarca.siu.edu.ar\/programa_marca\/index.html\">https:\/\/programamarca.siu.edu.ar\/programa_marca\/index.html<\/a><\/p>\n","protected":false},"excerpt":{"rendered":"<p>Programa de Movilidad Acad\u00e9mica Regional Programa de mobilidade de estudantes de gradua\u00e7\u00e3o promovido pelos governos atrav\u00e9s do Setor Educacional do MERCOSUL. Participam do programa os pa\u00edses membros e associados do bloco, incentivando a integra\u00e7\u00e3o regional.&nbsp;O programa \u00e9 administrado por um conv\u00eanio de v\u00e1rios \u00f3rg\u00e3os dos pa\u00edses membros. No Brasil,&nbsp;a Capes (Coordena\u00e7\u00e3o de Aperfei\u00e7oamento de Pessoal [&hellip;]<\/p>\n","protected":false},"author":7,"featured_media":0,"parent":0,"menu_order":0,"comment_status":"closed","ping_status":"closed","template":"","meta":{"_acf_changed":false,"_themeisle_gutenberg_block_has_review":false,"footnotes":""},"class_list":["post-528","page","type-page","status-publish","hentry"],"acf":[],"_links":{"self":[{"href":"https:\/\/sites.uel.br\/ari\/wp-json\/wp\/v2\/pages\/528","targetHints":{"allow":["GET"]}}],"collection":[{"href":"https:\/\/sites.uel.br\/ari\/wp-json\/wp\/v2\/pages"}],"about":[{"href":"https:\/\/sites.uel.br\/ari\/wp-json\/wp\/v2\/types\/page"}],"author":[{"embeddable":true,"href":"https:\/\/sites.uel.br\/ari\/wp-json\/wp\/v2\/users\/7"}],"replies":[{"embeddable":true,"href":"https:\/\/sites.uel.br\/ari\/wp-json\/wp\/v2\/comments?post=528"}],"version-history":[{"count":6,"href":"https:\/\/sites.uel.br\/ari\/wp-json\/wp\/v2\/pages\/528\/revisions"}],"predecessor-version":[{"id":1279,"href":"https:\/\/sites.uel.br\/ari\/wp-json\/wp\/v2\/pages\/528\/revisions\/1279"}],"wp:attachment":[{"href":"https:\/\/sites.uel.br\/ari\/wp-json\/wp\/v2\/media?parent=528"}],"curies":[{"name":"wp","href":"https:\/\/api.w.org\/{rel}","templated":true}]}}