{"id":526,"date":"2022-12-01T10:50:19","date_gmt":"2022-12-01T13:50:19","guid":{"rendered":"https:\/\/sites.uel.br\/ari\/?page_id=526"},"modified":"2024-12-04T15:01:13","modified_gmt":"2024-12-04T18:01:13","slug":"brafagri","status":"publish","type":"page","link":"https:\/\/sites.uel.br\/ari\/brafagri\/","title":{"rendered":"BRAFAGRI"},"content":{"rendered":"\n<p class=\"has-small-font-size\"><\/p>\n\n\n\n<p class=\"has-medium-font-size\">Brasil-Fran\u00e7a Agricultura: parceria entre os dois pa\u00edses para interc\u00e2mbio de estudantes de gradua\u00e7\u00e3o nas \u00e1reas de ci\u00eancias agron\u00f4micas, agro-alimentares e veterin\u00e1ria, concedendo bolsas de estudos e apoio financeiro para operar o projeto. A UEL participa desde 2003 e a sele\u00e7\u00e3o \u00e9 realizada por meio de editais espec\u00edficos dos cursos participantes &#8211; Agronomia, Medicina Veterin\u00e1ria e Zootecnia.<\/p>\n\n\n\n<p class=\"has-medium-font-size\"><strong>Para mais informa\u00e7\u00f5es procure os colegiados dos cursos:<\/strong> agronomia@uel.br; veterinaria@uel.br e zootecnia@uel.br<\/p>\n","protected":false},"excerpt":{"rendered":"<p>Brasil-Fran\u00e7a Agricultura: parceria entre os dois pa\u00edses para interc\u00e2mbio de estudantes de gradua\u00e7\u00e3o nas \u00e1reas de ci\u00eancias agron\u00f4micas, agro-alimentares e veterin\u00e1ria, concedendo bolsas de estudos e apoio financeiro para operar o projeto. A UEL participa desde 2003 e a sele\u00e7\u00e3o \u00e9 realizada por meio de editais espec\u00edficos dos cursos participantes &#8211; Agronomia, Medicina Veterin\u00e1ria e [&hellip;]<\/p>\n","protected":false},"author":7,"featured_media":0,"parent":0,"menu_order":0,"comment_status":"closed","ping_status":"closed","template":"","meta":{"_acf_changed":false,"_themeisle_gutenberg_block_has_review":false,"footnotes":""},"class_list":["post-526","page","type-page","status-publish","hentry"],"acf":[],"_links":{"self":[{"href":"https:\/\/sites.uel.br\/ari\/wp-json\/wp\/v2\/pages\/526","targetHints":{"allow":["GET"]}}],"collection":[{"href":"https:\/\/sites.uel.br\/ari\/wp-json\/wp\/v2\/pages"}],"about":[{"href":"https:\/\/sites.uel.br\/ari\/wp-json\/wp\/v2\/types\/page"}],"author":[{"embeddable":true,"href":"https:\/\/sites.uel.br\/ari\/wp-json\/wp\/v2\/users\/7"}],"replies":[{"embeddable":true,"href":"https:\/\/sites.uel.br\/ari\/wp-json\/wp\/v2\/comments?post=526"}],"version-history":[{"count":6,"href":"https:\/\/sites.uel.br\/ari\/wp-json\/wp\/v2\/pages\/526\/revisions"}],"predecessor-version":[{"id":1229,"href":"https:\/\/sites.uel.br\/ari\/wp-json\/wp\/v2\/pages\/526\/revisions\/1229"}],"wp:attachment":[{"href":"https:\/\/sites.uel.br\/ari\/wp-json\/wp\/v2\/media?parent=526"}],"curies":[{"name":"wp","href":"https:\/\/api.w.org\/{rel}","templated":true}]}}