{"id":437,"date":"2022-11-30T10:16:07","date_gmt":"2022-11-30T13:16:07","guid":{"rendered":"https:\/\/sites.uel.br\/ari\/?page_id=437"},"modified":"2025-04-25T09:52:25","modified_gmt":"2025-04-25T12:52:25","slug":"outras-aris","status":"publish","type":"page","link":"https:\/\/sites.uel.br\/ari\/outras-aris\/","title":{"rendered":"Outras ARIs"},"content":{"rendered":"\n<p><\/p>\n\n\n\n<figure class=\"wp-block-table is-style-stripes has-medium-font-size\"><table><tbody><tr><td><strong>PARAN\u00c1<\/strong><\/td><\/tr><tr><td>PUC PR&nbsp;<\/td><td><a href=\"http:\/\/www.pucpr.br\/intercambio\/\">http:\/\/www.pucpr.br\/intercambio\/<\/a><\/td><\/tr><tr><td>UEM<\/td><td>&nbsp;<a href=\"http:\/\/www.eci.uem.br\/\">http:\/\/www.eci.uem.br\/<\/a><\/td><\/tr><tr><td>UENP<\/td><td><a href=\"https:\/\/cri.uenp.edu.br\/\">Home &#8211; Coordenadoria de Rela\u00e7\u00f5es Internacionais &#8211; UENP<\/a><\/td><\/tr><tr><td>UEPG&nbsp;<\/td><td><a href=\"http:\/\/www3.uepg.br\/eri\/\">http:\/\/www2.uepg.br\/eri<\/a><\/td><\/tr><tr><td>Unespar<\/td><td><a href=\"https:\/\/eri.unespar.edu.br\/sobre-o-eri\">Sobre o ERI \u2014 Universidade Estadual do Paran\u00e1 Escrit\u00f3rio de Rela\u00e7\u00f5es Internacionais<\/a><\/td><\/tr><tr><td>Unicentro&nbsp;<\/td><td><a href=\"http:\/\/www2.unicentro.br\/eri\/\">http:\/\/www2.unicentro.br\/eri\/<\/a><\/td><\/tr><tr><td>Unioeste<\/td><td>&nbsp;<a href=\"http:\/\/www.unioeste.br\/ari\/\">http:\/\/www.unioeste.br\/ari\/<\/a><\/td><\/tr><tr><td>UTFPR&nbsp;<\/td><td><a href=\"https:\/\/www.utfpr.edu.br\/internacional\">Internacional<\/a><\/td><\/tr><tr><td>UFPR<\/td><td><a href=\"http:\/\/www.internacional.ufpr.br\/\">http:\/\/www.internacional.ufpr.br\/<\/a><\/td><\/tr><\/tbody><\/table><\/figure>\n\n\n\n<figure class=\"wp-block-table is-style-stripes has-medium-font-size\"><table><tbody><tr><td><strong>OUTROS ESTADOS<\/strong><\/td><\/tr><tr><td>Unicamp&nbsp;<\/td><td><a href=\"http:\/\/www.internationaloffice.unicamp.br\/\">http:\/\/www.internationaloffice.unicamp.br\/<\/a><\/td><\/tr><tr><td>USP&nbsp;<\/td><td><a href=\"http:\/\/www.usp.br\/internationaloffice\/index.php\/institucional\/escritorios-locais\/\">http:\/\/www.usp.br\/internationaloffice\/index.php\/institucional\/escritorios-locais\/<\/a><\/td><\/tr><tr><td>UNESP<\/td><td><a href=\"https:\/\/www2.unesp.br\/portal#!\/arex\">AREX Assessoria de Rela\u00e7\u00f5es Externas &#8211; Unesp &#8211; Universidade Estadual Paulista &#8211; Portal<\/a><\/td><\/tr><\/tbody><\/table><\/figure>\n","protected":false},"excerpt":{"rendered":"<p>PARAN\u00c1 PUC PR&nbsp; http:\/\/www.pucpr.br\/intercambio\/ UEM &nbsp;http:\/\/www.eci.uem.br\/ UENP Home &#8211; Coordenadoria de Rela\u00e7\u00f5es Internacionais &#8211; UENP UEPG&nbsp; http:\/\/www2.uepg.br\/eri Unespar Sobre o ERI \u2014 Universidade Estadual do Paran\u00e1 Escrit\u00f3rio de Rela\u00e7\u00f5es Internacionais Unicentro&nbsp; http:\/\/www2.unicentro.br\/eri\/ Unioeste &nbsp;http:\/\/www.unioeste.br\/ari\/ UTFPR&nbsp; Internacional UFPR http:\/\/www.internacional.ufpr.br\/ OUTROS ESTADOS Unicamp&nbsp; http:\/\/www.internationaloffice.unicamp.br\/ USP&nbsp; http:\/\/www.usp.br\/internationaloffice\/index.php\/institucional\/escritorios-locais\/ UNESP AREX Assessoria de Rela\u00e7\u00f5es Externas &#8211; Unesp &#8211; Universidade Estadual [&hellip;]<\/p>\n","protected":false},"author":7,"featured_media":0,"parent":0,"menu_order":0,"comment_status":"closed","ping_status":"closed","template":"","meta":{"_acf_changed":false,"_themeisle_gutenberg_block_has_review":false,"footnotes":""},"class_list":["post-437","page","type-page","status-publish","hentry"],"acf":[],"_links":{"self":[{"href":"https:\/\/sites.uel.br\/ari\/wp-json\/wp\/v2\/pages\/437","targetHints":{"allow":["GET"]}}],"collection":[{"href":"https:\/\/sites.uel.br\/ari\/wp-json\/wp\/v2\/pages"}],"about":[{"href":"https:\/\/sites.uel.br\/ari\/wp-json\/wp\/v2\/types\/page"}],"author":[{"embeddable":true,"href":"https:\/\/sites.uel.br\/ari\/wp-json\/wp\/v2\/users\/7"}],"replies":[{"embeddable":true,"href":"https:\/\/sites.uel.br\/ari\/wp-json\/wp\/v2\/comments?post=437"}],"version-history":[{"count":7,"href":"https:\/\/sites.uel.br\/ari\/wp-json\/wp\/v2\/pages\/437\/revisions"}],"predecessor-version":[{"id":1850,"href":"https:\/\/sites.uel.br\/ari\/wp-json\/wp\/v2\/pages\/437\/revisions\/1850"}],"wp:attachment":[{"href":"https:\/\/sites.uel.br\/ari\/wp-json\/wp\/v2\/media?parent=437"}],"curies":[{"name":"wp","href":"https:\/\/api.w.org\/{rel}","templated":true}]}}