{"id":429,"date":"2022-11-30T10:11:00","date_gmt":"2022-11-30T13:11:00","guid":{"rendered":"https:\/\/sites.uel.br\/ari\/?page_id=429"},"modified":"2024-12-06T12:03:35","modified_gmt":"2024-12-06T15:03:35","slug":"faubai","status":"publish","type":"page","link":"https:\/\/sites.uel.br\/ari\/faubai\/","title":{"rendered":"FAUBAI"},"content":{"rendered":"\n<p><\/p>\n\n\n\n<p class=\"has-medium-font-size\"><strong>FAUBAI &#8211; Associa\u00e7\u00e3o Brasileira de Educa\u00e7\u00e3o Internacional<\/strong><\/p>\n\n\n\n<p class=\"has-medium-font-size\">A\u00a0FAUBAI, Associa\u00e7\u00e3o Brasileira de Educa\u00e7\u00e3o Internacional, criada em 1988, re\u00fane mais de 180 gestores ou respons\u00e1veis por assuntos internacionais e promove a integra\u00e7\u00e3o e a capacita\u00e7\u00e3o dos gestores da \u00e1rea \u2013 por meio de semin\u00e1rios, workshops e reuni\u00f5es regionais e nacionais -, al\u00e9m de divulgar a diversidade e as potencialidades das IES brasileiras junto \u00e0s ag\u00eancias de fomento, representa\u00e7\u00f5es diplom\u00e1ticas, organismos e programas internacionais. A UEL \u00e9 filiada \u00e0 FAUBAI.<\/p>\n\n\n\n<p class=\"has-medium-font-size\"><\/p>\n\n\n\n<p class=\"has-medium-font-size\"><strong>Finalidade<\/strong><\/p>\n\n\n\n<p class=\"has-medium-font-size\">A&nbsp;FAUBAI&nbsp;tem a finalidade de promover o aperfei\u00e7oamento do interc\u00e2mbio e da coopera\u00e7\u00e3o internacionais como instrumentos para a melhoria do ensino, da pesquisa, da extens\u00e3o e da administra\u00e7\u00e3o das institui\u00e7\u00f5es filiadas, procurando estimular o constante aperfei\u00e7oamento da gest\u00e3o do interc\u00e2mbio e da coopera\u00e7\u00e3o internacionais.<\/p>\n\n\n\n<p class=\"has-medium-font-size\"><\/p>\n\n\n\n<p class=\"has-medium-font-size\"><strong>Atividades<\/strong><\/p>\n\n\n\n<ul class=\"wp-block-list\">\n<li>Interc\u00e2mbio de informa\u00e7\u00f5es e experi\u00eancias;<\/li>\n\n\n\n<li>Promo\u00e7\u00e3o de congressos, confer\u00eancias, semin\u00e1rios, cursos e encontros;<\/li>\n\n\n\n<li>Assessoria a Universidades, \u00d3rg\u00e3os P\u00fablicos e outras entidades;<\/li>\n\n\n\n<li>Participa\u00e7\u00e3o ativa junto a \u00f3rg\u00e3os p\u00fablicos e organismos de promo\u00e7\u00e3o de coopera\u00e7\u00e3o internacional;<\/li>\n\n\n\n<li>Interc\u00e2mbio com Universidades, Organiza\u00e7\u00f5es, Ag\u00eancias e Entidades do exterior;<\/li>\n\n\n\n<li>Gest\u00e3o de bancos de dados sobre Coopera\u00e7\u00e3o Internacional.<\/li>\n<\/ul>\n\n\n\n<p><\/p>\n\n\n\n<p class=\"has-medium-font-size\"><strong>Para mais informa\u00e7\u00f5es, acesse:<\/strong> <a href=\"http:\/\/faubai.org.br\/\">http:\/\/faubai.org.br<\/a><\/p>\n","protected":false},"excerpt":{"rendered":"<p>FAUBAI &#8211; Associa\u00e7\u00e3o Brasileira de Educa\u00e7\u00e3o Internacional A\u00a0FAUBAI, Associa\u00e7\u00e3o Brasileira de Educa\u00e7\u00e3o Internacional, criada em 1988, re\u00fane mais de 180 gestores ou respons\u00e1veis por assuntos internacionais e promove a integra\u00e7\u00e3o e a capacita\u00e7\u00e3o dos gestores da \u00e1rea \u2013 por meio de semin\u00e1rios, workshops e reuni\u00f5es regionais e nacionais -, al\u00e9m de divulgar a diversidade e [&hellip;]<\/p>\n","protected":false},"author":7,"featured_media":0,"parent":0,"menu_order":0,"comment_status":"closed","ping_status":"closed","template":"","meta":{"_acf_changed":false,"_themeisle_gutenberg_block_has_review":false,"footnotes":""},"class_list":["post-429","page","type-page","status-publish","hentry"],"acf":[],"_links":{"self":[{"href":"https:\/\/sites.uel.br\/ari\/wp-json\/wp\/v2\/pages\/429","targetHints":{"allow":["GET"]}}],"collection":[{"href":"https:\/\/sites.uel.br\/ari\/wp-json\/wp\/v2\/pages"}],"about":[{"href":"https:\/\/sites.uel.br\/ari\/wp-json\/wp\/v2\/types\/page"}],"author":[{"embeddable":true,"href":"https:\/\/sites.uel.br\/ari\/wp-json\/wp\/v2\/users\/7"}],"replies":[{"embeddable":true,"href":"https:\/\/sites.uel.br\/ari\/wp-json\/wp\/v2\/comments?post=429"}],"version-history":[{"count":10,"href":"https:\/\/sites.uel.br\/ari\/wp-json\/wp\/v2\/pages\/429\/revisions"}],"predecessor-version":[{"id":1407,"href":"https:\/\/sites.uel.br\/ari\/wp-json\/wp\/v2\/pages\/429\/revisions\/1407"}],"wp:attachment":[{"href":"https:\/\/sites.uel.br\/ari\/wp-json\/wp\/v2\/media?parent=429"}],"curies":[{"name":"wp","href":"https:\/\/api.w.org\/{rel}","templated":true}]}}