{"id":422,"date":"2022-11-30T10:08:05","date_gmt":"2022-11-30T13:08:05","guid":{"rendered":"https:\/\/sites.uel.br\/ari\/?page_id=422"},"modified":"2025-01-23T15:52:51","modified_gmt":"2025-01-23T18:52:51","slug":"abruem","status":"publish","type":"page","link":"https:\/\/sites.uel.br\/ari\/abruem\/","title":{"rendered":"ABRUEM"},"content":{"rendered":"\n<p><\/p>\n\n\n\n<p class=\"has-medium-font-size\"><strong>Associa\u00e7\u00e3o Brasileira dos Reitores das Universidades Estaduais e Municipais<\/strong><\/p>\n\n\n\n<p class=\"has-medium-font-size\">Associa\u00e7\u00e3o Brasileira dos Reitores das Universidades Estaduais e Municipais \u2013 ABRUEM \u00e9 uma entidade jur\u00eddica de direito privado, sem \u00adfins lucrativos, com sede em Bras\u00edlia. Criada em 25 de outubro de 1991 para representar as institui\u00e7\u00f5es de ensino superior p\u00fablico estaduais e municipais do pa\u00eds, atualmente congrega 46 Institui\u00e7\u00f5es de Ensino Superior, distribu\u00eddas em 20 estados.<\/p>\n\n\n\n<p class=\"has-medium-font-size\">A ABRUEM est\u00e1 permanentemente comprometida com a qualidade da educa\u00e7\u00e3o superior p\u00fablica, com a interioriza\u00e7\u00e3o das universidades e a democratiza\u00e7\u00e3o do acesso ao ensino superior p\u00fablico.<\/p>\n\n\n\n<p class=\"has-medium-font-size\">Tem como objetivos promover a integra\u00e7\u00e3o, a valoriza\u00e7\u00e3o e a defesa das IES afi\u00adliadas em n\u00edvel nacional, ampliar a participa\u00e7\u00e3o das associadas em Programas do Governo Federal, a participa\u00e7\u00e3o em todos os editais dos \u00f3rg\u00e3os federais de apoio a pesquisas e investimentos nas IES p\u00fablicas brasileiras e proporcionar \u00e0s suas filiadas oportunidade de estabelecer conv\u00eanios, acordos de coopera\u00e7\u00e3o, interc\u00e2mbios culturais e mobilidade acad\u00eamica nacional e internacional.<\/p>\n\n\n\n<p class=\"has-medium-font-size\"><strong>Para mais informa\u00e7\u00f5es, acesse:<\/strong> <a href=\"http:\/\/www.abruem.org.br\/\">http:\/\/www.abruem.org.br\/<\/a><\/p>\n","protected":false},"excerpt":{"rendered":"<p>Associa\u00e7\u00e3o Brasileira dos Reitores das Universidades Estaduais e Municipais Associa\u00e7\u00e3o Brasileira dos Reitores das Universidades Estaduais e Municipais \u2013 ABRUEM \u00e9 uma entidade jur\u00eddica de direito privado, sem \u00adfins lucrativos, com sede em Bras\u00edlia. Criada em 25 de outubro de 1991 para representar as institui\u00e7\u00f5es de ensino superior p\u00fablico estaduais e municipais do pa\u00eds, atualmente [&hellip;]<\/p>\n","protected":false},"author":7,"featured_media":0,"parent":0,"menu_order":0,"comment_status":"closed","ping_status":"closed","template":"","meta":{"_acf_changed":false,"_themeisle_gutenberg_block_has_review":false,"footnotes":""},"class_list":["post-422","page","type-page","status-publish","hentry"],"acf":[],"_links":{"self":[{"href":"https:\/\/sites.uel.br\/ari\/wp-json\/wp\/v2\/pages\/422","targetHints":{"allow":["GET"]}}],"collection":[{"href":"https:\/\/sites.uel.br\/ari\/wp-json\/wp\/v2\/pages"}],"about":[{"href":"https:\/\/sites.uel.br\/ari\/wp-json\/wp\/v2\/types\/page"}],"author":[{"embeddable":true,"href":"https:\/\/sites.uel.br\/ari\/wp-json\/wp\/v2\/users\/7"}],"replies":[{"embeddable":true,"href":"https:\/\/sites.uel.br\/ari\/wp-json\/wp\/v2\/comments?post=422"}],"version-history":[{"count":8,"href":"https:\/\/sites.uel.br\/ari\/wp-json\/wp\/v2\/pages\/422\/revisions"}],"predecessor-version":[{"id":1515,"href":"https:\/\/sites.uel.br\/ari\/wp-json\/wp\/v2\/pages\/422\/revisions\/1515"}],"wp:attachment":[{"href":"https:\/\/sites.uel.br\/ari\/wp-json\/wp\/v2\/media?parent=422"}],"curies":[{"name":"wp","href":"https:\/\/api.w.org\/{rel}","templated":true}]}}