{"id":392,"date":"2022-11-29T10:46:10","date_gmt":"2022-11-29T13:46:10","guid":{"rendered":"https:\/\/sites.uel.br\/ari\/?page_id=392"},"modified":"2025-01-23T15:27:34","modified_gmt":"2025-01-23T18:27:34","slug":"rede-zicosur-universitario","status":"publish","type":"page","link":"https:\/\/sites.uel.br\/ari\/rede-zicosur-universitario\/","title":{"rendered":"ZICOSUR UNIVERSIT\u00c1RIO"},"content":{"rendered":"\n<p class=\"has-medium-font-size\"><\/p>\n\n\n\n<p class=\"has-medium-font-size\">A rede de Universidades da Zona de Integra\u00e7\u00e3o do Centro Oeste da Am\u00e9rica do Sul (Zicosur) foi&nbsp;criada em 2008 a partir de um Protocolo de inten\u00e7\u00f5es promovido pelo Governo do Paran\u00e1, por&nbsp;meio da Secretaria de Ci\u00eancia e Tecnologia e efetivado entre o grupo de Universidades Del Norte&nbsp;Grande Argentino e Universidades Estaduais do Estado do Paran\u00e1.<\/p>\n\n\n\n<p class=\"has-medium-font-size\">O prop\u00f3sito central do&nbsp;protocolo \u00e9 o de desenvolver programas e projetos que tenham impacto positivo na regi\u00e3o por&nbsp;interm\u00e9dio da promo\u00e7\u00e3o de atividades acad\u00eamicas, cient\u00edfico\u00adtecnol\u00f3gicas e culturais a favor do&nbsp;desenvolvimento socioecon\u00f4mico. Ap\u00f3s a primeira reuni\u00e3o outras universidades se somaram \u00e0s&nbsp;primeiras e atualmente integram o grupo as Universidades do Chile, Paraguai, Argentina e Bol\u00edvia,&nbsp;al\u00e9m do Brasil, na Rede Zicosur Universit\u00e1rio.<\/p>\n\n\n\n<p class=\"has-medium-font-size\">Dentre os objetivos da Rede Zicosur Universit\u00e1rio,&nbsp;est\u00e3o o de colaborar para o cumprimento das metas propostas na assinatura do protocolo de&nbsp;coopera\u00e7\u00e3o; contribuir para o envolvimento docente e discente nas rela\u00e7\u00f5es de coopera\u00e7\u00e3o e&nbsp;interc\u00e2mbio de a\u00e7\u00f5es relevantes para o desenvolvimento sustent\u00e1vel e a integra\u00e7\u00e3o de regi\u00f5es e&nbsp;seus respectivos pa\u00edses, no \u00e2mbito do MERCOSUL; e o de estabelecer cronograma anual de&nbsp;atividades.<\/p>\n\n\n\n<p class=\"has-medium-font-size\"><\/p>\n\n\n\n<p class=\"has-medium-font-size\"><strong>Para mais informa\u00e7\u00f5es, acesse:<\/strong>\u00a0<a href=\"https:\/\/zicosuruniversitario.com\/\">zicosur.wordpress.com\/<\/a><\/p>\n\n\n\n<p class=\"has-medium-font-size\"><\/p>\n","protected":false},"excerpt":{"rendered":"<p>A rede de Universidades da Zona de Integra\u00e7\u00e3o do Centro Oeste da Am\u00e9rica do Sul (Zicosur) foi&nbsp;criada em 2008 a partir de um Protocolo de inten\u00e7\u00f5es promovido pelo Governo do Paran\u00e1, por&nbsp;meio da Secretaria de Ci\u00eancia e Tecnologia e efetivado entre o grupo de Universidades Del Norte&nbsp;Grande Argentino e Universidades Estaduais do Estado do Paran\u00e1. [&hellip;]<\/p>\n","protected":false},"author":7,"featured_media":0,"parent":0,"menu_order":0,"comment_status":"closed","ping_status":"closed","template":"","meta":{"_acf_changed":false,"_themeisle_gutenberg_block_has_review":false,"footnotes":""},"class_list":["post-392","page","type-page","status-publish","hentry"],"acf":[],"_links":{"self":[{"href":"https:\/\/sites.uel.br\/ari\/wp-json\/wp\/v2\/pages\/392","targetHints":{"allow":["GET"]}}],"collection":[{"href":"https:\/\/sites.uel.br\/ari\/wp-json\/wp\/v2\/pages"}],"about":[{"href":"https:\/\/sites.uel.br\/ari\/wp-json\/wp\/v2\/types\/page"}],"author":[{"embeddable":true,"href":"https:\/\/sites.uel.br\/ari\/wp-json\/wp\/v2\/users\/7"}],"replies":[{"embeddable":true,"href":"https:\/\/sites.uel.br\/ari\/wp-json\/wp\/v2\/comments?post=392"}],"version-history":[{"count":7,"href":"https:\/\/sites.uel.br\/ari\/wp-json\/wp\/v2\/pages\/392\/revisions"}],"predecessor-version":[{"id":1503,"href":"https:\/\/sites.uel.br\/ari\/wp-json\/wp\/v2\/pages\/392\/revisions\/1503"}],"wp:attachment":[{"href":"https:\/\/sites.uel.br\/ari\/wp-json\/wp\/v2\/media?parent=392"}],"curies":[{"name":"wp","href":"https:\/\/api.w.org\/{rel}","templated":true}]}}