{"id":316,"date":"2022-11-28T11:11:07","date_gmt":"2022-11-28T14:11:07","guid":{"rendered":"https:\/\/sites.uel.br\/ari\/?page_id=316"},"modified":"2025-01-28T17:12:07","modified_gmt":"2025-01-28T20:12:07","slug":"acordo-especifico-de-cooperacao-cientifica-e-tecnologica","status":"publish","type":"page","link":"https:\/\/sites.uel.br\/ari\/acordo-especifico-de-cooperacao-cientifica-e-tecnologica\/","title":{"rendered":"Acordo de  Coopera\u00e7\u00e3o"},"content":{"rendered":"\n<p><\/p>\n\n\n<div class=\"wp-block-image\">\n<figure class=\"aligncenter size-thumbnail is-resized\"><img loading=\"lazy\" decoding=\"async\" width=\"150\" height=\"150\" src=\"https:\/\/sites.uel.br\/ari\/wp-content\/uploads\/2022\/11\/Cooperacao-Cientifica-1-150x150.png\" alt=\"\" class=\"wp-image-479\" style=\"width:75px;height:75px\" srcset=\"https:\/\/sites.uel.br\/ari\/wp-content\/uploads\/2022\/11\/Cooperacao-Cientifica-1-150x150.png 150w, https:\/\/sites.uel.br\/ari\/wp-content\/uploads\/2022\/11\/Cooperacao-Cientifica-1-300x300.png 300w, https:\/\/sites.uel.br\/ari\/wp-content\/uploads\/2022\/11\/Cooperacao-Cientifica-1.png 512w\" sizes=\"auto, (max-width: 150px) 100vw, 150px\" \/><\/figure>\n<\/div>\n\n\n<p class=\"has-medium-font-size\">O Acordo de Coopera\u00e7\u00e3o pode abranger a universidade como um todo ou ser direcionado exclusivamente para determinado Centro, Departamento ou Programa de P\u00f3s-Gradua\u00e7\u00e3o.<\/p>\n\n\n\n<p class=\"has-medium-font-size\"><strong>As atividades previstas nesta modalidade de Acordo podem contemplar:<\/strong><\/p>\n\n\n\n<p class=\"has-medium-font-size\">I. Realiza\u00e7\u00e3o de pesquisa e\/ou desenvolvimento tecnol\u00f3gico em regime de m\u00fatua coopera\u00e7\u00e3o;<br>II. Organiza\u00e7\u00e3o conjunta de eventos acad\u00eamico-cient\u00edficos, tais como semin\u00e1rios, ciclos de palestras e\/ou cursos;<br>III. Elabora\u00e7\u00e3o conjunta de publica\u00e7\u00f5es cient\u00edficas;<br>IV. Interc\u00e2mbio de informa\u00e7\u00f5es, documenta\u00e7\u00f5es e publica\u00e7\u00f5es cient\u00edficas;<br>V. Coopera\u00e7\u00e3o na \u00e1rea de ensino e extens\u00e3o como componente curricular;<br>VI. Participa\u00e7\u00e3o em bancas examinadoras de trabalhos de conclus\u00e3o de cursos de gradua\u00e7\u00e3o e p\u00f3s-gradua\u00e7\u00e3o, segundo a programa\u00e7\u00e3o acad\u00eamica das parceiras;<br>VII. Promo\u00e7\u00e3o de programas de mobilidade de docentes, de discentes e de agentes universit\u00e1rios.<\/p>\n\n\n\n<p class=\"has-medium-font-size\">Para acessar o modelo de Acordo de Coopera\u00e7\u00e3o <a href=\"https:\/\/drive.google.com\/drive\/folders\/1hAqRc_jCs6zfPINTZeQOn0ooKsjIIH1A\" data-type=\"link\" data-id=\"https:\/\/drive.google.com\/drive\/folders\/1hAqRc_jCs6zfPINTZeQOn0ooKsjIIH1A\">clique aqui<\/a>.<\/p>\n\n\n\n<p class=\"has-medium-font-size\">Lembre-se que \u00e9 necess\u00e1rio fazer o download do documento e edit\u00e1-lo no seu pr\u00f3prio computador.<\/p>\n","protected":false},"excerpt":{"rendered":"<p>O Acordo de Coopera\u00e7\u00e3o pode abranger a universidade como um todo ou ser direcionado exclusivamente para determinado Centro, Departamento ou Programa de P\u00f3s-Gradua\u00e7\u00e3o. As atividades previstas nesta modalidade de Acordo podem contemplar: I. Realiza\u00e7\u00e3o de pesquisa e\/ou desenvolvimento tecnol\u00f3gico em regime de m\u00fatua coopera\u00e7\u00e3o;II. Organiza\u00e7\u00e3o conjunta de eventos acad\u00eamico-cient\u00edficos, tais como semin\u00e1rios, ciclos de palestras [&hellip;]<\/p>\n","protected":false},"author":7,"featured_media":0,"parent":0,"menu_order":0,"comment_status":"closed","ping_status":"closed","template":"","meta":{"_acf_changed":false,"_themeisle_gutenberg_block_has_review":false,"footnotes":""},"class_list":["post-316","page","type-page","status-publish","hentry"],"acf":[],"_links":{"self":[{"href":"https:\/\/sites.uel.br\/ari\/wp-json\/wp\/v2\/pages\/316","targetHints":{"allow":["GET"]}}],"collection":[{"href":"https:\/\/sites.uel.br\/ari\/wp-json\/wp\/v2\/pages"}],"about":[{"href":"https:\/\/sites.uel.br\/ari\/wp-json\/wp\/v2\/types\/page"}],"author":[{"embeddable":true,"href":"https:\/\/sites.uel.br\/ari\/wp-json\/wp\/v2\/users\/7"}],"replies":[{"embeddable":true,"href":"https:\/\/sites.uel.br\/ari\/wp-json\/wp\/v2\/comments?post=316"}],"version-history":[{"count":6,"href":"https:\/\/sites.uel.br\/ari\/wp-json\/wp\/v2\/pages\/316\/revisions"}],"predecessor-version":[{"id":1659,"href":"https:\/\/sites.uel.br\/ari\/wp-json\/wp\/v2\/pages\/316\/revisions\/1659"}],"wp:attachment":[{"href":"https:\/\/sites.uel.br\/ari\/wp-json\/wp\/v2\/media?parent=316"}],"curies":[{"name":"wp","href":"https:\/\/api.w.org\/{rel}","templated":true}]}}