{"id":304,"date":"2022-11-28T10:54:37","date_gmt":"2022-11-28T13:54:37","guid":{"rendered":"https:\/\/sites.uel.br\/ari\/?page_id=304"},"modified":"2025-01-23T15:21:44","modified_gmt":"2025-01-23T18:21:44","slug":"protocolo-de-intencoes","status":"publish","type":"page","link":"https:\/\/sites.uel.br\/ari\/protocolo-de-intencoes\/","title":{"rendered":"Protocolo de Inten\u00e7\u00f5es"},"content":{"rendered":"<div class=\"wp-block-image is-style-rounded\">\n<figure class=\"aligncenter size-thumbnail is-resized\"><img loading=\"lazy\" decoding=\"async\" width=\"150\" height=\"150\" src=\"https:\/\/sites.uel.br\/ari\/wp-content\/uploads\/2022\/11\/Protocolo-de-Intencoes-1-150x150.png\" alt=\"\" class=\"wp-image-452\" style=\"width:75px;height:75px\" srcset=\"https:\/\/sites.uel.br\/ari\/wp-content\/uploads\/2022\/11\/Protocolo-de-Intencoes-1-150x150.png 150w, https:\/\/sites.uel.br\/ari\/wp-content\/uploads\/2022\/11\/Protocolo-de-Intencoes-1-300x300.png 300w, https:\/\/sites.uel.br\/ari\/wp-content\/uploads\/2022\/11\/Protocolo-de-Intencoes-1.png 512w\" sizes=\"auto, (max-width: 150px) 100vw, 150px\" \/><\/figure>\n<\/div>\n\n\n<p class=\"has-medium-font-size\">O <strong>Protocolo de Inten\u00e7\u00f5es<\/strong> (<em>Memorandum of Understanding<\/em> em ingl\u00eas), que \u00e9 uma minuta de amplo espectro, um modelo &#8220;guarda-chuva&#8221;. Ele \u00e9 o marco inicial da parceria e, geralmente, abrange a universidade como um todo.<\/p>\n\n\n\n<p class=\"has-medium-font-size\">Este instrumento formal visa estabelecer um <strong>v\u00ednculo de coopera\u00e7\u00e3o<\/strong> ou de parceria entre si, no qual se expressem<strong> interesses e condi\u00e7\u00f5es rec\u00edprocas e equivalentes<\/strong>, de modo a realizar um <strong>prop\u00f3sito comum<\/strong>. Normalmente, ele \u00e9 firmado previamente \u00e0 celebra\u00e7\u00e3o de um Acordo, j\u00e1 que contempla inten\u00e7\u00f5es almejadas no \u00e2mbito da coopera\u00e7\u00e3o de forma geral, numa articula\u00e7\u00e3o que ainda n\u00e3o evoluiu para atribui\u00e7\u00f5es e atividades espec\u00edficas, que s\u00e3o defin\u00edveis em Acordo.<\/p>\n\n\n\n<p class=\"has-medium-font-size\"><\/p>\n\n\n\n<p><\/p>\n","protected":false},"excerpt":{"rendered":"<p>O Protocolo de Inten\u00e7\u00f5es (Memorandum of Understanding em ingl\u00eas), que \u00e9 uma minuta de amplo espectro, um modelo &#8220;guarda-chuva&#8221;. Ele \u00e9 o marco inicial da parceria e, geralmente, abrange a universidade como um todo. Este instrumento formal visa estabelecer um v\u00ednculo de coopera\u00e7\u00e3o ou de parceria entre si, no qual se expressem interesses e condi\u00e7\u00f5es [&hellip;]<\/p>\n","protected":false},"author":7,"featured_media":0,"parent":0,"menu_order":0,"comment_status":"closed","ping_status":"closed","template":"","meta":{"_acf_changed":false,"_themeisle_gutenberg_block_has_review":false,"footnotes":""},"class_list":["post-304","page","type-page","status-publish","hentry"],"acf":[],"_links":{"self":[{"href":"https:\/\/sites.uel.br\/ari\/wp-json\/wp\/v2\/pages\/304","targetHints":{"allow":["GET"]}}],"collection":[{"href":"https:\/\/sites.uel.br\/ari\/wp-json\/wp\/v2\/pages"}],"about":[{"href":"https:\/\/sites.uel.br\/ari\/wp-json\/wp\/v2\/types\/page"}],"author":[{"embeddable":true,"href":"https:\/\/sites.uel.br\/ari\/wp-json\/wp\/v2\/users\/7"}],"replies":[{"embeddable":true,"href":"https:\/\/sites.uel.br\/ari\/wp-json\/wp\/v2\/comments?post=304"}],"version-history":[{"count":9,"href":"https:\/\/sites.uel.br\/ari\/wp-json\/wp\/v2\/pages\/304\/revisions"}],"predecessor-version":[{"id":1501,"href":"https:\/\/sites.uel.br\/ari\/wp-json\/wp\/v2\/pages\/304\/revisions\/1501"}],"wp:attachment":[{"href":"https:\/\/sites.uel.br\/ari\/wp-json\/wp\/v2\/media?parent=304"}],"curies":[{"name":"wp","href":"https:\/\/api.w.org\/{rel}","templated":true}]}}