{"id":2,"date":"2021-03-21T23:36:11","date_gmt":"2021-03-22T02:36:11","guid":{"rendered":"https:\/\/sites.uel.br\/ari\/?page_id=2"},"modified":"2025-02-24T11:18:46","modified_gmt":"2025-02-24T14:18:46","slug":"pagina-exemplo","status":"publish","type":"page","link":"https:\/\/sites.uel.br\/ari\/pagina-exemplo\/","title":{"rendered":"Equipe"},"content":{"rendered":"\n<hr class=\"wp-block-separator has-alpha-channel-opacity is-style-wide\" \/>\n\n\n\n<p><\/p>\n\n\n\n<h5 class=\"wp-block-heading\"><\/h5>\n\n\n\n<p><\/p>\n\n\n<div class=\"wp-block-image is-style-rounded\">\n<figure class=\"aligncenter size-full is-resized\"><img loading=\"lazy\" decoding=\"async\" width=\"704\" height=\"685\" src=\"https:\/\/sites.uel.br\/ari\/wp-content\/uploads\/2025\/01\/foto-viviane-e1738095624377.jpg\" alt=\"\" class=\"wp-image-1664\" style=\"aspect-ratio:1;width:113px;height:auto\" srcset=\"https:\/\/sites.uel.br\/ari\/wp-content\/uploads\/2025\/01\/foto-viviane-e1738095624377.jpg 704w, https:\/\/sites.uel.br\/ari\/wp-content\/uploads\/2025\/01\/foto-viviane-e1738095624377-300x292.jpg 300w\" sizes=\"auto, (max-width: 704px) 100vw, 704px\" \/><\/figure>\n<\/div>\n\n\n<p class=\"has-text-align-center has-medium-font-size\"><strong>Assessoria<\/strong><br>Prof\u00aa. Dr\u00aa. Viviane Bagio Furtoso<\/p>\n\n\n\n<p class=\"has-text-align-center\">Formada em Letras Anglo-Portuguesas e com Mestrado em Letras pela UEL, Doutorado pela UNESP &#8211; S\u00e3o Jos\u00e9 do Rio Preto e P\u00f3s-Doutorado pela Georgetown University nos Estados Unidos. Docente do Departamento de Letras Estrangeiras Modernas na UEL desde 2002 e Assessora de Rela\u00e7\u00f5es Internacionais na gest\u00e3o 2022-2026.<br><a href=\"mailto:ari@uel.br\">ari@uel.br<\/a><\/p>\n\n\n\n<p><\/p>\n\n\n<div class=\"wp-block-image is-resized is-style-rounded\">\n<figure class=\"aligncenter size-medium\"><img loading=\"lazy\" decoding=\"async\" width=\"738\" height=\"736\" src=\"https:\/\/sites.uel.br\/ari\/wp-content\/uploads\/2022\/12\/WhatsApp-Image-2022-12-02-at-10.51.41-1-edited.jpeg\" alt=\"\" class=\"wp-image-596\" style=\"width:128px;height:auto\" srcset=\"https:\/\/sites.uel.br\/ari\/wp-content\/uploads\/2022\/12\/WhatsApp-Image-2022-12-02-at-10.51.41-1-edited.jpeg 738w, https:\/\/sites.uel.br\/ari\/wp-content\/uploads\/2022\/12\/WhatsApp-Image-2022-12-02-at-10.51.41-1-edited-300x300.jpeg 300w, https:\/\/sites.uel.br\/ari\/wp-content\/uploads\/2022\/12\/WhatsApp-Image-2022-12-02-at-10.51.41-1-edited-150x150.jpeg 150w\" sizes=\"auto, (max-width: 738px) 100vw, 738px\" \/><\/figure>\n<\/div>\n\n\n<p class=\"has-text-align-center has-medium-font-size\"><strong>Secretaria<br><\/strong>Marina Ph\u00f4nlor Lemos<\/p>\n\n\n\n<p class=\"has-text-align-center has-medium-font-size\">Formada em Ci\u00eancias Biol\u00f3gicas\/UENP, P\u00f3s-graduada&nbsp;em Hist\u00f3ria e Filosofia da Ci\u00eancia\/UEL&nbsp;e em Gest\u00e3o P\u00fablica. Servidora p\u00fablica na UEL desde 1995, atua na Assessoria desde 2009, no setor administrativo no cargo de secret\u00e1ria designada e administra\u00e7\u00e3o predial.&nbsp;<br><a href=\"mailto:uelari@uel.br\">uelari@uel.br<\/a><\/p>\n\n\n\n<p><\/p>\n\n\n<div class=\"wp-block-image is-resized is-style-rounded\">\n<figure class=\"aligncenter size-full\"><img loading=\"lazy\" decoding=\"async\" width=\"640\" height=\"640\" src=\"https:\/\/sites.uel.br\/ari\/wp-content\/uploads\/2023\/10\/WhatsApp-Image-2023-10-26-at-15.24.18.jpeg\" alt=\"\" class=\"wp-image-706\" style=\"aspect-ratio:1;width:112px;height:auto\" srcset=\"https:\/\/sites.uel.br\/ari\/wp-content\/uploads\/2023\/10\/WhatsApp-Image-2023-10-26-at-15.24.18.jpeg 640w, https:\/\/sites.uel.br\/ari\/wp-content\/uploads\/2023\/10\/WhatsApp-Image-2023-10-26-at-15.24.18-300x300.jpeg 300w, https:\/\/sites.uel.br\/ari\/wp-content\/uploads\/2023\/10\/WhatsApp-Image-2023-10-26-at-15.24.18-150x150.jpeg 150w\" sizes=\"auto, (max-width: 640px) 100vw, 640px\" \/><\/figure>\n<\/div>\n\n\n<p class=\"has-text-align-center has-medium-font-size\"><strong>Setor de Coopera\u00e7\u00e3o Internacional<br><\/strong>Tha\u00eds Artoni Martins<\/p>\n\n\n\n<p class=\"has-text-align-center has-medium-font-size\">Licenciada em Letras-Portugu\u00eas pela UEL e Mestre em Letras &#8211; Estudos Liter\u00e1rios pela mesma universidade. Atualmente atua como assistente na Assessoria de Rela\u00e7\u00f5es Internacionais, estando respons\u00e1vel pelos setores de coopera\u00e7\u00e3o internacional e mobilidade acad\u00eamica internacional. Sua atua\u00e7\u00e3o na ARI se d\u00e1 por meio de uma bolsa concedida pela Secretaria de Estado da Ci\u00eancia, Tecnologia e Ensino Superior (Seti).<br><a href=\"mailto:cooperacao@uel.br\">cooperacao@uel.br<\/a><\/p>\n\n\n\n<p><\/p>\n\n\n<div class=\"wp-block-image is-resized is-style-rounded\">\n<figure class=\"aligncenter size-full\"><img loading=\"lazy\" decoding=\"async\" width=\"792\" height=\"843\" src=\"https:\/\/sites.uel.br\/ari\/wp-content\/uploads\/2025\/01\/Foto-Leo-ARI-e1738068012386.jpg\" alt=\"\" class=\"wp-image-1568\" style=\"aspect-ratio:1;width:112px;height:auto\" srcset=\"https:\/\/sites.uel.br\/ari\/wp-content\/uploads\/2025\/01\/Foto-Leo-ARI-e1738068012386.jpg 792w, https:\/\/sites.uel.br\/ari\/wp-content\/uploads\/2025\/01\/Foto-Leo-ARI-e1738068012386-282x300.jpg 282w, https:\/\/sites.uel.br\/ari\/wp-content\/uploads\/2025\/01\/Foto-Leo-ARI-e1738068012386-768x817.jpg 768w\" sizes=\"auto, (max-width: 792px) 100vw, 792px\" \/><\/figure>\n<\/div>\n\n\n<p class=\"has-text-align-center has-medium-font-size\"><strong> Setor de Mobilidade Internacional<\/strong><\/p>\n\n\n\n<p class=\"has-text-align-center has-medium-font-size\">Leonardo Kobayashi Santana<\/p>\n\n\n\n<p class=\"has-text-align-center\">Licenciado em Letras-Portugu\u00eas pela UEL. Atualmente \u00e9 respons\u00e1vel pelo setor de mobilidade acad\u00eamica na Assessoria de Rela\u00e7\u00f5es Internacionais.<\/p>\n\n\n\n<p class=\"has-text-align-center\">Telefone: +55 43 3371-5897<\/p>\n\n\n\n<p class=\"has-text-align-center\"><a href=\"mailto:mobilidade@uel.br\">mobilidade@uel.br<\/a><\/p>\n\n\n\n<p><\/p>\n\n\n<div class=\"wp-block-image is-resized is-style-rounded\">\n<figure class=\"aligncenter size-full\"><img loading=\"lazy\" decoding=\"async\" width=\"692\" height=\"722\" src=\"https:\/\/sites.uel.br\/ari\/wp-content\/uploads\/2025\/01\/foto-joao-ari-1-e1738068249336.jpg\" alt=\"\" class=\"wp-image-1572\" style=\"aspect-ratio:1;width:112px;height:auto\" srcset=\"https:\/\/sites.uel.br\/ari\/wp-content\/uploads\/2025\/01\/foto-joao-ari-1-e1738068249336.jpg 692w, https:\/\/sites.uel.br\/ari\/wp-content\/uploads\/2025\/01\/foto-joao-ari-1-e1738068249336-288x300.jpg 288w\" sizes=\"auto, (max-width: 692px) 100vw, 692px\" \/><\/figure>\n<\/div>\n\n\n<p class=\"has-text-align-center\"><strong>Bolsista SEAP<\/strong><\/p>\n\n\n\n<p class=\"has-text-align-center\">Jo\u00e3o Guilherme Portes Pierini <\/p>\n\n\n\n<p class=\"has-text-align-center\"><a href=\"mailto:estagioari@uel.br\">estagioari@uel.br<\/a><\/p>\n\n\n\n<h3 class=\"wp-block-heading\">&nbsp;&nbsp;&nbsp;&nbsp;&nbsp;<\/h3>\n\n\n\n<p class=\"has-text-align-center\"><strong>N\u00daCLEOS TEM\u00c1TICOS INTERNACIONAIS<\/strong><\/p>\n\n\n\n<p class=\"has-text-align-center\">&nbsp;&nbsp;&nbsp;&nbsp;&nbsp;&nbsp;<strong>&nbsp;&nbsp;NEAB \u2013 N\u00facleo de Estudos Afro-Brasileiros<\/strong><\/p>\n\n\n\n<p class=\"has-text-align-center\"><a href=\"http:\/\/www.uel.br\/neab\/\">www.uel.br\/neab&nbsp;<\/a><\/p>\n\n\n\n<p class=\"has-text-align-center\"><a href=\"http:\/\/neab@uel.br\/\">neab@uel.br <\/a>&nbsp;<\/p>\n\n\n\n<p class=\"has-text-align-center\"><strong>COORDENADORA&nbsp;<\/strong><\/p>\n\n\n\n<p class=\"has-text-align-center\"><strong>Prof\u00aa<\/strong><strong> <\/strong><strong>Dr\u00aa<\/strong><strong> <\/strong><strong>Marleide Rodrigues da Silva Perrude<\/strong><\/p>\n\n\n\n<p class=\"has-text-align-center\">&nbsp;&nbsp;&nbsp;&nbsp; Telefone: +55 43 3371-4599 \u2013 3371-4679<\/p>\n\n\n\n<p class=\"has-text-align-center\"><strong>T\u00e9c. Administrativo<\/strong><\/p>\n\n\n\n<p class=\"has-text-align-center\">Sandro Vieira<\/p>\n\n\n\n<p><\/p>\n\n\n\n<p class=\"has-text-align-center\">&nbsp;<strong>NECJ \u2013 N\u00facleo de Estudos de Cultura Japonesa&nbsp;&nbsp;<\/strong><\/p>\n\n\n<div class=\"wp-block-image is-resized is-style-rounded\">\n<figure class=\"aligncenter size-full\"><img loading=\"lazy\" decoding=\"async\" width=\"842\" height=\"787\" src=\"https:\/\/sites.uel.br\/ari\/wp-content\/uploads\/2025\/02\/image-e1738692505144.png\" alt=\"\" class=\"wp-image-1698\" style=\"aspect-ratio:1;width:112px;height:auto\" srcset=\"https:\/\/sites.uel.br\/ari\/wp-content\/uploads\/2025\/02\/image-e1738692505144.png 842w, https:\/\/sites.uel.br\/ari\/wp-content\/uploads\/2025\/02\/image-e1738692505144-300x280.png 300w, https:\/\/sites.uel.br\/ari\/wp-content\/uploads\/2025\/02\/image-e1738692505144-768x718.png 768w\" sizes=\"auto, (max-width: 842px) 100vw, 842px\" \/><\/figure>\n<\/div>\n\n\n<p class=\"has-text-align-center\"><strong>COORDENADOR<\/strong><\/p>\n\n\n\n<p class=\"has-text-align-center\"><strong>Prof. Dr. Richard Shimada Andr\u00e9<\/strong><\/p>\n\n\n\n<p class=\"has-text-align-center\">&nbsp;<a href=\"http:\/\/necj@uel.br\/\">necj@uel.br&nbsp;<\/a><\/p>\n\n\n\n<p class=\"has-text-align-center has-medium-font-size\">Telefone: +55 43 3371-4189 \u2013 3371-5898<\/p>\n\n\n\n<p><\/p>\n","protected":false},"excerpt":{"rendered":"<p>AssessoriaProf\u00aa. Dr\u00aa. Viviane Bagio Furtoso Formada em Letras Anglo-Portuguesas e com Mestrado em Letras pela UEL, Doutorado pela UNESP &#8211; S\u00e3o Jos\u00e9 do Rio Preto e P\u00f3s-Doutorado pela Georgetown University nos Estados Unidos. Docente do Departamento de Letras Estrangeiras Modernas na UEL desde 2002 e Assessora de Rela\u00e7\u00f5es Internacionais na gest\u00e3o 2022-2026.ari@uel.br SecretariaMarina Ph\u00f4nlor Lemos [&hellip;]<\/p>\n","protected":false},"author":1,"featured_media":0,"parent":0,"menu_order":0,"comment_status":"closed","ping_status":"closed","template":"","meta":{"_acf_changed":false,"_themeisle_gutenberg_block_has_review":false,"footnotes":""},"class_list":["post-2","page","type-page","status-publish","hentry"],"acf":[],"_links":{"self":[{"href":"https:\/\/sites.uel.br\/ari\/wp-json\/wp\/v2\/pages\/2","targetHints":{"allow":["GET"]}}],"collection":[{"href":"https:\/\/sites.uel.br\/ari\/wp-json\/wp\/v2\/pages"}],"about":[{"href":"https:\/\/sites.uel.br\/ari\/wp-json\/wp\/v2\/types\/page"}],"author":[{"embeddable":true,"href":"https:\/\/sites.uel.br\/ari\/wp-json\/wp\/v2\/users\/1"}],"replies":[{"embeddable":true,"href":"https:\/\/sites.uel.br\/ari\/wp-json\/wp\/v2\/comments?post=2"}],"version-history":[{"count":43,"href":"https:\/\/sites.uel.br\/ari\/wp-json\/wp\/v2\/pages\/2\/revisions"}],"predecessor-version":[{"id":1765,"href":"https:\/\/sites.uel.br\/ari\/wp-json\/wp\/v2\/pages\/2\/revisions\/1765"}],"wp:attachment":[{"href":"https:\/\/sites.uel.br\/ari\/wp-json\/wp\/v2\/media?parent=2"}],"curies":[{"name":"wp","href":"https:\/\/api.w.org\/{rel}","templated":true}]}}