{"id":158,"date":"2022-11-22T11:12:05","date_gmt":"2022-11-22T14:12:05","guid":{"rendered":"https:\/\/sites.uel.br\/ari\/?page_id=158"},"modified":"2025-01-28T16:25:16","modified_gmt":"2025-01-28T19:25:16","slug":"redes-de-colaboracao","status":"publish","type":"page","link":"https:\/\/sites.uel.br\/ari\/redes-de-colaboracao\/","title":{"rendered":"Redes de Colabora\u00e7\u00e3o"},"content":{"rendered":"\n<hr class=\"wp-block-separator has-alpha-channel-opacity is-style-wide\"\/>\n\n\n\n<p>\u200e<\/p>\n\n\n\n<div class=\"wp-block-columns is-layout-flex wp-container-core-columns-is-layout-9d6595d7 wp-block-columns-is-layout-flex\">\n<div class=\"wp-block-column is-layout-flow wp-block-column-is-layout-flow\"><div class=\"wp-block-image\">\n<figure class=\"aligncenter size-full is-resized\"><img loading=\"lazy\" decoding=\"async\" width=\"1003\" height=\"408\" src=\"https:\/\/sites.uel.br\/ari\/wp-content\/uploads\/2024\/12\/logo-zicosur.png\" alt=\"\" class=\"wp-image-1371\" style=\"width:266px;height:auto\" srcset=\"https:\/\/sites.uel.br\/ari\/wp-content\/uploads\/2024\/12\/logo-zicosur.png 1003w, https:\/\/sites.uel.br\/ari\/wp-content\/uploads\/2024\/12\/logo-zicosur-300x122.png 300w, https:\/\/sites.uel.br\/ari\/wp-content\/uploads\/2024\/12\/logo-zicosur-768x312.png 768w\" sizes=\"auto, (max-width: 1003px) 100vw, 1003px\" \/><\/figure>\n<\/div><\/div>\n\n\n\n<div class=\"wp-block-column is-layout-flow wp-block-column-is-layout-flow\"><div class=\"wp-block-image\">\n<figure class=\"aligncenter size-full is-resized\"><img loading=\"lazy\" decoding=\"async\" width=\"800\" height=\"312\" src=\"https:\/\/sites.uel.br\/ari\/wp-content\/uploads\/2024\/12\/IFMSA_Brazil.png\" alt=\"\" class=\"wp-image-1372\" style=\"width:269px;height:auto\" srcset=\"https:\/\/sites.uel.br\/ari\/wp-content\/uploads\/2024\/12\/IFMSA_Brazil.png 800w, https:\/\/sites.uel.br\/ari\/wp-content\/uploads\/2024\/12\/IFMSA_Brazil-300x117.png 300w, https:\/\/sites.uel.br\/ari\/wp-content\/uploads\/2024\/12\/IFMSA_Brazil-768x300.png 768w\" sizes=\"auto, (max-width: 800px) 100vw, 800px\" \/><\/figure>\n<\/div><\/div>\n\n\n\n<div class=\"wp-block-column is-layout-flow wp-block-column-is-layout-flow\"><div class=\"wp-block-image\">\n<figure class=\"aligncenter size-full\"><img loading=\"lazy\" decoding=\"async\" width=\"409\" height=\"123\" src=\"https:\/\/sites.uel.br\/ari\/wp-content\/uploads\/2024\/12\/faubai.png\" alt=\"\" class=\"wp-image-1373\" srcset=\"https:\/\/sites.uel.br\/ari\/wp-content\/uploads\/2024\/12\/faubai.png 409w, https:\/\/sites.uel.br\/ari\/wp-content\/uploads\/2024\/12\/faubai-300x90.png 300w\" sizes=\"auto, (max-width: 409px) 100vw, 409px\" \/><\/figure>\n<\/div><\/div>\n<\/div>\n\n\n\n<div class=\"wp-block-columns is-layout-flex wp-container-core-columns-is-layout-9d6595d7 wp-block-columns-is-layout-flex\">\n<div class=\"wp-block-column is-layout-flow wp-block-column-is-layout-flow\">\n<p class=\"has-text-align-center has-medium-font-size\"><a href=\"https:\/\/sites.uel.br\/ari\/rede-zicosur-universitario\/\" data-type=\"link\" data-id=\"https:\/\/sites.uel.br\/ari\/rede-zicosur-universitario\/\">ZICOSUR UNIVERSIT\u00c1RIO<\/a><\/p>\n<\/div>\n\n\n\n<div class=\"wp-block-column is-layout-flow wp-block-column-is-layout-flow\">\n<p class=\"has-text-align-center has-medium-font-size\"><a href=\"https:\/\/sites.uel.br\/ari\/ifmsa\/\" data-type=\"link\" data-id=\"https:\/\/sites.uel.br\/ari\/ifmsa\/\">IFMSA &#8211; Federa\u00e7\u00e3o Internacional de Associa\u00e7\u00f5es de Estudantes de Medicina<\/a><\/p>\n<\/div>\n\n\n\n<div class=\"wp-block-column is-layout-flow wp-block-column-is-layout-flow\">\n<p class=\"has-text-align-center has-medium-font-size\"><a href=\"https:\/\/sites.uel.br\/ari\/faubai\/\" data-type=\"link\" data-id=\"https:\/\/sites.uel.br\/ari\/faubai\/\">FAUBAI &#8211; Associa\u00e7\u00e3o Brasileira de Educa\u00e7\u00e3o Internacional<\/a><\/p>\n<\/div>\n<\/div>\n\n\n\n<div class=\"wp-block-columns is-layout-flex wp-container-core-columns-is-layout-9d6595d7 wp-block-columns-is-layout-flex\">\n<div class=\"wp-block-column is-layout-flow wp-block-column-is-layout-flow\"><div class=\"wp-block-image\">\n<figure class=\"aligncenter size-full is-resized\"><img loading=\"lazy\" decoding=\"async\" width=\"225\" height=\"225\" src=\"https:\/\/sites.uel.br\/ari\/wp-content\/uploads\/2024\/12\/ibs.png\" alt=\"\" class=\"wp-image-1385\" style=\"width:191px;height:auto\" srcset=\"https:\/\/sites.uel.br\/ari\/wp-content\/uploads\/2024\/12\/ibs.png 225w, https:\/\/sites.uel.br\/ari\/wp-content\/uploads\/2024\/12\/ibs-150x150.png 150w\" sizes=\"auto, (max-width: 225px) 100vw, 225px\" \/><\/figure>\n<\/div><\/div>\n\n\n\n<div class=\"wp-block-column is-layout-flow wp-block-column-is-layout-flow\"><div class=\"wp-block-image\">\n<figure class=\"aligncenter size-full is-resized\"><img loading=\"lazy\" decoding=\"async\" width=\"150\" height=\"150\" src=\"https:\/\/sites.uel.br\/ari\/wp-content\/uploads\/2024\/12\/gcub-150x150-1.png\" alt=\"\" class=\"wp-image-1387\" style=\"width:188px;height:auto\"\/><\/figure>\n<\/div><\/div>\n\n\n\n<div class=\"wp-block-column is-layout-flow wp-block-column-is-layout-flow\"><div class=\"wp-block-image\">\n<figure class=\"aligncenter size-full is-resized\"><img loading=\"lazy\" decoding=\"async\" width=\"124\" height=\"124\" src=\"https:\/\/sites.uel.br\/ari\/wp-content\/uploads\/2024\/12\/abruem.png\" alt=\"\" class=\"wp-image-1388\" style=\"width:188px;height:auto\"\/><\/figure>\n<\/div><\/div>\n<\/div>\n\n\n\n<div class=\"wp-block-columns is-layout-flex wp-container-core-columns-is-layout-9d6595d7 wp-block-columns-is-layout-flex\">\n<div class=\"wp-block-column is-layout-flow wp-block-column-is-layout-flow\">\n<p class=\"has-text-align-center has-medium-font-size\"><a href=\"https:\/\/sites.uel.br\/ari\/ibs\/\" data-type=\"link\" data-id=\"https:\/\/sites.uel.br\/ari\/ibs\/\">IBS AMERICAS &#8211; International Business School<\/a><\/p>\n<\/div>\n\n\n\n<div class=\"wp-block-column is-layout-flow wp-block-column-is-layout-flow\">\n<p class=\"has-text-align-center has-medium-font-size\"><a href=\"https:\/\/sites.uel.br\/ari\/gcub\/\" data-type=\"link\" data-id=\"https:\/\/sites.uel.br\/ari\/grupo-coimbra\/\">GCUB &#8211; Grupo de Coopera\u00e7\u00e3o Internacional de Universidades Brasileiras<\/a><\/p>\n<\/div>\n\n\n\n<div class=\"wp-block-column is-layout-flow wp-block-column-is-layout-flow\">\n<p class=\"has-text-align-center has-medium-font-size\"><a href=\"https:\/\/sites.uel.br\/ari\/abruem\/\" data-type=\"link\" data-id=\"https:\/\/sites.uel.br\/ari\/abruem\/\">ABRUEM &#8211; Associa\u00e7\u00e3o Brasileira dos Reitores das Universidades Estaduais e Municipais<\/a><\/p>\n<\/div>\n<\/div>\n\n\n\n<p class=\"has-medium-font-size\">Acesse tamb\u00e9m: <a href=\"https:\/\/sites.uel.br\/ari\/outras-aris\/\">Outras ARIs<\/a><\/p>\n","protected":false},"excerpt":{"rendered":"<p>\u200e ZICOSUR UNIVERSIT\u00c1RIO IFMSA &#8211; Federa\u00e7\u00e3o Internacional de Associa\u00e7\u00f5es de Estudantes de Medicina FAUBAI &#8211; Associa\u00e7\u00e3o Brasileira de Educa\u00e7\u00e3o Internacional IBS AMERICAS &#8211; International Business School GCUB &#8211; Grupo de Coopera\u00e7\u00e3o Internacional de Universidades Brasileiras ABRUEM &#8211; Associa\u00e7\u00e3o Brasileira dos Reitores das Universidades Estaduais e Municipais Acesse tamb\u00e9m: Outras ARIs<\/p>\n","protected":false},"author":6,"featured_media":0,"parent":0,"menu_order":0,"comment_status":"closed","ping_status":"closed","template":"","meta":{"_acf_changed":false,"_themeisle_gutenberg_block_has_review":false,"footnotes":""},"class_list":["post-158","page","type-page","status-publish","hentry"],"acf":[],"_links":{"self":[{"href":"https:\/\/sites.uel.br\/ari\/wp-json\/wp\/v2\/pages\/158","targetHints":{"allow":["GET"]}}],"collection":[{"href":"https:\/\/sites.uel.br\/ari\/wp-json\/wp\/v2\/pages"}],"about":[{"href":"https:\/\/sites.uel.br\/ari\/wp-json\/wp\/v2\/types\/page"}],"author":[{"embeddable":true,"href":"https:\/\/sites.uel.br\/ari\/wp-json\/wp\/v2\/users\/6"}],"replies":[{"embeddable":true,"href":"https:\/\/sites.uel.br\/ari\/wp-json\/wp\/v2\/comments?post=158"}],"version-history":[{"count":57,"href":"https:\/\/sites.uel.br\/ari\/wp-json\/wp\/v2\/pages\/158\/revisions"}],"predecessor-version":[{"id":1623,"href":"https:\/\/sites.uel.br\/ari\/wp-json\/wp\/v2\/pages\/158\/revisions\/1623"}],"wp:attachment":[{"href":"https:\/\/sites.uel.br\/ari\/wp-json\/wp\/v2\/media?parent=158"}],"curies":[{"name":"wp","href":"https:\/\/api.w.org\/{rel}","templated":true}]}}