{"id":141,"date":"2022-11-22T11:10:31","date_gmt":"2022-11-22T14:10:31","guid":{"rendered":"https:\/\/sites.uel.br\/ari\/?page_id=141"},"modified":"2025-10-10T08:46:45","modified_gmt":"2025-10-10T11:46:45","slug":"neab","status":"publish","type":"page","link":"https:\/\/sites.uel.br\/ari\/neab\/","title":{"rendered":"NEAB"},"content":{"rendered":"\n<p><\/p>\n\n\n\n<p><strong>N\u00daCLEO DE ESTUDOS<\/strong> <strong>AFRO-BRASILEIROS &#8211; NEAB<\/strong><\/p>\n\n\n\n<hr class=\"wp-block-separator has-alpha-channel-opacity is-style-wide\"\/>\n\n\n<div class=\"wp-block-image\">\n<figure class=\"aligncenter size-full is-resized\"><img loading=\"lazy\" decoding=\"async\" width=\"474\" height=\"335\" src=\"https:\/\/sites.uel.br\/ari\/wp-content\/uploads\/2025\/01\/NEAB-foto.jpg\" alt=\"\" class=\"wp-image-1660\" style=\"width:349px;height:auto\" srcset=\"https:\/\/sites.uel.br\/ari\/wp-content\/uploads\/2025\/01\/NEAB-foto.jpg 474w, https:\/\/sites.uel.br\/ari\/wp-content\/uploads\/2025\/01\/NEAB-foto-300x212.jpg 300w\" sizes=\"auto, (max-width: 474px) 100vw, 474px\" \/><\/figure>\n<\/div>\n\n\n<p>O NEAB tem por objetivo desenvolver estudos afro-brasileiros, africanos e da di\u00e1spora em geral, de forma interdisciplinar visando contribuir com a produ\u00e7\u00e3o de conhecimento e com os subs\u00eddios para a formula\u00e7\u00e3o das pol\u00edticas de combate ao racismo e \u00e0 discrimina\u00e7\u00e3o racial, especialmente atrav\u00e9s do intercambio entre a Universidade Estadual de Londrina e institui\u00e7\u00f5es cong\u00eaneres.<\/p>\n\n\n\n<p>Para consecu\u00e7\u00e3o de suas finalidades, o N\u00facleo de Estudos Afro-Brasileiros realizar\u00e1 pesquisas, cursos, confer\u00eancias, encontros, publica\u00e7\u00f5es e interc\u00e2mbio de pesquisadores.<\/p>\n\n\n\n<p><strong>O N\u00facleo de Estudos Afro-Brasileiros tem por objetivo:<\/strong><strong><\/strong><\/p>\n\n\n\n<ul class=\"wp-block-list\">\n<li>Difundir a realidade afro-brasileira atrav\u00e9s de pesquisa, cursos, conferencias, encontros, publica\u00e7\u00f5es e Interc\u00e2mbio de pesquisadores;<\/li>\n\n\n\n<li>Promover e incentivar o estudo e a pesquisa as popula\u00e7\u00f5es de origem africana em diferentes sociedades no mundo;&nbsp;<\/li>\n\n\n\n<li>Manter e incentivar interc\u00e2mbios, rela\u00e7\u00f5es cient\u00edficas, acad\u00eamicas, culturais e art\u00edsticas com institui\u00e7\u00f5es cong\u00eaneres ou relacionadas com os objetivos do N\u00facleo, nacionais ou estrangeiras;<\/li>\n\n\n\n<li>Manter, em sua sede o acervo de documentos e dados especializados sobre os temas de interesse do N\u00facleo.<\/li>\n<\/ul>\n\n\n\n<p><strong>\u00c1reas de trabalho<\/strong>:<\/p>\n\n\n\n<ul class=\"wp-block-list\">\n<li>Pesquisas, cursos, semin\u00e1rios e confer\u00eancias;<\/li>\n\n\n\n<li>Publica\u00e7\u00f5es e edi\u00e7\u00f5es;<\/li>\n\n\n\n<li>Documenta\u00e7\u00e3o.<\/li>\n<\/ul>\n\n\n\n<p><strong>Contatos<\/strong>:<\/p>\n\n\n\n<p><strong>Coordenadora:<\/strong> Profa. Dra. Marleide Rodrigues da Silva Perrude<\/p>\n\n\n\n<p><strong>E-mail:&nbsp;<\/strong>&nbsp;neab@uel.br<\/p>\n\n\n\n<p><strong>Telefone:&nbsp;<\/strong>(43) 3371-4599&nbsp;ou (43) 3371-4679&nbsp;<strong>(WhatsApp)<\/strong><\/p>\n\n\n\n<p><strong>Website:\u00a0<\/strong><a href=\"https:\/\/sites.uel.br\/neab\/\" target=\"_blank\" rel=\"noreferrer noopener\">https:\/\/sites.uel.br\/neab\/<\/a><\/p>\n\n\n\n<p><strong>Facebook:&nbsp;<\/strong>&nbsp;<a href=\"https:\/\/www.facebook.com\/neabuel\">https:\/\/www.facebook.com\/neabuel<\/a>&nbsp;&nbsp;<\/p>\n\n\n\n<p><strong>Instagram<\/strong>: <a href=\"https:\/\/www.instagram.com\/neab.uel?igsh=MXZ4em5na3RpZTlzZQ==\">@neab.uel <\/a><\/p>\n\n\n\n<p><\/p>\n","protected":false},"excerpt":{"rendered":"<p>N\u00daCLEO DE ESTUDOS AFRO-BRASILEIROS &#8211; NEAB O NEAB tem por objetivo desenvolver estudos afro-brasileiros, africanos e da di\u00e1spora em geral, de forma interdisciplinar visando contribuir com a produ\u00e7\u00e3o de conhecimento e com os subs\u00eddios para a formula\u00e7\u00e3o das pol\u00edticas de combate ao racismo e \u00e0 discrimina\u00e7\u00e3o racial, especialmente atrav\u00e9s do intercambio entre a Universidade Estadual [&hellip;]<\/p>\n","protected":false},"author":6,"featured_media":0,"parent":0,"menu_order":0,"comment_status":"closed","ping_status":"closed","template":"","meta":{"_acf_changed":false,"_themeisle_gutenberg_block_has_review":false,"footnotes":""},"class_list":["post-141","page","type-page","status-publish","hentry"],"acf":[],"_links":{"self":[{"href":"https:\/\/sites.uel.br\/ari\/wp-json\/wp\/v2\/pages\/141","targetHints":{"allow":["GET"]}}],"collection":[{"href":"https:\/\/sites.uel.br\/ari\/wp-json\/wp\/v2\/pages"}],"about":[{"href":"https:\/\/sites.uel.br\/ari\/wp-json\/wp\/v2\/types\/page"}],"author":[{"embeddable":true,"href":"https:\/\/sites.uel.br\/ari\/wp-json\/wp\/v2\/users\/6"}],"replies":[{"embeddable":true,"href":"https:\/\/sites.uel.br\/ari\/wp-json\/wp\/v2\/comments?post=141"}],"version-history":[{"count":13,"href":"https:\/\/sites.uel.br\/ari\/wp-json\/wp\/v2\/pages\/141\/revisions"}],"predecessor-version":[{"id":2010,"href":"https:\/\/sites.uel.br\/ari\/wp-json\/wp\/v2\/pages\/141\/revisions\/2010"}],"wp:attachment":[{"href":"https:\/\/sites.uel.br\/ari\/wp-json\/wp\/v2\/media?parent=141"}],"curies":[{"name":"wp","href":"https:\/\/api.w.org\/{rel}","templated":true}]}}