{"id":140,"date":"2022-11-22T11:10:31","date_gmt":"2022-11-22T14:10:31","guid":{"rendered":"https:\/\/sites.uel.br\/ari\/?page_id=140"},"modified":"2025-10-14T17:20:54","modified_gmt":"2025-10-14T20:20:54","slug":"necj","status":"publish","type":"page","link":"https:\/\/sites.uel.br\/ari\/necj\/","title":{"rendered":"NECJ"},"content":{"rendered":"\n<p><\/p>\n\n\n\n<p><strong>N\u00daCLEO DE ESTUDOS DA CULTURA JAPONESA &#8211; NECJ<\/strong><\/p>\n\n\n\n<hr class=\"wp-block-separator has-alpha-channel-opacity is-style-wide\"\/>\n\n\n<div class=\"wp-block-image\">\n<figure class=\"aligncenter size-large is-resized\"><img loading=\"lazy\" decoding=\"async\" width=\"1024\" height=\"682\" src=\"https:\/\/sites.uel.br\/ari\/wp-content\/uploads\/2025\/01\/NECJ-UEL-1024x682.jpeg\" alt=\"\" class=\"wp-image-1662\" style=\"width:396px;height:auto\" srcset=\"https:\/\/sites.uel.br\/ari\/wp-content\/uploads\/2025\/01\/NECJ-UEL-1024x682.jpeg 1024w, https:\/\/sites.uel.br\/ari\/wp-content\/uploads\/2025\/01\/NECJ-UEL-300x200.jpeg 300w, https:\/\/sites.uel.br\/ari\/wp-content\/uploads\/2025\/01\/NECJ-UEL-768x511.jpeg 768w, https:\/\/sites.uel.br\/ari\/wp-content\/uploads\/2025\/01\/NECJ-UEL.jpeg 1280w\" sizes=\"auto, (max-width: 1024px) 100vw, 1024px\" \/><\/figure>\n<\/div>\n\n\n<p class=\"has-medium-font-size\">O NECJ tem suas ra\u00edzes na pr\u00f3pria trajet\u00f3ria hist\u00f3rica da Universidade Estadual de Londrina. As in\u00fameras atividades desenvolvidas ao longo do tempo foram sistematizadas e centralizadas em uma unidade espec\u00edfica: o N\u00facleo de Estudos da Cultura Japonesa. A cria\u00e7\u00e3o e implanta\u00e7\u00e3o ocorreram em 06 de outubro de 1995 (Ato Executivo n\u00ba 1544\/95).<\/p>\n\n\n\n<p class=\"has-medium-font-size\">Na estrutura organizacional da UEL, o N\u00facleo est\u00e1 vinculado \u00e0 Assessoria de Rela\u00e7\u00f5es Internacionais (ARI) e ao Gabinete da Reitoria. Ocupa espa\u00e7o f\u00edsico pr\u00f3prio em pr\u00e9dio constru\u00eddo com verba do Jap\u00e3o, localizada no cal\u00e7ad\u00e3o do campus universit\u00e1rio.<\/p>\n\n\n\n<p class=\"has-medium-font-size\">Apresenta como miss\u00e3o \u201cdesenvolver a integra\u00e7\u00e3o multicultural regional, nacional e internacional atrav\u00e9s da oferta de acesso \u00e0 cultura japonesa, um dos segmentos \u00e9tnicos do Brasil\u201d.<\/p>\n\n\n\n<p class=\"has-medium-font-size\">O NECJ apresenta como objetivo, desenvolver estudos e pesquisas sobre a l\u00edngua e cultura japonesa, bem como a presta\u00e7\u00e3o de servi\u00e7os \u00e0 comunidade e fortalecimento dos la\u00e7os de amizade entre o Brasil e o Jap\u00e3o. As \u00e1reas de atua\u00e7\u00e3o no ensino s\u00e3o: Ensino da L\u00edngua, Literatura e Cultura Japonesa.<\/p>\n\n\n\n<p class=\"has-medium-font-size\">As pesquisas sobre temas da cultura japonesa atender\u00e1 alunos de gradua\u00e7\u00e3o, p\u00f3s-gradua\u00e7\u00e3o, pesquisadores nacionais e internacionais colocando \u00e0&nbsp; disposi\u00e7\u00e3o livros, revistas jornais e documentos para consulta, al\u00e9m de entrevistas e orienta\u00e7\u00f5es. As pesquisas s\u00e3o em parceria com professores do Jap\u00e3o, Estados Unidos e pa\u00edses da Europa tem sido importantes.<\/p>\n\n\n\n<p class=\"has-medium-font-size\">Atividades de extens\u00e3o realizadas atrav\u00e9s da UEL ou em parceria com outras entidades:<\/p>\n\n\n\n<p class=\"has-medium-font-size\"><strong>Cursos de curta dura\u00e7\u00e3o e oficinas<\/strong>: origami, kirigami, tiguiri-\u00ea, mang\u00e1, shod\u00f4, culin\u00e1ria, soroban, dan\u00e7as, can\u00e7\u00f5es infantis, folcl\u00f3ricas e outros;<\/p>\n\n\n\n<p class=\"has-medium-font-size\"><strong>Realiza\u00e7\u00e3o de simp\u00f3sios, semin\u00e1rios, palestras, mesas-redondas, apresenta\u00e7\u00f5es art\u00edsticas<\/strong>&nbsp;sobre temas da cultura japonesa ou nipo-brasileira;<\/p>\n\n\n\n<p class=\"has-medium-font-size\"><strong>Interc\u00e2mbio cultural-educacional<\/strong>&nbsp;com universidades do &nbsp;Jap\u00e3o, por meio&nbsp;de conv\u00eanio; Recep\u00e7\u00e3o e atividades culturais brasileiras para delega\u00e7\u00f5es das universidades do Jap\u00e3o que vem anualmente.<\/p>\n\n\n\n<p class=\"has-medium-font-size\">Atrav\u00e9s das A\u00e7\u00f5es que desenvolve, o NECJ tem o intuito de levar \u00e0 compreens\u00e3o da integra\u00e7\u00e3o dos japoneses e seus descendentes no Brasil e a import\u00e2ncia de sua participa\u00e7\u00e3o ativa nos destinos da na\u00e7\u00e3o; ampliar e aprofundar a experi\u00eancia acad\u00eamica com institui\u00e7\u00f5es cong\u00eaneres nacionais e internacionais; promover a coopera\u00e7\u00e3o tecnol\u00f3gica, cient\u00edfica, econ\u00f4mica e sociocultural no processo de desenvolvimento levando a moderniza\u00e7\u00e3o e internacionaliza\u00e7\u00e3o do pa\u00eds.<\/p>\n\n\n\n<p><strong>Contatos<\/strong>:<\/p>\n\n\n\n<p><strong>Coordenador:<\/strong> Prof. Dr. Richard Shimada Andr\u00e9<\/p>\n\n\n\n<p><strong>E-mail:&nbsp;<\/strong>&nbsp;necj@uel.br<\/p>\n\n\n\n<p><strong>Telefone:&nbsp;<\/strong>(43) 3371-5898<\/p>\n\n\n\n<p><strong>Instagram<\/strong>: <a href=\"https:\/\/www.instagram.com\/necj.uel?igsh=MTRnem9vMms0aWw5YQ==\">@necj.uel<\/a><\/p>\n\n\n<div class=\"wp-block-image\">\n<figure class=\"aligncenter size-large is-resized\"><img loading=\"lazy\" decoding=\"async\" width=\"1024\" height=\"576\" src=\"https:\/\/sites.uel.br\/ari\/wp-content\/uploads\/2025\/10\/logo_NECJ-1024x576.jpg\" alt=\"\" class=\"wp-image-2012\" style=\"width:356px;height:auto\" srcset=\"https:\/\/sites.uel.br\/ari\/wp-content\/uploads\/2025\/10\/logo_NECJ-1024x576.jpg 1024w, https:\/\/sites.uel.br\/ari\/wp-content\/uploads\/2025\/10\/logo_NECJ-300x169.jpg 300w, https:\/\/sites.uel.br\/ari\/wp-content\/uploads\/2025\/10\/logo_NECJ-768x432.jpg 768w, https:\/\/sites.uel.br\/ari\/wp-content\/uploads\/2025\/10\/logo_NECJ-1536x864.jpg 1536w, https:\/\/sites.uel.br\/ari\/wp-content\/uploads\/2025\/10\/logo_NECJ-2048x1152.jpg 2048w\" sizes=\"auto, (max-width: 1024px) 100vw, 1024px\" \/><\/figure>\n<\/div>\n\n\n<p><\/p>\n","protected":false},"excerpt":{"rendered":"<p>N\u00daCLEO DE ESTUDOS DA CULTURA JAPONESA &#8211; NECJ O NECJ tem suas ra\u00edzes na pr\u00f3pria trajet\u00f3ria hist\u00f3rica da Universidade Estadual de Londrina. As in\u00fameras atividades desenvolvidas ao longo do tempo foram sistematizadas e centralizadas em uma unidade espec\u00edfica: o N\u00facleo de Estudos da Cultura Japonesa. A cria\u00e7\u00e3o e implanta\u00e7\u00e3o ocorreram em 06 de outubro de [&hellip;]<\/p>\n","protected":false},"author":6,"featured_media":0,"parent":0,"menu_order":0,"comment_status":"closed","ping_status":"closed","template":"","meta":{"_acf_changed":false,"_themeisle_gutenberg_block_has_review":false,"footnotes":""},"class_list":["post-140","page","type-page","status-publish","hentry"],"acf":[],"_links":{"self":[{"href":"https:\/\/sites.uel.br\/ari\/wp-json\/wp\/v2\/pages\/140","targetHints":{"allow":["GET"]}}],"collection":[{"href":"https:\/\/sites.uel.br\/ari\/wp-json\/wp\/v2\/pages"}],"about":[{"href":"https:\/\/sites.uel.br\/ari\/wp-json\/wp\/v2\/types\/page"}],"author":[{"embeddable":true,"href":"https:\/\/sites.uel.br\/ari\/wp-json\/wp\/v2\/users\/6"}],"replies":[{"embeddable":true,"href":"https:\/\/sites.uel.br\/ari\/wp-json\/wp\/v2\/comments?post=140"}],"version-history":[{"count":13,"href":"https:\/\/sites.uel.br\/ari\/wp-json\/wp\/v2\/pages\/140\/revisions"}],"predecessor-version":[{"id":2015,"href":"https:\/\/sites.uel.br\/ari\/wp-json\/wp\/v2\/pages\/140\/revisions\/2015"}],"wp:attachment":[{"href":"https:\/\/sites.uel.br\/ari\/wp-json\/wp\/v2\/media?parent=140"}],"curies":[{"name":"wp","href":"https:\/\/api.w.org\/{rel}","templated":true}]}}