{"id":138,"date":"2022-11-22T11:10:31","date_gmt":"2022-11-22T14:10:31","guid":{"rendered":"https:\/\/sites.uel.br\/ari\/?page_id=138"},"modified":"2026-01-20T17:50:14","modified_gmt":"2026-01-20T20:50:14","slug":"formularios","status":"publish","type":"page","link":"https:\/\/sites.uel.br\/ari\/formularios\/","title":{"rendered":"Formul\u00e1rios"},"content":{"rendered":"\n<hr class=\"wp-block-separator has-alpha-channel-opacity is-style-wide\"\/>\n\n\n\n<p class=\"has-medium-font-size\">Abaixo, voc\u00ea pode ter acesso aos formul\u00e1rios para o processo de mobilidade.<br><strong>Lembre-se: n\u00e3o \u00e9 necess\u00e1rio pedir acesso, apenas fazer o download no seu computador.<\/strong><\/p>\n\n\n\n<p class=\"has-medium-font-size\"><a href=\"https:\/\/docs.google.com\/document\/d\/1A10mzIwkBMbx6dKjtG1S2hmEDTkdCnBy\/edit?usp=sharing&amp;ouid=115155933246770587962&amp;rtpof=true&amp;sd=true\" target=\"_blank\" rel=\"noreferrer noopener\"> Formul\u00e1rio de Candidatura (Estudantes da UEL)<\/a><\/p>\n\n\n\n<p class=\"has-medium-font-size\"><a href=\"https:\/\/docs.google.com\/document\/d\/1tie7-znWm9wLuFQEcu2RIHknywioBj4p\/edit?usp=sharing&amp;ouid=115155933246770587962&amp;rtpof=true&amp;sd=true\" target=\"_blank\" rel=\"noreferrer noopener\">Altera\u00e7\u00e3o de Plano de Estudos (Estudantes da UEL)<\/a><\/p>\n\n\n\n<p class=\"has-medium-font-size\"><a href=\"https:\/\/docs.google.com\/document\/d\/1OzsG8PQ_cpSo4235ptnC19GZh6u7klQv\/edit?usp=sharing&amp;ouid=115155933246770587962&amp;rtpof=true&amp;sd=true\" target=\"_blank\" rel=\"noreferrer noopener\">Termo Interno de Mobilidade (Estudantes da UEL)<\/a><\/p>\n\n\n\n<p class=\"has-medium-font-size\">The files are available for download only. <br><strong>There&#8217;s no need to request access to download them.<\/strong><\/p>\n\n\n\n<p class=\"has-medium-font-size\"><a href=\"https:\/\/docs.google.com\/document\/d\/1NgGuponFcTJItIpuJDdpLjekWgZLXed0\/edit?usp=sharing&amp;ouid=115155933246770587962&amp;rtpof=true&amp;sd=true\" target=\"_blank\" rel=\"noreferrer noopener\">Application Form (English) <\/a><\/p>\n\n\n\n<p class=\"has-medium-font-size\"><a href=\"https:\/\/docs.google.com\/document\/d\/1LmCnmrFNkCL2MNIZF30pE-ne86Q12_Tx\/edit?usp=sharing&amp;ouid=115155933246770587962&amp;rtpof=true&amp;sd=true\" target=\"_blank\" rel=\"noreferrer noopener\">Formul\u00e1rio de aplicaci\u00f3n (Espa\u00f1ol)<\/a><\/p>\n\n\n\n<p><strong><a href=\"https:\/\/drive.google.com\/file\/d\/1SxQg6bCHYzjaBvkSu7emv4of3Xka-iw9\/view?usp=sharing\">Resolu\u00e7\u00e3o CEPE N\u00ba 47\/2017<\/a><\/strong>&nbsp;&#8211; Regulamenta os procedimentos referentes aos estudantes de gradua\u00e7\u00e3o participantes de Programas de Mobilidade Acad\u00eamica.<\/p>\n","protected":false},"excerpt":{"rendered":"<p>Abaixo, voc\u00ea pode ter acesso aos formul\u00e1rios para o processo de mobilidade.Lembre-se: n\u00e3o \u00e9 necess\u00e1rio pedir acesso, apenas fazer o download no seu computador. Formul\u00e1rio de Candidatura (Estudantes da UEL) Altera\u00e7\u00e3o de Plano de Estudos (Estudantes da UEL) Termo Interno de Mobilidade (Estudantes da UEL) The files are available for download only. There&#8217;s no need [&hellip;]<\/p>\n","protected":false},"author":6,"featured_media":0,"parent":0,"menu_order":0,"comment_status":"closed","ping_status":"closed","template":"","meta":{"_acf_changed":false,"_themeisle_gutenberg_block_has_review":false,"footnotes":""},"class_list":["post-138","page","type-page","status-publish","hentry"],"acf":[],"_links":{"self":[{"href":"https:\/\/sites.uel.br\/ari\/wp-json\/wp\/v2\/pages\/138","targetHints":{"allow":["GET"]}}],"collection":[{"href":"https:\/\/sites.uel.br\/ari\/wp-json\/wp\/v2\/pages"}],"about":[{"href":"https:\/\/sites.uel.br\/ari\/wp-json\/wp\/v2\/types\/page"}],"author":[{"embeddable":true,"href":"https:\/\/sites.uel.br\/ari\/wp-json\/wp\/v2\/users\/6"}],"replies":[{"embeddable":true,"href":"https:\/\/sites.uel.br\/ari\/wp-json\/wp\/v2\/comments?post=138"}],"version-history":[{"count":21,"href":"https:\/\/sites.uel.br\/ari\/wp-json\/wp\/v2\/pages\/138\/revisions"}],"predecessor-version":[{"id":2107,"href":"https:\/\/sites.uel.br\/ari\/wp-json\/wp\/v2\/pages\/138\/revisions\/2107"}],"wp:attachment":[{"href":"https:\/\/sites.uel.br\/ari\/wp-json\/wp\/v2\/media?parent=138"}],"curies":[{"name":"wp","href":"https:\/\/api.w.org\/{rel}","templated":true}]}}