{"id":129,"date":"2022-11-22T11:08:39","date_gmt":"2022-11-22T14:08:39","guid":{"rendered":"https:\/\/sites.uel.br\/ari\/?page_id=129"},"modified":"2025-01-28T16:59:31","modified_gmt":"2025-01-28T19:59:31","slug":"como-formalizar-um-acordo","status":"publish","type":"page","link":"https:\/\/sites.uel.br\/ari\/como-formalizar-um-acordo\/","title":{"rendered":""},"content":{"rendered":"\n<p><\/p>\n\n\n\n<p class=\"has-medium-font-size\">A tramita\u00e7\u00e3o de propostas de Acordo \u00e9 regulamentada pelo o <a href=\"http:\/\/www.uel.br\/ari\/pages\/arquivos\/Ato%20Executivo%20tramitacao%20convenios.pdf\">Ato Executivo 15\/2017.<\/a><\/p>\n\n\n\n<p class=\"has-medium-font-size\">Abaixo apresentamos um fluxograma que ilustra o passo-a-passo da tramita\u00e7\u00e3o:<\/p>\n\n\n\n<figure class=\"wp-block-image size-full\"><img loading=\"lazy\" decoding=\"async\" width=\"1024\" height=\"768\" src=\"https:\/\/sites.uel.br\/ari\/wp-content\/uploads\/2025\/01\/Como-formalizar-um-Acordo.jpg\" alt=\"\" class=\"wp-image-1643\" srcset=\"https:\/\/sites.uel.br\/ari\/wp-content\/uploads\/2025\/01\/Como-formalizar-um-Acordo.jpg 1024w, https:\/\/sites.uel.br\/ari\/wp-content\/uploads\/2025\/01\/Como-formalizar-um-Acordo-300x225.jpg 300w, https:\/\/sites.uel.br\/ari\/wp-content\/uploads\/2025\/01\/Como-formalizar-um-Acordo-768x576.jpg 768w\" sizes=\"auto, (max-width: 1024px) 100vw, 1024px\" \/><\/figure>\n\n\n\n<p class=\"has-medium-font-size\"><\/p>\n\n\n\n<p class=\"has-medium-font-size\"><strong>Como renovar um Acordo?<\/strong><\/p>\n\n\n\n<p class=\"has-medium-font-size\">Toda coopera\u00e7\u00e3o pode ser renovada mediante a assinatura de um novo acordo, que estende a parceria para uma vig\u00eancia de mais cinco anos.<\/p>\n\n\n\n<p class=\"has-medium-font-size\">Para renovar um Acordo, \u00e9 necess\u00e1rio:<\/p>\n\n\n\n<p class=\"has-medium-font-size\"> 1) entregar \u00e0 Assessoria de Rela\u00e7\u00f5es Internacionais um Relat\u00f3rio de Atividades em Coopera\u00e7\u00e3o e <\/p>\n\n\n\n<p class=\"has-medium-font-size\">2) declarar formalmente o interesse na renova\u00e7\u00e3o, de acordo com o Ato Executivo 15\/2017:<\/p>\n\n\n\n<p class=\"has-medium-font-size\"><em>&#8220;Art. 6\u00ba. O Coordenador do Conv\u00eanio, Protocolo ou Acordo de Coopera\u00e7\u00e3o apresentar\u00e1 \u00e0 ARI relat\u00f3rio final de atividades dentro do prazo m\u00e1ximo de 6 (seis) meses do t\u00e9rmino de sua vig\u00eancia, sendo condi\u00e7\u00e3o necess\u00e1ria para renova\u00e7\u00e3o do instrumento, bem como a manifesta\u00e7\u00e3o de interesse para renova\u00e7\u00e3o ou encerramento do mesmo.&#8221;<\/em><\/p>\n\n\n\n<p class=\"has-medium-font-size\">Para acessar o modelo de <strong>Relat\u00f3rio de Atividades em Coopera\u00e7\u00e3o <\/strong><a href=\"https:\/\/docs.google.com\/document\/d\/1iXHjrKXV_9i9-aUyTkYAMsO-5ly4b5_0\/edit\">clique aqui<\/a>. <\/p>\n\n\n\n<p class=\"has-medium-font-size\">Lembre-se que \u00e9 necess\u00e1rio fazer o download do documento e edit\u00e1-lo no seu pr\u00f3prio computador.<\/p>\n\n\n\n<p class=\"has-medium-font-size\"><\/p>\n\n\n\n<p class=\"has-medium-font-size\">Em caso de d\u00favidas, entre em contato com o Setor de Coopera\u00e7\u00e3o Internacional pelo e-mail<a href=\"cooparacao@uel.br\" data-type=\"link\" data-id=\"cooparacao@uel.br\"> cooperacao@uel.br <\/a>ou pelo telefone 3371-5897.<\/p>\n","protected":false},"excerpt":{"rendered":"<p>A tramita\u00e7\u00e3o de propostas de Acordo \u00e9 regulamentada pelo o Ato Executivo 15\/2017. Abaixo apresentamos um fluxograma que ilustra o passo-a-passo da tramita\u00e7\u00e3o: Como renovar um Acordo? Toda coopera\u00e7\u00e3o pode ser renovada mediante a assinatura de um novo acordo, que estende a parceria para uma vig\u00eancia de mais cinco anos. Para renovar um Acordo, \u00e9 [&hellip;]<\/p>\n","protected":false},"author":6,"featured_media":0,"parent":0,"menu_order":0,"comment_status":"closed","ping_status":"closed","template":"","meta":{"_acf_changed":false,"_themeisle_gutenberg_block_has_review":false,"footnotes":""},"class_list":["post-129","page","type-page","status-publish","hentry"],"acf":[],"_links":{"self":[{"href":"https:\/\/sites.uel.br\/ari\/wp-json\/wp\/v2\/pages\/129","targetHints":{"allow":["GET"]}}],"collection":[{"href":"https:\/\/sites.uel.br\/ari\/wp-json\/wp\/v2\/pages"}],"about":[{"href":"https:\/\/sites.uel.br\/ari\/wp-json\/wp\/v2\/types\/page"}],"author":[{"embeddable":true,"href":"https:\/\/sites.uel.br\/ari\/wp-json\/wp\/v2\/users\/6"}],"replies":[{"embeddable":true,"href":"https:\/\/sites.uel.br\/ari\/wp-json\/wp\/v2\/comments?post=129"}],"version-history":[{"count":16,"href":"https:\/\/sites.uel.br\/ari\/wp-json\/wp\/v2\/pages\/129\/revisions"}],"predecessor-version":[{"id":1650,"href":"https:\/\/sites.uel.br\/ari\/wp-json\/wp\/v2\/pages\/129\/revisions\/1650"}],"wp:attachment":[{"href":"https:\/\/sites.uel.br\/ari\/wp-json\/wp\/v2\/media?parent=129"}],"curies":[{"name":"wp","href":"https:\/\/api.w.org\/{rel}","templated":true}]}}