{"id":127,"date":"2022-11-22T11:08:39","date_gmt":"2022-11-22T14:08:39","guid":{"rendered":"https:\/\/sites.uel.br\/ari\/?page_id=127"},"modified":"2025-01-28T16:09:07","modified_gmt":"2025-01-28T19:09:07","slug":"acordos-vigentes","status":"publish","type":"page","link":"https:\/\/sites.uel.br\/ari\/acordos-vigentes\/","title":{"rendered":"Acordos Vigentes"},"content":{"rendered":"\n<hr class=\"wp-block-separator has-alpha-channel-opacity is-style-wide\"\/>\n\n\n\n<p class=\"has-medium-font-size\"><\/p>\n\n\n\n<p class=\"has-medium-font-size\">A UEL possui diversos Acordos firmados com institui\u00e7\u00f5es ao redor do mundo, entre universidades, empresas, redes, laborat\u00f3rios e associa\u00e7\u00f5es. Alguns dos Acordos s\u00e3o direcionados a \u00e1reas espec\u00edficas do conhecimento, e outros abrangem a UEL como um todo. H\u00e1 diferentes modalidades de coopera\u00e7\u00e3o com as quais trabalhamos, desde mobilidade acad\u00eamica (discente, docente e de agentes universit\u00e1rios) at\u00e9 coopera\u00e7\u00e3o cient\u00edfica e tecnol\u00f3gica. Para saber mais sobre os modelos de Acordo e suas especificidades, acesse <a href=\"https:\/\/sites.uel.br\/ari\/natureza-e-modelos-de-acordo\/\">&#8220;Modelos de Acordo&#8221;<\/a>.<\/p>\n\n\n\n<p class=\"has-medium-font-size\">Os Acordos de Coopera\u00e7\u00e3o da UEL t\u00eam uma vig\u00eancia de cinco anos, podendo ser renovados a partir da assinatura de um novo acordo. Para saber como solicitar um novo acordo ou como renovar um j\u00e1 existente, consulte o nosso <a href=\"https:\/\/sites.uel.br\/ari\/como-formalizar-um-acordo\/\">fluxograma que ilustra o passo-a-passo da tramita\u00e7\u00e3o.<\/a><\/p>\n\n\n\n<p class=\"has-medium-font-size\">Para saber quais s\u00e3o as nossas institui\u00e7\u00f5es parceiras e quais acordos possu\u00edmos com cada uma delas, clique nos \u00edcones abaixo:<\/p>\n\n\n\n<div class=\"wp-block-columns is-layout-flex wp-container-core-columns-is-layout-9d6595d7 wp-block-columns-is-layout-flex\">\n<div class=\"wp-block-column is-layout-flow wp-block-column-is-layout-flow\">\n<div class=\"wp-block-buttons is-layout-flex wp-block-buttons-is-layout-flex\">\n<div class=\"wp-block-button is-style-fill\"><a class=\"wp-block-button__link has-verde-escuro-background-color has-text-color has-background has-link-color wp-element-button\" href=\"https:\/\/docs.google.com\/document\/d\/1sfZ1RCiFI0on2mm4y5waUKjctObg06I7BdK6TgoGCnQ\/edit?tab=t.0\" style=\"color:#ffffff\">Am\u00e9rica do Sul<\/a><\/div>\n<\/div>\n<\/div>\n\n\n\n<div class=\"wp-block-column is-layout-flow wp-block-column-is-layout-flow\">\n<div class=\"wp-block-buttons is-layout-flex wp-block-buttons-is-layout-flex\">\n<div class=\"wp-block-button\"><a class=\"wp-block-button__link has-verde-escuro-background-color has-text-color has-background has-link-color wp-element-button\" href=\"https:\/\/docs.google.com\/document\/d\/1_Ztrj3kVI1JVM5GFKLh6VzkYyZRNYZ38u-JVLp-qfp4\/edit?tab=t.0\" style=\"color:#ffffff\">Am\u00e9rica do Norte<\/a><\/div>\n<\/div>\n<\/div>\n\n\n\n<div class=\"wp-block-column is-layout-flow wp-block-column-is-layout-flow\">\n<div class=\"wp-block-buttons is-layout-flex wp-block-buttons-is-layout-flex\">\n<div class=\"wp-block-button\"><a class=\"wp-block-button__link has-verde-escuro-background-color has-text-color has-background has-link-color wp-element-button\" href=\"https:\/\/docs.google.com\/document\/d\/1vEUtzUem1e-XhvyrC5l3XX_n5vcTQpxSaydcehZJveA\/edit?tab=t.0\" style=\"color:#ffffff\">\u00c1frica<\/a><\/div>\n<\/div>\n<\/div>\n\n\n\n<div class=\"wp-block-column is-layout-flow wp-block-column-is-layout-flow\">\n<div class=\"wp-block-buttons is-layout-flex wp-block-buttons-is-layout-flex\">\n<div class=\"wp-block-button\"><a class=\"wp-block-button__link has-verde-escuro-background-color has-text-color has-background has-link-color wp-element-button\" href=\"https:\/\/docs.google.com\/document\/d\/1y9GOOqysnM8q9BeLOUl3pSIgBhoal3Pbp24SAK_biCE\/edit?tab=t.0\" style=\"color:#ffffff\">\u00c1sia<\/a><\/div>\n<\/div>\n<\/div>\n\n\n\n<div class=\"wp-block-column is-layout-flow wp-block-column-is-layout-flow\">\n<div class=\"wp-block-buttons is-layout-flex wp-block-buttons-is-layout-flex\">\n<div class=\"wp-block-button\"><a class=\"wp-block-button__link has-verde-escuro-background-color has-text-color has-background has-link-color wp-element-button\" href=\"https:\/\/docs.google.com\/document\/d\/1JXn--PuLAzBgtYi0nu0nJ1njbr2dlhNG3u0ni9R3tnQ\/edit?tab=t.0\" style=\"color:#ffffff\">Europa<\/a><\/div>\n<\/div>\n<\/div>\n<\/div>\n\n\n\n<p><\/p>\n","protected":false},"excerpt":{"rendered":"<p>A UEL possui diversos Acordos firmados com institui\u00e7\u00f5es ao redor do mundo, entre universidades, empresas, redes, laborat\u00f3rios e associa\u00e7\u00f5es. Alguns dos Acordos s\u00e3o direcionados a \u00e1reas espec\u00edficas do conhecimento, e outros abrangem a UEL como um todo. H\u00e1 diferentes modalidades de coopera\u00e7\u00e3o com as quais trabalhamos, desde mobilidade acad\u00eamica (discente, docente e de agentes universit\u00e1rios) [&hellip;]<\/p>\n","protected":false},"author":6,"featured_media":0,"parent":0,"menu_order":0,"comment_status":"closed","ping_status":"closed","template":"","meta":{"_acf_changed":false,"_themeisle_gutenberg_block_has_review":false,"footnotes":""},"class_list":["post-127","page","type-page","status-publish","hentry"],"acf":[],"_links":{"self":[{"href":"https:\/\/sites.uel.br\/ari\/wp-json\/wp\/v2\/pages\/127","targetHints":{"allow":["GET"]}}],"collection":[{"href":"https:\/\/sites.uel.br\/ari\/wp-json\/wp\/v2\/pages"}],"about":[{"href":"https:\/\/sites.uel.br\/ari\/wp-json\/wp\/v2\/types\/page"}],"author":[{"embeddable":true,"href":"https:\/\/sites.uel.br\/ari\/wp-json\/wp\/v2\/users\/6"}],"replies":[{"embeddable":true,"href":"https:\/\/sites.uel.br\/ari\/wp-json\/wp\/v2\/comments?post=127"}],"version-history":[{"count":36,"href":"https:\/\/sites.uel.br\/ari\/wp-json\/wp\/v2\/pages\/127\/revisions"}],"predecessor-version":[{"id":1636,"href":"https:\/\/sites.uel.br\/ari\/wp-json\/wp\/v2\/pages\/127\/revisions\/1636"}],"wp:attachment":[{"href":"https:\/\/sites.uel.br\/ari\/wp-json\/wp\/v2\/media?parent=127"}],"curies":[{"name":"wp","href":"https:\/\/api.w.org\/{rel}","templated":true}]}}