{"id":122,"date":"2022-11-22T11:08:01","date_gmt":"2022-11-22T14:08:01","guid":{"rendered":"https:\/\/sites.uel.br\/ari\/?page_id=122"},"modified":"2025-08-05T16:42:22","modified_gmt":"2025-08-05T19:42:22","slug":"natureza-e-modelos-de-acordo","status":"publish","type":"page","link":"https:\/\/sites.uel.br\/ari\/natureza-e-modelos-de-acordo\/","title":{"rendered":"Modelos de Acordo"},"content":{"rendered":"\n<hr class=\"wp-block-separator has-alpha-channel-opacity is-style-wide\"\/>\n\n\n\n<p><\/p>\n\n\n\n<p class=\"has-medium-font-size\">De maneira geral, a coopera\u00e7\u00e3o se inicia por meio de um Protocolo de Inten\u00e7\u00f5es (Memorandum of Understanding em ingl\u00eas), que \u00e9 uma minuta de amplo espectro, um modelo &#8220;guarda-chuva&#8221;. Ele \u00e9 o marco inicial da parceria e, geralmente, abrange a universidade como um todo. Do Protocolo de Inten\u00e7\u00f5es partem o Acordo de Coopera\u00e7\u00e3o e o Acordo de Mobilidade.<\/p>\n\n\n\n<p class=\"has-medium-font-size\"><strong>Para que serve cada Acordo?<\/strong> Clique nos \u00edcones e saiba mais.<\/p>\n\n\n\n<div class=\"wp-block-columns is-layout-flex wp-container-core-columns-is-layout-9d6595d7 wp-block-columns-is-layout-flex\">\n<div class=\"wp-block-column is-vertically-aligned-center is-layout-flow wp-block-column-is-layout-flow\">\n<figure class=\"wp-block-image size-thumbnail is-resized is-style-rounded\"><a href=\"https:\/\/sites.uel.br\/ari\/protocolo-de-intencoes\/\"><img loading=\"lazy\" decoding=\"async\" width=\"150\" height=\"150\" src=\"https:\/\/sites.uel.br\/ari\/wp-content\/uploads\/2022\/11\/Protocolo-de-Intencoes-150x150.png\" alt=\"\" class=\"wp-image-238\" style=\"width:113px;height:113px\" srcset=\"https:\/\/sites.uel.br\/ari\/wp-content\/uploads\/2022\/11\/Protocolo-de-Intencoes-150x150.png 150w, https:\/\/sites.uel.br\/ari\/wp-content\/uploads\/2022\/11\/Protocolo-de-Intencoes-300x300.png 300w, https:\/\/sites.uel.br\/ari\/wp-content\/uploads\/2022\/11\/Protocolo-de-Intencoes.png 512w\" sizes=\"auto, (max-width: 150px) 100vw, 150px\" \/><\/a><figcaption class=\"wp-element-caption\">Protocolo de Inten\u00e7\u00f5es<\/figcaption><\/figure>\n\n\n\n<figure class=\"wp-block-image size-large is-resized is-style-default\"><a href=\"https:\/\/sites.uel.br\/ari\/acordo-especifico-de-intercambio-de-estudante\/\"><img loading=\"lazy\" decoding=\"async\" width=\"512\" height=\"512\" src=\"https:\/\/sites.uel.br\/ari\/wp-content\/uploads\/2022\/11\/Estudantes.png\" alt=\"\" class=\"wp-image-240\" style=\"width:113px;height:113px\" srcset=\"https:\/\/sites.uel.br\/ari\/wp-content\/uploads\/2022\/11\/Estudantes.png 512w, https:\/\/sites.uel.br\/ari\/wp-content\/uploads\/2022\/11\/Estudantes-300x300.png 300w, https:\/\/sites.uel.br\/ari\/wp-content\/uploads\/2022\/11\/Estudantes-150x150.png 150w\" sizes=\"auto, (max-width: 512px) 100vw, 512px\" \/><\/a><figcaption class=\"wp-element-caption\">Acordo de Mobilidade<\/figcaption><\/figure>\n\n\n\n<figure class=\"wp-block-image size-large is-resized\"><a href=\"https:\/\/sites.uel.br\/ari\/acordo-especifico-de-cooperacao-cientifica-e-tecnologica\/\"><img loading=\"lazy\" decoding=\"async\" width=\"512\" height=\"512\" src=\"https:\/\/sites.uel.br\/ari\/wp-content\/uploads\/2022\/11\/Cooperacao-Cientifica.png\" alt=\"\" class=\"wp-image-242\" style=\"width:113px;height:113px\" srcset=\"https:\/\/sites.uel.br\/ari\/wp-content\/uploads\/2022\/11\/Cooperacao-Cientifica.png 512w, https:\/\/sites.uel.br\/ari\/wp-content\/uploads\/2022\/11\/Cooperacao-Cientifica-300x300.png 300w, https:\/\/sites.uel.br\/ari\/wp-content\/uploads\/2022\/11\/Cooperacao-Cientifica-150x150.png 150w\" sizes=\"auto, (max-width: 512px) 100vw, 512px\" \/><\/a><figcaption class=\"wp-element-caption\">Acordo de Coopera\u00e7\u00e3o<\/figcaption><\/figure>\n<\/div>\n\n\n\n<div class=\"wp-block-column is-vertically-aligned-center is-layout-flow wp-block-column-is-layout-flow\">\n<figure class=\"wp-block-gallery has-nested-images columns-default is-cropped wp-block-gallery-1 is-layout-flex wp-block-gallery-is-layout-flex\"><\/figure>\n<\/div>\n<\/div>\n\n\n\n<div class=\"wp-block-columns is-layout-flex wp-container-core-columns-is-layout-9d6595d7 wp-block-columns-is-layout-flex\">\n<div class=\"wp-block-column is-layout-flow wp-block-column-is-layout-flow\"><\/div>\n<\/div>\n\n\n\n<p><strong>Modelos de Acordo para Download<\/strong><\/p>\n\n\n\n<p class=\"has-medium-font-size\">A UEL possui modelos de Acordo j\u00e1 pr\u00e9-aprovados pela Procuradoria Jur\u00eddica (PJU), o que significa que, ao utilizar as nossas minutas, n\u00e3o ser\u00e1 necess\u00e1rio fazer o encaminhamento para parecer jur\u00eddico! <\/p>\n\n\n\n<p class=\"has-medium-font-size\">Para acessar aos modelos de acordo UEL, <a href=\"https:\/\/drive.google.com\/drive\/folders\/1VomHfN6QjvjCinDlrowP4rxstMFa7j_q\">clique aqui<strong>.<\/strong><\/a><\/p>\n\n\n\n<p class=\"has-medium-font-size\">Lembre-se que \u00e9 necess\u00e1rio fazer o download do documento e edit\u00e1-lo no seu pr\u00f3prio computador!<\/p>\n\n\n\n<p>________________________________________________________________________________________________________________________________<\/p>\n\n\n\n<p><strong>Instrumentos Referenciais <\/strong><\/p>\n\n\n\n<p><a href=\"https:\/\/drive.google.com\/file\/d\/1vS3-Z884XQ-fdsA_FOuHR2MCU8gk2Mxh\/view?usp=sharing\" data-type=\"link\" data-id=\"https:\/\/drive.google.com\/file\/d\/1vS3-Z884XQ-fdsA_FOuHR2MCU8gk2Mxh\/view?usp=sharing\">Parecer Referencial N\u00ba 03\/2025 \u2013 PJU\/UEL &#8211; Protocolo de Inten\u00e7\u00f5es<\/a><br><a href=\"https:\/\/drive.google.com\/file\/d\/1iswcz8sFT3pvog1Esp5dmHwXMxrRT1-M\/view?usp=sharing\" data-type=\"link\" data-id=\"https:\/\/drive.google.com\/file\/d\/1iswcz8sFT3pvog1Esp5dmHwXMxrRT1-M\/view?usp=sharing\">Parecer Referencial N\u00ba 04\/2025 \u2013 PJU\/UEL &#8211; Acordo de Coopera\u00e7\u00e3o<\/a><br><a href=\"https:\/\/drive.google.com\/file\/d\/1KmjgOcwb10_jhcdSEIHLhucVsVFlkLiD\/view?usp=sharing\" data-type=\"link\" data-id=\"https:\/\/drive.google.com\/file\/d\/1KmjgOcwb10_jhcdSEIHLhucVsVFlkLiD\/view?usp=sharing\">Parecer Referencial N\u00ba 05\/2025 \u2013 PJU\/UEL &#8211; Acordo de Mobilidade<\/a><br><a href=\"https:\/\/drive.google.com\/file\/d\/13sTjPSwjM3zcJkNfUnTRqp60cSdA23Sg\/view?usp=sharing\" data-type=\"link\" data-id=\"https:\/\/drive.google.com\/file\/d\/13sTjPSwjM3zcJkNfUnTRqp60cSdA23Sg\/view?usp=sharing\" target=\"_blank\" rel=\"noreferrer noopener\">Despacho Decis\u00f3rio n\u00ba 006\/2025 \u2013 PJU\/UEL<\/a><br><a href=\"https:\/\/drive.google.com\/file\/d\/1bHBba21TdGrIse3HgVM_0NefFunvCKIM\/view?usp=sharing\" data-type=\"link\" data-id=\"https:\/\/drive.google.com\/file\/d\/1bHBba21TdGrIse3HgVM_0NefFunvCKIM\/view?usp=sharing\" target=\"_blank\" rel=\"noreferrer noopener\">Publica\u00e7\u00e3o em Di\u00e1rio Oficial do Paran\u00e1<\/a><\/p>\n\n\n\n<p>________________________________________________________________________________________________________________________________<\/p>\n\n\n\n<p class=\"has-medium-font-size\">Para saber mais sobre o processo de formaliza\u00e7\u00e3o de um Acordo, fa\u00e7a a leitura do nosso fluxograma em &#8220;Como formalizar um Acordo&#8221; ou entre em contato com o Setor de Coopera\u00e7\u00e3o pelo e-mail <strong>cooperacao@uel.br<\/strong>.<\/p>\n\n\n\n<p><\/p>\n","protected":false},"excerpt":{"rendered":"<p>De maneira geral, a coopera\u00e7\u00e3o se inicia por meio de um Protocolo de Inten\u00e7\u00f5es (Memorandum of Understanding em ingl\u00eas), que \u00e9 uma minuta de amplo espectro, um modelo &#8220;guarda-chuva&#8221;. Ele \u00e9 o marco inicial da parceria e, geralmente, abrange a universidade como um todo. Do Protocolo de Inten\u00e7\u00f5es partem o Acordo de Coopera\u00e7\u00e3o e o [&hellip;]<\/p>\n","protected":false},"author":6,"featured_media":0,"parent":0,"menu_order":0,"comment_status":"closed","ping_status":"closed","template":"","meta":{"_acf_changed":false,"_themeisle_gutenberg_block_has_review":false,"footnotes":""},"class_list":["post-122","page","type-page","status-publish","hentry"],"acf":[],"_links":{"self":[{"href":"https:\/\/sites.uel.br\/ari\/wp-json\/wp\/v2\/pages\/122","targetHints":{"allow":["GET"]}}],"collection":[{"href":"https:\/\/sites.uel.br\/ari\/wp-json\/wp\/v2\/pages"}],"about":[{"href":"https:\/\/sites.uel.br\/ari\/wp-json\/wp\/v2\/types\/page"}],"author":[{"embeddable":true,"href":"https:\/\/sites.uel.br\/ari\/wp-json\/wp\/v2\/users\/6"}],"replies":[{"embeddable":true,"href":"https:\/\/sites.uel.br\/ari\/wp-json\/wp\/v2\/comments?post=122"}],"version-history":[{"count":36,"href":"https:\/\/sites.uel.br\/ari\/wp-json\/wp\/v2\/pages\/122\/revisions"}],"predecessor-version":[{"id":1963,"href":"https:\/\/sites.uel.br\/ari\/wp-json\/wp\/v2\/pages\/122\/revisions\/1963"}],"wp:attachment":[{"href":"https:\/\/sites.uel.br\/ari\/wp-json\/wp\/v2\/media?parent=122"}],"curies":[{"name":"wp","href":"https:\/\/api.w.org\/{rel}","templated":true}]}}