{"id":1203,"date":"2024-12-04T14:03:37","date_gmt":"2024-12-04T17:03:37","guid":{"rendered":"https:\/\/sites.uel.br\/ari\/?page_id=1203"},"modified":"2024-12-04T15:56:22","modified_gmt":"2024-12-04T18:56:22","slug":"gcub","status":"publish","type":"page","link":"https:\/\/sites.uel.br\/ari\/gcub\/","title":{"rendered":"GCUB"},"content":{"rendered":"\n<p><\/p>\n\n\n\n<p>Grupo de Coopera\u00e7\u00e3o Internacional de Universidades Brasileiras<br><\/p>\n\n\n\n<p>Os programas e projetos do GCUB s\u00e3o destinados a estudantes de gradua\u00e7\u00e3o e de p\u00f3s-gradua\u00e7\u00e3o, bem como a pesquisadores e professores de todas as \u00e1reas do conhecimento.<br><\/p>\n\n\n\n<p>Por meio desses programas, milhares de estudantes brasileiros e estrangeiros t\u00eam a oportunidade de aprimorar seus estudos e de compartilhar valores e vis\u00f5es com pessoas de outras culturas. As oportunidades de bolsa devem ser consultadas em cada edital.<br><\/p>\n\n\n\n<p>Essa mobilidade acad\u00eamica tamb\u00e9m propicia o conhecimento de diferentes sistemas educacionais e de pesquisa, e distintos percursos de forma\u00e7\u00e3o acad\u00eamica.<\/p>\n\n\n\n<p><\/p>\n\n\n\n<p><strong>Para mais informa\u00e7\u00f5es, acesse: <\/strong><a href=\"https:\/\/www.gcub.org.br\/\" data-type=\"link\" data-id=\"https:\/\/www.gcub.org.br\/\">https:\/\/www.gcub.org.br\/<\/a><\/p>\n","protected":false},"excerpt":{"rendered":"<p>Grupo de Coopera\u00e7\u00e3o Internacional de Universidades Brasileiras Os programas e projetos do GCUB s\u00e3o destinados a estudantes de gradua\u00e7\u00e3o e de p\u00f3s-gradua\u00e7\u00e3o, bem como a pesquisadores e professores de todas as \u00e1reas do conhecimento. Por meio desses programas, milhares de estudantes brasileiros e estrangeiros t\u00eam a oportunidade de aprimorar seus estudos e de compartilhar valores [&hellip;]<\/p>\n","protected":false},"author":15,"featured_media":0,"parent":0,"menu_order":0,"comment_status":"closed","ping_status":"closed","template":"","meta":{"_acf_changed":false,"_themeisle_gutenberg_block_has_review":false,"footnotes":""},"class_list":["post-1203","page","type-page","status-publish","hentry"],"acf":[],"_links":{"self":[{"href":"https:\/\/sites.uel.br\/ari\/wp-json\/wp\/v2\/pages\/1203","targetHints":{"allow":["GET"]}}],"collection":[{"href":"https:\/\/sites.uel.br\/ari\/wp-json\/wp\/v2\/pages"}],"about":[{"href":"https:\/\/sites.uel.br\/ari\/wp-json\/wp\/v2\/types\/page"}],"author":[{"embeddable":true,"href":"https:\/\/sites.uel.br\/ari\/wp-json\/wp\/v2\/users\/15"}],"replies":[{"embeddable":true,"href":"https:\/\/sites.uel.br\/ari\/wp-json\/wp\/v2\/comments?post=1203"}],"version-history":[{"count":4,"href":"https:\/\/sites.uel.br\/ari\/wp-json\/wp\/v2\/pages\/1203\/revisions"}],"predecessor-version":[{"id":1245,"href":"https:\/\/sites.uel.br\/ari\/wp-json\/wp\/v2\/pages\/1203\/revisions\/1245"}],"wp:attachment":[{"href":"https:\/\/sites.uel.br\/ari\/wp-json\/wp\/v2\/media?parent=1203"}],"curies":[{"name":"wp","href":"https:\/\/api.w.org\/{rel}","templated":true}]}}