{"id":1202,"date":"2024-12-04T14:03:36","date_gmt":"2024-12-04T17:03:36","guid":{"rendered":"https:\/\/sites.uel.br\/ari\/?page_id=1202"},"modified":"2024-12-04T15:42:34","modified_gmt":"2024-12-04T18:42:34","slug":"mitacs","status":"publish","type":"page","link":"https:\/\/sites.uel.br\/ari\/mitacs\/","title":{"rendered":"Mitacs"},"content":{"rendered":"\n<p><\/p>\n\n\n\n<p>Mathematics of Information Technology and Complex Systems<\/p>\n\n\n\n<p>\u201cMitacs Globalink Research Internship\u201d<\/p>\n\n\n\n<p>O programa do Governo Canadense \u00e9 uma oportunidade destinada a estudantes de gradua\u00e7\u00e3o de v\u00e1rias \u00e1reas do conhecimento que desejam participar de mobilidade acad\u00eamica em uma universidade canadense conveniada.<br><\/p>\n\n\n\n<p>No Paran\u00e1, alunos de gradua\u00e7\u00e3o poder\u00e3o se inscrever a partir da parceria estabelecida com a Funda\u00e7\u00e3o Arauc\u00e1ria. S\u00e3o mais de 70 universidades canadenses com oferta de cursos em diferentes \u00e1reas do conhecimento.<br><\/p>\n\n\n\n<p>As bolsas do Programa cobrem os seguintes custos: passagens a\u00e9reas, visto de estudante (reembolso), acomoda\u00e7\u00e3o e seguro m\u00e9dico.<\/p>\n\n\n\n<p><strong>Para mais informa\u00e7\u00f5es, acesse: <\/strong><a href=\"https:\/\/www.mitacs.ca\/our-programs\/globalink-research-internship-students\/\" data-type=\"link\" data-id=\"https:\/\/www.mitacs.ca\/our-programs\/globalink-research-internship-students\/\">https:\/\/www.mitacs.ca\/our-programs\/globalink-research-internship-students\/<\/a><\/p>\n","protected":false},"excerpt":{"rendered":"<p>Mathematics of Information Technology and Complex Systems \u201cMitacs Globalink Research Internship\u201d O programa do Governo Canadense \u00e9 uma oportunidade destinada a estudantes de gradua\u00e7\u00e3o de v\u00e1rias \u00e1reas do conhecimento que desejam participar de mobilidade acad\u00eamica em uma universidade canadense conveniada. No Paran\u00e1, alunos de gradua\u00e7\u00e3o poder\u00e3o se inscrever a partir da parceria estabelecida com a [&hellip;]<\/p>\n","protected":false},"author":15,"featured_media":0,"parent":0,"menu_order":0,"comment_status":"closed","ping_status":"closed","template":"","meta":{"_acf_changed":false,"_themeisle_gutenberg_block_has_review":false,"footnotes":""},"class_list":["post-1202","page","type-page","status-publish","hentry"],"acf":[],"_links":{"self":[{"href":"https:\/\/sites.uel.br\/ari\/wp-json\/wp\/v2\/pages\/1202","targetHints":{"allow":["GET"]}}],"collection":[{"href":"https:\/\/sites.uel.br\/ari\/wp-json\/wp\/v2\/pages"}],"about":[{"href":"https:\/\/sites.uel.br\/ari\/wp-json\/wp\/v2\/types\/page"}],"author":[{"embeddable":true,"href":"https:\/\/sites.uel.br\/ari\/wp-json\/wp\/v2\/users\/15"}],"replies":[{"embeddable":true,"href":"https:\/\/sites.uel.br\/ari\/wp-json\/wp\/v2\/comments?post=1202"}],"version-history":[{"count":4,"href":"https:\/\/sites.uel.br\/ari\/wp-json\/wp\/v2\/pages\/1202\/revisions"}],"predecessor-version":[{"id":1241,"href":"https:\/\/sites.uel.br\/ari\/wp-json\/wp\/v2\/pages\/1202\/revisions\/1241"}],"wp:attachment":[{"href":"https:\/\/sites.uel.br\/ari\/wp-json\/wp\/v2\/media?parent=1202"}],"curies":[{"name":"wp","href":"https:\/\/api.w.org\/{rel}","templated":true}]}}