{"id":1201,"date":"2024-12-04T14:03:36","date_gmt":"2024-12-04T17:03:36","guid":{"rendered":"https:\/\/sites.uel.br\/ari\/?page_id=1201"},"modified":"2025-01-23T15:35:51","modified_gmt":"2025-01-23T18:35:51","slug":"ibs","status":"publish","type":"page","link":"https:\/\/sites.uel.br\/ari\/ibs\/","title":{"rendered":"IBS"},"content":{"rendered":"\n<p><\/p>\n\n\n\n<p>A International Business School Americas, escola de neg\u00f3cios da Faculdade Americas International College, iniciou suas opera\u00e7\u00f5es no Brasil em 2003 com a oferta de cursos e projetos de extens\u00e3o universit\u00e1ria.<\/p>\n\n\n\n<p>Constitu\u00edda como uma Associa\u00e7\u00e3o Educacional sem fins lucrativos, tem campus nos Estados Unidos e no Brasil, al\u00e9m dos campi das institui\u00e7\u00f5es parceiras nos Estados Unidos e Europa nos quais s\u00e3o ofertadas disciplinas presenciais para os alunos.<br><\/p>\n\n\n\n<p>Estudantes da UEL s\u00e3o eleg\u00edveis para uma bolsa de 70% do valor das taxas acad\u00eamicas como benef\u00edcio da parceria UEL\/IBS.<\/p>\n\n\n\n<p><strong>Para mais informa\u00e7\u00f5es, acesse:<\/strong> <a href=\"https:\/\/ibs-americas.com\/\">https:\/\/ibs-americas.com\/<\/a><\/p>\n","protected":false},"excerpt":{"rendered":"<p>A International Business School Americas, escola de neg\u00f3cios da Faculdade Americas International College, iniciou suas opera\u00e7\u00f5es no Brasil em 2003 com a oferta de cursos e projetos de extens\u00e3o universit\u00e1ria. Constitu\u00edda como uma Associa\u00e7\u00e3o Educacional sem fins lucrativos, tem campus nos Estados Unidos e no Brasil, al\u00e9m dos campi das institui\u00e7\u00f5es parceiras nos Estados Unidos [&hellip;]<\/p>\n","protected":false},"author":15,"featured_media":0,"parent":0,"menu_order":0,"comment_status":"closed","ping_status":"closed","template":"","meta":{"_acf_changed":false,"_themeisle_gutenberg_block_has_review":false,"footnotes":""},"class_list":["post-1201","page","type-page","status-publish","hentry"],"acf":[],"_links":{"self":[{"href":"https:\/\/sites.uel.br\/ari\/wp-json\/wp\/v2\/pages\/1201","targetHints":{"allow":["GET"]}}],"collection":[{"href":"https:\/\/sites.uel.br\/ari\/wp-json\/wp\/v2\/pages"}],"about":[{"href":"https:\/\/sites.uel.br\/ari\/wp-json\/wp\/v2\/types\/page"}],"author":[{"embeddable":true,"href":"https:\/\/sites.uel.br\/ari\/wp-json\/wp\/v2\/users\/15"}],"replies":[{"embeddable":true,"href":"https:\/\/sites.uel.br\/ari\/wp-json\/wp\/v2\/comments?post=1201"}],"version-history":[{"count":7,"href":"https:\/\/sites.uel.br\/ari\/wp-json\/wp\/v2\/pages\/1201\/revisions"}],"predecessor-version":[{"id":1507,"href":"https:\/\/sites.uel.br\/ari\/wp-json\/wp\/v2\/pages\/1201\/revisions\/1507"}],"wp:attachment":[{"href":"https:\/\/sites.uel.br\/ari\/wp-json\/wp\/v2\/media?parent=1201"}],"curies":[{"name":"wp","href":"https:\/\/api.w.org\/{rel}","templated":true}]}}